{"id":9036,"date":"2024-02-19T18:26:22","date_gmt":"2024-02-19T17:26:22","guid":{"rendered":"http:\/\/astehshop.com\/?post_type=product&#038;p=9036"},"modified":"2024-02-19T18:26:23","modified_gmt":"2024-02-19T17:26:23","slug":"sensbi-zocketi-usbc-pametna-uticnica","status":"publish","type":"product","link":"http:\/\/astehshop.com\/index.php\/product\/sensbi-zocketi-usbc-pametna-uticnica\/","title":{"rendered":"Sensbi ZOCKETI-USBC Pametna uti\u010dnica"},"content":{"rendered":"<p>Pametna uti\u010dnica.<br \/>\nMogu\u0107nost povezivanja na Sensbi aplikaciju preko Zigbee gateway. Radi samo na 2.4GHz. Input voltage: AC 100-240V. Rated Frequency: 50\/60Hz. Max.Current: 16A. Max.Power: 3000W. Output: DC 20W Max. USB-A + USB-C: 5V\/2A Ma<\/p>\n","protected":false},"excerpt":{"rendered":"<p>Pametna uti\u010dnica.<br \/>\nMogu\u0107nost povezivanja na Sensbi aplikaciju preko Zigbee gateway. Radi samo na 2.4GHz. Input voltage: AC 100-240V. Rated Frequency: 50\/60Hz. Max.Current: 16A. Max.Power: 3000W. Output: DC 20W Max. USB-A + USB-C: 5V\/2A Ma<\/p>\n","protected":false},"featured_media":9037,"comment_status":"open","ping_status":"closed","template":"","meta":{"_mi_skip_tracking":false,"_exactmetrics_sitenote_active":false,"_exactmetrics_sitenote_note":"","_exactmetrics_sitenote_category":0,"spay_email":""},"product_cat":[4044],"product_tag":[3542,6688,6743,3483,4062],"brands":[{"id":6665,"name":"sensbi","slug":"sensbi"}],"df_price":66,"df_sale_price":"","df_regular_price":66,"df_image_link":"https:\/\/i2.wp.com\/astehshop.com\/wp-content\/uploads\/2024\/02\/sensbi-zocketi-usbc-pametna-uticnica_0.jpg?fit=450%2C299","jetpack_publicize_connections":[],"jetpack_sharing_enabled":true,"jetpack_likes_enabled":true,"jetpack-related-posts":[{"id":8996,"url":"http:\/\/astehshop.com\/index.php\/product\/sensbi-zplugi-l-pametna-uticnica-smart-home\/","url_meta":{"origin":9036,"position":0},"title":"Sensbi ZPLUGI-L Pametna uti\u010dnica Smart Home","date":"19. velja\u010de 2024.","format":false,"excerpt":"Pametna uti\u010dnica. Mogu\u0107nost povezivanja na Sensbi aplikaciju preko Zigbee gateway. Radi samo na 2.4GHz. Input 100-240V AC 50\/60Hz Output 100-240V AC 50\/60Hz. LED indikator. \u00a0 www.sensbi.com","rel":"","context":"Srodne objave","img":{"alt_text":"","src":"https:\/\/i0.wp.com\/astehshop.com\/wp-content\/uploads\/2024\/02\/sensbi-zplugi-l-pametna-uticnica.-_0.jpg?fit=1200%2C731&resize=350%2C200","width":350,"height":200},"classes":[]},{"id":8994,"url":"http:\/\/astehshop.com\/index.php\/product\/sensbi-z-stripi-4n4-pametni-produzni-kabal\/","url_meta":{"origin":9036,"position":1},"title":"Sensbi Z-STRIPI-4N4 Pametni produ\u017eni kabal","date":"19. velja\u010de 2024.","format":false,"excerpt":"Pametni produ\u017eni kabal. Mogu\u0107nost povezivanja na Sensbi aplikaciju preko Zigbee gateway. Radi samo na 2.4GHz. Input 100-240V AC 50\/60Hz, Output 100-240V AC 50\/60Hz, Load ~12A.","rel":"","context":"Srodne objave","img":{"alt_text":"","src":"https:\/\/i0.wp.com\/astehshop.com\/wp-content\/uploads\/2024\/02\/sensbi-z-stripi-4n4-pametni-produzni-kabal_0.jpg?fit=1200%2C788&resize=350%2C200","width":350,"height":200},"classes":[]},{"id":7940,"url":"http:\/\/astehshop.com\/index.php\/product\/pametna-wifi-eu-uticnica-sa-usb-a-portom-za-punjenje-telefona\/","url_meta":{"origin":9036,"position":2},"title":"Pametna WIFI EU uti\u010dnica sa USB A portom za punjenje telefona","date":"10. lipnja 2023.","format":false,"excerpt":"Ova WiFi pametna zidna uti\u010dnica ima 1 USB - posebno s priklju\u010dkom za punjenje tipa A, podr\u017eava glasovnu kontrolu \/ odnosno kontrolu \/ postavku rasporeda \/ daljinsko upravljanje aplikacijom \/ dijeljenje, vrlo jednostavno, prakti\u010dno i sigurno za kori\u0161tenje.","rel":"","context":"Srodne objave","img":{"alt_text":"","src":"https:\/\/i1.wp.com\/astehshop.com\/wp-content\/uploads\/2023\/06\/pametna-eu-uticnica.png?fit=603%2C551&resize=350%2C200","width":350,"height":200},"classes":[]},{"id":9026,"url":"http:\/\/astehshop.com\/index.php\/product\/sensbi-hubi-smart-zigbee-gateway\/","url_meta":{"origin":9036,"position":3},"title":"Sensbi HUBI Smart ZigBee gateway","date":"19. velja\u010de 2024.","format":false,"excerpt":"Smart ZigBee gateway Koristi se za povezivanje raznih ZigBee smart proizvoda koji se putem 2.4GHz WiFi mreze povezuju sa cloud-om i mobilnom aplikacijom","rel":"","context":"Srodne objave","img":{"alt_text":"","src":"https:\/\/i0.wp.com\/astehshop.com\/wp-content\/uploads\/2024\/02\/sensbi-hubi-smart-zigbee-gateway_0.jpg?fit=1200%2C758&resize=350%2C200","width":350,"height":200},"classes":[]},{"id":7782,"url":"http:\/\/astehshop.com\/index.php\/product\/tuya-pametna-uticnica-wifi\/","url_meta":{"origin":9036,"position":4},"title":"Tuya pametna uti\u010dnica WIFI","date":"17. svibnja 2023.","format":false,"excerpt":"Tuya pametna uti\u010dnica Kontrola putem aplikacije Smart Home Scenario Kontrola potro\u0161nje Dje\u010dija za\u0161tita Podesite kada \u017eelite ne\u0161to da se upali Kompletan dom na samo jedan TAP Kontrola glasom i jo\u0161 mnogo toga \u00a0","rel":"","context":"Srodne objave","img":{"alt_text":"","src":"https:\/\/i0.wp.com\/astehshop.com\/wp-content\/uploads\/2023\/05\/tuya-pametna-uticnica.jpg?fit=992%2C984&resize=350%2C200","width":350,"height":200},"classes":[]},{"id":10996,"url":"http:\/\/astehshop.com\/index.php\/product\/produzni-kabl-10x-suko-3xusb-1xusb-c\/","url_meta":{"origin":9036,"position":5},"title":"PRODU\u017dNI KABL 10x \u0160uko 3xUSB 1xUSB-C","date":"14. srpnja 2025.","format":false,"excerpt":"AC klasa: 230V, 16A, 3680W Vrsta kabla: 3G 1,5mm2 Du\u017eina kabla: 2m Broj Schuko uti\u010dnica: 10 USB izlaz: 3x USB-A + 1x USB-C USB-C PD: 20W (5V 3A 9V 2A12V 1,66A) Ukupna snaga USB izlaza (USB-A + USB-C): 15,5W","rel":"","context":"Srodne objave","img":{"alt_text":"","src":"https:\/\/i1.wp.com\/astehshop.com\/wp-content\/uploads\/2025\/07\/exts-10s2m-prot_1.jpg?fit=1024%2C768&resize=350%2C200","width":350,"height":200},"classes":[]}],"_links":{"self":[{"href":"http:\/\/astehshop.com\/index.php\/wp-json\/wp\/v2\/product\/9036"}],"collection":[{"href":"http:\/\/astehshop.com\/index.php\/wp-json\/wp\/v2\/product"}],"about":[{"href":"http:\/\/astehshop.com\/index.php\/wp-json\/wp\/v2\/types\/product"}],"replies":[{"embeddable":true,"href":"http:\/\/astehshop.com\/index.php\/wp-json\/wp\/v2\/comments?post=9036"}],"wp:featuredmedia":[{"embeddable":true,"href":"http:\/\/astehshop.com\/index.php\/wp-json\/wp\/v2\/media\/9037"}],"wp:attachment":[{"href":"http:\/\/astehshop.com\/index.php\/wp-json\/wp\/v2\/media?parent=9036"}],"wp:term":[{"taxonomy":"product_cat","embeddable":true,"href":"http:\/\/astehshop.com\/index.php\/wp-json\/wp\/v2\/product_cat?post=9036"},{"taxonomy":"product_tag","embeddable":true,"href":"http:\/\/astehshop.com\/index.php\/wp-json\/wp\/v2\/product_tag?post=9036"}],"curies":[{"name":"wp","href":"https:\/\/api.w.org\/{rel}","templated":true}]}}