{"id":9033,"date":"2024-02-19T18:24:32","date_gmt":"2024-02-19T17:24:32","guid":{"rendered":"http:\/\/astehshop.com\/?post_type=product&#038;p=9033"},"modified":"2024-02-19T18:24:32","modified_gmt":"2024-02-19T17:24:32","slug":"sensbi-mini-2mp-wifi-bezicna-mini-kamera","status":"publish","type":"product","link":"http:\/\/astehshop.com\/index.php\/product\/sensbi-mini-2mp-wifi-bezicna-mini-kamera\/","title":{"rendered":"Sensbi MINI 2MP WiFi be\u017ei\u010dna mini kamera"},"content":{"rendered":"","protected":false},"excerpt":{"rendered":"","protected":false},"featured_media":9034,"comment_status":"open","ping_status":"closed","template":"","meta":{"_mi_skip_tracking":false,"_exactmetrics_sitenote_active":false,"_exactmetrics_sitenote_note":"","_exactmetrics_sitenote_category":0,"spay_email":""},"product_cat":[135],"product_tag":[2714,6666,6738,6741,6742,6740],"brands":[{"id":6665,"name":"sensbi","slug":"sensbi"}],"df_price":70,"df_sale_price":"","df_regular_price":70,"df_image_link":"https:\/\/i2.wp.com\/astehshop.com\/wp-content\/uploads\/2024\/02\/sensbi-sensbi-mini-2mp-wifi-bezicna-mini-kamera_0.jpg?fit=450%2C303","jetpack_publicize_connections":[],"jetpack_sharing_enabled":true,"jetpack_likes_enabled":true,"jetpack-related-posts":[{"id":9031,"url":"http:\/\/astehshop.com\/index.php\/product\/sensbi-roti-2mp-wifi-bezicna-kamera-sa-pan-tilt-funkcijom\/","url_meta":{"origin":9033,"position":0},"title":"Sensbi ROTI 2MP WiFi be\u017ei\u010dna kamera sa Pan-Tilt funkcijom.","date":"19. velja\u010de 2024.","format":false,"excerpt":"","rel":"","context":"Srodne objave","img":{"alt_text":"","src":"https:\/\/i0.wp.com\/astehshop.com\/wp-content\/uploads\/2024\/02\/sensbi-sensbi-roti-2mp-wifi-bezicna-kamera-sa-pan-tilt-funkcijom._0.jpg?fit=1200%2C882&resize=350%2C200","width":350,"height":200},"classes":[]},{"id":9028,"url":"http:\/\/astehshop.com\/index.php\/product\/sensbi-sensbi-snapi-2mp-wifi-bezicna-kamera-na-punjive-baterije\/","url_meta":{"origin":9033,"position":1},"title":"Sensbi Sensbi SNAPI 2MP WiFi be\u017ei\u010dna kamera na punjive baterije","date":"19. velja\u010de 2024.","format":false,"excerpt":"2MP WiFi be\u017ei\u010dna kamera na punjive baterije 1\/2.9 2Megapixel CMOS. Color 0.1Lux@F2.0, Black\/White 0.01Lux@F2.0. Maksimalna rezolucija 1920x1080. Fiksna optika 3.2mm. 130\u00ba \u0161iroki ugao gledanja. IP65. PIR detekcija od 9m Max 120\u00b0 sa AI detekcijom ljudi za smanjenje la\u017enih alarma. No\u0107na vidljivost do 10m IR. 2.4 GHz WiFi be\u017ei\u010dna veza Lokalno\u2026","rel":"","context":"Srodne objave","img":{"alt_text":"","src":"https:\/\/i2.wp.com\/astehshop.com\/wp-content\/uploads\/2024\/02\/sensbi-sensbi-snapi-2mp-wifi-bezicna-kamera-na-punjive-baterije_0.jpg?fit=1200%2C803&resize=350%2C200","width":350,"height":200},"classes":[]},{"id":6590,"url":"http:\/\/astehshop.com\/index.php\/product\/xiaomi-mi-kamera-2k-magnetic-mount\/","url_meta":{"origin":9033,"position":2},"title":"Xiaomi Mi kamera 2K Magnetic mount","date":"17. studenoga 2022.","format":false,"excerpt":"Xiaomi Mi kamera 2K Magnetic mount","rel":"","context":"Srodne objave","img":{"alt_text":"","src":"https:\/\/i2.wp.com\/astehshop.com\/wp-content\/uploads\/2022\/11\/xiaomi-mi-kamera-2k-magnetic-mount.png?fit=800%2C800&resize=350%2C200","width":350,"height":200},"classes":[]},{"id":8835,"url":"http:\/\/astehshop.com\/index.php\/product\/longse-bezicna-mini-ip-kamera-3mp-cy1\/","url_meta":{"origin":9033,"position":3},"title":"Longse be\u017ei\u010dna mini IP kamera 3MP CY1","date":"11. sije\u010dnja 2024.","format":false,"excerpt":"\u0160ifra artikla: CY1 Ovaj novi model IP Kamere podr\u017eava automatsko rotiranje u rasponu od Pan 0~355\u00b0 & Tilt 0~156\u00b0. Kamera podr\u017eava micro SD karticu do 128 GB i besplatno snimanje na Cloud 7 dana. Posjeduje funkciju pametnog alarma, reaguje na detekciju pokreta, automatski prati kretanja ljudskog tijela, detekciju glasa, onostrani\u2026","rel":"","context":"Srodne objave","img":{"alt_text":"","src":"https:\/\/i1.wp.com\/astehshop.com\/wp-content\/uploads\/2024\/01\/CY1.jpg?fit=300%2C300&resize=350%2C200","width":350,"height":200},"classes":[]},{"id":8979,"url":"http:\/\/astehshop.com\/index.php\/product\/vanjska-sigurnosna-kamera-wifi-u-obliku-sijalice\/","url_meta":{"origin":9033,"position":4},"title":"Vanjska sigurnosna kamera wifi u obliku sijalice","date":"17. velja\u010de 2024.","format":false,"excerpt":"2 MPX Jednostavno povezivanje na wifi mrezu dvojsmerni razgovor pametni no\u0107ni re\u017eim snimanje na mikro sd karticu https:\/\/www.youtube.com\/watch?v=pNqMrtFhqCY","rel":"","context":"Srodne objave","img":{"alt_text":"","src":"https:\/\/i0.wp.com\/astehshop.com\/wp-content\/uploads\/2024\/02\/sijalica-kamera.jpg?fit=1162%2C1200&resize=350%2C200","width":350,"height":200},"classes":[]},{"id":9045,"url":"http:\/\/astehshop.com\/index.php\/product\/sensbi-mini-wrelei-nn-mini-wi-fi-relej-150w\/","url_meta":{"origin":9033,"position":5},"title":"Sensbi MINI-WRELEI-NN Mini Wi-Fi relej, 150W","date":"19. velja\u010de 2024.","format":false,"excerpt":"Mini Wi-Fi rele, 150W Wi-Fi rele, 150W, nije potrebna 0 za rad. ON\/OFF funkcija, Tajmer. Ure\u0111aji sa naponskim izlazom. Aktiviranjem pojavljuje se 220V na izlazu ure\u0111aja. Mo\u017ee se koristiti za napajanje potro\u0161a\u010da do 150W. Ure\u0111aj poseduje dodatni ulaz za upravljane na koji se mo\u017ee povezati konvencionalni prekida\u010d.","rel":"","context":"Srodne objave","img":{"alt_text":"","src":"https:\/\/i2.wp.com\/astehshop.com\/wp-content\/uploads\/2024\/02\/sensbi-mini-wrelei-nn-mini-wi-fi-rele-150w_0.jpg?fit=1200%2C675&resize=350%2C200","width":350,"height":200},"classes":[]}],"_links":{"self":[{"href":"http:\/\/astehshop.com\/index.php\/wp-json\/wp\/v2\/product\/9033"}],"collection":[{"href":"http:\/\/astehshop.com\/index.php\/wp-json\/wp\/v2\/product"}],"about":[{"href":"http:\/\/astehshop.com\/index.php\/wp-json\/wp\/v2\/types\/product"}],"replies":[{"embeddable":true,"href":"http:\/\/astehshop.com\/index.php\/wp-json\/wp\/v2\/comments?post=9033"}],"wp:featuredmedia":[{"embeddable":true,"href":"http:\/\/astehshop.com\/index.php\/wp-json\/wp\/v2\/media\/9034"}],"wp:attachment":[{"href":"http:\/\/astehshop.com\/index.php\/wp-json\/wp\/v2\/media?parent=9033"}],"wp:term":[{"taxonomy":"product_cat","embeddable":true,"href":"http:\/\/astehshop.com\/index.php\/wp-json\/wp\/v2\/product_cat?post=9033"},{"taxonomy":"product_tag","embeddable":true,"href":"http:\/\/astehshop.com\/index.php\/wp-json\/wp\/v2\/product_tag?post=9033"}],"curies":[{"name":"wp","href":"https:\/\/api.w.org\/{rel}","templated":true}]}}