{"id":9024,"date":"2024-02-19T18:15:07","date_gmt":"2024-02-19T17:15:07","guid":{"rendered":"http:\/\/astehshop.com\/?post_type=product&#038;p=9024"},"modified":"2024-02-19T18:15:08","modified_gmt":"2024-02-19T17:15:08","slug":"sensbi-wrelei-20w-wi-fi-rele-20a-250vac","status":"publish","type":"product","link":"http:\/\/astehshop.com\/index.php\/product\/sensbi-wrelei-20w-wi-fi-rele-20a-250vac\/","title":{"rendered":"Sensbi WRELEI-20W Wi-Fi rele, 20A 250Vac"},"content":{"rendered":"<p>Wi-Fi relej, 20A 250Vac<br \/>\nWi-Fi relej, 20A 250Vac. ON\/OFF funkcija, Tajmer, pra\u0107ene potro\u0161nje kroz aplikaciju. Ure\u0111aji sa naponskim izlazom. Aktiviranjem pojavljuje se 220V na izlazu ure\u0111aja. Mo\u017ee se koristiti za napajanje pumpe, svetla, fri\u017eidera, bojilera, klima ure\u0111aja, grejanja, ventilatora&#8230;.. Moze se povezati svaki potro\u0161a\u010d do 20A odnosno do sage od 4400W. Uredjaj ima u sebi i power metar pa se kroz app mo\u017ee pratiti i trenutna potro\u0161nja.<\/p>\n","protected":false},"excerpt":{"rendered":"<p>Wi-Fi relej, 20A 250Vac<br \/>\nWi-Fi relej, 20A 250Vac. ON\/OFF funkcija, Tajmer, pra\u0107ene potro\u0161nje kroz aplikaciju. Ure\u0111aji sa naponskim izlazom. Aktiviranjem pojavljuje se 220V na izlazu ure\u0111aja. Mo\u017ee se koristiti za napajanje pumpe, svetla, fri\u017eidera, bojilera, klima ure\u0111aja, grejanja, ventilatora&#8230;.. Moze se povezati svaki potro\u0161a\u010d do 20A odnosno do sage od 4400W. Uredjaj ima u sebi i power metar pa se kroz app mo\u017ee pratiti i trenutna potro\u0161nja.<\/p>\n","protected":false},"featured_media":9025,"comment_status":"open","ping_status":"closed","template":"","meta":{"_mi_skip_tracking":false,"_exactmetrics_sitenote_active":false,"_exactmetrics_sitenote_note":"","_exactmetrics_sitenote_category":0,"spay_email":""},"product_cat":[3480],"product_tag":[6736,435,5589,6666,6735,3483],"brands":[{"id":6665,"name":"sensbi","slug":"sensbi"}],"df_price":64,"df_sale_price":"","df_regular_price":64,"df_image_link":"https:\/\/i0.wp.com\/astehshop.com\/wp-content\/uploads\/2024\/02\/sensbi-wrelei-20w-wi-fi-rele-20a-250vac_0.jpg?fit=450%2C314","jetpack_publicize_connections":[],"jetpack_sharing_enabled":true,"jetpack_likes_enabled":true,"jetpack-related-posts":[{"id":9022,"url":"http:\/\/astehshop.com\/index.php\/product\/sensbi-zrelei-20w-zigbee-rele-20a-250vac\/","url_meta":{"origin":9024,"position":0},"title":"Sensbi ZRELEI-20W ZigBee relej, 20A 250Vac","date":"19. velja\u010de 2024.","format":false,"excerpt":"ZigBee rele, 20A 250Vac ZigBee rele, 20A 250Vac. ON\/OFF funkcija, Tajmer, pra\u0107ene potrosnje kroz aplikaciju. Ure\u0111aji sa naponskim izlazom. Aktiviranjem pojavljuje se 220V na izlazu ure\u0111aja. Mo\u017ee se koristiti za napajanje pumpe, svetla, fri\u017eidera, bojilera, klima ure\u0111aja, grejanja, ventilatora..... Moze se povezati svaki potro\u0161a\u010d do 20A odnosno do sage od\u2026","rel":"","context":"Srodne objave","img":{"alt_text":"","src":"https:\/\/i1.wp.com\/astehshop.com\/wp-content\/uploads\/2024\/02\/sensbi-zrelei-20w-zigbee-rele-20a-250vac_0.jpg?fit=1200%2C797&resize=350%2C200","width":350,"height":200},"classes":[]},{"id":9056,"url":"http:\/\/astehshop.com\/index.php\/product\/sensbi-zrelei-30w-zigbee-rele-30a-250vac\/","url_meta":{"origin":9024,"position":1},"title":"Sensbi ZRELEI-30W ZigBee rele, 30A 250Vac","date":"19. velja\u010de 2024.","format":false,"excerpt":"ZigBee rele, 30A 250Vac ZigBee rele, 30A 250Vac. ON\/OFF funkcija, Tajmer, pra\u0107ene potrosnje kroz aplikaciju. Uredjaji sa naponskim izlazom. Aktiviranjem pojavljuje se 220V na izlazu ure\u0111aja. Mo\u017ee se koristiti za napajanje pumpe, svetla, fri\u017eidera, bojilera, klima ure\u0111aja, grejanja, ventilatora..... Moze se povezati svaki potro\u0161a\u010d do 20A odnosno do sage od\u2026","rel":"","context":"Srodne objave","img":{"alt_text":"","src":"https:\/\/i1.wp.com\/astehshop.com\/wp-content\/uploads\/2024\/02\/sensbi-zrelei-30w-zigbee-rele-30a-250vac_0.jpg?fit=1200%2C866&resize=350%2C200","width":350,"height":200},"classes":[]},{"id":9042,"url":"http:\/\/astehshop.com\/index.php\/product\/sensbi-wrelei-30w-wi-fi-rele-30a-250vac\/","url_meta":{"origin":9024,"position":2},"title":"Sensbi WRELEI-30W Wi-Fi rele, 30A 250Vac","date":"19. velja\u010de 2024.","format":false,"excerpt":"Wi-Fi rele, 30A 250Vac Wi-Fi rele, 30A 250Vac. ON\/OFF funkcija, Tajmer, pra\u0107ene potro\u0161nje kroz aplikaciju. Ure\u0111aji sa naponskim izlazom. Aktiviranjem pojavljuje se 220V na izlazu ure\u0111aja. Mo\u017ee se koristiti za napajanje pumpe, svetla, fri\u017eidera, bojilera, klima ure\u0111aja, grejanja, ventilatora..... Moze se povezati svaki potro\u0161a\u010d do 30A odnosno do sage od\u2026","rel":"","context":"Srodne objave","img":{"alt_text":"","src":"https:\/\/i1.wp.com\/astehshop.com\/wp-content\/uploads\/2024\/02\/sensbi-wrelei-30w-wi-fi-rele-30a-250vac_0.jpg?fit=1200%2C785&resize=350%2C200","width":350,"height":200},"classes":[]},{"id":9045,"url":"http:\/\/astehshop.com\/index.php\/product\/sensbi-mini-wrelei-nn-mini-wi-fi-relej-150w\/","url_meta":{"origin":9024,"position":3},"title":"Sensbi MINI-WRELEI-NN Mini Wi-Fi relej, 150W","date":"19. velja\u010de 2024.","format":false,"excerpt":"Mini Wi-Fi rele, 150W Wi-Fi rele, 150W, nije potrebna 0 za rad. ON\/OFF funkcija, Tajmer. Ure\u0111aji sa naponskim izlazom. Aktiviranjem pojavljuje se 220V na izlazu ure\u0111aja. Mo\u017ee se koristiti za napajanje potro\u0161a\u010da do 150W. Ure\u0111aj poseduje dodatni ulaz za upravljane na koji se mo\u017ee povezati konvencionalni prekida\u010d.","rel":"","context":"Srodne objave","img":{"alt_text":"","src":"https:\/\/i2.wp.com\/astehshop.com\/wp-content\/uploads\/2024\/02\/sensbi-mini-wrelei-nn-mini-wi-fi-rele-150w_0.jpg?fit=1200%2C675&resize=350%2C200","width":350,"height":200},"classes":[]},{"id":9048,"url":"http:\/\/astehshop.com\/index.php\/product\/sensbi-zremoti-l2rf-zigbee-bezicni-daljinski-upravljac-2-tastera\/","url_meta":{"origin":9024,"position":4},"title":"Sensbi ZREMOTI-L2RF ZigBee be\u017ei\u010dni daljinski upravlja\u010d &#8211; 2 tastera","date":"19. velja\u010de 2024.","format":false,"excerpt":"ZigBee rele, beznaponski izlaz, 10A 250Vac ZigBee rele, beznaponski izlaz, 10A 250Vac, radi na 230Vac. On\/Off i Tajmer funkcija. Mo\u017ee se koristiti u bilo kom zahtevu kao upralja\u010dki ure\u0111aj, npr za aktiviranje elektronike na kapijama, rampama, grejanja. Mo\u017ee se koristiti za uklju\u010denje svetla, klime... Mogu\u0107nosti su razne, ograni\u010denje je max\u2026","rel":"","context":"Srodne objave","img":{"alt_text":"","src":"https:\/\/i2.wp.com\/astehshop.com\/wp-content\/uploads\/2024\/02\/sensbi-zremoti-l2rf-zigbee-bezicni-daljinski-upravljac-2-tastera_0.jpg?fit=1200%2C816&resize=350%2C200","width":350,"height":200},"classes":[]},{"id":7799,"url":"http:\/\/astehshop.com\/index.php\/product\/tuya-wifi-prekidac-20a\/","url_meta":{"origin":9024,"position":5},"title":"Tuya WIFI prekida\u010d 20A","date":"17. svibnja 2023.","format":false,"excerpt":"1. Podr\u017eava 20A velike snage 2. Sprije\u010dite preoptere\u0107enje, prenaponsku prekostrujnu za\u0161titu od podnapona Kada je ure\u0111aj u nenormalnom stanju, automatski isklju\u010dite napajanje. Za sigurnost! 3. S funkcijom statistike snage, snaga elektri\u010dnih ure\u0111aja u realnom vremenu na prvi pogled 4. \u010cvrsta i pouzdana veza Jaka strujna nosivost Pove\u0107ajte pouzdanost ve\u0107eg temperaturnog\u2026","rel":"","context":"Srodne objave","img":{"alt_text":"","src":"https:\/\/i1.wp.com\/astehshop.com\/wp-content\/uploads\/2023\/05\/tuya-20a.png?fit=726%2C743&resize=350%2C200","width":350,"height":200},"classes":[]}],"_links":{"self":[{"href":"http:\/\/astehshop.com\/index.php\/wp-json\/wp\/v2\/product\/9024"}],"collection":[{"href":"http:\/\/astehshop.com\/index.php\/wp-json\/wp\/v2\/product"}],"about":[{"href":"http:\/\/astehshop.com\/index.php\/wp-json\/wp\/v2\/types\/product"}],"replies":[{"embeddable":true,"href":"http:\/\/astehshop.com\/index.php\/wp-json\/wp\/v2\/comments?post=9024"}],"wp:featuredmedia":[{"embeddable":true,"href":"http:\/\/astehshop.com\/index.php\/wp-json\/wp\/v2\/media\/9025"}],"wp:attachment":[{"href":"http:\/\/astehshop.com\/index.php\/wp-json\/wp\/v2\/media?parent=9024"}],"wp:term":[{"taxonomy":"product_cat","embeddable":true,"href":"http:\/\/astehshop.com\/index.php\/wp-json\/wp\/v2\/product_cat?post=9024"},{"taxonomy":"product_tag","embeddable":true,"href":"http:\/\/astehshop.com\/index.php\/wp-json\/wp\/v2\/product_tag?post=9024"}],"curies":[{"name":"wp","href":"https:\/\/api.w.org\/{rel}","templated":true}]}}