{"id":9010,"date":"2024-02-19T17:55:22","date_gmt":"2024-02-19T16:55:22","guid":{"rendered":"http:\/\/astehshop.com\/?post_type=product&#038;p=9010"},"modified":"2024-02-19T17:55:22","modified_gmt":"2024-02-19T16:55:22","slug":"sensbi-hubi-wd-smart-zicani-zigbee-gateway","status":"publish","type":"product","link":"http:\/\/astehshop.com\/index.php\/product\/sensbi-hubi-wd-smart-zicani-zigbee-gateway\/","title":{"rendered":"Sensbi HUBI-WD Smart \u017ei\u010dani ZigBee gateway"},"content":{"rendered":"<p>Smart \u017ei\u010dani ZigBee gateway<br \/>\nKoristi se za povezivanje raznih ZigBee smart proizvoda koji se putem LAN-a povezuju sa cloud-om i mobilnom aplikacijom.<\/p>\n","protected":false},"excerpt":{"rendered":"<p>Smart \u017ei\u010dani ZigBee gateway<br \/>\nKoristi se za povezivanje raznih ZigBee smart proizvoda koji se putem LAN-a povezuju sa cloud-om i mobilnom aplikacijom.<\/p>\n","protected":false},"featured_media":9012,"comment_status":"open","ping_status":"closed","template":"","meta":{"_mi_skip_tracking":false,"_exactmetrics_sitenote_active":false,"_exactmetrics_sitenote_note":"","_exactmetrics_sitenote_category":0,"spay_email":""},"product_cat":[3480],"product_tag":[6709,6710,6666,3483,6708],"brands":[{"id":6665,"name":"sensbi","slug":"sensbi"}],"df_price":99,"df_sale_price":"","df_regular_price":99,"df_image_link":"https:\/\/i1.wp.com\/astehshop.com\/wp-content\/uploads\/2024\/02\/sensbi-hubi-wd-smart-zicani-zigbee-gateway_0.jpg?fit=450%2C253","jetpack_publicize_connections":[],"jetpack_sharing_enabled":true,"jetpack_likes_enabled":true,"jetpack-related-posts":[{"id":9026,"url":"http:\/\/astehshop.com\/index.php\/product\/sensbi-hubi-smart-zigbee-gateway\/","url_meta":{"origin":9010,"position":0},"title":"Sensbi HUBI Smart ZigBee gateway","date":"19. velja\u010de 2024.","format":false,"excerpt":"Smart ZigBee gateway Koristi se za povezivanje raznih ZigBee smart proizvoda koji se putem 2.4GHz WiFi mreze povezuju sa cloud-om i mobilnom aplikacijom","rel":"","context":"Srodne objave","img":{"alt_text":"","src":"https:\/\/i0.wp.com\/astehshop.com\/wp-content\/uploads\/2024\/02\/sensbi-hubi-smart-zigbee-gateway_0.jpg?fit=1200%2C758&resize=350%2C200","width":350,"height":200},"classes":[]},{"id":8670,"url":"http:\/\/astehshop.com\/index.php\/product\/zigbee-hub\/","url_meta":{"origin":9010,"position":1},"title":"ZIGBEE HUB","date":"3. prosinca 2023.","format":false,"excerpt":"\u2705\u3010Nadogradite ZigBee 3.0 Gateway\u3011--Ova nadogra\u0111ena verzija gateway-a je nadogra\u0111ena sa povezivanja 50 ure\u0111aja na 55 ure\u0111aja, \u010dine\u0107i pametne ure\u0111aje efikasnijim i inteligentnijim putem stabilnih WiFi signala. \u2705\u3010Kompatibilan sa svim ZigBee ure\u0111ajima\u3011--ZigBee gateway je neophodan ure\u0111aj za sve ZigBee pametne ure\u0111aje, pru\u017ea stabilnu vezu i automatsku kontrolu za sve ZigBee ure\u0111aje,\u2026","rel":"","context":"Srodne objave","img":{"alt_text":"","src":"https:\/\/i2.wp.com\/astehshop.com\/wp-content\/uploads\/2023\/12\/311m-zAOOeL._SR600315_PIWhiteStripBottomLeft035_SCLZZZZZZZ_FMpng_BG255255255.png?fit=600%2C350&resize=350%2C200","width":350,"height":200},"classes":[]},{"id":7946,"url":"http:\/\/astehshop.com\/index.php\/product\/zigbee-wireless-gateway-sav-smart-na-jednom-mjestu\/","url_meta":{"origin":9010,"position":2},"title":"Zigbee Wireless Gateway sav SMART na jednom mjestu","date":"11. lipnja 2023.","format":false,"excerpt":"Smart Home Automatizacija Sigurnost Kontrola putem aplikacije Mali modul za sve va\u0161e smart WIFI ure\u0111aje koji tro\u0161i veoma malo interneta i ne pravi skoro nikakvo optere\u010denje na Va\u0161em WIFI ure\u0111aju Uz njega mo\u017eete napraviti automatizaciju uz kombinaciju recimo wifi magneta za prozore da ukoliko se prozor otvori, klima ure\u0111aj se\u2026","rel":"","context":"Srodne objave","img":{"alt_text":"","src":"https:\/\/i1.wp.com\/astehshop.com\/wp-content\/uploads\/2023\/06\/Zigbee-Wireless-Gateway.png?fit=846%2C705&resize=350%2C200","width":350,"height":200},"classes":[]},{"id":8483,"url":"http:\/\/astehshop.com\/index.php\/product\/tuya-wifi-zigbee-human-presence-detector\/","url_meta":{"origin":9010,"position":3},"title":"Tuya WiFi\/ZigBee Human Presence Detector","date":"27. listopada 2023.","format":false,"excerpt":"Tuya Smart ZigBee detektor ljudske prisutnosti mmWave senzor za otkrivanje radara Osvjetljenje svjetla 2 u 1 Funkcija Smart Life APP Plafonska monta\u017ea Senzor ljudskog tijela Detekcija pokreta PIR Aplikacija: Pametan \u017eivot \/ Tuya Smart Glavne karakteristike: 1. Funkcionalni ZigBee pametni senzor ljudske prisutnosti: predstavljen kao ljudska prisutnost, ljudska statika, ljudski\u2026","rel":"","context":"Srodne objave","img":{"alt_text":"","src":"https:\/\/i1.wp.com\/astehshop.com\/wp-content\/uploads\/2023\/10\/61jZVoq0yHL.jpg?fit=1200%2C1200&resize=350%2C200","width":350,"height":200},"classes":[]},{"id":9001,"url":"http:\/\/astehshop.com\/index.php\/product\/sensbi-z-boili-zigbee-uzidni-prekidac-velike-snage\/","url_meta":{"origin":9010,"position":4},"title":"Sensbi Z-BOILI ZigBee uzidni prekida\u010d velike snage","date":"19. velja\u010de 2024.","format":false,"excerpt":"ZigBee uzidni prekida\u010d velike snage ZigBee uzidni prekida\u010d velike snage - jednostruki, 20A. On\/Off i Tajmer funkcija. Preporu\u010duje se za bojler.","rel":"","context":"Srodne objave","img":{"alt_text":"","src":"https:\/\/i2.wp.com\/astehshop.com\/wp-content\/uploads\/2024\/02\/sensbi-z-boili-zigbee-uzidni-prekidac-velike-snage_0-scaled.jpg?fit=1200%2C766&resize=350%2C200","width":350,"height":200},"classes":[]},{"id":8753,"url":"http:\/\/astehshop.com\/index.php\/product\/wifi-ventil-za-radijator-kit-ventil-gateway-heysmart\/","url_meta":{"origin":9010,"position":5},"title":"WiFi Ventil Za Radijator | KIT: Ventil + Gateway | HeySmart","date":"10. sije\u010dnja 2024.","format":false,"excerpt":"Pametni termostatski ventil KIT s tipkama mekanim na dodir i funkcijom zaklju\u010davanja za djecu. Funkcija \"Boost\" korisna za brzo zagrijavanje, funkcija \"otvoreni prozor\" omogu\u0107uje u\u0161tedu energije. Zigbee WI-FI gateway isporu\u010den za povezivanje s aplikacijom HeySmart za daljinsko upravljanje. Jedan Gateway mo\u017ee kontrolirati do 15 pametnih ventila u dometu. Standardni priklju\u010dak\u2026","rel":"","context":"Srodne objave","img":{"alt_text":"","src":"https:\/\/i2.wp.com\/astehshop.com\/wp-content\/uploads\/2024\/01\/wifi-ventil-za-radijator.jpg?fit=400%2C400&resize=350%2C200","width":350,"height":200},"classes":[]}],"_links":{"self":[{"href":"http:\/\/astehshop.com\/index.php\/wp-json\/wp\/v2\/product\/9010"}],"collection":[{"href":"http:\/\/astehshop.com\/index.php\/wp-json\/wp\/v2\/product"}],"about":[{"href":"http:\/\/astehshop.com\/index.php\/wp-json\/wp\/v2\/types\/product"}],"replies":[{"embeddable":true,"href":"http:\/\/astehshop.com\/index.php\/wp-json\/wp\/v2\/comments?post=9010"}],"wp:featuredmedia":[{"embeddable":true,"href":"http:\/\/astehshop.com\/index.php\/wp-json\/wp\/v2\/media\/9012"}],"wp:attachment":[{"href":"http:\/\/astehshop.com\/index.php\/wp-json\/wp\/v2\/media?parent=9010"}],"wp:term":[{"taxonomy":"product_cat","embeddable":true,"href":"http:\/\/astehshop.com\/index.php\/wp-json\/wp\/v2\/product_cat?post=9010"},{"taxonomy":"product_tag","embeddable":true,"href":"http:\/\/astehshop.com\/index.php\/wp-json\/wp\/v2\/product_tag?post=9010"}],"curies":[{"name":"wp","href":"https:\/\/api.w.org\/{rel}","templated":true}]}}