{"id":9008,"date":"2024-02-19T17:47:31","date_gmt":"2024-02-19T16:47:31","guid":{"rendered":"http:\/\/astehshop.com\/?post_type=product&#038;p=9008"},"modified":"2024-02-19T17:47:32","modified_gmt":"2024-02-19T16:47:32","slug":"sensbi-z-magneti-pametni-magnetni-smart-home","status":"publish","type":"product","link":"http:\/\/astehshop.com\/index.php\/product\/sensbi-z-magneti-pametni-magnetni-smart-home\/","title":{"rendered":"Sensbi Z-MAGNETI Pametni magnetni  smart home"},"content":{"rendered":"<p>Pametni magnetni kontakt.<br \/>\nKontrola putem aplikacije. Zigbee komunikacija, minimalna potrosnja ukljucene CR2032 baterije. Obostrana samolepljiva traka. Potreban Zigbee hub poput Sensbi HUBI.<\/p>\n","protected":false},"excerpt":{"rendered":"<p>Pametni magnetni kontakt.<br \/>\nKontrola putem aplikacije. Zigbee komunikacija, minimalna potrosnja ukljucene CR2032 baterije. Obostrana samolepljiva traka. Potreban Zigbee hub poput Sensbi HUBI.<\/p>\n","protected":false},"featured_media":9009,"comment_status":"open","ping_status":"closed","template":"","meta":{"_mi_skip_tracking":false,"_exactmetrics_sitenote_active":false,"_exactmetrics_sitenote_note":"","_exactmetrics_sitenote_category":0,"spay_email":""},"product_cat":[3480],"product_tag":[6705,3490,5571,6704,6707,6702,3483,3493,6703,6706],"brands":[{"id":6665,"name":"sensbi","slug":"sensbi"}],"df_price":39,"df_sale_price":"","df_regular_price":39,"df_image_link":"https:\/\/i2.wp.com\/astehshop.com\/wp-content\/uploads\/2024\/02\/sensbi-z-magneti-pametni-magnetni-_0.jpg?fit=450%2C293","jetpack_publicize_connections":[],"jetpack_sharing_enabled":true,"jetpack_likes_enabled":true,"jetpack-related-posts":[{"id":9026,"url":"http:\/\/astehshop.com\/index.php\/product\/sensbi-hubi-smart-zigbee-gateway\/","url_meta":{"origin":9008,"position":0},"title":"Sensbi HUBI Smart ZigBee gateway","date":"19. velja\u010de 2024.","format":false,"excerpt":"Smart ZigBee gateway Koristi se za povezivanje raznih ZigBee smart proizvoda koji se putem 2.4GHz WiFi mreze povezuju sa cloud-om i mobilnom aplikacijom","rel":"","context":"Srodne objave","img":{"alt_text":"","src":"https:\/\/i0.wp.com\/astehshop.com\/wp-content\/uploads\/2024\/02\/sensbi-hubi-smart-zigbee-gateway_0.jpg?fit=1200%2C758&resize=350%2C200","width":350,"height":200},"classes":[]},{"id":9010,"url":"http:\/\/astehshop.com\/index.php\/product\/sensbi-hubi-wd-smart-zicani-zigbee-gateway\/","url_meta":{"origin":9008,"position":1},"title":"Sensbi HUBI-WD Smart \u017ei\u010dani ZigBee gateway","date":"19. velja\u010de 2024.","format":false,"excerpt":"Smart \u017ei\u010dani ZigBee gateway Koristi se za povezivanje raznih ZigBee smart proizvoda koji se putem LAN-a povezuju sa cloud-om i mobilnom aplikacijom.","rel":"","context":"Srodne objave","img":{"alt_text":"","src":"https:\/\/i1.wp.com\/astehshop.com\/wp-content\/uploads\/2024\/02\/sensbi-hubi-wd-smart-zicani-zigbee-gateway_0.jpg?fit=1200%2C675&resize=350%2C200","width":350,"height":200},"classes":[]},{"id":9039,"url":"http:\/\/astehshop.com\/index.php\/product\/sensbi-z-dimmi-zigbee-uzidni-regulator-dimer\/","url_meta":{"origin":9008,"position":2},"title":"Sensbi Z-DIMMI ZigBee uzidni regulator ( dimer )","date":"19. velja\u010de 2024.","format":false,"excerpt":"ZigBee uzidni regulator ( dimer ) ZigBee uzidni regulator ( dimer ) sa prekida\u010dem. Upravljanje ja\u010dinom osvetljenja ili brzinom ventilatora. Tajmer","rel":"","context":"Srodne objave","img":{"alt_text":"","src":"https:\/\/i0.wp.com\/astehshop.com\/wp-content\/uploads\/2024\/02\/sensbi-z-dimmi-zigbee-uzidni-regulator-dimer-_0.jpg?fit=1200%2C890&resize=350%2C200","width":350,"height":200},"classes":[]},{"id":8994,"url":"http:\/\/astehshop.com\/index.php\/product\/sensbi-z-stripi-4n4-pametni-produzni-kabal\/","url_meta":{"origin":9008,"position":3},"title":"Sensbi Z-STRIPI-4N4 Pametni produ\u017eni kabal","date":"19. velja\u010de 2024.","format":false,"excerpt":"Pametni produ\u017eni kabal. Mogu\u0107nost povezivanja na Sensbi aplikaciju preko Zigbee gateway. Radi samo na 2.4GHz. Input 100-240V AC 50\/60Hz, Output 100-240V AC 50\/60Hz, Load ~12A.","rel":"","context":"Srodne objave","img":{"alt_text":"","src":"https:\/\/i0.wp.com\/astehshop.com\/wp-content\/uploads\/2024\/02\/sensbi-z-stripi-4n4-pametni-produzni-kabal_0.jpg?fit=1200%2C788&resize=350%2C200","width":350,"height":200},"classes":[]},{"id":9015,"url":"http:\/\/astehshop.com\/index.php\/product\/sensbi-zwitchi-l2nn-zigbee-uzidni-prekidac-dvostruki\/","url_meta":{"origin":9008,"position":4},"title":"Sensbi ZWITCHI-L2NN ZigBee uzidni prekida\u010d &#8211; dvostruki","date":"19. velja\u010de 2024.","format":false,"excerpt":"ZigBee uzidni prekida\u010d - dvostruki ZigBee uzidni prekida\u010d - dvostruki, nije potrebna 0 za rad. Snage 200W po kanalu. On\/Off i Tajmer funkcija. On\/Off globalno ili pojedina\u010dno. Mogu\u0107nost pode\u0161avanja tajmera nezavisno za svaki prekida\u010d.","rel":"","context":"Srodne objave","img":{"alt_text":"","src":"https:\/\/i1.wp.com\/astehshop.com\/wp-content\/uploads\/2024\/02\/sensbi-zwitchi-l2nn-zigbee-uzidni-prekidac-dvostruki_0.jpg?fit=1200%2C798&resize=350%2C200","width":350,"height":200},"classes":[]},{"id":9054,"url":"http:\/\/astehshop.com\/index.php\/product\/sensbi-zwitchi-l3nn-zigbee-uzidni-prekidac-trostruki\/","url_meta":{"origin":9008,"position":5},"title":"Sensbi ZWITCHI-L3NN ZigBee uzidni prekida\u010d- trostruki","date":"19. velja\u010de 2024.","format":false,"excerpt":"ZigBee uzidni prekida\u010d - trostruki ZigBee uzidni prekida\u010d - trostruki, nije potrebna 0 za rad. Snage 200W po kanalu. On\/Off i Tajmer funkcija. On\/Off globalno ili pojedina\u010dno. Mogu\u0107nost pode\u0161avanja tajmera nezavisno za svaki prekida\u010d.","rel":"","context":"Srodne objave","img":{"alt_text":"","src":"https:\/\/i2.wp.com\/astehshop.com\/wp-content\/uploads\/2024\/02\/sensbi-switchi-l3nn-wi-fi-uzidni-prekidac-trostruki_0.jpg?fit=1200%2C805&resize=350%2C200","width":350,"height":200},"classes":[]}],"_links":{"self":[{"href":"http:\/\/astehshop.com\/index.php\/wp-json\/wp\/v2\/product\/9008"}],"collection":[{"href":"http:\/\/astehshop.com\/index.php\/wp-json\/wp\/v2\/product"}],"about":[{"href":"http:\/\/astehshop.com\/index.php\/wp-json\/wp\/v2\/types\/product"}],"replies":[{"embeddable":true,"href":"http:\/\/astehshop.com\/index.php\/wp-json\/wp\/v2\/comments?post=9008"}],"wp:featuredmedia":[{"embeddable":true,"href":"http:\/\/astehshop.com\/index.php\/wp-json\/wp\/v2\/media\/9009"}],"wp:attachment":[{"href":"http:\/\/astehshop.com\/index.php\/wp-json\/wp\/v2\/media?parent=9008"}],"wp:term":[{"taxonomy":"product_cat","embeddable":true,"href":"http:\/\/astehshop.com\/index.php\/wp-json\/wp\/v2\/product_cat?post=9008"},{"taxonomy":"product_tag","embeddable":true,"href":"http:\/\/astehshop.com\/index.php\/wp-json\/wp\/v2\/product_tag?post=9008"}],"curies":[{"name":"wp","href":"https:\/\/api.w.org\/{rel}","templated":true}]}}