{"id":8999,"date":"2024-02-19T17:33:42","date_gmt":"2024-02-19T16:33:42","guid":{"rendered":"http:\/\/astehshop.com\/?post_type=product&#038;p=8999"},"modified":"2024-02-19T17:33:42","modified_gmt":"2024-02-19T16:33:42","slug":"sensbi-z-shadi-uzidni-prekidac-za-zavjese-roletne-tende-krovne-prozore","status":"publish","type":"product","link":"http:\/\/astehshop.com\/index.php\/product\/sensbi-z-shadi-uzidni-prekidac-za-zavjese-roletne-tende-krovne-prozore\/","title":{"rendered":"Sensbi Z-SHADI Uzidni prekida\u010d za zavjese, roletne, tende, krovne prozore"},"content":{"rendered":"<p>ZigBee uzidni prekida\u010d za zavese, roletne, tende, krovne prozore<br \/>\nZigBee uzidni prekida\u010d za zavese, roletne, tende, krovne prozore. Tajmer, kalibracija trajanja otvaranja-zatvaranja, Procentualno\/ru\u010dno upravljanje otvaranja-zatvaranja.<\/p>\n","protected":false},"excerpt":{"rendered":"<p>ZigBee uzidni prekida\u010d za zavese, roletne, tende, krovne prozore<br \/>\nZigBee uzidni prekida\u010d za zavese, roletne, tende, krovne prozore. Tajmer, kalibracija trajanja otvaranja-zatvaranja, Procentualno\/ru\u010dno upravljanje otvaranja-zatvaranja.<\/p>\n","protected":false},"featured_media":9000,"comment_status":"open","ping_status":"closed","template":"","meta":{"_mi_skip_tracking":false,"_exactmetrics_sitenote_active":false,"_exactmetrics_sitenote_note":"","_exactmetrics_sitenote_category":0,"spay_email":""},"product_cat":[3480],"product_tag":[6680,440,6678,5589,6679,4098,6676,3483,6672,6677,5065,6374],"brands":[{"id":6665,"name":"sensbi","slug":"sensbi"}],"df_price":64,"df_sale_price":"","df_regular_price":64,"df_image_link":"https:\/\/i1.wp.com\/astehshop.com\/wp-content\/uploads\/2024\/02\/sensbi-z-shadi-uzidni-prekidac-za-zavjese-roletne-tende-krovne-prozore_0.jpg?fit=450%2C310","jetpack_publicize_connections":[],"jetpack_sharing_enabled":true,"jetpack_likes_enabled":true,"jetpack-related-posts":[{"id":9054,"url":"http:\/\/astehshop.com\/index.php\/product\/sensbi-zwitchi-l3nn-zigbee-uzidni-prekidac-trostruki\/","url_meta":{"origin":8999,"position":0},"title":"Sensbi ZWITCHI-L3NN ZigBee uzidni prekida\u010d- trostruki","date":"19. velja\u010de 2024.","format":false,"excerpt":"ZigBee uzidni prekida\u010d - trostruki ZigBee uzidni prekida\u010d - trostruki, nije potrebna 0 za rad. Snage 200W po kanalu. On\/Off i Tajmer funkcija. On\/Off globalno ili pojedina\u010dno. Mogu\u0107nost pode\u0161avanja tajmera nezavisno za svaki prekida\u010d.","rel":"","context":"Srodne objave","img":{"alt_text":"","src":"https:\/\/i2.wp.com\/astehshop.com\/wp-content\/uploads\/2024\/02\/sensbi-switchi-l3nn-wi-fi-uzidni-prekidac-trostruki_0.jpg?fit=1200%2C805&resize=350%2C200","width":350,"height":200},"classes":[]},{"id":9013,"url":"http:\/\/astehshop.com\/index.php\/product\/sensbi-zwitchi-l1nn-zigbee-uzidni-prekidac-jednostruki\/","url_meta":{"origin":8999,"position":1},"title":"Sensbi ZWITCHI-L1NN ZigBee uzidni prekida\u010d &#8211; jednostruki","date":"19. velja\u010de 2024.","format":false,"excerpt":"ZigBee uzidni prekida\u010d - jednostruki ZigBee uzidni prekida\u010d - jednostruki, nije potrebna 0 za rad. Snage do 200W. On\/Off i Tajmer funkcija","rel":"","context":"Srodne objave","img":{"alt_text":"","src":"https:\/\/i1.wp.com\/astehshop.com\/wp-content\/uploads\/2024\/02\/sensbi-zwitchi-l1nn-zigbee-uzidni-prekidac-jednostruki_0.jpg?fit=1200%2C829&resize=350%2C200","width":350,"height":200},"classes":[]},{"id":9001,"url":"http:\/\/astehshop.com\/index.php\/product\/sensbi-z-boili-zigbee-uzidni-prekidac-velike-snage\/","url_meta":{"origin":8999,"position":2},"title":"Sensbi Z-BOILI ZigBee uzidni prekida\u010d velike snage","date":"19. velja\u010de 2024.","format":false,"excerpt":"ZigBee uzidni prekida\u010d velike snage ZigBee uzidni prekida\u010d velike snage - jednostruki, 20A. On\/Off i Tajmer funkcija. Preporu\u010duje se za bojler.","rel":"","context":"Srodne objave","img":{"alt_text":"","src":"https:\/\/i2.wp.com\/astehshop.com\/wp-content\/uploads\/2024\/02\/sensbi-z-boili-zigbee-uzidni-prekidac-velike-snage_0-scaled.jpg?fit=1200%2C766&resize=350%2C200","width":350,"height":200},"classes":[]},{"id":9015,"url":"http:\/\/astehshop.com\/index.php\/product\/sensbi-zwitchi-l2nn-zigbee-uzidni-prekidac-dvostruki\/","url_meta":{"origin":8999,"position":3},"title":"Sensbi ZWITCHI-L2NN ZigBee uzidni prekida\u010d &#8211; dvostruki","date":"19. velja\u010de 2024.","format":false,"excerpt":"ZigBee uzidni prekida\u010d - dvostruki ZigBee uzidni prekida\u010d - dvostruki, nije potrebna 0 za rad. Snage 200W po kanalu. On\/Off i Tajmer funkcija. On\/Off globalno ili pojedina\u010dno. Mogu\u0107nost pode\u0161avanja tajmera nezavisno za svaki prekida\u010d.","rel":"","context":"Srodne objave","img":{"alt_text":"","src":"https:\/\/i1.wp.com\/astehshop.com\/wp-content\/uploads\/2024\/02\/sensbi-zwitchi-l2nn-zigbee-uzidni-prekidac-dvostruki_0.jpg?fit=1200%2C798&resize=350%2C200","width":350,"height":200},"classes":[]},{"id":9039,"url":"http:\/\/astehshop.com\/index.php\/product\/sensbi-z-dimmi-zigbee-uzidni-regulator-dimer\/","url_meta":{"origin":8999,"position":4},"title":"Sensbi Z-DIMMI ZigBee uzidni regulator ( dimer )","date":"19. velja\u010de 2024.","format":false,"excerpt":"ZigBee uzidni regulator ( dimer ) ZigBee uzidni regulator ( dimer ) sa prekida\u010dem. Upravljanje ja\u010dinom osvetljenja ili brzinom ventilatora. Tajmer","rel":"","context":"Srodne objave","img":{"alt_text":"","src":"https:\/\/i0.wp.com\/astehshop.com\/wp-content\/uploads\/2024\/02\/sensbi-z-dimmi-zigbee-uzidni-regulator-dimer-_0.jpg?fit=1200%2C890&resize=350%2C200","width":350,"height":200},"classes":[]},{"id":9017,"url":"http:\/\/astehshop.com\/index.php\/product\/sensbi-switchi-l1nn-wi-fi-uzidni-prekidac-jednostruki-bez-0\/","url_meta":{"origin":8999,"position":5},"title":"Sensbi SWITCHI-L1NN Wi-Fi uzidni prekida\u010d &#8211; jednostruki bez 0","date":"19. velja\u010de 2024.","format":false,"excerpt":"Wi-Fi uzidni prekida\u010d - jednostruki Wi-Fi uzidni prekida\u010d - jednostruki, nije potrebna 0 za rad. Snage do 200W. On\/Off i Tajmer funkcija","rel":"","context":"Srodne objave","img":{"alt_text":"","src":"https:\/\/i2.wp.com\/astehshop.com\/wp-content\/uploads\/2024\/02\/sensbi-switchi-l1nn-wi-fi-uzidni-prekidac-jednostruki_0.jpg?fit=1200%2C807&resize=350%2C200","width":350,"height":200},"classes":[]}],"_links":{"self":[{"href":"http:\/\/astehshop.com\/index.php\/wp-json\/wp\/v2\/product\/8999"}],"collection":[{"href":"http:\/\/astehshop.com\/index.php\/wp-json\/wp\/v2\/product"}],"about":[{"href":"http:\/\/astehshop.com\/index.php\/wp-json\/wp\/v2\/types\/product"}],"replies":[{"embeddable":true,"href":"http:\/\/astehshop.com\/index.php\/wp-json\/wp\/v2\/comments?post=8999"}],"wp:featuredmedia":[{"embeddable":true,"href":"http:\/\/astehshop.com\/index.php\/wp-json\/wp\/v2\/media\/9000"}],"wp:attachment":[{"href":"http:\/\/astehshop.com\/index.php\/wp-json\/wp\/v2\/media?parent=8999"}],"wp:term":[{"taxonomy":"product_cat","embeddable":true,"href":"http:\/\/astehshop.com\/index.php\/wp-json\/wp\/v2\/product_cat?post=8999"},{"taxonomy":"product_tag","embeddable":true,"href":"http:\/\/astehshop.com\/index.php\/wp-json\/wp\/v2\/product_tag?post=8999"}],"curies":[{"name":"wp","href":"https:\/\/api.w.org\/{rel}","templated":true}]}}