{"id":8983,"date":"2024-02-17T09:58:04","date_gmt":"2024-02-17T08:58:04","guid":{"rendered":"http:\/\/astehshop.com\/?post_type=product&#038;p=8983"},"modified":"2026-04-04T20:31:53","modified_gmt":"2026-04-04T18:31:53","slug":"wifi-set-roto-kamera-snimac-4-roto-kamere","status":"publish","type":"product","link":"http:\/\/astehshop.com\/index.php\/product\/wifi-set-roto-kamera-snimac-4-roto-kamere\/","title":{"rendered":"WiFi set roto kamera &#8211; snima\u010d + 4 roto kamere"},"content":{"rendered":"<p>Veoma jednostavna monta\u017ea<br \/>\n4 x roto FULL HD kamere<br \/>\n1 x snima\u010d ( kamere se be\u017ei\u010dno ve\u017eu na snima\u010d )<br \/>\nPlug and play<br \/>\nRotirajte u svim pravcima<br \/>\nsve na samo jednoj aplikaciji<br \/>\nNo\u0107ni re\u017eim<\/p>\n<p>&nbsp;<\/p>\n","protected":false},"excerpt":{"rendered":"<p>Veoma jednostavna monta\u017ea<br \/>\n4 x roto FULL HD kamere<br \/>\n1 x snima\u010d ( kamere se be\u017ei\u010dno ve\u017eu na snima\u010d )<br \/>\nPlug and play<br \/>\nRotirajte u svim pravcima<br \/>\nsve na samo jednoj aplikaciji<br \/>\nNo\u0107ni re\u017eim<\/p>\n<p>&nbsp;<\/p>\n","protected":false},"featured_media":8984,"comment_status":"open","ping_status":"closed","template":"","meta":{"_mi_skip_tracking":false,"_exactmetrics_sitenote_active":false,"_exactmetrics_sitenote_note":"","_exactmetrics_sitenote_category":0,"spay_email":""},"product_cat":[2298,135,136],"product_tag":[6657,6361,6653,626,6656,6658,6655,6652,6654,474,251,1031],"brands":[],"df_price":329,"df_sale_price":"","df_regular_price":329,"df_image_link":"https:\/\/i2.wp.com\/astehshop.com\/wp-content\/uploads\/2024\/02\/wifi-set-scaled.jpg?fit=450%2C384","jetpack_publicize_connections":[],"jetpack_sharing_enabled":true,"jetpack_likes_enabled":true,"jetpack-related-posts":[{"id":7550,"url":"http:\/\/astehshop.com\/index.php\/product\/8-kanalni-wifi-snimac-imou-dahua-nvr1108hs-w-s2\/","url_meta":{"origin":8983,"position":0},"title":"8 Kanalni WIFI snima\u010d Imou Dahua NVR1108HS-W-S2","date":"2. travnja 2023.","format":false,"excerpt":"Be\u017ei\u010dni snima\u010d Uklju\u010di i radi Sigurnost je napravljena da bude jednostavna 1080P H.265 Podr\u0161ka za disk do 16 TB Auto uparivanje Podr\u017eava dvosmjerne komunikacije i ONVIF Nove kamere se same uparuju sa snima\u010dem, dodavanje novih kamera ide na klik Mo\u017eete dodati i kamere koje nisu Imou ili Dahua","rel":"","context":"Srodne objave","img":{"alt_text":"","src":"https:\/\/i1.wp.com\/astehshop.com\/wp-content\/uploads\/2023\/04\/NVR1104HS-W-S2.png?fit=568%2C526&resize=350%2C200","width":350,"height":200},"classes":[]},{"id":4280,"url":"http:\/\/astehshop.com\/index.php\/product\/wifi-set-4-kamere-1080p-sa-hdd-om\/","url_meta":{"origin":8983,"position":1},"title":"WiFi set 4 kamere 1080P sa HDD-om","date":"31. o\u017eujka 2020.","format":false,"excerpt":"\ud83d\udc4cWi Fi set kamera FULL HD 1080P 430 KM \ud83d\udc49u paketu dolazi 4 x kamera FULL HD 1080P \u26a1\ufe0fSnima\u010d za 4 wi fi kamere \ud83d\udc4chdd 500 GB \ud83d\udda54 x napajanje za kamere. \u2705Jednostavno spajanje, kada uklju\u010dite kameru u struju sama se spaja na snima\u010d i zapo\u010dinje snimanje Nikole Tesle 31a\u2026","rel":"","context":"Srodne objave","img":{"alt_text":"","src":"https:\/\/i0.wp.com\/astehshop.com\/wp-content\/uploads\/2020\/03\/WiFi-set-4-kamere-1080P-sa-HDD-om.jpg?fit=800%2C545&resize=350%2C200","width":350,"height":200},"classes":[]},{"id":8476,"url":"http:\/\/astehshop.com\/index.php\/product\/imou-kompletan-wifi-set-2-mpx-sa-roto-kamerom\/","url_meta":{"origin":8983,"position":2},"title":"Imou Kompletan WIFI set 2 MPX sa roto kamerom","date":"26. listopada 2023.","format":false,"excerpt":"WIFI set sa roto kamerom U setu dobijate 1 x WIFI snima\u010d 4 kanala 1 x ROTO wifi kamera FULL color 2 MPX 3 x Bullet wifi kamere IMOU 2 MPX 1 x 1 TB HDD Sve to mo\u017eete pratiti putem telefona ili va\u0161eg TV-a Obavje\u0161tenja na telefon o kretanju\u2026","rel":"","context":"Srodne objave","img":{"alt_text":"","src":"https:\/\/i0.wp.com\/astehshop.com\/wp-content\/uploads\/2023\/10\/akcija-imou-865-scaled.jpg?fit=1200%2C686&resize=350%2C200","width":350,"height":200},"classes":[]},{"id":3583,"url":"http:\/\/astehshop.com\/index.php\/product\/hikvision-video-nadzor-set-turbohd-02\/","url_meta":{"origin":8983,"position":3},"title":"HikVision video nadzor set TurboHD  02","date":"1. rujna 2019.","format":false,"excerpt":"Prava akcijska ponuda video nadzora koji je broj 1 u svijetu !!! 1 x DVR snimac za 4 analogne + 1 IP kameru 2 x Turbo HD kamere DS-2CE56C0T-IT3F 2 x Turbo HD kamere DS-2CE16C0T-IT3F ( 40 metara nocni IR ) 1 x napajanje za sve 4 kamere 4 x\u2026","rel":"","context":"Srodne objave","img":{"alt_text":"","src":"https:\/\/i0.wp.com\/astehshop.com\/wp-content\/uploads\/2019\/09\/turbo-hd-sistem-2-vani-2-unutra.jpg?fit=1200%2C798&resize=350%2C200","width":350,"height":200},"classes":[]},{"id":5583,"url":"http:\/\/astehshop.com\/index.php\/product\/dahua-set-full-hd-kompletan-4-kamere\/","url_meta":{"origin":8983,"position":4},"title":"Dahua set FULL HD kompletan 4 kamere ISTEK ZALIHA","date":"31. listopada 2021.","format":false,"excerpt":"U setu dobijate 1 x 4 kanalni snimac ( za do 5 MP ) 4 x BULLET kamera vanjske Dahua HAC-HFW1200TL 40M no\u0107ni domet 1 x disk 500 GB 100 metara RG59 + struja 1 x napajanje 12v 5a 4 x dc konektora 8 x bnc konektor Sve se mo\u017ee\u2026","rel":"","context":"Srodne objave","img":{"alt_text":"","src":"https:\/\/i0.wp.com\/astehshop.com\/wp-content\/uploads\/2021\/10\/set-529-km.jpg?fit=800%2C480&resize=350%2C200","width":350,"height":200},"classes":[]},{"id":7547,"url":"http:\/\/astehshop.com\/index.php\/product\/4-kanalni-wifi-dahua-snimac-nvr1104hs-w-s2\/","url_meta":{"origin":8983,"position":5},"title":"4 kanalni WIFI Dahua snima\u010d NVR1104HS-W-S2","date":"2. travnja 2023.","format":false,"excerpt":"Be\u017ei\u010dni snima\u010d Uklju\u010di i radi Sigurnost je napravljena da bude jednostavna 1080P H.265 Podr\u0161ka za disk do 16 TB Auto uparivanje Podr\u017eava dvosmjerne komunikacije i ONVIF Nove kamere se same uparuju sa snima\u010dem, dodavanje novih kamera ide na klik Mo\u017eete dodati i kamere koje nisu Imou ili Dahua https:\/\/www.youtube.com\/watch?v=9-AyWcIwX_E https:\/\/www.youtube.com\/watch?v=WuT2Jr-HZq8\u2026","rel":"","context":"Srodne objave","img":{"alt_text":"","src":"https:\/\/i1.wp.com\/astehshop.com\/wp-content\/uploads\/2023\/04\/NVR1104HS-W-S2.png?fit=568%2C526&resize=350%2C200","width":350,"height":200},"classes":[]}],"_links":{"self":[{"href":"http:\/\/astehshop.com\/index.php\/wp-json\/wp\/v2\/product\/8983"}],"collection":[{"href":"http:\/\/astehshop.com\/index.php\/wp-json\/wp\/v2\/product"}],"about":[{"href":"http:\/\/astehshop.com\/index.php\/wp-json\/wp\/v2\/types\/product"}],"replies":[{"embeddable":true,"href":"http:\/\/astehshop.com\/index.php\/wp-json\/wp\/v2\/comments?post=8983"}],"wp:featuredmedia":[{"embeddable":true,"href":"http:\/\/astehshop.com\/index.php\/wp-json\/wp\/v2\/media\/8984"}],"wp:attachment":[{"href":"http:\/\/astehshop.com\/index.php\/wp-json\/wp\/v2\/media?parent=8983"}],"wp:term":[{"taxonomy":"product_cat","embeddable":true,"href":"http:\/\/astehshop.com\/index.php\/wp-json\/wp\/v2\/product_cat?post=8983"},{"taxonomy":"product_tag","embeddable":true,"href":"http:\/\/astehshop.com\/index.php\/wp-json\/wp\/v2\/product_tag?post=8983"}],"curies":[{"name":"wp","href":"https:\/\/api.w.org\/{rel}","templated":true}]}}