{"id":8967,"date":"2024-02-11T20:32:53","date_gmt":"2024-02-11T19:32:53","guid":{"rendered":"http:\/\/astehshop.com\/?post_type=product&#038;p=8967"},"modified":"2024-02-11T20:32:55","modified_gmt":"2024-02-11T19:32:55","slug":"prijenosni-led-reflektor-green-tech-40w-4000k-ip65","status":"publish","type":"product","link":"http:\/\/astehshop.com\/index.php\/product\/prijenosni-led-reflektor-green-tech-40w-4000k-ip65\/","title":{"rendered":"Prijenosni LED reflektor Green Tech, 40W, 4000K, IP65"},"content":{"rendered":"<p>Snaga: 40 W<br \/>\nBoja svjetlosti: 4000 K<br \/>\nPromjenjiva snaga reflektora, upravljanje prekida\u010dem: Niska \/ srednja \/ visoka svjetlina \/ SOS \/ isklju\u010deno<br \/>\nFlux: 500 lm<br \/>\nSvjetlosna u\u010dinkovitost: 13 lm \/ W<br \/>\nLED diode: San`an<br \/>\nKut svjetlosti: 120\u00b0<br \/>\nNapon: 5 V \/ 2 A<br \/>\nBaterija: 3.2 V LiFePO4, 4 Ah<br \/>\nVrijeme punjenja: 4 &#8211; 6 h ( 80 cm USB kabel u kompletu)<br \/>\nVrijeme rada: 4 &#8211; 13 h<br \/>\nIP faktor: IP65<br \/>\nRadni vijek: 25.000 radnih sati<br \/>\nRadna temperatura: -10 \u00b0C do 50 \u00b0C<br \/>\nMaterijal: ABS + PC<br \/>\nNeto te\u017eina: 0,661 kg<br \/>\nBruto te\u017eina: 0,788 kg<br \/>\nBoja: crna + \u017euta<\/p>\n","protected":false},"excerpt":{"rendered":"<p>Snaga: 40 W Boja svjetlosti: 4000 K Promjenjiva snaga reflektora, upravljanje prekida\u010dem: Niska \/ srednja \/ visoka svjetlina \/ SOS \/ isklju\u010deno Flux: 500 lm Svjetlosna u\u010dinkovitost: 13 lm \/ &hellip;<\/p>\n","protected":false},"featured_media":8968,"comment_status":"open","ping_status":"closed","template":"","meta":{"_mi_skip_tracking":false,"_exactmetrics_sitenote_active":false,"_exactmetrics_sitenote_note":"","_exactmetrics_sitenote_category":0,"spay_email":""},"product_cat":[5447],"product_tag":[1682,6635,6634],"brands":[],"df_price":65,"df_sale_price":"","df_regular_price":65,"df_image_link":"https:\/\/i2.wp.com\/astehshop.com\/wp-content\/uploads\/2024\/02\/309610327_ced4e212a14fedb834732bbc653048bd5mr.png?fit=450%2C450","jetpack_publicize_connections":[],"jetpack_sharing_enabled":true,"jetpack_likes_enabled":true,"jetpack-related-posts":[{"id":8969,"url":"http:\/\/astehshop.com\/index.php\/product\/led-reflektor-green-tech-2550-lm-30w-6500k-ip65-crni\/","url_meta":{"origin":8967,"position":0},"title":"LED reflektor Green Tech 2550 lm, 30W, 6500K, IP65, crni","date":"11. velja\u010de 2024.","format":false,"excerpt":"Snaga: 30W Boja svjetlosti: 6500K IP stupanj za\u0161tite: IP65 IK stupanj za\u0161tite: IK06 Boja artikla: crna Napon: AC 220 - 240 V \/ 50 - 60 Hz FLUX: 85 lm \/ W Ukupan svjetlosni tok: 2550 lm Kut svjetlosti: 120 \u00b0 LED diode: San`an \/ SMD2835 Radna temperatura: od -\u2026","rel":"","context":"Srodne objave","img":{"alt_text":"","src":"https:\/\/i0.wp.com\/astehshop.com\/wp-content\/uploads\/2024\/02\/led-reflektor-30w.png?fit=800%2C800&resize=350%2C200","width":350,"height":200},"classes":[]},{"id":7756,"url":"http:\/\/astehshop.com\/index.php\/product\/led-traka-green-tech-2m-usb-daljinski-72-w-m-5050-30-led-m-rgb-ip20\/","url_meta":{"origin":8967,"position":1},"title":"LED traka Green Tech 2m, USB + daljinski, 7,2 W\/m, 5050, 30 LED\/m, RGB, IP20","date":"13. svibnja 2023.","format":false,"excerpt":"Snaga: 7,2 W \/ m Boja svjetlosti: RGB Napon: DC 5 V LED diode: San`an 5050 \/ 30 komada po metru IP za\u0161tita: IP20 FLUX: 66 lm \/ m Duljina LED trake: 2 metra Radni vijek: 20 000 radnih sati Certifikati: CE, FCC, RoHs Neto te\u017eina: 0,075 kg Bruto te\u017eina:\u2026","rel":"","context":"Srodne objave","img":{"alt_text":"","src":"https:\/\/i2.wp.com\/astehshop.com\/wp-content\/uploads\/2023\/05\/LSU-USB2M_3786.png?fit=800%2C800&resize=350%2C200","width":350,"height":200},"classes":[]},{"id":6643,"url":"http:\/\/astehshop.com\/index.php\/product\/led-plafonjera-sa-senzorom-green-tech-16w-4000k-promjer-25cm\/","url_meta":{"origin":8967,"position":2},"title":"LED plafonjera sa senzorom Green Tech 16W, 4000K, promjer 25cm","date":"17. studenoga 2022.","format":false,"excerpt":"Snaga: 16 W Boja svjetlosti: 4000 K IP stupanj za\u0161tite: IP44 Napon: AC 85 - 265 V \/ 50 - 60 Hz FLUX: 90 lm \/ W LED diode: San`an Kut svjetlosti: 120 \u00b0 Raspon detekcije: 360 \u00b0 Domet detekcije: do 9 metara \/ 24 \u00b0 \/ svijetli 10 sekundi\u2026","rel":"","context":"Srodne objave","img":{"alt_text":"","src":"https:\/\/i2.wp.com\/astehshop.com\/wp-content\/uploads\/2022\/11\/medium_4764_26ffa808a313c3c837b362133e23f782T5b.png?fit=400%2C400&resize=350%2C200","width":350,"height":200},"classes":[]},{"id":6448,"url":"http:\/\/astehshop.com\/index.php\/product\/solarni-prijenosni-set-green-tech-sps-300-fm-tf-bluetooth-usb\/","url_meta":{"origin":8967,"position":3},"title":"Solarni prijenosni set Green Tech SPS-300, FM, TF, Bluetooth, USB","date":"23. listopada 2022.","format":false,"excerpt":"LED: Snaga: 3 W + 3 W + 3 W \/ LED \u017earulje uklju\u010dene u pakiranje Boja svjetlosti: 4000 K Napon: AC 85 - 265 V \/ 50 - 60 Hz FLUX: 300 lm LED diode: SMD Kut svjetlosti: 120 \u00b0 UGR: < 19 Radni vijek: 20 000 radnih sati\u2026","rel":"","context":"Srodne objave","img":{"alt_text":"","src":"https:\/\/i0.wp.com\/astehshop.com\/wp-content\/uploads\/2022\/10\/7937_bf9df51dc75f5892c0b67bfbdb43f6f85av.png?fit=800%2C800&resize=350%2C200","width":350,"height":200},"classes":[]},{"id":7761,"url":"http:\/\/astehshop.com\/index.php\/product\/reflektor-led-100-w-8200-lm-ip65\/","url_meta":{"origin":8967,"position":4},"title":"Reflektor, LED, 100 W, 8200 lm, IP65","date":"14. svibnja 2023.","format":false,"excerpt":"LED reflektor, izvor svjetlosti 100 W LED SMD, osvjetljenje 8200 lm, 4000K prirodna bijela svjetlost Monta\u017ea na zid, napajanje 230 V ~ \/ 50 Hz, dimenzije 280 x 225 x 115 mm, za vanjsku i unutarnju uporabu, IP65 LED izvor svjetla u lampi se ne mo\u017ee zamijeniti, reflektor nije prikladan\u2026","rel":"","context":"Srodne objave","img":{"alt_text":"","src":"https:\/\/i2.wp.com\/astehshop.com\/wp-content\/uploads\/2023\/05\/led-reflektor-100w.png?fit=1200%2C1134&resize=350%2C200","width":350,"height":200},"classes":[]},{"id":3480,"url":"http:\/\/astehshop.com\/index.php\/product\/led-reflektor-green-tech-30w-4200k\/","url_meta":{"origin":8967,"position":5},"title":"LED reflektor Green Tech 30W, 4200K","date":"21. srpnja 2019.","format":false,"excerpt":"FLUX: 2700 lm Tip LED diode: San'an Tip driver-a: izoliran Kut svjetlosti: 120\u00b0 Radna temperatura: od - 40 \u00b0C do 50 \u00b0C Vijek trajanja: 20000 radnih sati Certifikati: FCC, CE, RoHS Dimenzije svjetiljke: 21,2 x 15,7 cm Neto te\u017eina:0,8890 kg Bruto te\u017eina:0,9600 kg","rel":"","context":"Srodne objave","img":{"alt_text":"","src":"https:\/\/i0.wp.com\/astehshop.com\/wp-content\/uploads\/2019\/07\/LED-reflektor-Green-Tech-30W-4200K.png?fit=200%2C200&resize=350%2C200","width":350,"height":200},"classes":[]}],"_links":{"self":[{"href":"http:\/\/astehshop.com\/index.php\/wp-json\/wp\/v2\/product\/8967"}],"collection":[{"href":"http:\/\/astehshop.com\/index.php\/wp-json\/wp\/v2\/product"}],"about":[{"href":"http:\/\/astehshop.com\/index.php\/wp-json\/wp\/v2\/types\/product"}],"replies":[{"embeddable":true,"href":"http:\/\/astehshop.com\/index.php\/wp-json\/wp\/v2\/comments?post=8967"}],"wp:featuredmedia":[{"embeddable":true,"href":"http:\/\/astehshop.com\/index.php\/wp-json\/wp\/v2\/media\/8968"}],"wp:attachment":[{"href":"http:\/\/astehshop.com\/index.php\/wp-json\/wp\/v2\/media?parent=8967"}],"wp:term":[{"taxonomy":"product_cat","embeddable":true,"href":"http:\/\/astehshop.com\/index.php\/wp-json\/wp\/v2\/product_cat?post=8967"},{"taxonomy":"product_tag","embeddable":true,"href":"http:\/\/astehshop.com\/index.php\/wp-json\/wp\/v2\/product_tag?post=8967"}],"curies":[{"name":"wp","href":"https:\/\/api.w.org\/{rel}","templated":true}]}}