{"id":8936,"date":"2024-01-18T17:42:55","date_gmt":"2024-01-18T16:42:55","guid":{"rendered":"http:\/\/astehshop.com\/?post_type=product&#038;p=8936"},"modified":"2024-01-18T17:42:55","modified_gmt":"2024-01-18T16:42:55","slug":"unv-ipc322lb-dsf28k-g-2-mpx-ip-dome-kamera","status":"publish","type":"product","link":"http:\/\/astehshop.com\/index.php\/product\/unv-ipc322lb-dsf28k-g-2-mpx-ip-dome-kamera\/","title":{"rendered":"UNV IPC322LB-DSF28K-G 2 MPX IP dome kamera"},"content":{"rendered":"<p>2 Mpx IR Fiksna Dome Mre\u017ena kamera. Rezolucija snimanja: 1080P (1920*1080) 30. \u010cip: 1\/2.7\u2033, 2.0 megapixel, progressive scan, CMOS. \u0160ater: Auto\/Manual, 1 ~ 1\/100000s. Optika: 2.8mm @2.0. Osetljivost: Colour: 0.01Lux ( F2.0, AGC ON), 0Lux with IR. IC domet: do 30m. Interfejsi: 10\/100M Base-TX Ethernet, Integrisan mikrofon, Micro SD do 128GB, ANR, NAS (NFS). Protokoli: IPv4, IGMP, ICMP, ARP, TCP, UDP, DHCP, RTP, RTSP, RTCP, RTMP, DNS, DDNS, NTP, FTP, UPnP, HTTP, HTTPS, SMTP, SSL\/TLS, SNMP. Mre\u017eni standardi: ONVIF (Profile S, Profile G, Profile T), API, SDK. Kompresija: Ultra 265, H.265, H.264, MJPEG. Doga\u0111aji: Motion detection, Audio detection, Tampering alarm. Smart funkcije: Cross line detection, Intrusion detection. Ostale karakteristike: 2D\/3D DNR, HLC, BLC, Smart IR, Corridor mode 9:16, 120db WDR. Za\u0161tita: IP67, IK10. Napajanje i potro\u0161nja: DC 12V\u00b125%, PoE (IEEE 802.3af), max 5W. Radna temperatura: -30\u00b0C ~ 60\u00b0C (-22\u00b0F ~ 140\u00b0F), Vla\u017enost: \u226495% RH (ne kondenzuju\u0107e). Dimenzije (Dx\u0160xV): \u03a6109 x 81mm, 0,36 kg. Kompatibilni nosa\u010di i pribor: TR-JB03-G-IN, TR-JB07\/WM03-G-IN, TR-WM03-D-IN, TR-A01-IN, TRUP06-IN, TR-UM06-E-IN, TR-SE24-IN, TR-SE24-A-IN, TR-CM24-IN.<\/p>\n<p><a href=\"https:\/\/i1.wp.com\/astehshop.com\/wp-content\/uploads\/2024\/01\/unv-ipc322lb-dsf28k-g-micro-sd.jpg\" data-rel=\"lightbox-image-0\" data-rl_title=\"\" data-rl_caption=\"\" title=\"\"><img data-attachment-id=\"8938\" data-permalink=\"http:\/\/astehshop.com\/?attachment_id=8938\" data-orig-file=\"https:\/\/i1.wp.com\/astehshop.com\/wp-content\/uploads\/2024\/01\/unv-ipc322lb-dsf28k-g-micro-sd.jpg?fit=1000%2C892\" data-orig-size=\"1000,892\" data-comments-opened=\"1\" data-image-meta=\"{&quot;aperture&quot;:&quot;0&quot;,&quot;credit&quot;:&quot;&quot;,&quot;camera&quot;:&quot;&quot;,&quot;caption&quot;:&quot;&quot;,&quot;created_timestamp&quot;:&quot;0&quot;,&quot;copyright&quot;:&quot;&quot;,&quot;focal_length&quot;:&quot;0&quot;,&quot;iso&quot;:&quot;0&quot;,&quot;shutter_speed&quot;:&quot;0&quot;,&quot;title&quot;:&quot;&quot;,&quot;orientation&quot;:&quot;0&quot;}\" data-image-title=\"unv-ipc322lb-dsf28k-g-micro-sd\" data-image-description=\"\" data-image-caption=\"\" data-medium-file=\"https:\/\/i1.wp.com\/astehshop.com\/wp-content\/uploads\/2024\/01\/unv-ipc322lb-dsf28k-g-micro-sd.jpg?fit=450%2C401\" data-large-file=\"https:\/\/i1.wp.com\/astehshop.com\/wp-content\/uploads\/2024\/01\/unv-ipc322lb-dsf28k-g-micro-sd.jpg?fit=1000%2C892\" decoding=\"async\" loading=\"lazy\" class=\"alignnone size-medium wp-image-8938\" src=\"https:\/\/i1.wp.com\/astehshop.com\/wp-content\/uploads\/2024\/01\/unv-ipc322lb-dsf28k-g-micro-sd.jpg?resize=450%2C401\" alt=\"\" width=\"450\" height=\"401\" srcset=\"https:\/\/i1.wp.com\/astehshop.com\/wp-content\/uploads\/2024\/01\/unv-ipc322lb-dsf28k-g-micro-sd.jpg?resize=450%2C401 450w, https:\/\/i1.wp.com\/astehshop.com\/wp-content\/uploads\/2024\/01\/unv-ipc322lb-dsf28k-g-micro-sd.jpg?resize=768%2C685 768w, https:\/\/i1.wp.com\/astehshop.com\/wp-content\/uploads\/2024\/01\/unv-ipc322lb-dsf28k-g-micro-sd.jpg?resize=300%2C268 300w, https:\/\/i1.wp.com\/astehshop.com\/wp-content\/uploads\/2024\/01\/unv-ipc322lb-dsf28k-g-micro-sd.jpg?resize=600%2C535 600w, https:\/\/i1.wp.com\/astehshop.com\/wp-content\/uploads\/2024\/01\/unv-ipc322lb-dsf28k-g-micro-sd.jpg?w=1000 1000w\" sizes=\"(max-width: 450px) 100vw, 450px\" data-recalc-dims=\"1\" \/><\/a><\/p>\n","protected":false},"excerpt":{"rendered":"<p>2 Mpx IR Fiksna Dome Mre\u017ena kamera. Rezolucija snimanja: 1080P (1920*1080) 30. \u010cip: 1\/2.7\u2033, 2.0 megapixel, progressive scan, CMOS. \u0160ater: Auto\/Manual, 1 ~ 1\/100000s. Optika: 2.8mm @2.0. Osetljivost: Colour: 0.01Lux ( F2.0, AGC ON), 0Lux with IR. IC domet: do 30m. Interfejsi: 10\/100M Base-TX Ethernet, Integrisan mikrofon, Micro SD do 128GB, ANR, NAS (NFS). Protokoli: IPv4, IGMP, ICMP, ARP, TCP, UDP, DHCP, RTP, RTSP, RTCP, RTMP, DNS, DDNS, NTP, FTP, UPnP, HTTP, HTTPS, SMTP, SSL\/TLS, SNMP. Mre\u017eni standardi: ONVIF (Profile S, Profile G, Profile T), API, SDK. Kompresija: Ultra 265, H.265, H.264, MJPEG. Doga\u0111aji: Motion detection, Audio detection, Tampering alarm. Smart funkcije: Cross line detection, Intrusion detection. Ostale karakteristike: 2D\/3D DNR, HLC, BLC, Smart IR, Corridor mode 9:16, 120db WDR. Za\u0161tita: IP67, IK10. Napajanje i potro\u0161nja: DC 12V\u00b125%, PoE (IEEE 802.3af), max 5W. Radna temperatura: -30\u00b0C ~ 60\u00b0C (-22\u00b0F ~ 140\u00b0F), Vla\u017enost: \u226495% RH (ne kondenzuju\u0107e). Dimenzije (Dx\u0160xV): \u03a6109 x 81mm, 0,36 kg. Kompatibilni nosa\u010di i pribor: TR-JB03-G-IN, TR-JB07\/WM03-G-IN, TR-WM03-D-IN, TR-A01-IN, TRUP06-IN, TR-UM06-E-IN, TR-SE24-IN, TR-SE24-A-IN, TR-CM24-IN.<\/p>\n","protected":false},"featured_media":8937,"comment_status":"open","ping_status":"closed","template":"","meta":{"_mi_skip_tracking":false,"_exactmetrics_sitenote_active":false,"_exactmetrics_sitenote_note":"","_exactmetrics_sitenote_category":0,"spay_email":""},"product_cat":[1037],"product_tag":[468,477,6610,6609],"brands":[{"id":6129,"name":"UNV","slug":"unv"}],"df_price":220,"df_sale_price":"","df_regular_price":220,"df_image_link":"https:\/\/i0.wp.com\/astehshop.com\/wp-content\/uploads\/2024\/01\/unv-ipc322lb-dsf28k-g.jpg?fit=450%2C419","jetpack_publicize_connections":[],"jetpack_sharing_enabled":true,"jetpack_likes_enabled":true,"jetpack-related-posts":[{"id":8582,"url":"http:\/\/astehshop.com\/index.php\/product\/unv-dome-ip-kamera-4-mpx-ipc3614le-adf28k-g\/","url_meta":{"origin":8936,"position":0},"title":"UNV dome IP kamera 4 MPX IPC3614LE-ADF28K-G","date":"10. studenoga 2023.","format":false,"excerpt":"Optika Dan\/no\u0107 funkcionalnost Smart IR, do 30m (98ft) IR udaljenosti Prozor od opti\u010dkog stakla sa ve\u0107om propusno\u0161\u0107u svjetlosti IR antirefleksni prozor za pove\u0107anje infracrvene propusnosti 2D\/3D DNR (Digitalno smanjenje \u0161uma) Kompresija Ultra 265, H.265, H.264, MJPEG ROI (regija interesa) Mre\u017ea ONVIF uskla\u0111enost Struktura \u0160irok raspon temperatura: -30\u00b0C ~ 60\u00b0C (-22\u00b0F\u2026","rel":"","context":"Srodne objave","img":{"alt_text":"","src":"https:\/\/i1.wp.com\/astehshop.com\/wp-content\/uploads\/2023\/11\/IPC3614LE-ADF28K-G.jpg?fit=510%2C348&resize=350%2C200","width":350,"height":200},"classes":[]},{"id":5767,"url":"http:\/\/astehshop.com\/index.php\/product\/hikvision-dome-kamera-5-mpx-ds-2ce78h0t-it3f\/","url_meta":{"origin":8936,"position":1},"title":"HikVision dome kamera 5 MPX DS-2CE78H0T-IT3F","date":"9. sije\u010dnja 2022.","format":false,"excerpt":"HD Dome kamera, 5mpx, 2.8mm, @20fps,4mp 25fps,EXIR, 40m IR, Ourdoor Exir turret,ICR, 0.01 Lux, 12vdc,Smart IR, DNR, OSD, IP 67, TVI\/AHD\/CVI\/CVBS","rel":"","context":"Srodne objave","img":{"alt_text":"","src":"https:\/\/i2.wp.com\/astehshop.com\/wp-content\/uploads\/2022\/01\/DS-2CE78H0T-IT3F-1.jpg?fit=898%2C779&resize=350%2C200","width":350,"height":200},"classes":[]},{"id":8830,"url":"http:\/\/astehshop.com\/index.php\/product\/longse-ptz-ip-poe-kamera-5mp-18x-zoom-240m-ir-pt10g118xgl500\/","url_meta":{"origin":8936,"position":2},"title":"Longse PTZ IP POE Kamera 5MP 18x Zoom 240m IR PT10G118XGL500","date":"11. sije\u010dnja 2024.","format":false,"excerpt":"\u0160ifra artikla: PT10G118XGL500 \u2022 1\/2.8\u2033Progressive Scan CMOS Sensor \u2022 Support H.264\/H.265 \u2022 Horizontal Rotation Range :0\u00b0~360\u00b0 \u2022 Tilt Rotation Range :0\u00b0~90\u00b0 \u2022 36X Optical Zoom 5.35mm-96.3mm \u2022 IR Range: 240m, \uffe035 x 11 + 4PCS Laser LED \u2022 Intelligent Analysis: Intrusion Detection,motion detection based on human detection \u2022 Weatherproof: IP66","rel":"","context":"Srodne objave","img":{"alt_text":"","src":"https:\/\/i0.wp.com\/astehshop.com\/wp-content\/uploads\/2024\/01\/PT6A118XIGC200.jpg?fit=1024%2C989&resize=350%2C200","width":350,"height":200},"classes":[]},{"id":8832,"url":"http:\/\/astehshop.com\/index.php\/product\/longse-ptz-ip-poe-kamera-5mp-36x-zoom-240m-ir-pt10g136xgl500\/","url_meta":{"origin":8936,"position":3},"title":"Longse PTZ IP POE Kamera 5MP 36x Zoom 240m IR PT10G136XGL500","date":"11. sije\u010dnja 2024.","format":false,"excerpt":"\u0160ifra artikla: PT10G136XGL500 \u2022 1\/2.8\u2033Progressive Scan CMOS Sensor \u2022 Support H.264\/H.265 \u2022 Horizontal Rotation Range :0\u00b0~360\u00b0 \u2022 Tilt Rotation Range :0\u00b0~90\u00b0 \u2022 36X Optical Zoom 4.6-165mm F1.6-F4.3 \u2022 IR Range: 240m, \uffe035 x 11 + 4PCS Laser LED \u2022 Intelligent Analysis: Intrusion Detection,motion detection based on human detection \u2022 Weatherproof:\u2026","rel":"","context":"Srodne objave","img":{"alt_text":"","src":"https:\/\/i0.wp.com\/astehshop.com\/wp-content\/uploads\/2024\/01\/PT6A118XIGC200.jpg?fit=1024%2C989&resize=350%2C200","width":350,"height":200},"classes":[]},{"id":4098,"url":"http:\/\/astehshop.com\/index.php\/product\/longse-ip-kamera-5-mp-dome-lirdbass500\/","url_meta":{"origin":8936,"position":4},"title":"Longse IP kamera 5 MP dome LIRDBASS500","date":"22. velja\u010de 2020.","format":false,"excerpt":"LIRDBASS500 5MP vanjska fiksna kupola IP IR 20m \u2022 1 \/ 2.8 \"SONY Starvis osvetljen CMOS senzor \u2022 Metoda kompresije H.264 \/ H.264 + \/ H.265 \/ H.265 + \u2022 Fiksni objektiv od 2,8 mm \u2022 IR udaljenost 20m Max. \u2022 IP66 vanjska metalna futrola \u2022 Garancija 24 mjeseca","rel":"","context":"Srodne objave","img":{"alt_text":"","src":"https:\/\/i0.wp.com\/astehshop.com\/wp-content\/uploads\/2020\/02\/LIRDBAHTC500FK.png?fit=560%2C539&resize=350%2C200","width":350,"height":200},"classes":[]},{"id":9937,"url":"http:\/\/astehshop.com\/index.php\/product\/tiandy-turret-kamera-tc-c34xn-4-mpx\/","url_meta":{"origin":8936,"position":5},"title":"Tiandy turret kamera TC-C34XN 4 MPX","date":"9. velja\u010de 2025.","format":false,"excerpt":"\u00b7Ku\u0107i\u0161te od metala + plastike \u00b7 Do 4MP,2560\u00d71440@20fps \u00b7S+265\/H.265\/H.264B\/H.264M\/H.264H \u00b7Boja:0.02Lux@(F1.6,AGC ON),B\/W:0Lux sa IR \u00b7IR domet do 30m \u00b7Ugra\u0111eni mikrofon \u00b7Radni uslovi -30\u2103~60\u2103(-22\u2109~140\u2109), \u226495% RH \u00b7PoE:IEEE 802.3af,Maks. 6W","rel":"","context":"Srodne objave","img":{"alt_text":"","src":"https:\/\/i1.wp.com\/astehshop.com\/wp-content\/uploads\/2025\/02\/TC-C34XN.png?fit=1200%2C800&resize=350%2C200","width":350,"height":200},"classes":[]}],"_links":{"self":[{"href":"http:\/\/astehshop.com\/index.php\/wp-json\/wp\/v2\/product\/8936"}],"collection":[{"href":"http:\/\/astehshop.com\/index.php\/wp-json\/wp\/v2\/product"}],"about":[{"href":"http:\/\/astehshop.com\/index.php\/wp-json\/wp\/v2\/types\/product"}],"replies":[{"embeddable":true,"href":"http:\/\/astehshop.com\/index.php\/wp-json\/wp\/v2\/comments?post=8936"}],"wp:featuredmedia":[{"embeddable":true,"href":"http:\/\/astehshop.com\/index.php\/wp-json\/wp\/v2\/media\/8937"}],"wp:attachment":[{"href":"http:\/\/astehshop.com\/index.php\/wp-json\/wp\/v2\/media?parent=8936"}],"wp:term":[{"taxonomy":"product_cat","embeddable":true,"href":"http:\/\/astehshop.com\/index.php\/wp-json\/wp\/v2\/product_cat?post=8936"},{"taxonomy":"product_tag","embeddable":true,"href":"http:\/\/astehshop.com\/index.php\/wp-json\/wp\/v2\/product_tag?post=8936"}],"curies":[{"name":"wp","href":"https:\/\/api.w.org\/{rel}","templated":true}]}}