{"id":8925,"date":"2024-01-18T13:46:41","date_gmt":"2024-01-18T12:46:41","guid":{"rendered":"http:\/\/astehshop.com\/?post_type=product&#038;p=8925"},"modified":"2024-01-18T13:46:43","modified_gmt":"2024-01-18T12:46:43","slug":"unv-nvr301-04e-4-kanalni-snimac","status":"publish","type":"product","link":"http:\/\/astehshop.com\/index.php\/product\/unv-nvr301-04e-4-kanalni-snimac\/","title":{"rendered":"UNV NVR301-04E 4 kanalni snima\u010d"},"content":{"rendered":"<p>UNV NVR301-04E<br \/>\nIP Video ulaz: 4 kanala Rezolucija snimanja:<br \/>\n8MP\/6MP\/5MP\/4MP\/3MP\/1080p\/960p\/720p\/D1\/2CIF\/CIF<br \/>\nUlazno\/Izlazni bandwidth: 40\/64 Mbps<br \/>\nVideo kompresija: Ultra 265, H.265, H.264 video kompresija,<br \/>\nVideo\/audio izlazi: HDMI\/VGA (FULL HD), 1ch RCA<br \/>\nSmart Funkcije:Detekcija Lica, Intrusion detection, Cross line detection, Audio detection, Defocus detection, Scene change detection, Auto tracking<br \/>\nONVIF conformance: Profile S, Profile G, Profile T<br \/>\nDodatni ulazi: RJ45 mre\u017eni ulaz, 2xUSB 2.0 interfejs na zadnjoj strani, 1xUSB 2.0 interfejs na prednjoj strani, 4x Alarmni ulaz, 1x Alarmni izlaz<br \/>\nMre\u017eni protokoli: TCP\/IP, P2P, UPnP, NTP, DHCP, PPPoE<br \/>\nHard disk prostor: 1 sata HDD do 10TB kapaciteta Op\u0161te: Napajanje 12V DC, Potro\u0161nja 8W bez HDD, Radna temperatura: -10 ?C ~ +55 ?C,<br \/>\nDimenzije: 260mm x 240mm x44mm, Te\u017eina 1.12Kg<\/p>\n","protected":false},"excerpt":{"rendered":"<p>UNV NVR301-04E<br \/>\nIP Video ulaz: 4 kanala Rezolucija snimanja:<br \/>\n8MP\/6MP\/5MP\/4MP\/3MP\/1080p\/960p\/720p\/D1\/2CIF\/CIF<br \/>\nUlazno\/Izlazni bandwidth: 40\/64 Mbps<br \/>\nVideo kompresija: Ultra 265, H.265, H.264 video kompresija,<br \/>\nVideo\/audio izlazi: HDMI\/VGA (FULL HD), 1ch RCA<br \/>\nSmart Funkcije:Detekcija Lica, Intrusion detection, Cross line detection, Audio detection, Defocus detection, Scene change detection, Auto tracking<br \/>\nONVIF conformance: Profile S, Profile G, Profile T<br \/>\nDodatni ulazi: RJ45 mre\u017eni ulaz, 2xUSB 2.0 interfejs na zadnjoj strani, 1xUSB 2.0 interfejs na prednjoj strani, 4x Alarmni ulaz, 1x Alarmni izlaz<br \/>\nMre\u017eni protokoli: TCP\/IP, P2P, UPnP, NTP, DHCP, PPPoE<br \/>\nHard disk prostor: 1 sata HDD do 10TB kapaciteta Op\u0161te: Napajanje 12V DC, Potro\u0161nja 8W bez HDD, Radna temperatura: -10 ?C ~ +55 ?C,<br \/>\nDimenzije: 260mm x 240mm x44mm, Te\u017eina 1.12Kg<\/p>\n","protected":false},"featured_media":8922,"comment_status":"open","ping_status":"closed","template":"","meta":{"_mi_skip_tracking":false,"_exactmetrics_sitenote_active":false,"_exactmetrics_sitenote_note":"","_exactmetrics_sitenote_category":0,"spay_email":""},"product_cat":[1558],"product_tag":[1189,6599,6132,6597,6598,394],"brands":[{"id":6129,"name":"UNV","slug":"unv"}],"df_price":288,"df_sale_price":"","df_regular_price":288,"df_image_link":"https:\/\/i2.wp.com\/astehshop.com\/wp-content\/uploads\/2024\/01\/NVR301-08X-P8-.png?fit=450%2C392","jetpack_publicize_connections":[],"jetpack_sharing_enabled":true,"jetpack_likes_enabled":true,"jetpack-related-posts":[{"id":8921,"url":"http:\/\/astehshop.com\/index.php\/product\/unv-nvr301-04s2-4-kanalni-nvr\/","url_meta":{"origin":8925,"position":0},"title":"UNV NVR301-04S2 4 kanalni NVR","date":"17. sije\u010dnja 2024.","format":false,"excerpt":"UNV NVR301-04S2 IP Video ulaz: 4 kanala Rezolucija snimanja: 5MP\/4MP\/3MP\/1080p\/960p\/720p\/D1\/2CIF\/CIF Ulazno\/Izlazni bandwidth :40\/40 Mbps Video kompresija: Ultra 265, H.265, H.264 video kompresija Video\/audio izlazi: HDMI\/VGA (FULL HD) Smart Funkcije:Detekcija Lica, Intrusion detection, Cross line detection, Audio detection ONVIF conformance: Profile S, Profile G, Profile T Dodatni ulazi: RJ45 mre\u017eni ulaz,\u2026","rel":"","context":"Srodne objave","img":{"alt_text":"","src":"https:\/\/i2.wp.com\/astehshop.com\/wp-content\/uploads\/2024\/01\/NVR301-08X-P8-.png?fit=1200%2C1046&resize=350%2C200","width":350,"height":200},"classes":[]},{"id":8929,"url":"http:\/\/astehshop.com\/index.php\/product\/unv-nvr301-08e-uniview-8-kanalni-snimac\/","url_meta":{"origin":8925,"position":1},"title":"UNV NVR301-08E uniview 8 kanalni snima\u010d","date":"18. sije\u010dnja 2024.","format":false,"excerpt":"8-KANALNI MRE\u017dNI SNIMA\u010c. Rezolucija snimanja: 8MP\/6MP\/5MP\/4MP\/3MP\/1080p\/960p\/720p\/D1\/2CIF\/CIF. Ulazno\/Izlazni saobra\u0107aj: 60\/40 Mbps. Video kompresija: Ultra 265, H.265, H.264 video kompresija. Video\/audio izlazi: HDMI (4K), VGA (FULL HD), 1ch RCA. Smart Funkcije:Detekcija Lica, Intrusion detection, Cross line detection, Audio detection, Defocus detection, Scene change detection, Auto tracking, Object left behind, Object removed. Pretraga\u2026","rel":"","context":"Srodne objave","img":{"alt_text":"","src":"https:\/\/i2.wp.com\/astehshop.com\/wp-content\/uploads\/2024\/01\/NVR301-08X-P8-.png?fit=1200%2C1046&resize=350%2C200","width":350,"height":200},"classes":[]},{"id":8545,"url":"http:\/\/astehshop.com\/index.php\/product\/unv-mrezni-snimac-nvr301-s3-series\/","url_meta":{"origin":8925,"position":2},"title":"UNV mre\u017eni snima\u010d 4 kanala NVR301-S3 Series","date":"10. studenoga 2023.","format":false,"excerpt":"Podr\u017eava Ultra 265\/H.265\/H.264 video formate 4\/8\/16-kanalni ulaz Podr\u017eava glavne kamere uskla\u0111ene sa ONVIF (profil S, profil G, profil T) i RTSP protokole Podr\u017eava 1-kanalni HDMI, 1-kanalni VGA, HDMI do 4K (3840x2160) rezolucije HDMI i VGA simultani izlaz Snimanje u rezoluciji do 4K 1 SATA HDD do 8TB Podr\u0161ka nadogradnji oblaka","rel":"","context":"Srodne objave","img":{"alt_text":"","src":"https:\/\/i1.wp.com\/astehshop.com\/wp-content\/uploads\/2023\/11\/NVR301-S3-Series.jpg?fit=510%2C348&resize=350%2C200","width":350,"height":200},"classes":[]},{"id":8547,"url":"http:\/\/astehshop.com\/index.php\/product\/unv-mrezni-snimac-8-kanala-nvr301-s3-series\/","url_meta":{"origin":8925,"position":3},"title":"UNV mre\u017eni snima\u010d 8 kanala NVR301-S3 Series","date":"10. studenoga 2023.","format":false,"excerpt":"Podr\u017eava Ultra 265\/H.265\/H.264 video formate 4\/8\/16-kanalni ulaz Podr\u017eava glavne kamere uskla\u0111ene sa ONVIF (profil S, profil G, profil T) i RTSP protokole Podr\u017eava 1-kanalni HDMI, 1-kanalni VGA, HDMI do 4K (3840x2160) rezolucije HDMI i VGA simultani izlaz Snimanje u rezoluciji do 4K 1 SATA HDD do 8TB Podr\u0161ka nadogradnji oblaka","rel":"","context":"Srodne objave","img":{"alt_text":"","src":"https:\/\/i1.wp.com\/astehshop.com\/wp-content\/uploads\/2023\/11\/NVR301-S3-Series.jpg?fit=510%2C348&resize=350%2C200","width":350,"height":200},"classes":[]},{"id":8541,"url":"http:\/\/astehshop.com\/index.php\/product\/unv-mrezni-snimac-nvr-nvr301-04ls3-p4\/","url_meta":{"origin":8925,"position":4},"title":"UNV mre\u017eni snima\u010d NVR NVR301-04LS3-P4","date":"10. studenoga 2023.","format":false,"excerpt":"Podr\u017eava Ultra 265\/H.265\/H.264 video formate 4-kanalni ulaz Podr\u017eava glavne kamere uskla\u0111ene sa ONVIF (profil S, profil G, profil T) i RTSP protokole Podr\u017eava 1-kanalni HDMI, 1-kanalni VGA, HDMI do 4K (3840x2160) rezolucije HDMI i VGA simultani izlaz Snimanje u rezoluciji do 4K 1 SATA HDD do 6 TB Podr\u0161ka nadogradnji\u2026","rel":"","context":"Srodne objave","img":{"alt_text":"","src":"https:\/\/i0.wp.com\/astehshop.com\/wp-content\/uploads\/2023\/11\/NVR301-04LS3-P4.jpg?fit=510%2C348&resize=350%2C200","width":350,"height":200},"classes":[]},{"id":8923,"url":"http:\/\/astehshop.com\/index.php\/product\/unv-nvr301-04s3-serije-4-kanalni\/","url_meta":{"origin":8925,"position":5},"title":"UNV NVR301-04S3 Serije 4 kanalni","date":"17. sije\u010dnja 2024.","format":false,"excerpt":"Podr\u017eava Ultra 265\/H.265\/H.264 video formate 4\/-kanalni ulaz Podr\u017eava glavne kamere uskla\u0111ene sa ONVIF (profil S, profil G, profil T) i RTSP protokole Podr\u017eava 1-kanalni HDMI, 1-kanalni VGA, HDMI do 4K (3840x2160) rezolucije HDMI i VGA simultani izlaz Snimanje u rezoluciji do 4K 1 SATA HDD do 8TB Podr\u0161ka nadogradnji oblaka","rel":"","context":"Srodne objave","img":{"alt_text":"","src":"https:\/\/i2.wp.com\/astehshop.com\/wp-content\/uploads\/2024\/01\/NVR301-08X-P8-.png?fit=1200%2C1046&resize=350%2C200","width":350,"height":200},"classes":[]}],"_links":{"self":[{"href":"http:\/\/astehshop.com\/index.php\/wp-json\/wp\/v2\/product\/8925"}],"collection":[{"href":"http:\/\/astehshop.com\/index.php\/wp-json\/wp\/v2\/product"}],"about":[{"href":"http:\/\/astehshop.com\/index.php\/wp-json\/wp\/v2\/types\/product"}],"replies":[{"embeddable":true,"href":"http:\/\/astehshop.com\/index.php\/wp-json\/wp\/v2\/comments?post=8925"}],"wp:featuredmedia":[{"embeddable":true,"href":"http:\/\/astehshop.com\/index.php\/wp-json\/wp\/v2\/media\/8922"}],"wp:attachment":[{"href":"http:\/\/astehshop.com\/index.php\/wp-json\/wp\/v2\/media?parent=8925"}],"wp:term":[{"taxonomy":"product_cat","embeddable":true,"href":"http:\/\/astehshop.com\/index.php\/wp-json\/wp\/v2\/product_cat?post=8925"},{"taxonomy":"product_tag","embeddable":true,"href":"http:\/\/astehshop.com\/index.php\/wp-json\/wp\/v2\/product_tag?post=8925"}],"curies":[{"name":"wp","href":"https:\/\/api.w.org\/{rel}","templated":true}]}}