{"id":8919,"date":"2024-01-17T21:45:19","date_gmt":"2024-01-17T20:45:19","guid":{"rendered":"http:\/\/astehshop.com\/?post_type=product&#038;p=8919"},"modified":"2026-04-04T20:17:05","modified_gmt":"2026-04-04T18:17:05","slug":"kidde-kompaktni-alarm-za-ugljen-monoksid-sa-displejem-10ldcoc","status":"publish","type":"product","link":"http:\/\/astehshop.com\/index.php\/product\/kidde-kompaktni-alarm-za-ugljen-monoksid-sa-displejem-10ldcoc\/","title":{"rendered":"Kidde kompaktni alarm za ugljen monoksid sa displejem 10ldcoc"},"content":{"rendered":"<p><span class=\"HwtZe\" lang=\"bs\"><span class=\"jCAhz ChMk0b\"><span class=\"ryNqvb\">Tehnologija elektrohemijskog senzora detektuje CO gas i ogla\u0161ava alarm od 85 decibela<\/span><\/span> <\/span><\/p>\n<p><span class=\"HwtZe\" lang=\"bs\"><span class=\"jCAhz ChMk0b\"><span class=\"ryNqvb\">Jednostavna instalacija, nije potrebno o\u017ei\u010denje: radi na 10-godi\u0161njoj litijumskoj bateriji, tako da je nikada nije potrebna zamena, plus detektuje tokom nestanka struje<\/span><\/span> <\/span><\/p>\n<p><span class=\"HwtZe\" lang=\"bs\"><span class=\"jCAhz ChMk0b\"><span class=\"ryNqvb\">Digitalni displej se a\u017eurira svakih 15 sekundi i prikazuje nivo prisustva CO<\/span><\/span> <\/span><\/p>\n<p><span class=\"HwtZe\" lang=\"bs\"><span class=\"jCAhz ChMk0b\"><span class=\"ryNqvb\">Lako dizajniran i prenosiv: jednostavno za instalaciju na zid va\u0161eg doma ili postavljanje na sto<\/span><\/span> <span class=\"jCAhz ChMk0b\"><span class=\"ryNqvb\">3 LED diode ozna\u010davaju: zeleno = normalan rad, crveno = prisustvo ugljen monoksida (ogla\u0161ava se alarmom od 85 decibela), i \u017euto = zamijenite detektor<\/span><\/span> <\/span><\/p>\n<p><span class=\"HwtZe\" lang=\"bs\"><span class=\"jCAhz ChMk0b\"><span class=\"ryNqvb\">Memorija vr\u0161nog nivoa bilje\u017ei posljednji put kada je uglji\u010dni monoksid otkriven ili kada je jedinica posljednji put testirana<\/span><\/span> <\/span><\/p>\n<p><span class=\"HwtZe\" lang=\"bs\"><span class=\"jCAhz ChMk0b\"><span class=\"ryNqvb\">Dugme Test-Hush olak\u0161ava testiranje detektora uglji\u010dnog monoksida ili privremeno uti\u0161avanje upozorenja o niskoj bateriji<\/span><\/span> <span class=\"jCAhz ChMk0b\"><span class=\"ryNqvb\">UL certificirano, 10-godi\u0161nje ograni\u010deno jamstvo proizvo\u0111a\u010da<\/span><\/span><\/span><\/p>\n","protected":false},"excerpt":{"rendered":"<p><span class=\"HwtZe\" lang=\"bs\"><span class=\"jCAhz ChMk0b\"><span class=\"ryNqvb\">Tehnologija elektrohemijskog senzora detektuje CO gas i ogla\u0161ava alarm od 85 decibela<\/span><\/span> <\/span><\/p>\n<p><span class=\"HwtZe\" lang=\"bs\"><span class=\"jCAhz ChMk0b\"><span class=\"ryNqvb\">Jednostavna instalacija, nije potrebno o\u017ei\u010denje: radi na 10-godi\u0161njoj litijumskoj bateriji, tako da je nikada nije potrebna zamena, plus detektuje tokom nestanka struje<\/span><\/span> <\/span><\/p>\n<p><span class=\"HwtZe\" lang=\"bs\"><span class=\"jCAhz ChMk0b\"><span class=\"ryNqvb\">Digitalni displej se a\u017eurira svakih 15 sekundi i prikazuje nivo prisustva CO<\/span><\/span> <\/span><\/p>\n<p><span class=\"HwtZe\" lang=\"bs\"><span class=\"jCAhz ChMk0b\"><span class=\"ryNqvb\">Lako dizajniran i prenosiv: jednostavno za instalaciju na zid va\u0161eg doma ili postavljanje na sto<\/span><\/span> <span class=\"jCAhz ChMk0b\"><span class=\"ryNqvb\">3 LED diode ozna\u010davaju: zeleno = normalan rad, crveno = prisustvo ugljen monoksida (ogla\u0161ava se alarmom od 85 decibela), i \u017euto = zamijenite detektor<\/span><\/span> <\/span><\/p>\n<p><span class=\"HwtZe\" lang=\"bs\"><span class=\"jCAhz ChMk0b\"><span class=\"ryNqvb\">Memorija vr\u0161nog nivoa bilje\u017ei posljednji put kada je uglji\u010dni monoksid otkriven ili kada je jedinica posljednji put testirana<\/span><\/span> <\/span><\/p>\n<p><span class=\"HwtZe\" lang=\"bs\"><span class=\"jCAhz ChMk0b\"><span class=\"ryNqvb\">Dugme Test-Hush olak\u0161ava testiranje detektora uglji\u010dnog monoksida ili privremeno uti\u0161avanje upozorenja o niskoj bateriji<\/span><\/span> <span class=\"jCAhz ChMk0b\"><span class=\"ryNqvb\">UL certificirano, 10-godi\u0161nje ograni\u010deno jamstvo proizvo\u0111a\u010da<\/span><\/span><\/span><\/p>\n","protected":false},"featured_media":8920,"comment_status":"open","ping_status":"closed","template":"","meta":{"_mi_skip_tracking":false,"_exactmetrics_sitenote_active":false,"_exactmetrics_sitenote_note":"","_exactmetrics_sitenote_category":0,"spay_email":""},"product_cat":[6567],"product_tag":[6582,6591,6592],"brands":[],"df_price":135,"df_sale_price":"","df_regular_price":135,"df_image_link":"https:\/\/i0.wp.com\/astehshop.com\/wp-content\/uploads\/2024\/01\/kidde-detektor.jpg?fit=450%2C353","jetpack_publicize_connections":[],"jetpack_sharing_enabled":true,"jetpack_likes_enabled":true,"jetpack-related-posts":[{"id":7523,"url":"http:\/\/astehshop.com\/index.php\/product\/imou-dahua-wifi-kamera-ipc-f22fep-bullet-2\/","url_meta":{"origin":8919,"position":0},"title":"Imou Dahua WiFi kamera IPC-F22FEP Bullet 2","date":"1. travnja 2023.","format":false,"excerpt":"Smart home kamera sa \u010dak 4 razli\u010dita na\u010dina rada nocu predstavlja odli\u010dan izbor za video nadzor ku\u0107e , vikendice, apartmana i sli\u010dno. Infrared na\u010din rada omogu\u0107uje \u010distu crno-bijelu sliku u potpunom mraku. Color na\u010din rada pru\u017ea savr\u0161enu sliku u boji 24h\/7 zahvaljuju\u010di 2 ugra\u0111ena reflektora. Smart mode na\u010din rada daje\u2026","rel":"","context":"Srodne objave","img":{"alt_text":"","src":"https:\/\/i2.wp.com\/astehshop.com\/wp-content\/uploads\/2023\/04\/imou-ipc-f22fep.jpg?fit=785%2C791&resize=350%2C200","width":350,"height":200},"classes":[]},{"id":5546,"url":"http:\/\/astehshop.com\/index.php\/product\/bezicni-paradox-alarm-komplet\/","url_meta":{"origin":8919,"position":1},"title":"Be\u017ei\u010dni paradox alarm komplet","date":"22. listopada 2021.","format":false,"excerpt":"U kompletu dobijate ( mozemo u dogovoru da Vam podesimo sve i na Vama je samo da promijenite ulaznu \u0161ifru ) : 1 x Be\u017ei\u010dnu magellan paradox alarmnu centralu 2 x PMD2P be\u017ei\u010dna senzora ( sa ura\u010dunatim baterijama koje mogu trajati i do 3 godine ) 1 x k10 led\u2026","rel":"","context":"Srodne objave","img":{"alt_text":"","src":"https:\/\/i2.wp.com\/astehshop.com\/wp-content\/uploads\/2021\/10\/slika-1854472-5c321fd1a847f-velika.jpg?fit=800%2C560&resize=350%2C200","width":350,"height":200},"classes":[]},{"id":8917,"url":"http:\/\/astehshop.com\/index.php\/product\/kidde-kompaktni-alarm-za-ugljen-monoksid-7coc\/","url_meta":{"origin":8919,"position":2},"title":"Kidde kompaktni alarm za ugljen monoksid &#8211; 7COC","date":"17. sije\u010dnja 2024.","format":false,"excerpt":"Kidde 7COC \/ K7CO je detektor ugljen monoksida koji radi na alkalne baterije sa 10 godina garancije na senzor, \u0161to zna\u010di da senzor traje du\u017ee od ve\u0107ine drugih detektora CO. Detektori CO sada su zakonski uslov i obaveza vlasnika da budu instalirani u svim stambenim prostorijama, upozoravaju\u0107i na smrtonosni gas\u2026","rel":"","context":"Srodne objave","img":{"alt_text":"","src":"https:\/\/i1.wp.com\/astehshop.com\/wp-content\/uploads\/2024\/01\/kidde-k7co-battery-carbon-monoxide-alarm-all-contents.jpg?fit=1200%2C1200&resize=350%2C200","width":350,"height":200},"classes":[]},{"id":8912,"url":"http:\/\/astehshop.com\/index.php\/product\/detektor-co2-ugljenmonoksid-kidde\/","url_meta":{"origin":8919,"position":3},"title":"Detektor CO2 ugljenmonoksid kidde","date":"17. sije\u010dnja 2024.","format":false,"excerpt":"Za\u0161to vam treba detektor ugljen monoksida Detektor ugljen monoksida namijenjen je otkrivanju pove\u0107ane prisutnosti ugljen monoksida u prostoriji. Nakon \u0161to senzor detektuje prekora\u010dene vrijednosti CO u prostoriji ogla\u0161ava se bu\u010dan alarm. Primjeren je za za\u0161titu od pove\u0107anih nivoa CO u ku\u0107i, stanu i apartmanu. Postavlja se u svim prostorijama u\u2026","rel":"","context":"Srodne objave","img":{"alt_text":"","src":"https:\/\/i2.wp.com\/astehshop.com\/wp-content\/uploads\/2024\/01\/kidde-5co.jpg?fit=1200%2C864&resize=350%2C200","width":350,"height":200},"classes":[]},{"id":6587,"url":"http:\/\/astehshop.com\/index.php\/product\/360-unutarnja-nadzorna-kamera-ac1c-pro\/","url_meta":{"origin":8919,"position":4},"title":"360 unutarnja nadzorna kamera AC1C Pro","date":"17. studenoga 2022.","format":false,"excerpt":"360 Smart Camera AC1C je kamera sa veoma dobrim specifikacijama. Lako se postavlja, te ima magnetsku apsorpciju. Kvaliteta kamere je 2K HD, gdje je svaki momenat kristalno jasne kvalitete sa 304 x 1296 rezolucijom. Ima wide-angle snimanje od 130 stepeni, \u0161to zna\u010di da i najmanji detalji ne mogu da promaknu.\u2026","rel":"","context":"Srodne objave","img":{"alt_text":"","src":"https:\/\/i1.wp.com\/astehshop.com\/wp-content\/uploads\/2022\/11\/360-unutarnja-nadzorna-kamera-ac1c-pro.jpg?fit=800%2C800&resize=350%2C200","width":350,"height":200},"classes":[]},{"id":8308,"url":"http:\/\/astehshop.com\/index.php\/product\/ipc-f88fip-v2-knight-4k-imou-dahua-wifi-ip-kamera\/","url_meta":{"origin":8919,"position":5},"title":"IPC-F88FIP-V2 Knight 4K IMOU Dahua WiFi IP kamera","date":"19. listopada 2023.","format":false,"excerpt":"Dahua Wi-Fi IP kamera IPC-F88FIP-V2 8MP serija AI kamere sa Wi-Fi koja detektuje ljude sa IC senzorom dometa do 30m \u00a0(600 lumena), ima mogu\u0107nost povezivanja na cloud, 16x digitalni zum. Detekcija pokreta, detekcija ljudi, monta\u017ea na plafon ili portalno. Plasti\u010dno ku\u0107i\u0161te. \u00a0IP66 za\u0161tita. \u00a0 Dahua WiFi AI IP kamera IPC-F88FIP-V2\u2026","rel":"","context":"Srodne objave","img":{"alt_text":"","src":"https:\/\/i0.wp.com\/astehshop.com\/wp-content\/uploads\/2023\/10\/ipc-f88fip-v2.jpg?fit=842%2C593&resize=350%2C200","width":350,"height":200},"classes":[]}],"_links":{"self":[{"href":"http:\/\/astehshop.com\/index.php\/wp-json\/wp\/v2\/product\/8919"}],"collection":[{"href":"http:\/\/astehshop.com\/index.php\/wp-json\/wp\/v2\/product"}],"about":[{"href":"http:\/\/astehshop.com\/index.php\/wp-json\/wp\/v2\/types\/product"}],"replies":[{"embeddable":true,"href":"http:\/\/astehshop.com\/index.php\/wp-json\/wp\/v2\/comments?post=8919"}],"wp:featuredmedia":[{"embeddable":true,"href":"http:\/\/astehshop.com\/index.php\/wp-json\/wp\/v2\/media\/8920"}],"wp:attachment":[{"href":"http:\/\/astehshop.com\/index.php\/wp-json\/wp\/v2\/media?parent=8919"}],"wp:term":[{"taxonomy":"product_cat","embeddable":true,"href":"http:\/\/astehshop.com\/index.php\/wp-json\/wp\/v2\/product_cat?post=8919"},{"taxonomy":"product_tag","embeddable":true,"href":"http:\/\/astehshop.com\/index.php\/wp-json\/wp\/v2\/product_tag?post=8919"}],"curies":[{"name":"wp","href":"https:\/\/api.w.org\/{rel}","templated":true}]}}