{"id":8883,"date":"2024-01-14T19:38:25","date_gmt":"2024-01-14T18:38:25","guid":{"rendered":"http:\/\/astehshop.com\/?post_type=product&#038;p=8883"},"modified":"2024-02-18T14:41:27","modified_gmt":"2024-02-18T13:41:27","slug":"paradox-zx4-prosirenje","status":"publish","type":"product","link":"http:\/\/astehshop.com\/index.php\/product\/paradox-zx4-prosirenje\/","title":{"rendered":"Paradox ZX4 pro\u0161irenje"},"content":{"rendered":"<p>Modul za pro\u0161irenje, 4 zone (8 sa ATZ)<br \/>\nprimenljiv za centrale Spectra (1728\/1738&#8230;), Digiplex i EVO.<\/p>\n","protected":false},"excerpt":{"rendered":"<p>Modul za pro\u0161irenje, 4 zone (8 sa ATZ)<br \/>\nprimenljiv za centrale Spectra (1728\/1738&#8230;), Digiplex i EVO.<\/p>\n","protected":false},"featured_media":8884,"comment_status":"open","ping_status":"closed","template":"","meta":{"_mi_skip_tracking":false,"_exactmetrics_sitenote_active":false,"_exactmetrics_sitenote_note":"","_exactmetrics_sitenote_category":0,"spay_email":""},"product_cat":[2160],"product_tag":[6528,6529,6530],"brands":[{"id":2046,"name":"paradox","slug":"paradox"}],"df_price":84,"df_sale_price":"","df_regular_price":84,"df_image_link":"https:\/\/i1.wp.com\/astehshop.com\/wp-content\/uploads\/2024\/01\/zx4.jpg?fit=450%2C444","jetpack_publicize_connections":[],"jetpack_sharing_enabled":true,"jetpack_likes_enabled":true,"jetpack-related-posts":[{"id":8887,"url":"http:\/\/astehshop.com\/index.php\/product\/paradox-rtx3-prosirenje\/","url_meta":{"origin":8883,"position":0},"title":"Paradox RTX3 pro\u0161irenje","date":"14. sije\u010dnja 2024.","format":false,"excerpt":"Be\u017ei\u010dni modul za pro\u0161irenje, 8 zona, 3 PGM, ispunjava EN 50131 Security Grade 2 standard Dvosmerna komunikacija, ugra\u0111en primopredajnik, podr\u017eava 8\/32 be\u017ei\u010dne zone i 8\/32\/999 daljinskih upravlja\u010da, primjenljiv za centrale serije Esprit, Spectra SP i Digiplex \/ EVO, ispunjava EN 50131 Security Grade 2 standard","rel":"","context":"Srodne objave","img":{"alt_text":"","src":"https:\/\/i1.wp.com\/astehshop.com\/wp-content\/uploads\/2024\/01\/paradox-rtx3_0.jpg?fit=1200%2C675&resize=350%2C200","width":350,"height":200},"classes":[]},{"id":3982,"url":"http:\/\/astehshop.com\/index.php\/product\/zx82-modul-prosirenja-paradox\/","url_meta":{"origin":8883,"position":1},"title":"ZX82 modul pro\u0161irenja PARADOX","date":"18. velja\u010de 2020.","format":false,"excerpt":"Kompatibilan sa Spectra SP, E55\/65, MG5000, MG5050 i EVO 8 adresabilnih zona (16 zona sa ATZ funkcijom dupliranja) Mogu\u0107nost odre\u0111ivanja vremena aktivacije za svaku zonu (do 255 minuta), \u0161to je idealno za primjenu gdje se prati promjena temperature 1 PGM izlaz Koristi ulaz zone kao anti-sabota\u017eni prekida\u010d Status LED za\u2026","rel":"","context":"Srodne objave","img":{"alt_text":"","src":"https:\/\/i1.wp.com\/astehshop.com\/wp-content\/uploads\/2020\/02\/ZX82.jpg?fit=1137%2C1200&resize=350%2C200","width":350,"height":200},"classes":[]},{"id":3968,"url":"http:\/\/astehshop.com\/index.php\/product\/paradox-evo-192-alarmna-centrala\/","url_meta":{"origin":8883,"position":2},"title":"Paradox EVO 192 alarmna centrala","date":"18. velja\u010de 2020.","format":false,"excerpt":"\u2022 8 ulaza za zone (16 sa dupliranjem), pro\u0161irivo do 192 zone \u2022 Ugra\u0111ena podr\u0161ka za kontrolu pristupa \u2022 Podr\u017eava GPRS i GSM modul (PCS serija), IP modul (IP100) i Voice modul (VDMP3) \u2022 Jednostavna nadogradnja putem 307USB kabela i WinLoad programa \u2022 Kompatibilna sa NEware-om V4.0 i vi\u0161e \u2022\u2026","rel":"","context":"Srodne objave","img":{"alt_text":"","src":"https:\/\/i1.wp.com\/astehshop.com\/wp-content\/uploads\/2020\/02\/Paradox-EVO192.jpg?fit=882%2C840&resize=350%2C200","width":350,"height":200},"classes":[]},{"id":3966,"url":"http:\/\/astehshop.com\/index.php\/product\/evohd-panel-centrala-paradox\/","url_meta":{"origin":8883,"position":3},"title":"EVOHD PANEL centrala Paradox","date":"18. velja\u010de 2020.","format":false,"excerpt":"8 ulaza za zone (16 sa dupliranjem), pro\u0161irivo do 192 zone VIDEO HD verifikacija 999 korisnika, integracija sa kontrolom prolaza Napon: 13.8 Vdc 2A (zahtjeva 75 VA transformator) sigurnosno isklju\u010denje pri 2,5A Podr\u017eava GPRS i GSM modul (PCS serija), IP modul (IP150) i Voice modul (VDMP3) Jednostavna nadogradnja putem 307USB\u2026","rel":"","context":"Srodne objave","img":{"alt_text":"","src":"https:\/\/i0.wp.com\/astehshop.com\/wp-content\/uploads\/2020\/02\/EVOHD.jpeg?fit=1082%2C964&resize=350%2C200","width":350,"height":200},"classes":[]},{"id":2521,"url":"http:\/\/astehshop.com\/index.php\/product\/zicni-sifrator-k32\/","url_meta":{"origin":8883,"position":4},"title":"\u017di\u010dni \u0161ifrator K32+","date":"27. velja\u010de 2018.","format":false,"excerpt":"LED \u0161ifrator za 32 zone (za centrale serije Spectra SP i Magellan) 1 ulaz za zonu, 3 panik tastera","rel":"","context":"Srodne objave","img":{"alt_text":"","src":"https:\/\/i2.wp.com\/astehshop.com\/wp-content\/uploads\/2018\/02\/k32plus.jpg?fit=500%2C459&resize=350%2C200","width":350,"height":200},"classes":[]},{"id":4956,"url":"http:\/\/astehshop.com\/index.php\/product\/ajax-ocbridge-plus\/","url_meta":{"origin":8883,"position":5},"title":"AJAX ocBridge Plus","date":"6. studenoga 2020.","format":false,"excerpt":"Modul za integraciju sa \u017ei\u010danim sustavima drugih proizvo\u0111a\u010da Proizvo\u0111a\u010d AJAX Izvedba Be\u017ei\u010dno Be\u017ei\u010dna frekvencija 868 MHz Dimenzije 95 x 92 x 18 mm Napajanje 12VDC Namjena Me\u0111usklop Kompatibilne centrale \u017di\u010dane alarmne centrale Broj zona - be\u017ei\u010dno 100 Spajanje na alarmnu centralu Releji Broj PGM-a - \u017ei\u010dano 8 Broj daljinskih upravlja\u010da\u2026","rel":"","context":"Srodne objave","img":{"alt_text":"","src":"https:\/\/i1.wp.com\/astehshop.com\/wp-content\/uploads\/2020\/11\/AJAX-ocBridge-Plus.jpg?fit=304%2C304&resize=350%2C200","width":350,"height":200},"classes":[]}],"_links":{"self":[{"href":"http:\/\/astehshop.com\/index.php\/wp-json\/wp\/v2\/product\/8883"}],"collection":[{"href":"http:\/\/astehshop.com\/index.php\/wp-json\/wp\/v2\/product"}],"about":[{"href":"http:\/\/astehshop.com\/index.php\/wp-json\/wp\/v2\/types\/product"}],"replies":[{"embeddable":true,"href":"http:\/\/astehshop.com\/index.php\/wp-json\/wp\/v2\/comments?post=8883"}],"wp:featuredmedia":[{"embeddable":true,"href":"http:\/\/astehshop.com\/index.php\/wp-json\/wp\/v2\/media\/8884"}],"wp:attachment":[{"href":"http:\/\/astehshop.com\/index.php\/wp-json\/wp\/v2\/media?parent=8883"}],"wp:term":[{"taxonomy":"product_cat","embeddable":true,"href":"http:\/\/astehshop.com\/index.php\/wp-json\/wp\/v2\/product_cat?post=8883"},{"taxonomy":"product_tag","embeddable":true,"href":"http:\/\/astehshop.com\/index.php\/wp-json\/wp\/v2\/product_tag?post=8883"}],"curies":[{"name":"wp","href":"https:\/\/api.w.org\/{rel}","templated":true}]}}