{"id":8880,"date":"2024-01-14T15:35:55","date_gmt":"2024-01-14T14:35:55","guid":{"rendered":"http:\/\/astehshop.com\/?post_type=product&#038;p=8880"},"modified":"2024-02-18T14:41:37","modified_gmt":"2024-02-18T13:41:37","slug":"paradox-sr250-bezicna-sirena","status":"publish","type":"product","link":"http:\/\/astehshop.com\/index.php\/product\/paradox-sr250-bezicna-sirena\/","title":{"rendered":"Paradox SR250 be\u017ei\u010dna sirena"},"content":{"rendered":"<p>SR250 Paradox be\u017ei\u010dna spoljna sirena, antisabota\u017eno za\u0161ti\u0107ena na 433MHz<br \/>\nJa\u010dine 100dB sa integrisanim strob svetlom, domet 70m sa MG6130\/6160\/6250 i K32LX, 70m sa MG5000\/5050\/5050+, RTX3 na EVO192 i EVO HD i SP SPECTRA centralama (osim SP4000), dvostruka antisabota\u017ena za\u0161tita. Napaja se sa tri 1.5V D-baterije. Ispunjava EN 50131-4, EN 50131-1 Grade 2, EN 50130-5 Environmental Class IV standard u IP54 za\u0161titi.<\/p>\n","protected":false},"excerpt":{"rendered":"<p>SR250 Paradox be\u017ei\u010dna spoljna sirena, antisabota\u017eno za\u0161ti\u0107ena na 433MHz<br \/>\nJa\u010dine 100dB sa integrisanim strob svetlom, domet 70m sa MG6130\/6160\/6250 i K32LX, 70m sa MG5000\/5050\/5050+, RTX3 na EVO192 i EVO HD i SP SPECTRA centralama (osim SP4000), dvostruka antisabota\u017ena za\u0161tita. Napaja se sa tri 1.5V D-baterije. Ispunjava EN 50131-4, EN 50131-1 Grade 2, EN 50130-5 Environmental Class IV standard u IP54 za\u0161titi.<\/p>\n","protected":false},"featured_media":8881,"comment_status":"open","ping_status":"closed","template":"","meta":{"_mi_skip_tracking":false,"_exactmetrics_sitenote_active":false,"_exactmetrics_sitenote_note":"","_exactmetrics_sitenote_category":0,"spay_email":""},"product_cat":[145],"product_tag":[327,335,6526,322,6527],"brands":[{"id":2046,"name":"paradox","slug":"paradox"}],"df_price":325,"df_sale_price":"","df_regular_price":325,"df_image_link":"https:\/\/i1.wp.com\/astehshop.com\/wp-content\/uploads\/2024\/01\/paradox-sr250_0.jpg?fit=450%2C253","jetpack_publicize_connections":[],"jetpack_sharing_enabled":true,"jetpack_likes_enabled":true,"jetpack-related-posts":[{"id":2559,"url":"http:\/\/astehshop.com\/index.php\/product\/paradox-bezicna-spoljna-sirena-sr130\/","url_meta":{"origin":8880,"position":0},"title":"Paradox be\u017ei\u010dna spoljna sirena SR130","date":"27. velja\u010de 2018.","format":false,"excerpt":"Paradox be\u017ei\u010dna spoljna sirena, antisabota\u017eno za\u0161ti\u0107ena, 100bB, ispunava EN 50131 Security Grade 2 standard Ja\u010dine 100db sa integrisanim strob svetlom,","rel":"","context":"Srodne objave","img":{"alt_text":"","src":"https:\/\/i2.wp.com\/astehshop.com\/wp-content\/uploads\/2018\/02\/sr130-sirena.jpg?fit=500%2C387&resize=350%2C200","width":350,"height":200},"classes":[]},{"id":12222,"url":"http:\/\/astehshop.com\/index.php\/product\/paradox-sr230m-red-spoljna-sirena\/","url_meta":{"origin":8880,"position":1},"title":"Paradox SR230M &#8211; Red spoljna sirena","date":"28. sije\u010dnja 2026.","format":false,"excerpt":"SR230M-Red- Be\u017ei\u010dna spolja\u0161nja sirena Ja\u010dine 100dB sa integrisanim LED svjetlom crvene boje. Integrisan be\u017ei\u010dni primopredajnik na frekvenciji 868MHz, koristi auto learn funkciju \u0161to zna\u010di da se automatski registruje na centralu M serije, spolja\u0161nja monta\u017ea, za\u0161tita IP54, tamper prekida\u010d, baterija 3 x C 1,5V. https:\/\/www.youtube.com\/watch?v=wwNzb5jhWJE","rel":"","context":"Srodne objave","img":{"alt_text":"","src":"https:\/\/i0.wp.com\/astehshop.com\/wp-content\/uploads\/2026\/01\/230m-paradox.jpg?fit=1200%2C1200&resize=350%2C200","width":350,"height":200},"classes":[]},{"id":8869,"url":"http:\/\/astehshop.com\/index.php\/product\/paradox-telefonska-dojava-vdmp3\/","url_meta":{"origin":8880,"position":2},"title":"Paradox telefonska dojava VDMP3","date":"14. sije\u010dnja 2024.","format":false,"excerpt":"Telefonska dojava, 5 tel.brojeva, uklju\u010divanje\/isklju\u010divanje particija i PGM-ova, ispunava EN 50131 Security Grade 2 standard kompatibilan sa Spectra SP, MG5000\/5050\/5075 i EVO, plug-in","rel":"","context":"Srodne objave","img":{"alt_text":"","src":"https:\/\/i1.wp.com\/astehshop.com\/wp-content\/uploads\/2024\/01\/paradox-vdmp3_0.jpg?fit=1200%2C843&resize=350%2C200","width":350,"height":200},"classes":[]},{"id":4005,"url":"http:\/\/astehshop.com\/index.php\/product\/paradox-sr150-bezicna-sirena\/","url_meta":{"origin":8880,"position":3},"title":"Paradox SR150 be\u017ei\u010dna sirena","date":"19. velja\u010de 2020.","format":false,"excerpt":"\u2022 Be\u017ei\u010dna alarmna sirena kompatibilna s MG i SP serijom centrala (osim SP4000) \u2022 Baterijsko napajanje \u2022 Odziv na alarm 4 sekunde \u2022 Dvostruka antisabota\u017ena za\u0161tita \u2022 LED indikacija signala","rel":"","context":"Srodne objave","img":{"alt_text":"","src":"https:\/\/i0.wp.com\/astehshop.com\/wp-content\/uploads\/2020\/02\/SR150.jpg?fit=351%2C369&resize=350%2C200","width":350,"height":200},"classes":[]},{"id":8867,"url":"http:\/\/astehshop.com\/index.php\/product\/paradox-tastatura-sifrator-k38\/","url_meta":{"origin":8880,"position":4},"title":"Paradox tastatura \u0161ifrator K38","date":"14. sije\u010dnja 2024.","format":false,"excerpt":"ICON \u0161ifrator za 32 zone - be\u017ei\u010dni (za MG6250\/5000\/5050\/5050+\/5075 i za Spectra SP sa RTX3 ili K32LX osim SP4000) ugra\u0111en be\u017ei\u010dni primo-predajnik, 3 panik tastera, sa ugra\u0111enom backup baterijom, napaja se sa 2 AA baterije, preporu\u010deno je da se koristi i dodatno napajanje - ispravlja\u010d 6Vdc - PA6-EU","rel":"","context":"Srodne objave","img":{"alt_text":"","src":"https:\/\/i0.wp.com\/astehshop.com\/wp-content\/uploads\/2024\/01\/k38.jpg?fit=1200%2C1200&resize=350%2C200","width":350,"height":200},"classes":[]},{"id":2528,"url":"http:\/\/astehshop.com\/index.php\/product\/bezicni-senzor-pmd2p\/","url_meta":{"origin":8880,"position":5},"title":"Be\u017ei\u010dni senzor PMD2P","date":"27. velja\u010de 2018.","format":false,"excerpt":"Be\u017ei\u010dni senzor dometa 11X11m 88.5\u00b0, neosjetljiv na zivotinje do18Kg,","rel":"","context":"Srodne objave","img":{"alt_text":"","src":"https:\/\/i2.wp.com\/astehshop.com\/wp-content\/uploads\/2018\/02\/pmd2p.jpg?fit=500%2C459&resize=350%2C200","width":350,"height":200},"classes":[]}],"_links":{"self":[{"href":"http:\/\/astehshop.com\/index.php\/wp-json\/wp\/v2\/product\/8880"}],"collection":[{"href":"http:\/\/astehshop.com\/index.php\/wp-json\/wp\/v2\/product"}],"about":[{"href":"http:\/\/astehshop.com\/index.php\/wp-json\/wp\/v2\/types\/product"}],"replies":[{"embeddable":true,"href":"http:\/\/astehshop.com\/index.php\/wp-json\/wp\/v2\/comments?post=8880"}],"wp:featuredmedia":[{"embeddable":true,"href":"http:\/\/astehshop.com\/index.php\/wp-json\/wp\/v2\/media\/8881"}],"wp:attachment":[{"href":"http:\/\/astehshop.com\/index.php\/wp-json\/wp\/v2\/media?parent=8880"}],"wp:term":[{"taxonomy":"product_cat","embeddable":true,"href":"http:\/\/astehshop.com\/index.php\/wp-json\/wp\/v2\/product_cat?post=8880"},{"taxonomy":"product_tag","embeddable":true,"href":"http:\/\/astehshop.com\/index.php\/wp-json\/wp\/v2\/product_tag?post=8880"}],"curies":[{"name":"wp","href":"https:\/\/api.w.org\/{rel}","templated":true}]}}