{"id":8872,"date":"2024-01-14T15:19:54","date_gmt":"2024-01-14T14:19:54","guid":{"rendered":"http:\/\/astehshop.com\/?post_type=product&#038;p=8872"},"modified":"2024-02-18T10:50:16","modified_gmt":"2024-02-18T09:50:16","slug":"paradox-gprs-gsm-komunikator-pcs250","status":"publish","type":"product","link":"http:\/\/astehshop.com\/index.php\/product\/paradox-gprs-gsm-komunikator-pcs250\/","title":{"rendered":"Paradox GPRS\/GSM komunikator PCS250"},"content":{"rendered":"<p>GPRS\/GSM komunikator, ispunjava EN 50131 Security Grade 3 standard<br \/>\nSlanje izve\u0161taja na IPR512GPRS\/IP monitoring stanicu, slanje SMS-ova, aktivacija i deaktivacija alarma slanjem SMS-a na PCS, slanje fabri\u010dki definisanih glasovnih poruka sa kombinacijom VDMP3 (samo u GSM modu), jednostavna instalacija, povezivanje sa 4 \u017eice.<\/p>\n","protected":false},"excerpt":{"rendered":"<p>GPRS\/GSM komunikator, ispunjava EN 50131 Security Grade 3 standard<br \/>\nSlanje izve\u0161taja na IPR512GPRS\/IP monitoring stanicu, slanje SMS-ova, aktivacija i deaktivacija alarma slanjem SMS-a na PCS, slanje fabri\u010dki definisanih glasovnih poruka sa kombinacijom VDMP3 (samo u GSM modu), jednostavna instalacija, povezivanje sa 4 \u017eice.<\/p>\n","protected":false},"featured_media":8873,"comment_status":"open","ping_status":"closed","template":"","meta":{"_mi_skip_tracking":false,"_exactmetrics_sitenote_active":false,"_exactmetrics_sitenote_note":"","_exactmetrics_sitenote_category":0,"spay_email":""},"product_cat":[141,2160],"product_tag":[435,6518,6519,245,6517],"brands":[{"id":2046,"name":"paradox","slug":"paradox"}],"df_price":282,"df_sale_price":"","df_regular_price":282,"df_image_link":"https:\/\/i0.wp.com\/astehshop.com\/wp-content\/uploads\/2024\/01\/paradox-pcs250_0.jpg?fit=450%2C253","jetpack_publicize_connections":[],"jetpack_sharing_enabled":true,"jetpack_likes_enabled":true,"jetpack-related-posts":[{"id":7868,"url":"http:\/\/astehshop.com\/index.php\/product\/alarmni-hub-vrhunski-model-dahua-arc3000h-fw2\/","url_meta":{"origin":8872,"position":0},"title":"Alarmni hub vrhunski model Dahua ARC3000H-FW2","date":"1. lipnja 2023.","format":false,"excerpt":"Alarmni hub, vrhunski model (WiFi, \u017ei\u010dna mre\u017ea, GPRS, 3G). Podr\u017eava do 150 periferija (do 6 sirena, 64 daljinaca). Frekvencija 868.0 MHz\u2013868.6 MHz, domet do 2.000m na otvorenom. 2-smerna komunikacija sa AES128 enkripcijom. Frequency Hopping. Wi-Fi 2.4G\/5G. RJ-45 mre\u017eni port 10\/100Mbps. 3G\/GPRS. Single SIM (Ga Alarmni hub, vrhunski model (WiFi, \u017ei\u010dna\u2026","rel":"","context":"Srodne objave","img":{"alt_text":"","src":"https:\/\/i2.wp.com\/astehshop.com\/wp-content\/uploads\/2023\/06\/dahua-arc3000h-fw2.jpg?fit=1200%2C1106&resize=350%2C200","width":350,"height":200},"classes":[]},{"id":8869,"url":"http:\/\/astehshop.com\/index.php\/product\/paradox-telefonska-dojava-vdmp3\/","url_meta":{"origin":8872,"position":1},"title":"Paradox telefonska dojava VDMP3","date":"14. sije\u010dnja 2024.","format":false,"excerpt":"Telefonska dojava, 5 tel.brojeva, uklju\u010divanje\/isklju\u010divanje particija i PGM-ova, ispunava EN 50131 Security Grade 2 standard kompatibilan sa Spectra SP, MG5000\/5050\/5075 i EVO, plug-in","rel":"","context":"Srodne objave","img":{"alt_text":"","src":"https:\/\/i1.wp.com\/astehshop.com\/wp-content\/uploads\/2024\/01\/paradox-vdmp3_0.jpg?fit=1200%2C843&resize=350%2C200","width":350,"height":200},"classes":[]},{"id":6393,"url":"http:\/\/astehshop.com\/index.php\/product\/ajax-hub2-plus-wh\/","url_meta":{"origin":8872,"position":2},"title":"AJAX Hub2 Plus WH","date":"6. listopada 2022.","format":false,"excerpt":"Proizvo\u0111a\u010d AJAX Tehnologija Be\u017ei\u010dna Izvedba Modularna Broj ugra\u0111enih be\u017ei\u010dnih zona 200 Max broj zona - ukupno 200 Ukupan broj particija 25 Be\u017ei\u010dna frekvencija 868 MHz Be\u017ei\u010dna komunikacija Dvosmjerna Automatsko prijavljivanje be\u017ei\u010dnih ure\u0111aja QR kod Max pro\u0161irivo be\u017ei\u010dne zone 200 Ukupan broj pristupnih \u0161ifri 200 (app) Ukupan broj daljinskih upravlja\u010da 200\u2026","rel":"","context":"Srodne objave","img":{"alt_text":"","src":"https:\/\/i0.wp.com\/astehshop.com\/wp-content\/uploads\/2022\/10\/AJAX-Hub2-Plus-WH.jpg?fit=600%2C600&resize=350%2C200","width":350,"height":200},"classes":[]},{"id":4531,"url":"http:\/\/astehshop.com\/index.php\/product\/alarmna-centrala-bezicnog-sistema-crne-boje-ajax-hub-bl\/","url_meta":{"origin":8872,"position":3},"title":"Alarmna centrala be\u017ei\u010dnog sistema crne boje AJAX-HUB-BL","date":"4. svibnja 2020.","format":false,"excerpt":"AJAX-HUB-BL \u00a0 Model: AJAX Hub BL Centralna jedinica (HUB) be\u017ei\u010dnog protuprovalnog sustava sa integriranim LAN i GSM\/GPRS komunikatorom, omogu\u0107eno dodavanje i rad do 100 be\u017ei\u010dnih ure\u0111aja, max 50 korisnika. Ugra\u0111ena back-up baterija. Crne boje, Modularna izvedba, 99 ugra\u0111enih be\u017ei\u010dnih zona, 9 Particija, Be\u017ei\u010dna frekvencija 868MHz, Dvosmjerna be\u017ei\u010dna komunikacija, Automatsko prijavljivanje\u2026","rel":"","context":"Srodne objave","img":{"alt_text":"","src":"https:\/\/i2.wp.com\/astehshop.com\/wp-content\/uploads\/2020\/05\/AJAX-HUB-BL.png?fit=864%2C520&resize=350%2C200","width":350,"height":200},"classes":[]},{"id":8880,"url":"http:\/\/astehshop.com\/index.php\/product\/paradox-sr250-bezicna-sirena\/","url_meta":{"origin":8872,"position":4},"title":"Paradox SR250 be\u017ei\u010dna sirena","date":"14. sije\u010dnja 2024.","format":false,"excerpt":"SR250 Paradox be\u017ei\u010dna spoljna sirena, antisabota\u017eno za\u0161ti\u0107ena na 433MHz Ja\u010dine 100dB sa integrisanim strob svetlom, domet 70m sa MG6130\/6160\/6250 i K32LX, 70m sa MG5000\/5050\/5050+, RTX3 na EVO192 i EVO HD i SP SPECTRA centralama (osim SP4000), dvostruka antisabota\u017ena za\u0161tita. Napaja se sa tri 1.5V D-baterije. Ispunjava EN 50131-4, EN 50131-1\u2026","rel":"","context":"Srodne objave","img":{"alt_text":"","src":"https:\/\/i1.wp.com\/astehshop.com\/wp-content\/uploads\/2024\/01\/paradox-sr250_0.jpg?fit=1200%2C675&resize=350%2C200","width":350,"height":200},"classes":[]},{"id":5350,"url":"http:\/\/astehshop.com\/index.php\/product\/hikvision-unutarnja-jedinica-ds-kh8350-te1\/","url_meta":{"origin":8872,"position":5},"title":"Hikvision unutarnja jedinica DS-KH8350-TE1","date":"10. listopada 2021.","format":false,"excerpt":"Hikvision unutarnja jedinica DS-KH8350-TE1 Unutra\u0161nja jedinica interfon sa 7-in\u010dnim ekranom osetljivim na dodir kompatibilan sa pozivnim tablama : DS-KV6113WPE1,DS-KB8113-IM,DS-KD8003-IME1,DS-KD8102-V Napaja se PoE preko standardnog PoE switch-a . 7 in\u010da TFT LCD ekran na dodir rezolucije 1024x600px, ekran za\u0161ti\u0107en kaljenim staklom, Aerospace aluminijumsko ku\u0107i\u0161te, ultra slim dizajn debljine 8.6mm, 128mb memorija,\u2026","rel":"","context":"Srodne objave","img":{"alt_text":"","src":"https:\/\/i1.wp.com\/astehshop.com\/wp-content\/uploads\/2021\/10\/d-kh8350-te1.png?fit=712%2C521&resize=350%2C200","width":350,"height":200},"classes":[]}],"_links":{"self":[{"href":"http:\/\/astehshop.com\/index.php\/wp-json\/wp\/v2\/product\/8872"}],"collection":[{"href":"http:\/\/astehshop.com\/index.php\/wp-json\/wp\/v2\/product"}],"about":[{"href":"http:\/\/astehshop.com\/index.php\/wp-json\/wp\/v2\/types\/product"}],"replies":[{"embeddable":true,"href":"http:\/\/astehshop.com\/index.php\/wp-json\/wp\/v2\/comments?post=8872"}],"wp:featuredmedia":[{"embeddable":true,"href":"http:\/\/astehshop.com\/index.php\/wp-json\/wp\/v2\/media\/8873"}],"wp:attachment":[{"href":"http:\/\/astehshop.com\/index.php\/wp-json\/wp\/v2\/media?parent=8872"}],"wp:term":[{"taxonomy":"product_cat","embeddable":true,"href":"http:\/\/astehshop.com\/index.php\/wp-json\/wp\/v2\/product_cat?post=8872"},{"taxonomy":"product_tag","embeddable":true,"href":"http:\/\/astehshop.com\/index.php\/wp-json\/wp\/v2\/product_tag?post=8872"}],"curies":[{"name":"wp","href":"https:\/\/api.w.org\/{rel}","templated":true}]}}