{"id":8869,"date":"2024-01-14T15:15:50","date_gmt":"2024-01-14T14:15:50","guid":{"rendered":"http:\/\/astehshop.com\/?post_type=product&#038;p=8869"},"modified":"2024-02-18T10:50:24","modified_gmt":"2024-02-18T09:50:24","slug":"paradox-telefonska-dojava-vdmp3","status":"publish","type":"product","link":"http:\/\/astehshop.com\/index.php\/product\/paradox-telefonska-dojava-vdmp3\/","title":{"rendered":"Paradox telefonska dojava VDMP3"},"content":{"rendered":"<p>Telefonska dojava, 5 tel.brojeva, uklju\u010divanje\/isklju\u010divanje particija i PGM-ova, ispunava EN 50131 Security Grade 2 standard<br \/>\nkompatibilan sa Spectra SP, MG5000\/5050\/5075 i EVO, plug-in<\/p>\n","protected":false},"excerpt":{"rendered":"<p>Telefonska dojava, 5 tel.brojeva, uklju\u010divanje\/isklju\u010divanje particija i PGM-ova, ispunava EN 50131 Security Grade 2 standard<br \/>\nkompatibilan sa Spectra SP, MG5000\/5050\/5075 i EVO, plug-in<\/p>\n","protected":false},"featured_media":8870,"comment_status":"open","ping_status":"closed","template":"","meta":{"_mi_skip_tracking":false,"_exactmetrics_sitenote_active":false,"_exactmetrics_sitenote_note":"","_exactmetrics_sitenote_category":0,"spay_email":""},"product_cat":[141,2160],"product_tag":[6514,6516,245,6513,6515],"brands":[{"id":2046,"name":"paradox","slug":"paradox"}],"df_price":110,"df_sale_price":"","df_regular_price":110,"df_image_link":"https:\/\/i1.wp.com\/astehshop.com\/wp-content\/uploads\/2024\/01\/paradox-vdmp3_0.jpg?fit=450%2C316","jetpack_publicize_connections":[],"jetpack_sharing_enabled":true,"jetpack_likes_enabled":true,"jetpack-related-posts":[{"id":8880,"url":"http:\/\/astehshop.com\/index.php\/product\/paradox-sr250-bezicna-sirena\/","url_meta":{"origin":8869,"position":0},"title":"Paradox SR250 be\u017ei\u010dna sirena","date":"14. sije\u010dnja 2024.","format":false,"excerpt":"SR250 Paradox be\u017ei\u010dna spoljna sirena, antisabota\u017eno za\u0161ti\u0107ena na 433MHz Ja\u010dine 100dB sa integrisanim strob svetlom, domet 70m sa MG6130\/6160\/6250 i K32LX, 70m sa MG5000\/5050\/5050+, RTX3 na EVO192 i EVO HD i SP SPECTRA centralama (osim SP4000), dvostruka antisabota\u017ena za\u0161tita. Napaja se sa tri 1.5V D-baterije. Ispunjava EN 50131-4, EN 50131-1\u2026","rel":"","context":"Srodne objave","img":{"alt_text":"","src":"https:\/\/i1.wp.com\/astehshop.com\/wp-content\/uploads\/2024\/01\/paradox-sr250_0.jpg?fit=1200%2C675&resize=350%2C200","width":350,"height":200},"classes":[]},{"id":8887,"url":"http:\/\/astehshop.com\/index.php\/product\/paradox-rtx3-prosirenje\/","url_meta":{"origin":8869,"position":1},"title":"Paradox RTX3 pro\u0161irenje","date":"14. sije\u010dnja 2024.","format":false,"excerpt":"Be\u017ei\u010dni modul za pro\u0161irenje, 8 zona, 3 PGM, ispunjava EN 50131 Security Grade 2 standard Dvosmerna komunikacija, ugra\u0111en primopredajnik, podr\u017eava 8\/32 be\u017ei\u010dne zone i 8\/32\/999 daljinskih upravlja\u010da, primjenljiv za centrale serije Esprit, Spectra SP i Digiplex \/ EVO, ispunjava EN 50131 Security Grade 2 standard","rel":"","context":"Srodne objave","img":{"alt_text":"","src":"https:\/\/i1.wp.com\/astehshop.com\/wp-content\/uploads\/2024\/01\/paradox-rtx3_0.jpg?fit=1200%2C675&resize=350%2C200","width":350,"height":200},"classes":[]},{"id":3982,"url":"http:\/\/astehshop.com\/index.php\/product\/zx82-modul-prosirenja-paradox\/","url_meta":{"origin":8869,"position":2},"title":"ZX82 modul pro\u0161irenja PARADOX","date":"18. velja\u010de 2020.","format":false,"excerpt":"Kompatibilan sa Spectra SP, E55\/65, MG5000, MG5050 i EVO 8 adresabilnih zona (16 zona sa ATZ funkcijom dupliranja) Mogu\u0107nost odre\u0111ivanja vremena aktivacije za svaku zonu (do 255 minuta), \u0161to je idealno za primjenu gdje se prati promjena temperature 1 PGM izlaz Koristi ulaz zone kao anti-sabota\u017eni prekida\u010d Status LED za\u2026","rel":"","context":"Srodne objave","img":{"alt_text":"","src":"https:\/\/i1.wp.com\/astehshop.com\/wp-content\/uploads\/2020\/02\/ZX82.jpg?fit=1137%2C1200&resize=350%2C200","width":350,"height":200},"classes":[]},{"id":3985,"url":"http:\/\/astehshop.com\/index.php\/product\/paradox-zx8sp-modul-prosirenja\/","url_meta":{"origin":8869,"position":3},"title":"Paradox ZX8SP modul pro\u0161irenja","date":"18. velja\u010de 2020.","format":false,"excerpt":"8-zonski modul pro\u0161irenja kompatibilan s Spectra SP, MG5000 i MG5050 serijama centrala","rel":"","context":"Srodne objave","img":{"alt_text":"","src":"https:\/\/i0.wp.com\/astehshop.com\/wp-content\/uploads\/2020\/02\/Paradox-ZX8SP-modul-pro\u0161irenja.jpg?fit=389%2C377&resize=350%2C200","width":350,"height":200},"classes":[]},{"id":2559,"url":"http:\/\/astehshop.com\/index.php\/product\/paradox-bezicna-spoljna-sirena-sr130\/","url_meta":{"origin":8869,"position":4},"title":"Paradox be\u017ei\u010dna spoljna sirena SR130","date":"27. velja\u010de 2018.","format":false,"excerpt":"Paradox be\u017ei\u010dna spoljna sirena, antisabota\u017eno za\u0161ti\u0107ena, 100bB, ispunava EN 50131 Security Grade 2 standard Ja\u010dine 100db sa integrisanim strob svetlom,","rel":"","context":"Srodne objave","img":{"alt_text":"","src":"https:\/\/i2.wp.com\/astehshop.com\/wp-content\/uploads\/2018\/02\/sr130-sirena.jpg?fit=500%2C387&resize=350%2C200","width":350,"height":200},"classes":[]},{"id":2489,"url":"http:\/\/astehshop.com\/index.php\/product\/bezicna-paradox-alarmna-centrala-mg5000\/","url_meta":{"origin":8869,"position":5},"title":"Be\u017ei\u010dna paradox alarmna centrala MG5000","date":"27. velja\u010de 2018.","format":false,"excerpt":"Be\u017ei\u010dna alarmna centrala, 32 zone, 2 particije, maksimalno 16 PGM-ova","rel":"","context":"Srodne objave","img":{"alt_text":"","src":"https:\/\/i2.wp.com\/astehshop.com\/wp-content\/uploads\/2018\/02\/mg5500.jpg?fit=500%2C500&resize=350%2C200","width":350,"height":200},"classes":[]}],"_links":{"self":[{"href":"http:\/\/astehshop.com\/index.php\/wp-json\/wp\/v2\/product\/8869"}],"collection":[{"href":"http:\/\/astehshop.com\/index.php\/wp-json\/wp\/v2\/product"}],"about":[{"href":"http:\/\/astehshop.com\/index.php\/wp-json\/wp\/v2\/types\/product"}],"replies":[{"embeddable":true,"href":"http:\/\/astehshop.com\/index.php\/wp-json\/wp\/v2\/comments?post=8869"}],"wp:featuredmedia":[{"embeddable":true,"href":"http:\/\/astehshop.com\/index.php\/wp-json\/wp\/v2\/media\/8870"}],"wp:attachment":[{"href":"http:\/\/astehshop.com\/index.php\/wp-json\/wp\/v2\/media?parent=8869"}],"wp:term":[{"taxonomy":"product_cat","embeddable":true,"href":"http:\/\/astehshop.com\/index.php\/wp-json\/wp\/v2\/product_cat?post=8869"},{"taxonomy":"product_tag","embeddable":true,"href":"http:\/\/astehshop.com\/index.php\/wp-json\/wp\/v2\/product_tag?post=8869"}],"curies":[{"name":"wp","href":"https:\/\/api.w.org\/{rel}","templated":true}]}}