{"id":8867,"date":"2024-01-14T15:04:40","date_gmt":"2024-01-14T14:04:40","guid":{"rendered":"http:\/\/astehshop.com\/?post_type=product&#038;p=8867"},"modified":"2024-02-18T10:50:37","modified_gmt":"2024-02-18T09:50:37","slug":"paradox-tastatura-sifrator-k38","status":"publish","type":"product","link":"http:\/\/astehshop.com\/index.php\/product\/paradox-tastatura-sifrator-k38\/","title":{"rendered":"Paradox tastatura \u0161ifrator K38"},"content":{"rendered":"<p>ICON \u0161ifrator za 32 zone &#8211; be\u017ei\u010dni (za MG6250\/5000\/5050\/5050+\/5075 i za Spectra SP sa RTX3 ili K32LX osim SP4000)<br \/>\nugra\u0111en be\u017ei\u010dni primo-predajnik, 3 panik tastera, sa ugra\u0111enom backup baterijom, napaja se sa 2 AA baterije, preporu\u010deno je da se koristi i dodatno napajanje &#8211; ispravlja\u010d 6Vdc &#8211; PA6-EU<\/p>\n","protected":false},"excerpt":{"rendered":"<p>ICON \u0161ifrator za 32 zone &#8211; be\u017ei\u010dni (za MG6250\/5000\/5050\/5050+\/5075 i za Spectra SP sa RTX3 ili K32LX osim SP4000)<br \/>\nugra\u0111en be\u017ei\u010dni primo-predajnik, 3 panik tastera, sa ugra\u0111enom backup baterijom, napaja se sa 2 AA baterije, preporu\u010deno je da se koristi i dodatno napajanje &#8211; ispravlja\u010d 6Vdc &#8211; PA6-EU<\/p>\n","protected":false},"featured_media":8868,"comment_status":"open","ping_status":"closed","template":"","meta":{"_mi_skip_tracking":false,"_exactmetrics_sitenote_active":false,"_exactmetrics_sitenote_note":"","_exactmetrics_sitenote_category":0,"spay_email":""},"product_cat":[144],"product_tag":[2657,274,6511,245,6512],"brands":[{"id":2046,"name":"paradox","slug":"paradox"}],"df_price":249,"df_sale_price":"","df_regular_price":249,"df_image_link":"https:\/\/i0.wp.com\/astehshop.com\/wp-content\/uploads\/2024\/01\/k38.jpg?fit=450%2C450","jetpack_publicize_connections":[],"jetpack_sharing_enabled":true,"jetpack_likes_enabled":true,"jetpack-related-posts":[{"id":2511,"url":"http:\/\/astehshop.com\/index.php\/product\/bezicni-sifrator-k32rf\/","url_meta":{"origin":8867,"position":0},"title":"Be\u017ei\u010dni \u0161ifrator K32RF","date":"27. velja\u010de 2018.","format":false,"excerpt":"LED \u0161ifrator za 32 zone - be\u017ei\u010dni (za MG5000, MG5050 i za Spectra SP sa RTX3 ili K32LX)","rel":"","context":"Srodne objave","img":{"alt_text":"","src":"https:\/\/i1.wp.com\/astehshop.com\/wp-content\/uploads\/2018\/02\/k32rf.jpg?fit=500%2C406&resize=350%2C200","width":350,"height":200},"classes":[]},{"id":2514,"url":"http:\/\/astehshop.com\/index.php\/product\/bezicni-sifrator-k32wk\/","url_meta":{"origin":8867,"position":1},"title":"Be\u017ei\u010dni \u0161ifrator K32WK","date":"27. velja\u010de 2018.","format":false,"excerpt":"LED \u0161ifrator za 32 zone - be\u017ei\u010dni (za MG-6130\/MG-6160) ugra\u0111en be\u017ei\u010dni primo-predajnik, 3 panik tastera, sa akumulatorom, zahtjeva dodatno napajanje - ispravlja\u010d 6Vdc - PA6-EU","rel":"","context":"Srodne objave","img":{"alt_text":"","src":"https:\/\/i2.wp.com\/astehshop.com\/wp-content\/uploads\/2018\/02\/K32WKparadox.jpg?fit=500%2C406&resize=350%2C200","width":350,"height":200},"classes":[]},{"id":8880,"url":"http:\/\/astehshop.com\/index.php\/product\/paradox-sr250-bezicna-sirena\/","url_meta":{"origin":8867,"position":2},"title":"Paradox SR250 be\u017ei\u010dna sirena","date":"14. sije\u010dnja 2024.","format":false,"excerpt":"SR250 Paradox be\u017ei\u010dna spoljna sirena, antisabota\u017eno za\u0161ti\u0107ena na 433MHz Ja\u010dine 100dB sa integrisanim strob svetlom, domet 70m sa MG6130\/6160\/6250 i K32LX, 70m sa MG5000\/5050\/5050+, RTX3 na EVO192 i EVO HD i SP SPECTRA centralama (osim SP4000), dvostruka antisabota\u017ena za\u0161tita. Napaja se sa tri 1.5V D-baterije. Ispunjava EN 50131-4, EN 50131-1\u2026","rel":"","context":"Srodne objave","img":{"alt_text":"","src":"https:\/\/i1.wp.com\/astehshop.com\/wp-content\/uploads\/2024\/01\/paradox-sr250_0.jpg?fit=1200%2C675&resize=350%2C200","width":350,"height":200},"classes":[]},{"id":2521,"url":"http:\/\/astehshop.com\/index.php\/product\/zicni-sifrator-k32\/","url_meta":{"origin":8867,"position":3},"title":"\u017di\u010dni \u0161ifrator K32+","date":"27. velja\u010de 2018.","format":false,"excerpt":"LED \u0161ifrator za 32 zone (za centrale serije Spectra SP i Magellan) 1 ulaz za zonu, 3 panik tastera","rel":"","context":"Srodne objave","img":{"alt_text":"","src":"https:\/\/i2.wp.com\/astehshop.com\/wp-content\/uploads\/2018\/02\/k32plus.jpg?fit=500%2C459&resize=350%2C200","width":350,"height":200},"classes":[]},{"id":2524,"url":"http:\/\/astehshop.com\/index.php\/product\/zicni-sifrator-k32lcd\/","url_meta":{"origin":8867,"position":4},"title":"\u017di\u010dni \u0161ifrator K32LCD+","date":"27. velja\u010de 2018.","format":false,"excerpt":"LCD \u0161ifrator - \u017ei\u010dni (za MG5000, MG5050 i Spectra SP) 1 zona, 3 panik tastera","rel":"","context":"Srodne objave","img":{"alt_text":"","src":"https:\/\/i0.wp.com\/astehshop.com\/wp-content\/uploads\/2018\/02\/k32lcdplus.jpg?fit=500%2C459&resize=350%2C200","width":350,"height":200},"classes":[]},{"id":2518,"url":"http:\/\/astehshop.com\/index.php\/product\/zicni-sifrator-k10v\/","url_meta":{"origin":8867,"position":5},"title":"\u017di\u010dni \u0161ifrator K10 LED","date":"27. velja\u010de 2018.","format":false,"excerpt":"LED \u0161ifrator za 10 zona (za MG5000, MG5050 i Spectra SP)","rel":"","context":"Srodne objave","img":{"alt_text":"","src":"https:\/\/i1.wp.com\/astehshop.com\/wp-content\/uploads\/2018\/02\/k10v.jpg?fit=500%2C421&resize=350%2C200","width":350,"height":200},"classes":[]}],"_links":{"self":[{"href":"http:\/\/astehshop.com\/index.php\/wp-json\/wp\/v2\/product\/8867"}],"collection":[{"href":"http:\/\/astehshop.com\/index.php\/wp-json\/wp\/v2\/product"}],"about":[{"href":"http:\/\/astehshop.com\/index.php\/wp-json\/wp\/v2\/types\/product"}],"replies":[{"embeddable":true,"href":"http:\/\/astehshop.com\/index.php\/wp-json\/wp\/v2\/comments?post=8867"}],"wp:featuredmedia":[{"embeddable":true,"href":"http:\/\/astehshop.com\/index.php\/wp-json\/wp\/v2\/media\/8868"}],"wp:attachment":[{"href":"http:\/\/astehshop.com\/index.php\/wp-json\/wp\/v2\/media?parent=8867"}],"wp:term":[{"taxonomy":"product_cat","embeddable":true,"href":"http:\/\/astehshop.com\/index.php\/wp-json\/wp\/v2\/product_cat?post=8867"},{"taxonomy":"product_tag","embeddable":true,"href":"http:\/\/astehshop.com\/index.php\/wp-json\/wp\/v2\/product_tag?post=8867"}],"curies":[{"name":"wp","href":"https:\/\/api.w.org\/{rel}","templated":true}]}}