{"id":8858,"date":"2024-01-11T22:09:49","date_gmt":"2024-01-11T21:09:49","guid":{"rendered":"http:\/\/astehshop.com\/?post_type=product&#038;p=8858"},"modified":"2024-02-18T10:51:19","modified_gmt":"2024-02-18T09:51:19","slug":"longse-16ch-h-265-5in1-xvr-5mp-4k-xvrda3116hd","status":"publish","type":"product","link":"http:\/\/astehshop.com\/index.php\/product\/longse-16ch-h-265-5in1-xvr-5mp-4k-xvrda3116hd\/","title":{"rendered":"Longse 16CH H.265 5IN1 XVR 5MP 4K XVRDA3116HD"},"content":{"rendered":"<p>Model: XVRDA3116HD<\/p>\n<p>16CH H.265 5IN1 XVR 5M<br \/>\n\u2022 Support AHD\/CVI\/TVI\/IP\/Analog Camera Input<br \/>\n\u2022 Up to HD 5MP and IP 8MP Resolution Recording<br \/>\n\u2022 Support HDMI, VGA and CVBS Video Output<br \/>\n\u2022 Support Max. 16CH HD or 32CH IP Camera Input<br \/>\n\u2022 Support 1 SATA up to 8TB Capacity \u2022 Analog: 16*(TVI\/AHD: 5MP; AHD\/TVI\/CVI: 4MP; AHD\/TVI: 3MP; AHD\/TVI\/CVI: 1080P\/720P; Analog: 960H)<br \/>\nAnalog+Network: 14*Analog+2*network(Max 8MP), 12*Analog+4*network(Max 8MP), 10*Analog+6*network(Max 8MP),<br \/>\n8*Analog+8*network(Max 8MP), 6*Analog+10*network(Max 8MP), 4*Analog+12*network(Max 8MP), 2*Analog+14*network(Max 8MP)<br \/>\nNetwork: 32*network(Max 8MP)(Total incoming bandwidth \u2264160M)<\/p>\n<p>\u2022 Garancija 2 godine<\/p>\n<p>Snima\u010d je vrlo jednostavno povezati na internet i putem Bitvision aplikacije za mobitel ili IVMS Programa za ra\u010dunar pratiti bilo od kud sa vanjske lokacije! Longse snima\u010di podr\u017eavaju i ve\u0107inu ostalih proizvo\u0111a\u010da kamera.<\/p>\n","protected":false},"excerpt":{"rendered":"<p>Model: XVRDA3116HD<\/p>\n<p>16CH H.265 5IN1 XVR 5M<br \/>\n\u2022 Support AHD\/CVI\/TVI\/IP\/Analog Camera Input<br \/>\n\u2022 Up to HD 5MP and IP 8MP Resolution Recording<br \/>\n\u2022 Support HDMI, VGA and CVBS Video Output<br \/>\n\u2022 Support Max. 16CH HD or 32CH IP Camera Input<br \/>\n\u2022 Support 1 SATA up to 8TB Capacity \u2022 Analog: 16*(TVI\/AHD: 5MP; AHD\/TVI\/CVI: 4MP; AHD\/TVI: 3MP; AHD\/TVI\/CVI: 1080P\/720P; Analog: 960H)<br \/>\nAnalog+Network: 14*Analog+2*network(Max 8MP), 12*Analog+4*network(Max 8MP), 10*Analog+6*network(Max 8MP),<br \/>\n8*Analog+8*network(Max 8MP), 6*Analog+10*network(Max 8MP), 4*Analog+12*network(Max 8MP), 2*Analog+14*network(Max 8MP)<br \/>\nNetwork: 32*network(Max 8MP)(Total incoming bandwidth \u2264160M)<\/p>\n<p>\u2022 Garancija 2 godine<\/p>\n<p>Snima\u010d je vrlo jednostavno povezati na internet i putem Bitvision aplikacije za mobitel ili IVMS Programa za ra\u010dunar pratiti bilo od kud sa vanjske lokacije! Longse snima\u010di podr\u017eavaju i ve\u0107inu ostalih proizvo\u0111a\u010da kamera.<\/p>\n","protected":false},"featured_media":8850,"comment_status":"open","ping_status":"closed","template":"","meta":{"_mi_skip_tracking":false,"_exactmetrics_sitenote_active":false,"_exactmetrics_sitenote_note":"","_exactmetrics_sitenote_category":0,"spay_email":""},"product_cat":[133],"product_tag":[6502,6501,1034,2577,2971,6500],"brands":[{"id":2220,"name":"Longse","slug":"longse"}],"df_price":509,"df_sale_price":"","df_regular_price":509,"df_image_link":"https:\/\/i2.wp.com\/astehshop.com\/wp-content\/uploads\/2024\/01\/NVR3016D1.jpg?fit=450%2C307","jetpack_publicize_connections":[],"jetpack_sharing_enabled":true,"jetpack_likes_enabled":true,"jetpack-related-posts":[{"id":6325,"url":"http:\/\/astehshop.com\/index.php\/product\/longse-8ch-h-265-5in1-xvr-8mp-4k-ultra-hd-xvrdka3108db\/","url_meta":{"origin":8858,"position":0},"title":"Longse 8CH H.265 5IN1 XVR 8MP 4K Ultra HD XVRDKA3108DB","date":"23. travnja 2022.","format":false,"excerpt":"8CH H.265 5IN1 XVR 8M \u2022 Support AHD\/CVI\/TVI\/IP\/Analog Camera Input \u2022 Up to HD 8MP and IP 8MP Resolution Recording \u2022 Support HD Output, VGA and CVBS Video Output \u2022 Support Max. 8CH HD or 32CH IP Camera Input \u2022 Support 2 SATA up to 16TB Capacity Analog: 8*(TVI\/AHD: 8MP;\u2026","rel":"","context":"Srodne objave","img":{"alt_text":"","src":"https:\/\/i1.wp.com\/astehshop.com\/wp-content\/uploads\/2022\/04\/XVRDKA3104DB.jpg?fit=480%2C350&resize=350%2C200","width":350,"height":200},"classes":[]},{"id":6323,"url":"http:\/\/astehshop.com\/index.php\/product\/longse-5in1-xvr-8mp-4k-ultra-hd-xvrdka3104db-2-diska\/","url_meta":{"origin":8858,"position":1},"title":"Longse 5IN1 XVR 8MP 4K Ultra HD XVRDKA3104DB 2 DISKA","date":"23. travnja 2022.","format":false,"excerpt":"4CH H.265 5IN1 XVR 8M \u2022 Support AHD\/CVI\/TVI\/IP\/Analog Camera Input \u2022 Up to HD 4K and IP 4K Resolution Recording \u2022 Support HD Output, VGA and CVBS Video Output \u2022 Support Max. 4CH HD or 16CH IP Camera Input \u2022 Support 2 SATA up to 16TB Capacity Analog: 4*(AHD\/TVI\/CVI: 8MP;\u2026","rel":"","context":"Srodne objave","img":{"alt_text":"","src":"https:\/\/i1.wp.com\/astehshop.com\/wp-content\/uploads\/2022\/04\/XVRDKA3104DB.jpg?fit=480%2C350&resize=350%2C200","width":350,"height":200},"classes":[]},{"id":4690,"url":"http:\/\/astehshop.com\/index.php\/product\/snimac-xvr-8ch-5-in-1-ahd-cvi-tvi-ip-5mp-ip-8mp-xvrda2108hd\/","url_meta":{"origin":8858,"position":2},"title":"Snima\u010d XVR 8CH 5-IN-1 AHD\/CVI\/TVI\/IP\/ 5MP \/ IP 8MP XVRDA2108HD","date":"20. rujna 2020.","format":false,"excerpt":"XVRDA2108HD 8CH H.265 5IN1 XVR 5M \/ IP 8MP \u2022 Support AHD\/CVI\/TVI\/IP\/Analog Camera Input \u2022 Up to HD 5MP and IP 8MP Resolution Recording \u2022 Support HD Output, VGA and CVBS Video Output \u2022 Support Max. 8CH HD or 16CH IP Camera Input \u2022 Support 1 SATA up to 8TB\u2026","rel":"","context":"Srodne objave","img":{"alt_text":"","src":"https:\/\/i2.wp.com\/astehshop.com\/wp-content\/uploads\/2020\/09\/NVR3608DP-1.jpg?fit=480%2C350&resize=350%2C200","width":350,"height":200},"classes":[]},{"id":4689,"url":"http:\/\/astehshop.com\/index.php\/product\/snimac-xvr-4ch-5-in-1-ahd-cvi-tvi-5mp-ip-8mp-xvrda2004hd\/","url_meta":{"origin":8858,"position":3},"title":"Snima\u010d XVR 4CH 5-IN-1 AHD \/ CVI \/ TVI 5MP \/ IP 8MP XVRDA2004HD","date":"20. rujna 2020.","format":false,"excerpt":"XVRDA2004HD 4CH H.265 5IN1 XVR 5MP \/ IP 8MP \u2022 Support AHD\/CVI\/TVI\/IP\/Analog Camera Input \u2022 Up to HD 8MP and IP 5MP Resolution Recording \u2022 Support HD Output, VGA and CVBS Video Output \u2022 Support Max. 4CH HD or 16CH IP Camera Input \u2022 Support 1 SATA up to 8TB\u2026","rel":"","context":"Srodne objave","img":{"alt_text":"","src":"https:\/\/i2.wp.com\/astehshop.com\/wp-content\/uploads\/2020\/09\/NVR3608DP-1.jpg?fit=480%2C350&resize=350%2C200","width":350,"height":200},"classes":[]},{"id":8860,"url":"http:\/\/astehshop.com\/index.php\/product\/longse-8-kanala-hibridni-snimac-5in1-xvrt3008c\/","url_meta":{"origin":8858,"position":4},"title":"Longse 8 kanala Hibridni snima\u010d 5in1 XVRT3008C","date":"13. sije\u010dnja 2024.","format":false,"excerpt":"Model: XVRT3008C 8CH H.265 5IN1 XVR 5M-N \u2022 Support AHD\/CVI\/TVI\/IP\/Analog Camera Input \u2022 Up to HD 5MP and IP 5MP Resolution Recording \u2022 Support HD Output, VGA and CVBS Video Output \u2022 Support Max. 8CH HD or 16CH IP Camera Input \u2022 Support 1 SATA up to 8TB Capacity, Normal\u2026","rel":"","context":"Srodne objave","img":{"alt_text":"","src":"https:\/\/i2.wp.com\/astehshop.com\/wp-content\/uploads\/2024\/01\/NVR3016D1.jpg?fit=510%2C348&resize=350%2C200","width":350,"height":200},"classes":[]},{"id":5256,"url":"http:\/\/astehshop.com\/index.php\/product\/8ch-h-265-5in1-xvr-5m-n-xvrt3008d\/","url_meta":{"origin":8858,"position":5},"title":"8CH H.265 5IN1 XVR 5M-N XVRT3008D","date":"9. listopada 2021.","format":false,"excerpt":"Model: XVRT3008D 8CH H.265 5IN1 XVR 5M-N \u2022 Support AHD\/CVI\/TVI\/IP\/Analog Camera Input \u2022 Up to HD 5MP and IP 5MP Resolution Recording \u2022 Support HD Output, VGA and CVBS Video Output \u2022 Support Max. 8CH HD or 16CH IP Camera Input \u2022 Support 1 SATA up to 8TB Capacity, Normal\u2026","rel":"","context":"Srodne objave","img":{"alt_text":"","src":"https:\/\/i0.wp.com\/astehshop.com\/wp-content\/uploads\/2021\/10\/XVRT3004D.jpg?fit=960%2C700&resize=350%2C200","width":350,"height":200},"classes":[]}],"_links":{"self":[{"href":"http:\/\/astehshop.com\/index.php\/wp-json\/wp\/v2\/product\/8858"}],"collection":[{"href":"http:\/\/astehshop.com\/index.php\/wp-json\/wp\/v2\/product"}],"about":[{"href":"http:\/\/astehshop.com\/index.php\/wp-json\/wp\/v2\/types\/product"}],"replies":[{"embeddable":true,"href":"http:\/\/astehshop.com\/index.php\/wp-json\/wp\/v2\/comments?post=8858"}],"wp:featuredmedia":[{"embeddable":true,"href":"http:\/\/astehshop.com\/index.php\/wp-json\/wp\/v2\/media\/8850"}],"wp:attachment":[{"href":"http:\/\/astehshop.com\/index.php\/wp-json\/wp\/v2\/media?parent=8858"}],"wp:term":[{"taxonomy":"product_cat","embeddable":true,"href":"http:\/\/astehshop.com\/index.php\/wp-json\/wp\/v2\/product_cat?post=8858"},{"taxonomy":"product_tag","embeddable":true,"href":"http:\/\/astehshop.com\/index.php\/wp-json\/wp\/v2\/product_tag?post=8858"}],"curies":[{"name":"wp","href":"https:\/\/api.w.org\/{rel}","templated":true}]}}