{"id":8849,"date":"2024-01-11T21:51:27","date_gmt":"2024-01-11T20:51:27","guid":{"rendered":"http:\/\/astehshop.com\/?post_type=product&#038;p=8849"},"modified":"2024-02-18T10:52:29","modified_gmt":"2024-02-18T09:52:29","slug":"16-kanalni-mrezni-snimac-nvr-4k-nvr3016d1","status":"publish","type":"product","link":"http:\/\/astehshop.com\/index.php\/product\/16-kanalni-mrezni-snimac-nvr-4k-nvr3016d1\/","title":{"rendered":"16 Kanalni mre\u017eni snima\u010d (NVR) 4K NVR3016D1"},"content":{"rendered":"<p>\u0160ifra artikla: NVR3016D1<\/p>\n<p>16CH 4K Network Video Recorder. Input: Max. 16CH;<br \/>\n\u2022 support (two-way) Audio;<br \/>\n\u2022 HD Output:4K(3840\u00d72160)\uff1b<br \/>\n\u2022 Video Compression : H265\/H264\/H265+\/H264+, 1 SATA Hard Disk Interface (3.5\u2033 SATA) up to 8TB 4k(3840\u00d72160),5MP(2592\u00d71944),4MP(2688\u00d71520\/2560\u00d71440),3MP(2048\u00d71536),1080P(1920\u00d71080),960P(1280\u00d7960),720P(1280\u00d7720),D1 (720\u00d7576\/720\u00d7480)<\/p>\n","protected":false},"excerpt":{"rendered":"<p>\u0160ifra artikla: NVR3016D1<\/p>\n<p>16CH 4K Network Video Recorder. Input: Max. 16CH;<br \/>\n\u2022 support (two-way) Audio;<br \/>\n\u2022 HD Output:4K(3840\u00d72160)\uff1b<br \/>\n\u2022 Video Compression : H265\/H264\/H265+\/H264+, 1 SATA Hard Disk Interface (3.5\u2033 SATA) up to 8TB 4k(3840\u00d72160),5MP(2592\u00d71944),4MP(2688\u00d71520\/2560\u00d71440),3MP(2048\u00d71536),1080P(1920\u00d71080),960P(1280\u00d7960),720P(1280\u00d7720),D1 (720\u00d7576\/720\u00d7480)<\/p>\n","protected":false},"featured_media":8850,"comment_status":"open","ping_status":"closed","template":"","meta":{"_mi_skip_tracking":false,"_exactmetrics_sitenote_active":false,"_exactmetrics_sitenote_note":"","_exactmetrics_sitenote_category":0,"spay_email":""},"product_cat":[1558],"product_tag":[1042,2223,6479,6480,2577,4968,6478,3061],"brands":[{"id":2220,"name":"Longse","slug":"longse"}],"df_price":429,"df_sale_price":"","df_regular_price":429,"df_image_link":"https:\/\/i2.wp.com\/astehshop.com\/wp-content\/uploads\/2024\/01\/NVR3016D1.jpg?fit=450%2C307","jetpack_publicize_connections":[],"jetpack_sharing_enabled":true,"jetpack_likes_enabled":true,"jetpack-related-posts":[{"id":8854,"url":"http:\/\/astehshop.com\/index.php\/product\/longse-9-kanalni-mrezni-snimac-nvr-4k-nvr3009d1\/","url_meta":{"origin":8849,"position":0},"title":"Longse 9 Kanalni mre\u017eni snima\u010d (NVR) 4K NVR3009D1","date":"11. sije\u010dnja 2024.","format":false,"excerpt":"Model: NVR3009D1 9CH 4K Network Video Recorder. Input: Max. 9CH; \u2022 support (two-way) Audio; \u2022 HD Output:4K(3840\u00d72160)\uff1b \u2022 Video Compression : H265\/H264\/H265+\/H264+, 1 SATA Hard Disk Interface (3.5\u2033 SATA) up to 8TB 4k(3840\u00d72160),5MP(2592\u00d71944),4MP(2688\u00d71520\/2560\u00d71440),3MP(2048\u00d71536),1080P(1920\u00d71080),960P(1280\u00d7960),720P(1280\u00d7720),D1 (720\u00d7576\/720\u00d7480), 80Mbps Garancija 24 mjeseca.","rel":"","context":"Srodne objave","img":{"alt_text":"","src":"https:\/\/i2.wp.com\/astehshop.com\/wp-content\/uploads\/2024\/01\/NVR3016D1.jpg?fit=510%2C348&resize=350%2C200","width":350,"height":200},"classes":[]},{"id":8851,"url":"http:\/\/astehshop.com\/index.php\/product\/longse-32-kanalni-mrezni-snimac-nvr-4k-nvr3332e2\/","url_meta":{"origin":8849,"position":1},"title":"Longse 32 Kanalni mre\u017eni snima\u010d (NVR) 4K NVR3332E2","date":"11. sije\u010dnja 2024.","format":false,"excerpt":"\u0160ifra artikla: NVR3332E2 32CH 4K Network Video Recorder, \u2022 Input: Max. 32CH, support (two-way) Audio; HD output:4K (3840\u00d72160) Video Compression : H265\/H264\/H265+\/H264+. 32CH(4000*3000,3840*2160,2592\u00d71944, 2048\u00d71536, 1920\u00d71080, 1280\u00d7960, 1280\u00d7720, etc), Support 2 SATA Hard Disk Interface (3.5\u2033 SATA) up to 10TB. Power consumption DC12V\/4A","rel":"","context":"Srodne objave","img":{"alt_text":"","src":"https:\/\/i2.wp.com\/astehshop.com\/wp-content\/uploads\/2024\/01\/NVR3016D1.jpg?fit=510%2C348&resize=350%2C200","width":350,"height":200},"classes":[]},{"id":4685,"url":"http:\/\/astehshop.com\/index.php\/product\/ip-snimac-25ch-16ch-poe-h-265-h-264-4k-nvr3616hp\/","url_meta":{"origin":8849,"position":2},"title":"IP Snima\u010d 25CH \/ 16CH PoE H.265\/H.264 4K NVR3616HP","date":"20. rujna 2020.","format":false,"excerpt":"NVR3616HP 16CH H.265+ POE NVR 4K 120MB \u2022 ARM Cortex A7 Processor \u2022 Resolution: 4k (4096\u00d72160), 5MP(2592\u00d71944), 4MP (2688\u00d71520\/2560\u00d71440), 3MP(2048\u00d71536), 1080P(1920\u00d71080), 960P (1280x960), 720P (1280\u00d7720), D1 (720\u00d7576\/720\u00d7480) \u2022 Video input: 25CH (4096\u00d72160, 2592x1944, 2048x1536, 1920\u00d71080, 1280\u00d7960, 1280\u00d7720, etc) \u2022 Support H.265+\/H.265\/H.264+\/H.264 Video Format \u2022 Recording Resolution: 4K\/5M\/4M\/3M\/1080P\/960P\/720p, etc (All Real\u2026","rel":"","context":"Srodne objave","img":{"alt_text":"","src":"https:\/\/i2.wp.com\/astehshop.com\/wp-content\/uploads\/2020\/09\/NVR3608DP.jpg?fit=480%2C350&resize=350%2C200","width":350,"height":200},"classes":[]},{"id":4681,"url":"http:\/\/astehshop.com\/index.php\/product\/ip-snimac-16ch-h-265-h-264-100mb-4k-nvr3616db\/","url_meta":{"origin":8849,"position":3},"title":"IP Snima\u010d 16ch H.265\/H.264 100mb 4K NVR3616DB","date":"20. rujna 2020.","format":false,"excerpt":"NVR3616DB 16CH H.265\/H.264 NVR 4K \u2022 Third-party Network Cameras Supported \u2022 Recording Resolution: 4K\/5M\/4M\/3M\/1080P\/960P\/720p, etc (All Real Time) \u2022 IP Camera Input: 16CH (3840\u00d72160, 2592x1944, 2048x1536, 1920\u00d71080, 1280\u00d7960, 1280\u00d7720, etc) \u2022 Up to 4K Resolution Recording and Playback \u2022 Backup: 1xUSB2.0 & 1xUSB3.0 \u2022 HD and VGA Output,HD Port up\u2026","rel":"","context":"Srodne objave","img":{"alt_text":"","src":"https:\/\/i2.wp.com\/astehshop.com\/wp-content\/uploads\/2020\/09\/NVR3608DP.jpg?fit=480%2C350&resize=350%2C200","width":350,"height":200},"classes":[]},{"id":4684,"url":"http:\/\/astehshop.com\/index.php\/product\/ip-snimac-25ch-h-265-h-264-120mb-4k-nvr3625db\/","url_meta":{"origin":8849,"position":4},"title":"IP Snima\u010d 25CH H.265\/H.264 120MB 4K NVR3625DB","date":"20. rujna 2020.","format":false,"excerpt":"NVR3625DB 25CH H.265 NVR 3000P 4K 120Mb \u2022 ARM Cortex A7 Processor \u2022 IP Camera Input: 25CH Resolution:4K (3840 \u00d7 2160)\/30Hz, 1920 \u00d7 1080\/60Hz, 1280 \u00d7 1024\/60Hz, 1280 \u00d7 720\/60Hz, 1024 \u00d7 768\/60Hz \u2022 HD Output\/VGA Output: 4K (3840\u00d72160) \/ 1920\u00d71080\/1280\u00d71024\/1280\u00d7720 \u2022 Third-party Network Cameras Supported \u2022 Recording Resolution: 4K\/5M\/4M\/3M\/1080P\/960P\/720p,\u2026","rel":"","context":"Srodne objave","img":{"alt_text":"","src":"https:\/\/i2.wp.com\/astehshop.com\/wp-content\/uploads\/2020\/09\/NVR3608DP.jpg?fit=480%2C350&resize=350%2C200","width":350,"height":200},"classes":[]},{"id":4682,"url":"http:\/\/astehshop.com\/index.php\/product\/ip-snimac-36ch-h-265-h-264-300mb-4k-nvr3636db\/","url_meta":{"origin":8849,"position":5},"title":"IP Snima\u010d 36ch H.265\/H.264 300MB 4K NVR3636DB","date":"20. rujna 2020.","format":false,"excerpt":"NVR3636DB 36CH H.265 NVR 3000P 4K 300Mb \u2022 ARM Cortex A17 Quad-core Processor \u2022 IP Camera Input: 36CH (4000x3000, 3840\u00d72160, 2592x1944, 2048x1536, 1920\u00d71080, 1280\u00d7960, 1280\u00d7720, etc) \u2022 HD Output\/VGA Output: 4K (3840\u00d72160) \/ 1920\u00d71080\/1280\u00d71024\/1280\u00d7720 \u2022 Third-party Network Cameras Supported \u2022 Recording Resolution: 4K\/5M\/4M\/3M\/1080P\/960P\/720p, etc (All Real Time) \u2022 Up to\u2026","rel":"","context":"Srodne objave","img":{"alt_text":"","src":"https:\/\/i2.wp.com\/astehshop.com\/wp-content\/uploads\/2020\/09\/NVR3608DP.jpg?fit=480%2C350&resize=350%2C200","width":350,"height":200},"classes":[]}],"_links":{"self":[{"href":"http:\/\/astehshop.com\/index.php\/wp-json\/wp\/v2\/product\/8849"}],"collection":[{"href":"http:\/\/astehshop.com\/index.php\/wp-json\/wp\/v2\/product"}],"about":[{"href":"http:\/\/astehshop.com\/index.php\/wp-json\/wp\/v2\/types\/product"}],"replies":[{"embeddable":true,"href":"http:\/\/astehshop.com\/index.php\/wp-json\/wp\/v2\/comments?post=8849"}],"wp:featuredmedia":[{"embeddable":true,"href":"http:\/\/astehshop.com\/index.php\/wp-json\/wp\/v2\/media\/8850"}],"wp:attachment":[{"href":"http:\/\/astehshop.com\/index.php\/wp-json\/wp\/v2\/media?parent=8849"}],"wp:term":[{"taxonomy":"product_cat","embeddable":true,"href":"http:\/\/astehshop.com\/index.php\/wp-json\/wp\/v2\/product_cat?post=8849"},{"taxonomy":"product_tag","embeddable":true,"href":"http:\/\/astehshop.com\/index.php\/wp-json\/wp\/v2\/product_tag?post=8849"}],"curies":[{"name":"wp","href":"https:\/\/api.w.org\/{rel}","templated":true}]}}