{"id":8846,"date":"2024-01-11T21:46:19","date_gmt":"2024-01-11T20:46:19","guid":{"rendered":"http:\/\/astehshop.com\/?post_type=product&#038;p=8846"},"modified":"2026-02-15T09:50:12","modified_gmt":"2026-02-15T08:50:12","slug":"longse-wi-fi-ptz-kamera-360-stepeni-sa-solarnim-napajanjem-i-baterijom-cq1","status":"publish","type":"product","link":"http:\/\/astehshop.com\/index.php\/product\/longse-wi-fi-ptz-kamera-360-stepeni-sa-solarnim-napajanjem-i-baterijom-cq1\/","title":{"rendered":"Longse Wi-Fi PTZ kamera 360 stepeni sa solarnim napajanjem i baterijom CQ1"},"content":{"rendered":"<p>\u0160ifra artikla: LONG-CQ1<\/p>\n<p>Be\u017ei\u010dna PTZ kamera 2MP 360 stepeni sa solarnim panelom i baterijom 9000mAh. Posjeduje dvosmjerni audio. Slika u boji 24 sata. 3 dana besplatnog snimanja u Cloud. Pametne funkcije detekcije. Vodootporna sa IP65 za\u0161titom. Koristi aplikaciju LongPlus. Garancija 12 mjeseci.<\/p>\n","protected":false},"excerpt":{"rendered":"<p>\u0160ifra artikla: LONG-CQ1<\/p>\n<p>Be\u017ei\u010dna PTZ kamera 2MP 360 stepeni sa solarnim panelom i baterijom 9000mAh. Posjeduje dvosmjerni audio. Slika u boji 24 sata. 3 dana besplatnog snimanja u Cloud. Pametne funkcije detekcije. Vodootporna sa IP65 za\u0161titom. Koristi aplikaciju LongPlus. Garancija 12 mjeseci.<\/p>\n","protected":false},"featured_media":8847,"comment_status":"open","ping_status":"closed","template":"","meta":{"_mi_skip_tracking":false,"_exactmetrics_sitenote_active":false,"_exactmetrics_sitenote_note":"","_exactmetrics_sitenote_category":0,"spay_email":""},"product_cat":[6461],"product_tag":[3449,6475,477,3448,6477,6476,5696],"brands":[{"id":2220,"name":"Longse","slug":"longse"}],"df_price":199,"df_sale_price":199,"df_regular_price":279,"df_image_link":"https:\/\/i1.wp.com\/astehshop.com\/wp-content\/uploads\/2024\/01\/LONG-CQ1.jpg?fit=427%2C450","jetpack_publicize_connections":[],"jetpack_sharing_enabled":true,"jetpack_likes_enabled":true,"jetpack-related-posts":[{"id":8830,"url":"http:\/\/astehshop.com\/index.php\/product\/longse-ptz-ip-poe-kamera-5mp-18x-zoom-240m-ir-pt10g118xgl500\/","url_meta":{"origin":8846,"position":0},"title":"Longse PTZ IP POE Kamera 5MP 18x Zoom 240m IR PT10G118XGL500","date":"11. sije\u010dnja 2024.","format":false,"excerpt":"\u0160ifra artikla: PT10G118XGL500 \u2022 1\/2.8\u2033Progressive Scan CMOS Sensor \u2022 Support H.264\/H.265 \u2022 Horizontal Rotation Range :0\u00b0~360\u00b0 \u2022 Tilt Rotation Range :0\u00b0~90\u00b0 \u2022 36X Optical Zoom 5.35mm-96.3mm \u2022 IR Range: 240m, \uffe035 x 11 + 4PCS Laser LED \u2022 Intelligent Analysis: Intrusion Detection,motion detection based on human detection \u2022 Weatherproof: IP66","rel":"","context":"Srodne objave","img":{"alt_text":"","src":"https:\/\/i0.wp.com\/astehshop.com\/wp-content\/uploads\/2024\/01\/PT6A118XIGC200.jpg?fit=1024%2C989&resize=350%2C200","width":350,"height":200},"classes":[]},{"id":8835,"url":"http:\/\/astehshop.com\/index.php\/product\/longse-bezicna-mini-ip-kamera-3mp-cy1\/","url_meta":{"origin":8846,"position":1},"title":"Longse be\u017ei\u010dna mini IP kamera 3MP CY1","date":"11. sije\u010dnja 2024.","format":false,"excerpt":"\u0160ifra artikla: CY1 Ovaj novi model IP Kamere podr\u017eava automatsko rotiranje u rasponu od Pan 0~355\u00b0 & Tilt 0~156\u00b0. Kamera podr\u017eava micro SD karticu do 128 GB i besplatno snimanje na Cloud 7 dana. Posjeduje funkciju pametnog alarma, reaguje na detekciju pokreta, automatski prati kretanja ljudskog tijela, detekciju glasa, onostrani\u2026","rel":"","context":"Srodne objave","img":{"alt_text":"","src":"https:\/\/i1.wp.com\/astehshop.com\/wp-content\/uploads\/2024\/01\/CY1.jpg?fit=300%2C300&resize=350%2C200","width":350,"height":200},"classes":[]},{"id":8832,"url":"http:\/\/astehshop.com\/index.php\/product\/longse-ptz-ip-poe-kamera-5mp-36x-zoom-240m-ir-pt10g136xgl500\/","url_meta":{"origin":8846,"position":2},"title":"Longse PTZ IP POE Kamera 5MP 36x Zoom 240m IR PT10G136XGL500","date":"11. sije\u010dnja 2024.","format":false,"excerpt":"\u0160ifra artikla: PT10G136XGL500 \u2022 1\/2.8\u2033Progressive Scan CMOS Sensor \u2022 Support H.264\/H.265 \u2022 Horizontal Rotation Range :0\u00b0~360\u00b0 \u2022 Tilt Rotation Range :0\u00b0~90\u00b0 \u2022 36X Optical Zoom 4.6-165mm F1.6-F4.3 \u2022 IR Range: 240m, \uffe035 x 11 + 4PCS Laser LED \u2022 Intelligent Analysis: Intrusion Detection,motion detection based on human detection \u2022 Weatherproof:\u2026","rel":"","context":"Srodne objave","img":{"alt_text":"","src":"https:\/\/i0.wp.com\/astehshop.com\/wp-content\/uploads\/2024\/01\/PT6A118XIGC200.jpg?fit=1024%2C989&resize=350%2C200","width":350,"height":200},"classes":[]},{"id":7763,"url":"http:\/\/astehshop.com\/index.php\/product\/reflektor-led-10w-sa-solarnim-panelomdetekcija-pokreta\/","url_meta":{"origin":8846,"position":3},"title":"Reflektor LED 10W sa solarnim panelom,detekcija pokreta","date":"14. svibnja 2023.","format":false,"excerpt":"LED reflektor sa solarnim panelom i detektorom pokreta, domet senzora 8 met, izvor svjetlosti LED ( 60 x 2835 SMD ) 10 W, svjetlost 1000 lm, 6000K hladna bijela svjetlost, odabir na\u010dina rada - konstantna svjetlost ili svjetlost na detekciju, ugra\u0111ena Li-Ion baterija 18650, 3,7V \/ 3000 mAh, monta\u017ea na\u2026","rel":"","context":"Srodne objave","img":{"alt_text":"","src":"https:\/\/i1.wp.com\/astehshop.com\/wp-content\/uploads\/2023\/05\/solarni-led-10w.png?fit=1200%2C1188&resize=350%2C200","width":350,"height":200},"classes":[]},{"id":7535,"url":"http:\/\/astehshop.com\/index.php\/product\/dahua-imou-ipc-s21fap-360-stepeni-ip-roto-kamera\/","url_meta":{"origin":8846,"position":4},"title":"Dahua Imou IPC-S21FAP 360 stepeni IP roto kamera","date":"1. travnja 2023.","format":false,"excerpt":"Uvijek se fokusirajte na ono \u0161to je bitno pametno pra\u0107enje 360 stepeni pokrivanje Detekcija ljudi aktivna sirena POE integrisan mikrofon IP66 16 x digitalni zum Odli\u010dni prenos sa samo jednim mre\u017enim kablom","rel":"","context":"Srodne objave","img":{"alt_text":"","src":"https:\/\/i1.wp.com\/astehshop.com\/wp-content\/uploads\/2023\/04\/imgsticode.jpg?fit=1090%2C1200&resize=350%2C200","width":350,"height":200},"classes":[]},{"id":8312,"url":"http:\/\/astehshop.com\/index.php\/product\/imou-ipc-b46lp-baterijska-bezicna-kamera\/","url_meta":{"origin":8846,"position":5},"title":"Imou IPC-B46LP baterijska be\u017ei\u010dna kamera","date":"19. listopada 2023.","format":false,"excerpt":"IPC-B46LP baterijska be\u017ei\u010dna smart kamera. 1\/2.9\u201d 4MP Progressive CMOS senzor, be\u017ei\u010dna kamera sa punjivom baterijom. Izdrzljivost baterije do 6 mjeseci, micro USB power port. Fiksni objektiv 2.8mm IR LED dometa 10m, domet LED za Full Color 5m. Ugao gledanja 110 \u00b0 ( H) 61 \u00b0 (D). Video kompresija H.264\/H.265. Dvosmjerna\u2026","rel":"","context":"Srodne objave","img":{"alt_text":"","src":"https:\/\/i0.wp.com\/astehshop.com\/wp-content\/uploads\/2023\/10\/imou-cell-2-4mp-outdoor-battery-camera-super-hd-2k-with-full-colour-nightvision-6-month-battery-no-hub-pir-human-detection-2-way-audio-pre-record-h265-black-ipc-b46lp.jpg?fit=1200%2C1116&resize=350%2C200","width":350,"height":200},"classes":[]}],"_links":{"self":[{"href":"http:\/\/astehshop.com\/index.php\/wp-json\/wp\/v2\/product\/8846"}],"collection":[{"href":"http:\/\/astehshop.com\/index.php\/wp-json\/wp\/v2\/product"}],"about":[{"href":"http:\/\/astehshop.com\/index.php\/wp-json\/wp\/v2\/types\/product"}],"replies":[{"embeddable":true,"href":"http:\/\/astehshop.com\/index.php\/wp-json\/wp\/v2\/comments?post=8846"}],"wp:featuredmedia":[{"embeddable":true,"href":"http:\/\/astehshop.com\/index.php\/wp-json\/wp\/v2\/media\/8847"}],"wp:attachment":[{"href":"http:\/\/astehshop.com\/index.php\/wp-json\/wp\/v2\/media?parent=8846"}],"wp:term":[{"taxonomy":"product_cat","embeddable":true,"href":"http:\/\/astehshop.com\/index.php\/wp-json\/wp\/v2\/product_cat?post=8846"},{"taxonomy":"product_tag","embeddable":true,"href":"http:\/\/astehshop.com\/index.php\/wp-json\/wp\/v2\/product_tag?post=8846"}],"curies":[{"name":"wp","href":"https:\/\/api.w.org\/{rel}","templated":true}]}}