{"id":8843,"date":"2024-01-11T21:41:35","date_gmt":"2024-01-11T20:41:35","guid":{"rendered":"http:\/\/astehshop.com\/?post_type=product&#038;p=8843"},"modified":"2024-02-18T10:53:04","modified_gmt":"2024-02-18T09:53:04","slug":"longse-wi-fi-ip-kamera-4mp-2-8mm-30m-ir-micro-sd-slot-lirdqfg400w","status":"publish","type":"product","link":"http:\/\/astehshop.com\/index.php\/product\/longse-wi-fi-ip-kamera-4mp-2-8mm-30m-ir-micro-sd-slot-lirdqfg400w\/","title":{"rendered":"Longse WI-FI IP Kamera 4MP 2.8mm 30M IR + Micro SD Slot LIRDQFG400W"},"content":{"rendered":"<p>Model: LIRDQFG400W<\/p>\n<p>Ovaj model be\u017ei\u010dne kamere dolazi u metalnom ku\u0107i\u0161tu sa objektivom 2.8mm i rezolucijom 4MP. \u0160irokim objektivom od 2.8mm i ista \u0107e pokriti \u0161irok dio prostora sa jasnom i kvalitetnom slikom ili videom. No\u0107ni IR domet 30m.<\/p>\n<p>Posjeduje utor za Micro SD karticu do 512GB, tako da ista mo\u017ee raditi sama za sebe ne ovisno o snima\u010du, a da pritom sprema video zapise na svoju internu karticu. Kamera se mo\u017ee spojiti i na NVR. (Kartica nije uklju\u010dena u cijenu)!<\/p>\n<p>Sa kompresijom H.265 ili H.265+ kamera \u0107e u\u0161tedjeti mjesto na va\u0161em hard disku ili SD kartici, a da potom ne gubi na kvalitetu snimka.<\/p>\n<p>Istu je jednostavno povezati na va\u0161 ruter i putem Bitvision aplikacije kameru pratiti putem interneta. Isto tako mo\u017ee se podesiti da prilikom uo\u010denja kretanja kamera \u0161alje sliku na va\u0161 mobitel i o istom Vas obavjesti.<\/p>\n<p>IP67 Standardom ista je vodootporna i za\u0161ti\u0107ena od ulaza pra\u0161ine. Ovaj tip namjenjen je i za vanjsku i unutra\u0161nju monta\u017eu.<\/p>\n<p>Kamera radi zasebno i spaja se na Adapter 12V 1 ili 2A. (Adapter nije uklju\u010den u cijenu)<\/p>\n<p><strong>Garancija 24 mjeseca (U slu\u010daju kvara u uslovima garancije ure\u0111aj se ne popravlja, nego isklju\u010divo mijenja za novi ure\u0111aj istih ili boljih karekteristika). Kod ugradnje bitno je obratiti pa\u017enju da isto odradi ovla\u0161tena ili stru\u010dna osoba.<\/strong><\/p>\n<p>1\/3\u2033 CMOS Sensor, Fullhan Soc, GC4653 + FH8656 With IR-CUT, Main Stream:4MP@30fps\/1080P@30fps\/720P@20fps, Smart Analytics: Intrusion Detection, IR Range: 30m, Board Lens 2.8mm Size: \uffe0120 x 104(H) mm, Weight: 600g (Ball Part Metal, Other Plastic)<\/p>\n","protected":false},"excerpt":{"rendered":"<p>Model: LIRDQFG400W<\/p>\n<p>Ovaj model be\u017ei\u010dne kamere dolazi u metalnom ku\u0107i\u0161tu sa objektivom 2.8mm i rezolucijom 4MP. \u0160irokim objektivom od 2.8mm i ista \u0107e pokriti \u0161irok dio prostora sa jasnom i kvalitetnom slikom ili videom. No\u0107ni IR domet 30m.<\/p>\n<p>Posjeduje utor za Micro SD karticu do 512GB, tako da ista mo\u017ee raditi sama za sebe ne ovisno o snima\u010du, a da pritom sprema video zapise na svoju internu karticu. Kamera se mo\u017ee spojiti i na NVR. (Kartica nije uklju\u010dena u cijenu)!<\/p>\n<p>Sa kompresijom H.265 ili H.265+ kamera \u0107e u\u0161tedjeti mjesto na va\u0161em hard disku ili SD kartici, a da potom ne gubi na kvalitetu snimka.<\/p>\n<p>Istu je jednostavno povezati na va\u0161 ruter i putem Bitvision aplikacije kameru pratiti putem interneta. Isto tako mo\u017ee se podesiti da prilikom uo\u010denja kretanja kamera \u0161alje sliku na va\u0161 mobitel i o istom Vas obavjesti.<\/p>\n<p>IP67 Standardom ista je vodootporna i za\u0161ti\u0107ena od ulaza pra\u0161ine. Ovaj tip namjenjen je i za vanjsku i unutra\u0161nju monta\u017eu.<\/p>\n<p>Kamera radi zasebno i spaja se na Adapter 12V 1 ili 2A. (Adapter nije uklju\u010den u cijenu)<\/p>\n<p><strong>Garancija 24 mjeseca (U slu\u010daju kvara u uslovima garancije ure\u0111aj se ne popravlja, nego isklju\u010divo mijenja za novi ure\u0111aj istih ili boljih karekteristika). Kod ugradnje bitno je obratiti pa\u017enju da isto odradi ovla\u0161tena ili stru\u010dna osoba.<\/strong><\/p>\n<p>1\/3\u2033 CMOS Sensor, Fullhan Soc, GC4653 + FH8656 With IR-CUT, Main Stream:4MP@30fps\/1080P@30fps\/720P@20fps, Smart Analytics: Intrusion Detection, IR Range: 30m, Board Lens 2.8mm Size: \uffe0120 x 104(H) mm, Weight: 600g (Ball Part Metal, Other Plastic)<\/p>\n","protected":false},"featured_media":8839,"comment_status":"open","ping_status":"closed","template":"","meta":{"_mi_skip_tracking":false,"_exactmetrics_sitenote_active":false,"_exactmetrics_sitenote_note":"","_exactmetrics_sitenote_category":0,"spay_email":""},"product_cat":[135],"product_tag":[1179,477,6472,1049,6336,1183,3040],"brands":[{"id":2220,"name":"Longse","slug":"longse"}],"df_price":199,"df_sale_price":"","df_regular_price":199,"df_image_link":"https:\/\/i0.wp.com\/astehshop.com\/wp-content\/uploads\/2024\/01\/LIRDQHFG200W.png?fit=251%2C234","jetpack_publicize_connections":[],"jetpack_sharing_enabled":true,"jetpack_likes_enabled":true,"jetpack-related-posts":[{"id":8845,"url":"http:\/\/astehshop.com\/index.php\/product\/longse-wi-fi-ip-kamera-4mp-2-8mm-30m-ir-micro-sd-slot-lbh30fg400w\/","url_meta":{"origin":8843,"position":0},"title":"Longse WI-FI IP Kamera 4MP 2.8mm 30M IR + Micro SD Slot  LBH30FG400W","date":"11. sije\u010dnja 2024.","format":false,"excerpt":"Model: LBH30FG400W Ovaj model be\u017ei\u010dne kamere dolazi u metalnom ku\u0107i\u0161tu sa objektivom 2.8mm i rezolucijom 4MP. \u0160irokim objektivom od 2.8mm i ista \u0107e pokriti \u0161irok dio prostora sa jasnom i kvalitetnom slikom ili videom. No\u0107ni IR domet 30m. Posjeduje utor za Micro SD karticu do 512GB, tako da ista mo\u017ee\u2026","rel":"","context":"Srodne objave","img":{"alt_text":"","src":"https:\/\/i0.wp.com\/astehshop.com\/wp-content\/uploads\/2024\/01\/LBH30HFG200W.jpg?fit=480%2C350&resize=350%2C200","width":350,"height":200},"classes":[]},{"id":8841,"url":"http:\/\/astehshop.com\/index.php\/product\/longse-wi-fi-ip-kamera-2mp-2-8mm-30m-ir-micro-sd-slot-lbh30hfg200w\/","url_meta":{"origin":8843,"position":1},"title":"Longse WI-FI IP Kamera 2MP 2.8mm 30M IR + Micro SD Slot LBH30HFG200W","date":"11. sije\u010dnja 2024.","format":false,"excerpt":"Model: LBH30HFG200W Ovaj model be\u017ei\u010dne kamere dolazi u metalnom ku\u0107i\u0161tu sa objektivom 2.8mm i rezolucijom 2MP. \u0160irokim objektivom od 2.8mm i ista \u0107e pokriti \u0161irok dio prostora sa jasnom i kvalitetnom slikom ili videom. No\u0107ni IR domet 30m. Posjeduje utor za Micro SD karticu do 512GB, tako da ista mo\u017ee\u2026","rel":"","context":"Srodne objave","img":{"alt_text":"","src":"https:\/\/i0.wp.com\/astehshop.com\/wp-content\/uploads\/2024\/01\/LBH30HFG200W.jpg?fit=480%2C350&resize=350%2C200","width":350,"height":200},"classes":[]},{"id":8838,"url":"http:\/\/astehshop.com\/index.php\/product\/longse-wi-fi-ip-kamera-2mp-2-8mm-30m-ir-micro-sd-slot-lirdqhfg200w\/","url_meta":{"origin":8843,"position":2},"title":"Longse WI-FI IP Kamera 2MP 2.8mm 30M IR + Micro SD Slot LIRDQHFG200W","date":"11. sije\u010dnja 2024.","format":false,"excerpt":"Model: LIRDQHFG200W Ovaj model be\u017ei\u010dne kamere dolazi u metalnom ku\u0107i\u0161tu sa objektivom 2.8mm i rezolucijom 2MP. \u0160irokim objektivom od 2.8mm i ista \u0107e pokriti \u0161irok dio prostora sa jasnom i kvalitetnom slikom ili videom. No\u0107ni IR domet 30m. Posjeduje utor za Micro SD karticu do 512GB, tako da ista mo\u017ee\u2026","rel":"","context":"Srodne objave","img":{"alt_text":"","src":"https:\/\/i0.wp.com\/astehshop.com\/wp-content\/uploads\/2024\/01\/LIRDQHFG200W.png?fit=251%2C234&resize=350%2C200","width":350,"height":200},"classes":[]},{"id":8498,"url":"http:\/\/astehshop.com\/index.php\/product\/longse-starlight-ip-kamera-dome-4mp-2-8mm-25m-ir-poe-sd-slot-mikrofon-cmsbrl400\/","url_meta":{"origin":8843,"position":3},"title":"Longse Starlight IP Kamera Dome 4MP 2.8mm 25m IR POE + SD Slot + Mikrofon CMSBRL400","date":"2. studenoga 2023.","format":false,"excerpt":"Ovaj model kamere dolazi u metalnom ku\u0107i\u0161tu sa objektivom 2.8mm i rezolucijom 5MP@30fps 4K (SONY IMX335+RV1109). \u0160irokim objektivom od 2.8mm i ista \u0107e pokriti \u0161irok dio prostora sa jasnom i kvalitetnom slikom ili videom. No\u0107ni IR domet u boji 24h + Starlight no\u0107no osvjetljenje, hvata do 25 metara. Posjeduje integrirani\u2026","rel":"","context":"Srodne objave","img":{"alt_text":"","src":"https:\/\/i0.wp.com\/astehshop.com\/wp-content\/uploads\/2023\/11\/CMSDFG200.jpg?fit=329%2C248&resize=350%2C200","width":350,"height":200},"classes":[]},{"id":8494,"url":"http:\/\/astehshop.com\/index.php\/product\/ip-kamera-dome-2mp-2-8mm-25m-ir-poe-mic-sd-slot-cmsdfg200\/","url_meta":{"origin":8843,"position":4},"title":"IP Kamera Dome 2MP 2.8mm 25m IR POE + Mic + SD Slot CMSDFG200","date":"2. studenoga 2023.","format":false,"excerpt":"Model: CMSDFG200 Ovaj model kamere dolazi u plasti\u010dno \/ metalnom ku\u0107i\u0161tu sa objektivom 2.8mm i rezolucijom 2MP@30fps. \u0160irokim objektivom od 2.8mm i ista \u0107e pokriti \u0161irok dio prostora sa jasnom i kvalitetnom slikom ili videom. No\u0107ni IR domet 25m. Koristi externi POE. Posjeduje integrirani mikrofon i utor za Micro SD\u2026","rel":"","context":"Srodne objave","img":{"alt_text":"","src":"https:\/\/i0.wp.com\/astehshop.com\/wp-content\/uploads\/2023\/11\/CMSDFG200.jpg?fit=329%2C248&resize=350%2C200","width":350,"height":200},"classes":[]},{"id":9172,"url":"http:\/\/astehshop.com\/index.php\/product\/poe-dome-ip-kamera-longse-4mp-2-8mm-25m-ir-sd-card-slot-mic-cmsefg400\/","url_meta":{"origin":8843,"position":5},"title":"POE Dome IP Kamera Longse 4MP 2.8mm 25m IR SD Card slot + Mic CMSEFG400","date":"10. o\u017eujka 2024.","format":false,"excerpt":"Ovaj model kamere dolazi u metalnom ku\u0107i\u0161tu sa objektivom 2.8mm i rezolucijom 4MP 4K. \u0160irokim objektivom od 2.8mm i ista \u0107e pokriti \u0161irok dio prostora sa jasnom i kvalitetnom slikom ili videom. No\u0107ni IR domet 25m. Posjeduje integrirani mikrofon i utor za MicroSD karticu. Sa kompresijom H.265+ kamera \u0107e u\u0161tedjeti\u2026","rel":"","context":"Srodne objave","img":{"alt_text":"","src":"https:\/\/i0.wp.com\/astehshop.com\/wp-content\/uploads\/2024\/03\/CMSDKL500.jpg?fit=618%2C475&resize=350%2C200","width":350,"height":200},"classes":[]}],"_links":{"self":[{"href":"http:\/\/astehshop.com\/index.php\/wp-json\/wp\/v2\/product\/8843"}],"collection":[{"href":"http:\/\/astehshop.com\/index.php\/wp-json\/wp\/v2\/product"}],"about":[{"href":"http:\/\/astehshop.com\/index.php\/wp-json\/wp\/v2\/types\/product"}],"replies":[{"embeddable":true,"href":"http:\/\/astehshop.com\/index.php\/wp-json\/wp\/v2\/comments?post=8843"}],"wp:featuredmedia":[{"embeddable":true,"href":"http:\/\/astehshop.com\/index.php\/wp-json\/wp\/v2\/media\/8839"}],"wp:attachment":[{"href":"http:\/\/astehshop.com\/index.php\/wp-json\/wp\/v2\/media?parent=8843"}],"wp:term":[{"taxonomy":"product_cat","embeddable":true,"href":"http:\/\/astehshop.com\/index.php\/wp-json\/wp\/v2\/product_cat?post=8843"},{"taxonomy":"product_tag","embeddable":true,"href":"http:\/\/astehshop.com\/index.php\/wp-json\/wp\/v2\/product_tag?post=8843"}],"curies":[{"name":"wp","href":"https:\/\/api.w.org\/{rel}","templated":true}]}}