{"id":8835,"date":"2024-01-11T21:16:12","date_gmt":"2024-01-11T20:16:12","guid":{"rendered":"http:\/\/astehshop.com\/?post_type=product&#038;p=8835"},"modified":"2024-02-18T10:53:36","modified_gmt":"2024-02-18T09:53:36","slug":"longse-bezicna-mini-ip-kamera-3mp-cy1","status":"publish","type":"product","link":"http:\/\/astehshop.com\/index.php\/product\/longse-bezicna-mini-ip-kamera-3mp-cy1\/","title":{"rendered":"Longse be\u017ei\u010dna mini IP kamera 3MP CY1"},"content":{"rendered":"<p>\u0160ifra artikla: CY1<\/p>\n<p>Ovaj novi model IP Kamere podr\u017eava automatsko rotiranje u rasponu od Pan 0~355\u00b0 &amp; Tilt 0~156\u00b0. Kamera podr\u017eava micro SD karticu do 128 GB i besplatno snimanje na Cloud 7 dana.<\/p>\n<p>Posjeduje funkciju pametnog alarma, reaguje na detekciju pokreta, automatski prati kretanja ljudskog tijela, detekciju glasa, onostrani zvuk, no\u0107no snimanje u boji 24h.<\/p>\n<p>Kamera je namjenjena za unutra\u0161nju monta\u017eu.<\/p>\n<p>Garancija 24 mjeseca.<\/p>\n","protected":false},"excerpt":{"rendered":"<p>\u0160ifra artikla: CY1<\/p>\n<p>Ovaj novi model IP Kamere podr\u017eava automatsko rotiranje u rasponu od Pan 0~355\u00b0 &amp; Tilt 0~156\u00b0. Kamera podr\u017eava micro SD karticu do 128 GB i besplatno snimanje na Cloud 7 dana.<\/p>\n<p>Posjeduje funkciju pametnog alarma, reaguje na detekciju pokreta, automatski prati kretanja ljudskog tijela, detekciju glasa, onostrani zvuk, no\u0107no snimanje u boji 24h.<\/p>\n<p>Kamera je namjenjena za unutra\u0161nju monta\u017eu.<\/p>\n<p>Garancija 24 mjeseca.<\/p>\n","protected":false},"featured_media":8836,"comment_status":"open","ping_status":"closed","template":"","meta":{"_mi_skip_tracking":false,"_exactmetrics_sitenote_active":false,"_exactmetrics_sitenote_note":"","_exactmetrics_sitenote_category":0,"spay_email":""},"product_cat":[135],"product_tag":[6464,1049,6465,6466,6467],"brands":[{"id":2220,"name":"Longse","slug":"longse"}],"df_price":129,"df_sale_price":"","df_regular_price":129,"df_image_link":"https:\/\/i1.wp.com\/astehshop.com\/wp-content\/uploads\/2024\/01\/CY1.jpg?fit=300%2C300","jetpack_publicize_connections":[],"jetpack_sharing_enabled":true,"jetpack_likes_enabled":true,"jetpack-related-posts":[{"id":12363,"url":"http:\/\/astehshop.com\/index.php\/product\/hikvision-hilook-thc-b159-ms\/","url_meta":{"origin":8835,"position":0},"title":"HikVision HiLook THC-B159-MS","date":"28. velja\u010de 2026.","format":false,"excerpt":"3K ColorVu fiksna mini bullet kamera Visokokvalitetna slika s 3K rezolucijom, Snimanje u boji 24\/7 Domet bijelog svjetla do 20 m za snimanje u svijetlim no\u0107nim uvjetima Visokokvalitetni zvuk putem koaksijalnog kabela Otporna na vodu i pra\u0161inu (IP66)","rel":"","context":"Srodne objave","img":{"alt_text":"","src":"https:\/\/i0.wp.com\/astehshop.com\/wp-content\/uploads\/2026\/02\/THC-B159-MS.png?fit=1200%2C1200&resize=350%2C200","width":350,"height":200},"classes":[]},{"id":7224,"url":"http:\/\/astehshop.com\/index.php\/product\/hikvision-ezviz-vanjska-wifi-kamera-cs-c3n-a0-3g2wfl1\/","url_meta":{"origin":8835,"position":1},"title":"HikVision ezviz vanjska wifi kamera CS-C3N-A0-3G2WFL1","date":"15. velja\u010de 2023.","format":false,"excerpt":"\u2022 Ooutdoor Smart kamera \u2022 Rezolucija 2 Mpix(1920\u00d71080) \u2022 Objektivi: 2,8mm, 4mm \u2022 No\u0107no snimanje u boji \u2022 Za\u0161tita ku\u0107i\u0161ta IP67 \u2022 Dodatne funkcije: prepoznavanje ljudi \u2022 H.265 \u2022 Podr\u017eava 2.4 GHz WiFi \u2022 Podr\u017eava MicroSD kartice, do 256 GB \u2022 Napajanje DC 12V \/ 1A","rel":"","context":"Srodne objave","img":{"alt_text":"","src":"https:\/\/i1.wp.com\/astehshop.com\/wp-content\/uploads\/2023\/02\/cs-c3n-a0-3g2wfl1-camara-wifi-para-exteriores-c3n-1080p-con-vision-a-colores-de-noche.jpg?fit=1050%2C1200&resize=350%2C200","width":350,"height":200},"classes":[]},{"id":8018,"url":"http:\/\/astehshop.com\/index.php\/product\/solarna-4g-kamera-3-mp-fhd-ip-na-sim-karticu\/","url_meta":{"origin":8835,"position":2},"title":"Solarna 4G kamera 3.MP FHD IP na sim karticu","date":"13. kolovoza 2023.","format":false,"excerpt":"Solarna WiFi \/ 4G kamera D12-A9 3.MP FHD IP Tip:\u00a0IP Povezivanje: WiFi i 4G Rezolucija:\u00a03.0MP \/ 1080p Ku\u0107i\u0161te:\u00a0plastika Boja:\u00a0bijela Stupanj IP za\u0161tite:\u00a0IP66 Napajanje: solarno Ugra\u0111ena Lithium baterija Mogu\u0107nost povezivanja na Cloud IR no\u0107no snimanje Dvostrani audio Podr\u017eava TF kartice Detekcija pokreta www.technoshopbn.com","rel":"","context":"Srodne objave","img":{"alt_text":"","src":"https:\/\/i1.wp.com\/astehshop.com\/wp-content\/uploads\/2023\/08\/solarna-4g-kamera-wifi.jpg?fit=550%2C550&resize=350%2C200","width":350,"height":200},"classes":[]},{"id":6206,"url":"http:\/\/astehshop.com\/index.php\/product\/pametna-wifi-kamera-roto-wifici20cgy\/","url_meta":{"origin":8835,"position":3},"title":"Pametna WiFi kamera &#8211; roto WIFICI20CGY","date":"5. travnja 2022.","format":false,"excerpt":"\u2022 Pametna IP kamera - automatski reaguje i radi snimanje bilo kakvog pokreta u va\u0161oj prostoriji \u2022 HD rezolucija - za kristalno \u010disto snimanje \u2022 Lako se povezuje direktno na va\u0161u Wi-Fi mre\u017eu - nisu potrebni dodatni posebni ure\u0111aji \u2022 Dvosmjerna komunikacija - da \u010dujete i razgovarate s onima u\u2026","rel":"","context":"Srodne objave","img":{"alt_text":"","src":"https:\/\/i2.wp.com\/astehshop.com\/wp-content\/uploads\/2022\/04\/WIFICI20CGY-1.jpg?fit=1200%2C1200&resize=350%2C200","width":350,"height":200},"classes":[]},{"id":8846,"url":"http:\/\/astehshop.com\/index.php\/product\/longse-wi-fi-ptz-kamera-360-stepeni-sa-solarnim-napajanjem-i-baterijom-cq1\/","url_meta":{"origin":8835,"position":4},"title":"Longse Wi-Fi PTZ kamera 360 stepeni sa solarnim napajanjem i baterijom CQ1","date":"11. sije\u010dnja 2024.","format":false,"excerpt":"\u0160ifra artikla: LONG-CQ1 Be\u017ei\u010dna PTZ kamera 2MP 360 stepeni sa solarnim panelom i baterijom 9000mAh. Posjeduje dvosmjerni audio. Slika u boji 24 sata. 3 dana besplatnog snimanja u Cloud. Pametne funkcije detekcije. Vodootporna sa IP65 za\u0161titom. Koristi aplikaciju LongPlus. Garancija 12 mjeseci.","rel":"","context":"Srodne objave","img":{"alt_text":"","src":"https:\/\/i1.wp.com\/astehshop.com\/wp-content\/uploads\/2024\/01\/LONG-CQ1.jpg?fit=1138%2C1200&resize=350%2C200","width":350,"height":200},"classes":[]},{"id":9028,"url":"http:\/\/astehshop.com\/index.php\/product\/sensbi-sensbi-snapi-2mp-wifi-bezicna-kamera-na-punjive-baterije\/","url_meta":{"origin":8835,"position":5},"title":"Sensbi Sensbi SNAPI 2MP WiFi be\u017ei\u010dna kamera na punjive baterije","date":"19. velja\u010de 2024.","format":false,"excerpt":"2MP WiFi be\u017ei\u010dna kamera na punjive baterije 1\/2.9 2Megapixel CMOS. Color 0.1Lux@F2.0, Black\/White 0.01Lux@F2.0. Maksimalna rezolucija 1920x1080. Fiksna optika 3.2mm. 130\u00ba \u0161iroki ugao gledanja. IP65. PIR detekcija od 9m Max 120\u00b0 sa AI detekcijom ljudi za smanjenje la\u017enih alarma. No\u0107na vidljivost do 10m IR. 2.4 GHz WiFi be\u017ei\u010dna veza Lokalno\u2026","rel":"","context":"Srodne objave","img":{"alt_text":"","src":"https:\/\/i2.wp.com\/astehshop.com\/wp-content\/uploads\/2024\/02\/sensbi-sensbi-snapi-2mp-wifi-bezicna-kamera-na-punjive-baterije_0.jpg?fit=1200%2C803&resize=350%2C200","width":350,"height":200},"classes":[]}],"_links":{"self":[{"href":"http:\/\/astehshop.com\/index.php\/wp-json\/wp\/v2\/product\/8835"}],"collection":[{"href":"http:\/\/astehshop.com\/index.php\/wp-json\/wp\/v2\/product"}],"about":[{"href":"http:\/\/astehshop.com\/index.php\/wp-json\/wp\/v2\/types\/product"}],"replies":[{"embeddable":true,"href":"http:\/\/astehshop.com\/index.php\/wp-json\/wp\/v2\/comments?post=8835"}],"wp:featuredmedia":[{"embeddable":true,"href":"http:\/\/astehshop.com\/index.php\/wp-json\/wp\/v2\/media\/8836"}],"wp:attachment":[{"href":"http:\/\/astehshop.com\/index.php\/wp-json\/wp\/v2\/media?parent=8835"}],"wp:term":[{"taxonomy":"product_cat","embeddable":true,"href":"http:\/\/astehshop.com\/index.php\/wp-json\/wp\/v2\/product_cat?post=8835"},{"taxonomy":"product_tag","embeddable":true,"href":"http:\/\/astehshop.com\/index.php\/wp-json\/wp\/v2\/product_tag?post=8835"}],"curies":[{"name":"wp","href":"https:\/\/api.w.org\/{rel}","templated":true}]}}