{"id":8833,"date":"2024-01-11T21:13:02","date_gmt":"2024-01-11T20:13:02","guid":{"rendered":"http:\/\/astehshop.com\/?post_type=product&#038;p=8833"},"modified":"2025-10-29T10:39:43","modified_gmt":"2025-10-29T09:39:43","slug":"bezicna-ip-kamera-na-baterije-2mp-2-8mm-5200-mah-r2a","status":"publish","type":"product","link":"http:\/\/astehshop.com\/index.php\/product\/bezicna-ip-kamera-na-baterije-2mp-2-8mm-5200-mah-r2a\/","title":{"rendered":"Be\u017ei\u010dna IP Kamera na baterije 2MP 2.8mm 5200 mAh  R2A"},"content":{"rendered":"<p>Model: R2A<\/p>\n<p>Imate vikendicu ili mjesto gdje nemate napona elektri\u010dnom energijom? Dugo o\u010dekivana kamera na na\u0161em tr\u017ei\u0161tu od Longse upravo je stigla.<\/p>\n<p>R2A Model je 2 MP i ima \u0161irok objektiv 2.8mm F1.6. Svojom viskom rezolucijom pribilje\u017eit \u0107e svaki detalj, kako slike tako i video materijala.<\/p>\n<p>Ovaj model dolazi sa baterijama 5200 mAh. Kameru je bitno podesiti da snima na detekciju pokreta da bi baterije \u0161to du\u017ee izdr\u017eale. Jednostavno punjenje putem USB kabla.<\/p>\n<p>Kamera ima mjesto za Micro SD i podr\u017eava karticu do 128GB. Ista dolazi sa ugra\u0111enim zvu\u010dnikom i mikrofonom. No\u0107ni IR domet do 7 metara. U kameri je ugra\u0111en zvu\u010dnik i mikrofon. Otporna je na vodu i pra\u0161inu IP65 standarda.<\/p>\n<p>U koliko na lokaciji imate internet istu je jednostavno spojiti na va\u0161 ruter i kameru pratiti sa udaljene lokacije putem LongPlus aplikacije. Radna temperatura od -10 do 45 stepeni. Te\u017eina 350g<\/p>\n<p><strong>Garancija 24 mjeseca (U slu\u010daju kvara u uslovima garancije ure\u0111aj se ne popravlja, nego isklju\u010divo mijenja za novi ure\u0111aj istih ili boljih karekteristika). Kod ugradnje bitno je obratiti pa\u017enju da isto odradi ovla\u0161tena ili stru\u010dna osoba.<\/strong><\/p>\n<p>1\/2.9\u2033 Progressive Scan CMOS GC2063+T31ZL SOC, Built-in Rechargeable Battery 5200mAh, Low Power, Consumption, Image Resolution: Max: 1920*1080P@ 15fps, Support Cloud storage, Micro SD card (up to 128GB) , Two way Audio, Motion Detection, Push video to Smart Phone, Full Color Night Vision. Wire-Free Battery Powered Low-consumption, Camera \u25c6Dustproof &amp; Waterproof Resistance: IP65<br \/>\nLed: High Powered Infrared &amp; White LEDs Lens: 2.8mm Wide Angle Lens Power: Rechargeable Battery (5200mAh), Easy Charge by USB Cable, Operating Temperature: -10 to 45\u00b0 Size: 67mm*58mm*89mm(without bracket) Weight: 350g<\/p>\n","protected":false},"excerpt":{"rendered":"<p>Model: R2A<\/p>\n<p>Imate vikendicu ili mjesto gdje nemate napona elektri\u010dnom energijom? Dugo o\u010dekivana kamera na na\u0161em tr\u017ei\u0161tu od Longse upravo je stigla.<\/p>\n<p>R2A Model je 2 MP i ima \u0161irok objektiv 2.8mm F1.6. Svojom viskom rezolucijom pribilje\u017eit \u0107e svaki detalj, kako slike tako i video materijala.<\/p>\n<p>Ovaj model dolazi sa baterijama 5200 mAh. Kameru je bitno podesiti da snima na detekciju pokreta da bi baterije \u0161to du\u017ee izdr\u017eale. Jednostavno punjenje putem USB kabla.<\/p>\n<p>Kamera ima mjesto za Micro SD i podr\u017eava karticu do 128GB. Ista dolazi sa ugra\u0111enim zvu\u010dnikom i mikrofonom. No\u0107ni IR domet do 7 metara. U kameri je ugra\u0111en zvu\u010dnik i mikrofon. Otporna je na vodu i pra\u0161inu IP65 standarda.<\/p>\n<p>U koliko na lokaciji imate internet istu je jednostavno spojiti na va\u0161 ruter i kameru pratiti sa udaljene lokacije putem LongPlus aplikacije. Radna temperatura od -10 do 45 stepeni. Te\u017eina 350g<\/p>\n<p><strong>Garancija 24 mjeseca (U slu\u010daju kvara u uslovima garancije ure\u0111aj se ne popravlja, nego isklju\u010divo mijenja za novi ure\u0111aj istih ili boljih karekteristika). Kod ugradnje bitno je obratiti pa\u017enju da isto odradi ovla\u0161tena ili stru\u010dna osoba.<\/strong><\/p>\n<p>1\/2.9\u2033 Progressive Scan CMOS GC2063+T31ZL SOC, Built-in Rechargeable Battery 5200mAh, Low Power, Consumption, Image Resolution: Max: 1920*1080P@ 15fps, Support Cloud storage, Micro SD card (up to 128GB) , Two way Audio, Motion Detection, Push video to Smart Phone, Full Color Night Vision. Wire-Free Battery Powered Low-consumption, Camera \u25c6Dustproof &amp; Waterproof Resistance: IP65<br \/>\nLed: High Powered Infrared &amp; White LEDs Lens: 2.8mm Wide Angle Lens Power: Rechargeable Battery (5200mAh), Easy Charge by USB Cable, Operating Temperature: -10 to 45\u00b0 Size: 67mm*58mm*89mm(without bracket) Weight: 350g<\/p>\n","protected":false},"featured_media":8834,"comment_status":"open","ping_status":"closed","template":"","meta":{"_mi_skip_tracking":false,"_exactmetrics_sitenote_active":false,"_exactmetrics_sitenote_note":"","_exactmetrics_sitenote_category":0,"spay_email":""},"product_cat":[6461,135],"product_tag":[3449,3448,6463,6462],"brands":[{"id":2220,"name":"Longse","slug":"longse"}],"df_price":179,"df_sale_price":179,"df_regular_price":229,"df_image_link":"https:\/\/i2.wp.com\/astehshop.com\/wp-content\/uploads\/2024\/01\/R2A.jpg?fit=450%2C307","jetpack_publicize_connections":[],"jetpack_sharing_enabled":true,"jetpack_likes_enabled":true,"jetpack-related-posts":[{"id":6791,"url":"http:\/\/astehshop.com\/index.php\/product\/bezicna-ip-kamera-longse-na-baterije-4mp\/","url_meta":{"origin":8833,"position":0},"title":"Be\u017ei\u010dna IP Kamera Longse na baterije 4MP","date":"22. studenoga 2022.","format":false,"excerpt":"Imate vikendicu ili mjesto gdje nemate napona elektri\u010dnom energijom? Dugo o\u010dekivana kamera na na\u0161em tr\u017ei\u0161tu od Longse upravo je stigla. R4A Model je 4 MP i ima \u0161irok objektiv 2.8mm F1.6. Svojom viskom rezolucijom pribilje\u017eit \u0107e svaki detalj, kako slike tako i video materijala. Ovaj model dolazi sa jo\u0161 ve\u0107im\u2026","rel":"","context":"Srodne objave","img":{"alt_text":"","src":"https:\/\/i2.wp.com\/astehshop.com\/wp-content\/uploads\/2022\/11\/longse-smart-wi-fi-camera-r4a.jpg?fit=381%2C492&resize=350%2C200","width":350,"height":200},"classes":[]},{"id":6794,"url":"http:\/\/astehshop.com\/index.php\/product\/2-x-longse-baterijska-kamera-r4a-2-x-64-gb-memorijska-kartica-533-km\/","url_meta":{"origin":8833,"position":1},"title":"2 x Longse baterijska kamera R4A + 2 x 64 GB Memorijska kartica 533 KM","date":"22. studenoga 2022.","format":false,"excerpt":"Odli\u010dna ponuda ukoliko kupite 2 Longse baterijske kamere dobijate i 2 kartice besplatno 64 GB i dodatni popust od 10 % \u00a0 Imate vikendicu ili mjesto gdje nemate napona elektri\u010dnom energijom? Dugo o\u010dekivana kamera na na\u0161em tr\u017ei\u0161tu od Longse upravo je stigla. R4A Model je 4 MP i ima \u0161irok\u2026","rel":"","context":"Srodne objave","img":{"alt_text":"","src":"https:\/\/i2.wp.com\/astehshop.com\/wp-content\/uploads\/2022\/11\/ponuda-2-x-ip-kamera-1.jpg?fit=1200%2C872&resize=350%2C200","width":350,"height":200},"classes":[]},{"id":9172,"url":"http:\/\/astehshop.com\/index.php\/product\/poe-dome-ip-kamera-longse-4mp-2-8mm-25m-ir-sd-card-slot-mic-cmsefg400\/","url_meta":{"origin":8833,"position":2},"title":"POE Dome IP Kamera Longse 4MP 2.8mm 25m IR SD Card slot + Mic CMSEFG400","date":"10. o\u017eujka 2024.","format":false,"excerpt":"Ovaj model kamere dolazi u metalnom ku\u0107i\u0161tu sa objektivom 2.8mm i rezolucijom 4MP 4K. \u0160irokim objektivom od 2.8mm i ista \u0107e pokriti \u0161irok dio prostora sa jasnom i kvalitetnom slikom ili videom. No\u0107ni IR domet 25m. Posjeduje integrirani mikrofon i utor za MicroSD karticu. Sa kompresijom H.265+ kamera \u0107e u\u0161tedjeti\u2026","rel":"","context":"Srodne objave","img":{"alt_text":"","src":"https:\/\/i0.wp.com\/astehshop.com\/wp-content\/uploads\/2024\/03\/CMSDKL500.jpg?fit=618%2C475&resize=350%2C200","width":350,"height":200},"classes":[]},{"id":9164,"url":"http:\/\/astehshop.com\/index.php\/product\/ip-kamera-dome-5mp-2-8mm-25m-ir-external-poe-mic-cmsdkl500\/","url_meta":{"origin":8833,"position":3},"title":"IP Kamera Dome 5MP 2.8mm 25m IR External POE + Mic CMSDKL500","date":"10. o\u017eujka 2024.","format":false,"excerpt":"Ovaj model kamere dolazi u metalnom ku\u0107i\u0161tu sa objektivom 2.8mm i rezolucijom 5MP@30fps 4K. \u0160irokim objektivom od 2.8mm i ista \u0107e pokriti \u0161irok dio prostora sa jasnom i kvalitetnom slikom ili videom. No\u0107ni IR domet 25m. Posjeduje integrirani mikrofon. Sa kompresijom H.265+ kamera \u0107e u\u0161tedjeti mjesto na va\u0161em hard disku,\u2026","rel":"","context":"Srodne objave","img":{"alt_text":"","src":"https:\/\/i0.wp.com\/astehshop.com\/wp-content\/uploads\/2024\/03\/CMSDKL500.jpg?fit=618%2C475&resize=350%2C200","width":350,"height":200},"classes":[]},{"id":8494,"url":"http:\/\/astehshop.com\/index.php\/product\/ip-kamera-dome-2mp-2-8mm-25m-ir-poe-mic-sd-slot-cmsdfg200\/","url_meta":{"origin":8833,"position":4},"title":"IP Kamera Dome 2MP 2.8mm 25m IR POE + Mic + SD Slot CMSDFG200","date":"2. studenoga 2023.","format":false,"excerpt":"Model: CMSDFG200 Ovaj model kamere dolazi u plasti\u010dno \/ metalnom ku\u0107i\u0161tu sa objektivom 2.8mm i rezolucijom 2MP@30fps. \u0160irokim objektivom od 2.8mm i ista \u0107e pokriti \u0161irok dio prostora sa jasnom i kvalitetnom slikom ili videom. No\u0107ni IR domet 25m. Koristi externi POE. Posjeduje integrirani mikrofon i utor za Micro SD\u2026","rel":"","context":"Srodne objave","img":{"alt_text":"","src":"https:\/\/i0.wp.com\/astehshop.com\/wp-content\/uploads\/2023\/11\/CMSDFG200.jpg?fit=329%2C248&resize=350%2C200","width":350,"height":200},"classes":[]},{"id":6300,"url":"http:\/\/astehshop.com\/index.php\/product\/longse-ip-kamera-dome-2mp-2-8mm-25m-ir-poe-sa-mikrofonom-cmsbfg200\/","url_meta":{"origin":8833,"position":5},"title":"Longse IP Kamera Dome 2MP 2.8mm 25m IR POE sa mikrofonom CMSBFG200","date":"23. travnja 2022.","format":false,"excerpt":"Ovaj model kamere dolazi sa \u0161irokim objektivom 2.8mm sa rezolucijom Full HD 2MP i ista \u0107e pokriti dosta \u0161irok spektar va\u0161eg unutra\u0161njeg prostora. IR Dometa do 25 metara i dolazi sa ugra\u0111enim mikrofonom. Sa kompresijom H.265 ili H.265+ kamera \u0107e u\u0161tedjeti mjesto na va\u0161em hard disku a da potom ne\u2026","rel":"","context":"Srodne objave","img":{"alt_text":"","src":"https:\/\/i1.wp.com\/astehshop.com\/wp-content\/uploads\/2022\/04\/CMSBFG200.jpg?fit=600%2C600&resize=350%2C200","width":350,"height":200},"classes":[]}],"_links":{"self":[{"href":"http:\/\/astehshop.com\/index.php\/wp-json\/wp\/v2\/product\/8833"}],"collection":[{"href":"http:\/\/astehshop.com\/index.php\/wp-json\/wp\/v2\/product"}],"about":[{"href":"http:\/\/astehshop.com\/index.php\/wp-json\/wp\/v2\/types\/product"}],"replies":[{"embeddable":true,"href":"http:\/\/astehshop.com\/index.php\/wp-json\/wp\/v2\/comments?post=8833"}],"wp:featuredmedia":[{"embeddable":true,"href":"http:\/\/astehshop.com\/index.php\/wp-json\/wp\/v2\/media\/8834"}],"wp:attachment":[{"href":"http:\/\/astehshop.com\/index.php\/wp-json\/wp\/v2\/media?parent=8833"}],"wp:term":[{"taxonomy":"product_cat","embeddable":true,"href":"http:\/\/astehshop.com\/index.php\/wp-json\/wp\/v2\/product_cat?post=8833"},{"taxonomy":"product_tag","embeddable":true,"href":"http:\/\/astehshop.com\/index.php\/wp-json\/wp\/v2\/product_tag?post=8833"}],"curies":[{"name":"wp","href":"https:\/\/api.w.org\/{rel}","templated":true}]}}