{"id":8830,"date":"2024-01-11T21:07:01","date_gmt":"2024-01-11T20:07:01","guid":{"rendered":"http:\/\/astehshop.com\/?post_type=product&#038;p=8830"},"modified":"2024-02-18T10:46:23","modified_gmt":"2024-02-18T09:46:23","slug":"longse-ptz-ip-poe-kamera-5mp-18x-zoom-240m-ir-pt10g118xgl500","status":"publish","type":"product","link":"http:\/\/astehshop.com\/index.php\/product\/longse-ptz-ip-poe-kamera-5mp-18x-zoom-240m-ir-pt10g118xgl500\/","title":{"rendered":"Longse PTZ IP POE Kamera 5MP 18x Zoom 240m IR PT10G118XGL500"},"content":{"rendered":"<p>\u0160ifra artikla: PT10G118XGL500<\/p>\n<p>\u2022 1\/2.8\u2033Progressive Scan CMOS Sensor<br \/>\n\u2022 Support H.264\/H.265<br \/>\n\u2022 Horizontal Rotation Range :0\u00b0~360\u00b0<br \/>\n\u2022 Tilt Rotation Range :0\u00b0~90\u00b0<br \/>\n\u2022 36X Optical Zoom 5.35mm-96.3mm<br \/>\n\u2022 IR Range: 240m, \uffe035 x 11 + 4PCS Laser LED<br \/>\n\u2022 Intelligent Analysis: Intrusion Detection,motion detection based on human detection<br \/>\n\u2022 Weatherproof: IP66<\/p>\n","protected":false},"excerpt":{"rendered":"<p>\u0160ifra artikla: PT10G118XGL500<\/p>\n<p>\u2022 1\/2.8\u2033Progressive Scan CMOS Sensor<br \/>\n\u2022 Support H.264\/H.265<br \/>\n\u2022 Horizontal Rotation Range :0\u00b0~360\u00b0<br \/>\n\u2022 Tilt Rotation Range :0\u00b0~90\u00b0<br \/>\n\u2022 36X Optical Zoom 5.35mm-96.3mm<br \/>\n\u2022 IR Range: 240m, \uffe035 x 11 + 4PCS Laser LED<br \/>\n\u2022 Intelligent Analysis: Intrusion Detection,motion detection based on human detection<br \/>\n\u2022 Weatherproof: IP66<\/p>\n","protected":false},"featured_media":8827,"comment_status":"open","ping_status":"closed","template":"","meta":{"_mi_skip_tracking":false,"_exactmetrics_sitenote_active":false,"_exactmetrics_sitenote_note":"","_exactmetrics_sitenote_category":0,"spay_email":""},"product_cat":[2078],"product_tag":[6453,6455,6454,6447,6452,2081],"brands":[{"id":2220,"name":"Longse","slug":"longse"}],"df_price":1529,"df_sale_price":"","df_regular_price":1529,"df_image_link":"https:\/\/i0.wp.com\/astehshop.com\/wp-content\/uploads\/2024\/01\/PT6A118XIGC200.jpg?fit=450%2C435","jetpack_publicize_connections":[],"jetpack_sharing_enabled":true,"jetpack_likes_enabled":true,"jetpack-related-posts":[{"id":8832,"url":"http:\/\/astehshop.com\/index.php\/product\/longse-ptz-ip-poe-kamera-5mp-36x-zoom-240m-ir-pt10g136xgl500\/","url_meta":{"origin":8830,"position":0},"title":"Longse PTZ IP POE Kamera 5MP 36x Zoom 240m IR PT10G136XGL500","date":"11. sije\u010dnja 2024.","format":false,"excerpt":"\u0160ifra artikla: PT10G136XGL500 \u2022 1\/2.8\u2033Progressive Scan CMOS Sensor \u2022 Support H.264\/H.265 \u2022 Horizontal Rotation Range :0\u00b0~360\u00b0 \u2022 Tilt Rotation Range :0\u00b0~90\u00b0 \u2022 36X Optical Zoom 4.6-165mm F1.6-F4.3 \u2022 IR Range: 240m, \uffe035 x 11 + 4PCS Laser LED \u2022 Intelligent Analysis: Intrusion Detection,motion detection based on human detection \u2022 Weatherproof:\u2026","rel":"","context":"Srodne objave","img":{"alt_text":"","src":"https:\/\/i0.wp.com\/astehshop.com\/wp-content\/uploads\/2024\/01\/PT6A118XIGC200.jpg?fit=1024%2C989&resize=350%2C200","width":350,"height":200},"classes":[]},{"id":4982,"url":"http:\/\/astehshop.com\/index.php\/product\/ptz-ip-high-speed-kamera-10-5mp-36x-zoom-poe-240m-ir-pt10g136ss500\/","url_meta":{"origin":8830,"position":1},"title":"PTZ IP High Speed Kamera 10&#8243; 5MP 36x zoom POE 240M IR PT10G136SS500","date":"7. studenoga 2020.","format":false,"excerpt":"PT10G136SS500 10\"Outdoor High Speed PTZ IR 240m \u2022 1\/2.8\"SONY Starvis Back-illuminated CMOS sensor \u2022 H.264\/H.265 Compression Method \u2022 36X Optical Zoom (f=4.6mm-165mm) \u2022 IR Distance 240m Max. \u2022 IP66 Outdoor Garancija 24 mjeseca","rel":"","context":"Srodne objave","img":{"alt_text":"","src":"https:\/\/i2.wp.com\/astehshop.com\/wp-content\/uploads\/2020\/11\/PT10G136SS500.jpg?fit=1200%2C900&resize=350%2C200","width":350,"height":200},"classes":[]},{"id":6319,"url":"http:\/\/astehshop.com\/index.php\/product\/longse-ptz-ip-high-speed-kamera-10%e2%80%b3-5mp-36x-zoom-poe-240m-ir-pt10g136ss500\/","url_meta":{"origin":8830,"position":2},"title":"Longse PTZ IP HIGH SPEED KAMERA 10\u2033 5MP 36X ZOOM POE 240M IR PT10G136SS500","date":"23. travnja 2022.","format":false,"excerpt":"10\u2033Outdoor High Speed PTZ IR 240m \u2022 1\/2.8\u2033SONY Starvis Back-illuminated CMOS sensor \u2022 H.264\/H.265 Compression Method \u2022 36X Optical Zoom (f=4.6mm-165mm) \u2022 IR Distance 240m Max. \u2022 IP66 Outdoor Garancija 24 mjeseca","rel":"","context":"Srodne objave","img":{"alt_text":"","src":"https:\/\/i2.wp.com\/astehshop.com\/wp-content\/uploads\/2022\/04\/PT5E122HSL200-1.jpg?fit=1200%2C900&resize=350%2C200","width":350,"height":200},"classes":[]},{"id":8828,"url":"http:\/\/astehshop.com\/index.php\/product\/longse-ptz-ip-poe-kamera-2mp-18x-zoom-80m-ir-auto-tracking-pt4a118xigc200\/","url_meta":{"origin":8830,"position":3},"title":"Longse PTZ IP POE Kamera 2MP 18x Zoom 80m IR Auto Tracking PT4A118XIGC200","date":"11. sije\u010dnja 2024.","format":false,"excerpt":"Model: PT4A118XIGC200 IP PTZ POE Kamera 2MP sa opti\u010dkim Zumom 18x. IR 80m. Kamera se mo\u017ee podesiti da automatski prati kretanja. \u2022 High quality imaging with 2MP resolution \u2022 1\/2.9\u2033Progressive Scan CMOS Sensor \u2022 Support H.264\/H.265 Compression \u2022 4\u2033 18X IP PTZ \u2022 Horizontal Rotation Speed\uff1a120\u00b0\/S \u2022 Horizontal Rotation Range\uff1a0\u00b0~360\u00b0\u2026","rel":"","context":"Srodne objave","img":{"alt_text":"","src":"https:\/\/i0.wp.com\/astehshop.com\/wp-content\/uploads\/2024\/01\/PT6A118XIGC200.jpg?fit=1024%2C989&resize=350%2C200","width":350,"height":200},"classes":[]},{"id":8826,"url":"http:\/\/astehshop.com\/index.php\/product\/longse-ptz-ip-poe-kamera-2mp-18x-zoom-120m-ir-auto-tracking-pt6a118xigc200\/","url_meta":{"origin":8830,"position":4},"title":"Longse PTZ IP POE Kamera 2MP 18x Zoom 120m IR Auto Tracking PT6A118XIGC200","date":"11. sije\u010dnja 2024.","format":false,"excerpt":"Model: PT6A118XIGC200 IP PTZ POE Kamera 2MP sa opti\u010dkim Zumom 18x. IR 120m. Kamera se mo\u017ee podesiti da automatski prati kretanja. \u2022 High quality imaging with 2MP resolution \u2022 1\/2.9\u2033Progressive Scan CMOS Sensor \u2022 Support H.264\/H.265 Compression \u2022 6\u2033 18X IP PTZ, 35 x 7 PCS + 2PCS Laser LED\u2026","rel":"","context":"Srodne objave","img":{"alt_text":"","src":"https:\/\/i0.wp.com\/astehshop.com\/wp-content\/uploads\/2024\/01\/PT6A118XIGC200.jpg?fit=1024%2C989&resize=350%2C200","width":350,"height":200},"classes":[]},{"id":6317,"url":"http:\/\/astehshop.com\/index.php\/product\/ptz-ip-poe-kamera-7%e2%80%b3-2-0mp-36x-zoom-120m-ir-sp-pt7k136sp200\/","url_meta":{"origin":8830,"position":5},"title":"PTZ IP POE KAMERA 7\u2033 2.0MP 36X ZOOM 120M IR SP PT7K136SP200","date":"23. travnja 2022.","format":false,"excerpt":"7\u2033 Outdoor High Speed PTZ IR 120m Super starlight \u2022 1\/2.8\u2033SONY Starvis Back-illuminated CMOS Sensor \u2022 H.264\/H.265 Compression Method \u2022 36X Optical Zoom (f=4.6mm-165mm) \u2022 IR Distance 120m Max. \u2022 IP66 Outdoor, 10,2kg Garancija 24 mjeseca.","rel":"","context":"Srodne objave","img":{"alt_text":"","src":"https:\/\/i0.wp.com\/astehshop.com\/wp-content\/uploads\/2022\/04\/PT7K136SP200.jpg?fit=1200%2C900&resize=350%2C200","width":350,"height":200},"classes":[]}],"_links":{"self":[{"href":"http:\/\/astehshop.com\/index.php\/wp-json\/wp\/v2\/product\/8830"}],"collection":[{"href":"http:\/\/astehshop.com\/index.php\/wp-json\/wp\/v2\/product"}],"about":[{"href":"http:\/\/astehshop.com\/index.php\/wp-json\/wp\/v2\/types\/product"}],"replies":[{"embeddable":true,"href":"http:\/\/astehshop.com\/index.php\/wp-json\/wp\/v2\/comments?post=8830"}],"wp:featuredmedia":[{"embeddable":true,"href":"http:\/\/astehshop.com\/index.php\/wp-json\/wp\/v2\/media\/8827"}],"wp:attachment":[{"href":"http:\/\/astehshop.com\/index.php\/wp-json\/wp\/v2\/media?parent=8830"}],"wp:term":[{"taxonomy":"product_cat","embeddable":true,"href":"http:\/\/astehshop.com\/index.php\/wp-json\/wp\/v2\/product_cat?post=8830"},{"taxonomy":"product_tag","embeddable":true,"href":"http:\/\/astehshop.com\/index.php\/wp-json\/wp\/v2\/product_tag?post=8830"}],"curies":[{"name":"wp","href":"https:\/\/api.w.org\/{rel}","templated":true}]}}