{"id":8828,"date":"2024-01-11T21:05:10","date_gmt":"2024-01-11T20:05:10","guid":{"rendered":"http:\/\/astehshop.com\/?post_type=product&#038;p=8828"},"modified":"2024-02-18T10:46:35","modified_gmt":"2024-02-18T09:46:35","slug":"longse-ptz-ip-poe-kamera-2mp-18x-zoom-80m-ir-auto-tracking-pt4a118xigc200","status":"publish","type":"product","link":"http:\/\/astehshop.com\/index.php\/product\/longse-ptz-ip-poe-kamera-2mp-18x-zoom-80m-ir-auto-tracking-pt4a118xigc200\/","title":{"rendered":"Longse PTZ IP POE Kamera 2MP 18x Zoom 80m IR Auto Tracking PT4A118XIGC200"},"content":{"rendered":"<p>Model: PT4A118XIGC200<\/p>\n<p>IP PTZ POE Kamera 2MP sa opti\u010dkim Zumom 18x. IR 80m. Kamera se mo\u017ee podesiti da automatski prati kretanja.<\/p>\n<p>\u2022 High quality imaging with 2MP resolution<br \/>\n\u2022 1\/2.9\u2033Progressive Scan CMOS Sensor<br \/>\n\u2022 Support H.264\/H.265 Compression<br \/>\n\u2022 4\u2033 18X IP PTZ<br \/>\n\u2022 Horizontal Rotation Speed\uff1a120\u00b0\/S<br \/>\n\u2022 Horizontal Rotation Range\uff1a0\u00b0~360\u00b0<br \/>\n\u2022 Tilt Rotation Speed: 30\u00b0\/S<br \/>\n\u2022 Tilt Rotation Range:0\u00b0~93\u00b0<br \/>\n\u2022 18X Optical Zoom<br \/>\n\u2022 Support 3D Human Tracking Intrusion Detection Alarm Detection, IP66<\/p>\n","protected":false},"excerpt":{"rendered":"<p>Model: PT4A118XIGC200<\/p>\n<p>IP PTZ POE Kamera 2MP sa opti\u010dkim Zumom 18x. IR 80m. Kamera se mo\u017ee podesiti da automatski prati kretanja.<\/p>\n<p>\u2022 High quality imaging with 2MP resolution<br \/>\n\u2022 1\/2.9\u2033Progressive Scan CMOS Sensor<br \/>\n\u2022 Support H.264\/H.265 Compression<br \/>\n\u2022 4\u2033 18X IP PTZ<br \/>\n\u2022 Horizontal Rotation Speed\uff1a120\u00b0\/S<br \/>\n\u2022 Horizontal Rotation Range\uff1a0\u00b0~360\u00b0<br \/>\n\u2022 Tilt Rotation Speed: 30\u00b0\/S<br \/>\n\u2022 Tilt Rotation Range:0\u00b0~93\u00b0<br \/>\n\u2022 18X Optical Zoom<br \/>\n\u2022 Support 3D Human Tracking Intrusion Detection Alarm Detection, IP66<\/p>\n","protected":false},"featured_media":8827,"comment_status":"open","ping_status":"closed","template":"","meta":{"_mi_skip_tracking":false,"_exactmetrics_sitenote_active":false,"_exactmetrics_sitenote_note":"","_exactmetrics_sitenote_category":0,"spay_email":""},"product_cat":[2078],"product_tag":[477,6451,6447,6450,6449,2081,4041],"brands":[{"id":2220,"name":"Longse","slug":"longse"}],"df_price":765,"df_sale_price":"","df_regular_price":765,"df_image_link":"https:\/\/i0.wp.com\/astehshop.com\/wp-content\/uploads\/2024\/01\/PT6A118XIGC200.jpg?fit=450%2C435","jetpack_publicize_connections":[],"jetpack_sharing_enabled":true,"jetpack_likes_enabled":true,"jetpack-related-posts":[{"id":8826,"url":"http:\/\/astehshop.com\/index.php\/product\/longse-ptz-ip-poe-kamera-2mp-18x-zoom-120m-ir-auto-tracking-pt6a118xigc200\/","url_meta":{"origin":8828,"position":0},"title":"Longse PTZ IP POE Kamera 2MP 18x Zoom 120m IR Auto Tracking PT6A118XIGC200","date":"11. sije\u010dnja 2024.","format":false,"excerpt":"Model: PT6A118XIGC200 IP PTZ POE Kamera 2MP sa opti\u010dkim Zumom 18x. IR 120m. Kamera se mo\u017ee podesiti da automatski prati kretanja. \u2022 High quality imaging with 2MP resolution \u2022 1\/2.9\u2033Progressive Scan CMOS Sensor \u2022 Support H.264\/H.265 Compression \u2022 6\u2033 18X IP PTZ, 35 x 7 PCS + 2PCS Laser LED\u2026","rel":"","context":"Srodne objave","img":{"alt_text":"","src":"https:\/\/i0.wp.com\/astehshop.com\/wp-content\/uploads\/2024\/01\/PT6A118XIGC200.jpg?fit=1024%2C989&resize=350%2C200","width":350,"height":200},"classes":[]},{"id":8830,"url":"http:\/\/astehshop.com\/index.php\/product\/longse-ptz-ip-poe-kamera-5mp-18x-zoom-240m-ir-pt10g118xgl500\/","url_meta":{"origin":8828,"position":1},"title":"Longse PTZ IP POE Kamera 5MP 18x Zoom 240m IR PT10G118XGL500","date":"11. sije\u010dnja 2024.","format":false,"excerpt":"\u0160ifra artikla: PT10G118XGL500 \u2022 1\/2.8\u2033Progressive Scan CMOS Sensor \u2022 Support H.264\/H.265 \u2022 Horizontal Rotation Range :0\u00b0~360\u00b0 \u2022 Tilt Rotation Range :0\u00b0~90\u00b0 \u2022 36X Optical Zoom 5.35mm-96.3mm \u2022 IR Range: 240m, \uffe035 x 11 + 4PCS Laser LED \u2022 Intelligent Analysis: Intrusion Detection,motion detection based on human detection \u2022 Weatherproof: IP66","rel":"","context":"Srodne objave","img":{"alt_text":"","src":"https:\/\/i0.wp.com\/astehshop.com\/wp-content\/uploads\/2024\/01\/PT6A118XIGC200.jpg?fit=1024%2C989&resize=350%2C200","width":350,"height":200},"classes":[]},{"id":8832,"url":"http:\/\/astehshop.com\/index.php\/product\/longse-ptz-ip-poe-kamera-5mp-36x-zoom-240m-ir-pt10g136xgl500\/","url_meta":{"origin":8828,"position":2},"title":"Longse PTZ IP POE Kamera 5MP 36x Zoom 240m IR PT10G136XGL500","date":"11. sije\u010dnja 2024.","format":false,"excerpt":"\u0160ifra artikla: PT10G136XGL500 \u2022 1\/2.8\u2033Progressive Scan CMOS Sensor \u2022 Support H.264\/H.265 \u2022 Horizontal Rotation Range :0\u00b0~360\u00b0 \u2022 Tilt Rotation Range :0\u00b0~90\u00b0 \u2022 36X Optical Zoom 4.6-165mm F1.6-F4.3 \u2022 IR Range: 240m, \uffe035 x 11 + 4PCS Laser LED \u2022 Intelligent Analysis: Intrusion Detection,motion detection based on human detection \u2022 Weatherproof:\u2026","rel":"","context":"Srodne objave","img":{"alt_text":"","src":"https:\/\/i0.wp.com\/astehshop.com\/wp-content\/uploads\/2024\/01\/PT6A118XIGC200.jpg?fit=1024%2C989&resize=350%2C200","width":350,"height":200},"classes":[]},{"id":6322,"url":"http:\/\/astehshop.com\/index.php\/product\/ptz-ip-high-speed-dome-kamera-10%e2%80%b3-hd-ip-2-1mp-36x-zoom-poe-200m-ir-pt10g136s200\/","url_meta":{"origin":8828,"position":3},"title":"PTZ IP HIGH SPEED DOME KAMERA 10\u2033 HD-IP 2.1MP 36X ZOOM POE 200M IR PT10G136S200","date":"23. travnja 2022.","format":false,"excerpt":"10\u2033 Outdoor High Speed PTZ Kamera 2.1MP IR 200m \u2022 1\/3\u2033 Panasonic Low Illumination 2MP CMOS Sensor \u2022 H.264 Compression Method \u2022\u00a036X Optical Zoom (f=4.6mm-165mm) \u2022 IR Distance\u00a0200m Max. \u2022 IP66 Outdoor \u2022 Garancija 24 mjeseca","rel":"","context":"Srodne objave","img":{"alt_text":"","src":"https:\/\/i2.wp.com\/astehshop.com\/wp-content\/uploads\/2022\/04\/PT5E122HSL200-1.jpg?fit=1200%2C900&resize=350%2C200","width":350,"height":200},"classes":[]},{"id":4094,"url":"http:\/\/astehshop.com\/index.php\/product\/longse-2-1-mpx-18x-zoom-pt5a018htc200ns-ptz\/","url_meta":{"origin":8828,"position":4},"title":"Longse 2.1 MPX 18x zoom PT5A018HTC200NS PTZ","date":"22. velja\u010de 2020.","format":false,"excerpt":"\u2022 1 \/ 2.9 \"SONY CMOS senzor 1080P \u2022 3IN1: AHD \/ HD-TVI \/ CVBS \u2022 18X opti\u010dki zum (f = 5.35mm-96.3mm) \u2022 IC udaljenost 60m Max. \u2022 IP66 Vanjski \u2022 Garancija 24 mjeseca","rel":"","context":"Srodne objave","img":{"alt_text":"","src":"https:\/\/i2.wp.com\/astehshop.com\/wp-content\/uploads\/2020\/02\/PT5A018HTC200NS.jpg?fit=603%2C494&resize=350%2C200","width":350,"height":200},"classes":[]},{"id":4982,"url":"http:\/\/astehshop.com\/index.php\/product\/ptz-ip-high-speed-kamera-10-5mp-36x-zoom-poe-240m-ir-pt10g136ss500\/","url_meta":{"origin":8828,"position":5},"title":"PTZ IP High Speed Kamera 10&#8243; 5MP 36x zoom POE 240M IR PT10G136SS500","date":"7. studenoga 2020.","format":false,"excerpt":"PT10G136SS500 10\"Outdoor High Speed PTZ IR 240m \u2022 1\/2.8\"SONY Starvis Back-illuminated CMOS sensor \u2022 H.264\/H.265 Compression Method \u2022 36X Optical Zoom (f=4.6mm-165mm) \u2022 IR Distance 240m Max. \u2022 IP66 Outdoor Garancija 24 mjeseca","rel":"","context":"Srodne objave","img":{"alt_text":"","src":"https:\/\/i2.wp.com\/astehshop.com\/wp-content\/uploads\/2020\/11\/PT10G136SS500.jpg?fit=1200%2C900&resize=350%2C200","width":350,"height":200},"classes":[]}],"_links":{"self":[{"href":"http:\/\/astehshop.com\/index.php\/wp-json\/wp\/v2\/product\/8828"}],"collection":[{"href":"http:\/\/astehshop.com\/index.php\/wp-json\/wp\/v2\/product"}],"about":[{"href":"http:\/\/astehshop.com\/index.php\/wp-json\/wp\/v2\/types\/product"}],"replies":[{"embeddable":true,"href":"http:\/\/astehshop.com\/index.php\/wp-json\/wp\/v2\/comments?post=8828"}],"wp:featuredmedia":[{"embeddable":true,"href":"http:\/\/astehshop.com\/index.php\/wp-json\/wp\/v2\/media\/8827"}],"wp:attachment":[{"href":"http:\/\/astehshop.com\/index.php\/wp-json\/wp\/v2\/media?parent=8828"}],"wp:term":[{"taxonomy":"product_cat","embeddable":true,"href":"http:\/\/astehshop.com\/index.php\/wp-json\/wp\/v2\/product_cat?post=8828"},{"taxonomy":"product_tag","embeddable":true,"href":"http:\/\/astehshop.com\/index.php\/wp-json\/wp\/v2\/product_tag?post=8828"}],"curies":[{"name":"wp","href":"https:\/\/api.w.org\/{rel}","templated":true}]}}