{"id":8823,"date":"2024-01-10T21:46:17","date_gmt":"2024-01-10T20:46:17","guid":{"rendered":"http:\/\/astehshop.com\/?post_type=product&#038;p=8823"},"modified":"2024-02-18T10:47:38","modified_gmt":"2024-02-18T09:47:38","slug":"longse-starlight-ip-kamera-bullet-8mp-3-6mm-20m-ir-poe-sd-card-slot-bmsaml800","status":"publish","type":"product","link":"http:\/\/astehshop.com\/index.php\/product\/longse-starlight-ip-kamera-bullet-8mp-3-6mm-20m-ir-poe-sd-card-slot-bmsaml800\/","title":{"rendered":"Longse Starlight IP Kamera Bullet 8MP 3.6mm 20m IR POE + SD Card Slot BMSAML800"},"content":{"rendered":"<p>Model: BMSAML800<\/p>\n<p>Ovaj model kamere dolazi u metalnom ku\u0107i\u0161tu sa objektivom 3.6mm i rezolucijom 8MP@20fps 4MP@20fps UHD 4K (<strong>SC8238+SSC338Q<\/strong>). Objektivom od 3.6mm i ista \u0107e pokriti prostor sa jasnom i kvalitetnom slikom ili videom. No\u0107ni IR domet u boji 24h + Starlight no\u0107no osvjetljenje, hvata do 20 metara.<\/p>\n<p>Sa kompresijom H.265 ili H.265+ kamera \u0107e u\u0161tedjeti mjesto na va\u0161em hard disku ili SD kartici, a da potom ne gubi na kvalitetu snimka.<\/p>\n<p>Istu je jednostavno povezati na va\u0161 ruter i putem Bitvision aplikacije kameru pratiti putem interneta. Isto tako mo\u017ee se podesiti da prilikom uo\u010denja kretanja kamera \u0161alje sliku na va\u0161 mobitel i o istom Vas obavjesti.<\/p>\n<p>IP67 Standardom ista je vodootporna i za\u0161ti\u0107ena od ulaza pra\u0161ine. Ovaj tip namjenjen je i za vanjsku i unutra\u0161nju monta\u017eu.<\/p>\n<p>Prednost IP POE Kamera je ta \u0161to je dovoljan jedan UTP Kabal (preporuka Cat6), a kroz isti kamera dobije napajanje i video signal. U koliko kamera radi zasebno mo\u017ee se spojiti direktno na Adapter 12V 1 ili 2A.<\/p>\n<p><strong>Garancija 24 mjeseca (U slu\u010daju kvara u uslovima garancije ure\u0111aj se ne popravlja, nego isklju\u010divo mijenja za novi ure\u0111aj istih ili boljih karekteristika). Kod ugradnje bitno je obratiti pa\u017enju da isto odradi ovla\u0161tena ili stru\u010dna osoba.<\/strong><\/p>\n","protected":false},"excerpt":{"rendered":"<p>Model: BMSAML800<\/p>\n<p>Ovaj model kamere dolazi u metalnom ku\u0107i\u0161tu sa objektivom 3.6mm i rezolucijom 8MP@20fps 4MP@20fps UHD 4K (<strong>SC8238+SSC338Q<\/strong>). Objektivom od 3.6mm i ista \u0107e pokriti prostor sa jasnom i kvalitetnom slikom ili videom. No\u0107ni IR domet u boji 24h + Starlight no\u0107no osvjetljenje, hvata do 20 metara.<\/p>\n<p>Sa kompresijom H.265 ili H.265+ kamera \u0107e u\u0161tedjeti mjesto na va\u0161em hard disku ili SD kartici, a da potom ne gubi na kvalitetu snimka.<\/p>\n<p>Istu je jednostavno povezati na va\u0161 ruter i putem Bitvision aplikacije kameru pratiti putem interneta. Isto tako mo\u017ee se podesiti da prilikom uo\u010denja kretanja kamera \u0161alje sliku na va\u0161 mobitel i o istom Vas obavjesti.<\/p>\n<p>IP67 Standardom ista je vodootporna i za\u0161ti\u0107ena od ulaza pra\u0161ine. Ovaj tip namjenjen je i za vanjsku i unutra\u0161nju monta\u017eu.<\/p>\n<p>Prednost IP POE Kamera je ta \u0161to je dovoljan jedan UTP Kabal (preporuka Cat6), a kroz isti kamera dobije napajanje i video signal. U koliko kamera radi zasebno mo\u017ee se spojiti direktno na Adapter 12V 1 ili 2A.<\/p>\n<p><strong>Garancija 24 mjeseca (U slu\u010daju kvara u uslovima garancije ure\u0111aj se ne popravlja, nego isklju\u010divo mijenja za novi ure\u0111aj istih ili boljih karekteristika). Kod ugradnje bitno je obratiti pa\u017enju da isto odradi ovla\u0161tena ili stru\u010dna osoba.<\/strong><\/p>\n","protected":false},"featured_media":8816,"comment_status":"open","ping_status":"closed","template":"","meta":{"_mi_skip_tracking":false,"_exactmetrics_sitenote_active":false,"_exactmetrics_sitenote_note":"","_exactmetrics_sitenote_category":0,"spay_email":""},"product_cat":[1043],"product_tag":[6442,6204,548,1042,4816,235,474,475],"brands":[{"id":2220,"name":"Longse","slug":"longse"}],"df_price":399,"df_sale_price":"","df_regular_price":399,"df_image_link":"https:\/\/i0.wp.com\/astehshop.com\/wp-content\/uploads\/2023\/11\/BMSAFG400WH-2.png?fit=450%2C365","jetpack_publicize_connections":[],"jetpack_sharing_enabled":true,"jetpack_likes_enabled":true,"jetpack-related-posts":[{"id":5406,"url":"http:\/\/astehshop.com\/index.php\/product\/bullet-ip-kamera-2mp-3-6mm-poe-super-starlight-60m-ir-bmlasp200\/","url_meta":{"origin":8823,"position":0},"title":"BULLET IP KAMERA 2MP 3.6MM POE SUPER STARLIGHT 60M IR BMLASP200","date":"13. listopada 2021.","format":false,"excerpt":"Ova IP Kamera mo\u017ee raditi ne ovisno od snima\u010da, jer posjeduje mjesto za momorijsku karticu do 512 GB. Isto tako mo\u017ee se podesiti da prilikom uo\u010denja kretanja kamera \u0161alje sliku na va\u0161 mobitel i o istom Vas obavjesti. Ovaj model kamere dolazi u robusnom metalnom ku\u0107i\u0161tu sa objektivom 3.6mm i\u2026","rel":"","context":"Srodne objave","img":{"alt_text":"","src":"https:\/\/i0.wp.com\/astehshop.com\/wp-content\/uploads\/2021\/10\/BMLASP200-1.jpg?fit=1200%2C900&resize=350%2C200","width":350,"height":200},"classes":[]},{"id":8821,"url":"http:\/\/astehshop.com\/index.php\/product\/longse-starlight-ip-kamera-bullet-8mp-2-8mm-20m-ir-poe-sd-card-slot-bmsasl800\/","url_meta":{"origin":8823,"position":1},"title":"Longse Starlight IP Kamera Bullet 8MP 2.8mm 20m IR POE + SD Card Slot BMSASL800","date":"10. sije\u010dnja 2024.","format":false,"excerpt":"Model: BMSASL800 Ovaj model kamere dolazi u metalnom ku\u0107i\u0161tu sa objektivom 2.8mm i rezolucijom 8MP@20fps 4MP@20fps UHD 4K (SONY IMX415+Hi3516AV 300). \u0160irokim objektivom od 2.8mm i ista \u0107e pokriti \u0161irok dio prostora sa jasnom i kvalitetnom slikom ili videom. No\u0107ni IR domet u boji 24h + Starlight no\u0107no osvjetljenje, hvata\u2026","rel":"","context":"Srodne objave","img":{"alt_text":"","src":"https:\/\/i0.wp.com\/astehshop.com\/wp-content\/uploads\/2023\/11\/BMSAFG400WH-2.png?fit=1140%2C924&resize=350%2C200","width":350,"height":200},"classes":[]},{"id":6306,"url":"http:\/\/astehshop.com\/index.php\/product\/longser-ip-kamera-bullet-2mp-3-6mm-25m-ir-poe-lbh30gc200\/","url_meta":{"origin":8823,"position":2},"title":"Longser IP Kamera Bullet 2MP 3.6mm 25m IR POE LBH30GC200","date":"23. travnja 2022.","format":false,"excerpt":"Ovaj model kamere dolazi u metalnom ku\u0107i\u0161tu sa objektivom 3.6mm i rezolucijom Full HD 2MP (GC2063+GK7205V200). Objektivom od 3.6mm i ista \u0107e pokriti svoj prostor sa jasnom i kvalitetnom slikom ili videom. No\u0107ni IR domet do 25 metara. Sa kompresijom H.265 ili H.265+ kamera \u0107e u\u0161tedjeti mjesto na va\u0161em hard\u2026","rel":"","context":"Srodne objave","img":{"alt_text":"","src":"https:\/\/i1.wp.com\/astehshop.com\/wp-content\/uploads\/2022\/04\/LBH30GC200.jpg?fit=480%2C350&resize=350%2C200","width":350,"height":200},"classes":[]},{"id":6308,"url":"http:\/\/astehshop.com\/index.php\/product\/ip-kamera-bullet-4-mp-2-8mm-25m-ir-poe-starlight-bmsarl400\/","url_meta":{"origin":8823,"position":3},"title":"IP Kamera Bullet 4 MP 2.8mm 25m IR POE Starlight BMSARL400","date":"23. travnja 2022.","format":false,"excerpt":"Ovaj model kamere dolazi u metalnom ku\u0107i\u0161tu sa objektivom 3.6mm i rezolucijom 4K 5MP@30fps (SONY IMX335+RV1109). Objektivom 2.8mm i ista \u0107e pokriti kvalitetno \u0161irok dio prostora sa jasnom slikom ili videom. No\u0107ni IR domet 25m Starlight, uz vrlo malo svjetlosti kamera \u0107e snimati 24 sata u boji. Sa kompresijom H.265\u2026","rel":"","context":"Srodne objave","img":{"alt_text":"","src":"https:\/\/i2.wp.com\/astehshop.com\/wp-content\/uploads\/2022\/04\/BMSARL400.jpg?fit=480%2C350&resize=350%2C200","width":350,"height":200},"classes":[]},{"id":5400,"url":"http:\/\/astehshop.com\/index.php\/product\/bullet-ip-kamera-2mp-2-8mm-poe-starlight-25m-ir-bmsahsl200\/","url_meta":{"origin":8823,"position":4},"title":"BULLET IP KAMERA 2MP 2.8MM POE STARLIGHT 25M IR BMSAHSL200","date":"11. listopada 2021.","format":false,"excerpt":"Ova IP Kamera mo\u017ee raditi ne ovisno od snima\u010da, jer posjeduje mjesto za momorijsku karticu do 512 GB. Isto tako mo\u017ee se podesiti da prilikom uo\u010denja kretanja kamera \u0161alje sliku na va\u0161 mobitel i o istom Vas obavjesti. Ovaj model kamere dolazi u metalnom ku\u0107i\u0161tu extra dizajna i sa \u0161irokim\u2026","rel":"","context":"Srodne objave","img":{"alt_text":"","src":"https:\/\/i2.wp.com\/astehshop.com\/wp-content\/uploads\/2021\/10\/BMSASL200WH-111.png?fit=648%2C480&resize=350%2C200","width":350,"height":200},"classes":[]},{"id":8498,"url":"http:\/\/astehshop.com\/index.php\/product\/longse-starlight-ip-kamera-dome-4mp-2-8mm-25m-ir-poe-sd-slot-mikrofon-cmsbrl400\/","url_meta":{"origin":8823,"position":5},"title":"Longse Starlight IP Kamera Dome 4MP 2.8mm 25m IR POE + SD Slot + Mikrofon CMSBRL400","date":"2. studenoga 2023.","format":false,"excerpt":"Ovaj model kamere dolazi u metalnom ku\u0107i\u0161tu sa objektivom 2.8mm i rezolucijom 5MP@30fps 4K (SONY IMX335+RV1109). \u0160irokim objektivom od 2.8mm i ista \u0107e pokriti \u0161irok dio prostora sa jasnom i kvalitetnom slikom ili videom. No\u0107ni IR domet u boji 24h + Starlight no\u0107no osvjetljenje, hvata do 25 metara. Posjeduje integrirani\u2026","rel":"","context":"Srodne objave","img":{"alt_text":"","src":"https:\/\/i0.wp.com\/astehshop.com\/wp-content\/uploads\/2023\/11\/CMSDFG200.jpg?fit=329%2C248&resize=350%2C200","width":350,"height":200},"classes":[]}],"_links":{"self":[{"href":"http:\/\/astehshop.com\/index.php\/wp-json\/wp\/v2\/product\/8823"}],"collection":[{"href":"http:\/\/astehshop.com\/index.php\/wp-json\/wp\/v2\/product"}],"about":[{"href":"http:\/\/astehshop.com\/index.php\/wp-json\/wp\/v2\/types\/product"}],"replies":[{"embeddable":true,"href":"http:\/\/astehshop.com\/index.php\/wp-json\/wp\/v2\/comments?post=8823"}],"wp:featuredmedia":[{"embeddable":true,"href":"http:\/\/astehshop.com\/index.php\/wp-json\/wp\/v2\/media\/8816"}],"wp:attachment":[{"href":"http:\/\/astehshop.com\/index.php\/wp-json\/wp\/v2\/media?parent=8823"}],"wp:term":[{"taxonomy":"product_cat","embeddable":true,"href":"http:\/\/astehshop.com\/index.php\/wp-json\/wp\/v2\/product_cat?post=8823"},{"taxonomy":"product_tag","embeddable":true,"href":"http:\/\/astehshop.com\/index.php\/wp-json\/wp\/v2\/product_tag?post=8823"}],"curies":[{"name":"wp","href":"https:\/\/api.w.org\/{rel}","templated":true}]}}