{"id":8811,"date":"2024-01-10T18:13:59","date_gmt":"2024-01-10T17:13:59","guid":{"rendered":"http:\/\/astehshop.com\/?post_type=product&#038;p=8811"},"modified":"2026-04-04T20:21:14","modified_gmt":"2026-04-04T18:21:14","slug":"longse-2mp-4in1-hd-dome-ir-20m-2-8mm-lirdlahtc200f-eco","status":"publish","type":"product","link":"http:\/\/astehshop.com\/index.php\/product\/longse-2mp-4in1-hd-dome-ir-20m-2-8mm-lirdlahtc200f-eco\/","title":{"rendered":"Longse 2MP 4IN1 HD DOME IR 20m 2.8mm LIRDLAHTC200F-ECO"},"content":{"rendered":"<p>Model: LIRDLAHTC200F-ECO<\/p>\n<p>Ovaj model kamere mo\u017ee raditi u kombinaciji i sa ostalim proizvo\u0111a\u010dima snima\u010da.<\/p>\n<p>Kamera posjeduje OSD Menu, tako da se mo\u017ee prebaciti na \u017eeljeni mod kao npr. AHD, CVI, TVI ili CVBS..<\/p>\n<p>Kamera se nalazi plasti\u010dnom ku\u0107i\u0161tu, standarda IP66 tako da je vodootporna i za\u0161ti\u0107ena od pra\u0161ine.<\/p>\n<p>Dolazi sa fixnim \u0161irokim objektivom 2.8mm.<\/p>\n<p>Maximalni no\u0107ni IR domet do 20m.<\/p>\n<p><strong>Garancija 24 mjeseca (U slu\u010daju kvara u uslovima garancije ure\u0111aj se ne popravlja, nego isklju\u010divo mijenja za novi ure\u0111aj istih ili boljih karekteristika). Kod ugradnje bitno je obratiti pa\u017enju da isto odradi ovla\u0161tena ili stru\u010dna osoba.<\/strong><\/p>\n","protected":false},"excerpt":{"rendered":"<p>Model: LIRDLAHTC200F-ECO<\/p>\n<p>Ovaj model kamere mo\u017ee raditi u kombinaciji i sa ostalim proizvo\u0111a\u010dima snima\u010da.<\/p>\n<p>Kamera posjeduje OSD Menu, tako da se mo\u017ee prebaciti na \u017eeljeni mod kao npr. AHD, CVI, TVI ili CVBS..<\/p>\n<p>Kamera se nalazi plasti\u010dnom ku\u0107i\u0161tu, standarda IP66 tako da je vodootporna i za\u0161ti\u0107ena od pra\u0161ine.<\/p>\n<p>Dolazi sa fixnim \u0161irokim objektivom 2.8mm.<\/p>\n<p>Maximalni no\u0107ni IR domet do 20m.<\/p>\n<p><strong>Garancija 24 mjeseca (U slu\u010daju kvara u uslovima garancije ure\u0111aj se ne popravlja, nego isklju\u010divo mijenja za novi ure\u0111aj istih ili boljih karekteristika). Kod ugradnje bitno je obratiti pa\u017enju da isto odradi ovla\u0161tena ili stru\u010dna osoba.<\/strong><\/p>\n","protected":false},"featured_media":8809,"comment_status":"open","ping_status":"closed","template":"","meta":{"_mi_skip_tracking":false,"_exactmetrics_sitenote_active":false,"_exactmetrics_sitenote_note":"","_exactmetrics_sitenote_category":0,"spay_email":""},"product_cat":[6356,131],"product_tag":[1549,6431,1042,2222,6304,462],"brands":[{"id":2220,"name":"Longse","slug":"longse"}],"df_price":49,"df_sale_price":49,"df_regular_price":99,"df_image_link":"https:\/\/i1.wp.com\/astehshop.com\/wp-content\/uploads\/2024\/01\/LIRDLAHTC200FPE.png?fit=431%2C373","jetpack_publicize_connections":[],"jetpack_sharing_enabled":true,"jetpack_likes_enabled":true,"jetpack-related-posts":[{"id":8808,"url":"http:\/\/astehshop.com\/index.php\/product\/longse-2mp-5mp-lite-4in1-hd-dome-kamera-ir-20m-lirdlahtc200fpe\/","url_meta":{"origin":8811,"position":0},"title":"Longse 2MP \/ 5MP Lite 4IN1 HD Dome Kamera IR 20m LIRDLAHTC200FPE","date":"10. sije\u010dnja 2024.","format":false,"excerpt":"Model: LIRDLAHTC200FPE Ovaj model kamere mo\u017ee raditi u kombinaciji i sa ostalim proizvo\u0111a\u010dima snima\u010da. Kamera posjeduje OSD Menu, tako da se mo\u017ee prebaciti na \u017eeljeni mod kao npr. AHD, CVI, TVI ili CVBS.. Kamera se nalazi plasti\u010dnom ku\u0107i\u0161tu, standarda IP66 tako da je vodootporna i za\u0161ti\u0107ena od pra\u0161ine. Dolazi sa\u2026","rel":"","context":"Srodne objave","img":{"alt_text":"","src":"https:\/\/i1.wp.com\/astehshop.com\/wp-content\/uploads\/2024\/01\/LIRDLAHTC200FPE.png?fit=431%2C373&resize=350%2C200","width":350,"height":200},"classes":[]},{"id":8806,"url":"http:\/\/astehshop.com\/index.php\/product\/longse-2mp-4in1-hd-bullet-kamera-ir-25m-3-6mm-bmsdhtc200f-eco\/","url_meta":{"origin":8811,"position":1},"title":"Longse 2MP 4IN1 HD Bullet Kamera IR 25m 3.6mm BMSDHTC200F-ECO","date":"10. sije\u010dnja 2024.","format":false,"excerpt":"Model: BMSDHTC200F-ECO Ovaj model kamere mo\u017ee raditi u kombinaciji i sa ostalim proizvo\u0111a\u010dima snima\u010da. Kamera posjeduje OSD Menu, tako da se mo\u017ee prebaciti na \u017eeljeni mod kao npr. AHD, CVI, TVI ili CVBS.. Kamera se nalazi ku\u0107i\u0161tu prednjeg metalnog poklopca, a tijelo od plastike, standarda IP66 tako da je vodootporna\u2026","rel":"","context":"Srodne objave","img":{"alt_text":"","src":"https:\/\/i1.wp.com\/astehshop.com\/wp-content\/uploads\/2024\/01\/BPSCHTC200FPEW-2.jpg?fit=329%2C248&resize=350%2C200","width":350,"height":200},"classes":[]},{"id":8803,"url":"http:\/\/astehshop.com\/index.php\/product\/longse-2mp-5mp-4in1-kamera-ir-20m-2-8mm-lbm24htc200feh-2\/","url_meta":{"origin":8811,"position":2},"title":"Longse 2MP \/ 5MP 4IN1 KAMERA IR 20M 2.8MM LBM24HTC200FEH-2","date":"10. sije\u010dnja 2024.","format":false,"excerpt":"Ovaj model kamere mo\u017ee raditi u kombinaciji i sa ostalim proizvo\u0111a\u010dima snima\u010da. Kamera posjeduje OSD Menu, tako da se mo\u017ee prebaciti na \u017eeljeni mod kao npr. AHD, CVI, TVI ili CVBS. Rezolucija same kamere ovisi od snima\u010da, u koliko snima\u010d podr\u017eava kamere od 5 megapixela u samim postavkama kamera se\u2026","rel":"","context":"Srodne objave","img":{"alt_text":"","src":"https:\/\/i2.wp.com\/astehshop.com\/wp-content\/uploads\/2024\/01\/LBM24HTC200FEH-2.jpg?fit=342%2C285&resize=350%2C200","width":350,"height":200},"classes":[]},{"id":8813,"url":"http:\/\/astehshop.com\/index.php\/product\/longse-5mp-4in1-4k-lite-full-color-ir-25m-2-8mm-cmsbthc500fkew\/","url_meta":{"origin":8811,"position":3},"title":"Longse 5MP 4IN1 4K Lite Full Color IR 25m 2.8mm CMSBTHC500FKEW","date":"10. sije\u010dnja 2024.","format":false,"excerpt":"Model: CMSBTHC500FKEW Ovaj model kamere mo\u017ee raditi u kombinaciji i sa ostalim proizvo\u0111a\u010dima snima\u010da. Kamera posjeduje OSD Menu, tako da se mo\u017ee prebaciti na \u017eeljeni mod kao npr. AHD, CVI, TVI ili CVBS.. Kamera se nalazi metalnom ku\u0107i\u0161tu, standarda IP66 tako da je vodootporna i za\u0161ti\u0107ena od pra\u0161ine. Dolazi sa\u2026","rel":"","context":"Srodne objave","img":{"alt_text":"","src":"https:\/\/i1.wp.com\/astehshop.com\/wp-content\/uploads\/2024\/01\/Screenshot-2024-01-10-at-18-15-57-Longse-Full-Color-camera-specification-sheets_V202111A-20211222.xls-CMSBHTC500FKEW_20220626105213614.pdf.png?fit=452%2C425&resize=350%2C200","width":350,"height":200},"classes":[]},{"id":6288,"url":"http:\/\/astehshop.com\/index.php\/product\/longse-dome-kamera-5m-4k-lite-4in1-hd-ir-25m-cmlbhtc500fkp\/","url_meta":{"origin":8811,"position":4},"title":"Longse DOME kamera 5M \/ 4K Lite 4IN1 HD IR 25m CMLBHTC500FKP","date":"23. travnja 2022.","format":false,"excerpt":"Ovaj model kamere mo\u017ee raditi u kombinaciji i sa ostalim proizvo\u0111a\u010dima snima\u010da. Kamera posjeduje OSD Menu, tako da se mo\u017ee prebaciti na \u017eeljeni mod kao npr. AHD, CVI, TVI ili CVBS. Rezolucija same kamere ovisi od snima\u010da, u koliko snima\u010d podr\u017eava kamere od 8 megapixela u samim postavkama kamera se\u2026","rel":"","context":"Srodne objave","img":{"alt_text":"","src":"https:\/\/i2.wp.com\/astehshop.com\/wp-content\/uploads\/2022\/04\/CMLBHTC500FKP.jpg?fit=960%2C700&resize=350%2C200","width":350,"height":200},"classes":[]},{"id":6284,"url":"http:\/\/astehshop.com\/index.php\/product\/longse-2-mp-5-mp-4in1-hd-dome-ir-20m-2-8mm-lirdlahtc200feh\/","url_meta":{"origin":8811,"position":5},"title":"Longse 2 MP \/ 5 MP 4IN1 HD DOME IR 20M 2.8MM LIRDLAHTC200FEH","date":"23. travnja 2022.","format":false,"excerpt":"Ovaj model kamere mo\u017ee raditi u kombinaciji i sa ostalim proizvo\u0111a\u010dima snima\u010da. Kamera posjeduje OSD Menu, tako da se mo\u017ee prebaciti na \u017eeljeni mod kao npr. AHD, CVI, TVI ili CVBS. Rezolucija same kamere ovisi od snima\u010da, u koliko snima\u010d podr\u017eava kamere od 5 megapixela u samim postavkama kamera se\u2026","rel":"","context":"Srodne objave","img":{"alt_text":"","src":"https:\/\/i1.wp.com\/astehshop.com\/wp-content\/uploads\/2022\/04\/lird200feh.jpg?fit=960%2C700&resize=350%2C200","width":350,"height":200},"classes":[]}],"_links":{"self":[{"href":"http:\/\/astehshop.com\/index.php\/wp-json\/wp\/v2\/product\/8811"}],"collection":[{"href":"http:\/\/astehshop.com\/index.php\/wp-json\/wp\/v2\/product"}],"about":[{"href":"http:\/\/astehshop.com\/index.php\/wp-json\/wp\/v2\/types\/product"}],"replies":[{"embeddable":true,"href":"http:\/\/astehshop.com\/index.php\/wp-json\/wp\/v2\/comments?post=8811"}],"wp:featuredmedia":[{"embeddable":true,"href":"http:\/\/astehshop.com\/index.php\/wp-json\/wp\/v2\/media\/8809"}],"wp:attachment":[{"href":"http:\/\/astehshop.com\/index.php\/wp-json\/wp\/v2\/media?parent=8811"}],"wp:term":[{"taxonomy":"product_cat","embeddable":true,"href":"http:\/\/astehshop.com\/index.php\/wp-json\/wp\/v2\/product_cat?post=8811"},{"taxonomy":"product_tag","embeddable":true,"href":"http:\/\/astehshop.com\/index.php\/wp-json\/wp\/v2\/product_tag?post=8811"}],"curies":[{"name":"wp","href":"https:\/\/api.w.org\/{rel}","templated":true}]}}