{"id":8805,"date":"2024-01-10T17:47:47","date_gmt":"2024-01-10T16:47:47","guid":{"rendered":"http:\/\/astehshop.com\/?post_type=product&#038;p=8805"},"modified":"2025-03-19T07:52:34","modified_gmt":"2025-03-19T06:52:34","slug":"longse-2mp-5mp-4in1-kamera-ir-20m-3-6mm-lbm24htc200feh-3","status":"publish","type":"product","link":"http:\/\/astehshop.com\/index.php\/product\/longse-2mp-5mp-4in1-kamera-ir-20m-3-6mm-lbm24htc200feh-3\/","title":{"rendered":"Longse 2MP \/ 5MP 4IN1 KAMERA IR 20M 3.6MM LBM24HTC200FEH-3"},"content":{"rendered":"<p>Ovaj model kamere mo\u017ee raditi u kombinaciji i sa ostalim proizvo\u0111a\u010dima snima\u010da.<\/p>\n<p>Kamera posjeduje OSD Menu, tako da se mo\u017ee prebaciti na \u017eeljeni mod kao npr. AHD, CVI, TVI ili CVBS.<\/p>\n<p>Rezolucija same kamere ovisi od snima\u010da, u koliko snima\u010d podr\u017eava kamere od 5 megapixela u samim postavkama kamera se mo\u017ee prebaciti na maximalnu rezoluciju do 5 megapixela.<\/p>\n<p>Kamera se nalazi plasti\u010dnom ku\u0107i\u0161tu, ali je standarda IP67 tako da je vodootporna i za\u0161ti\u0107ena od pra\u0161ine.<\/p>\n<p>3.6mm objektivom pokrit \u0107e u\u017ei dio prostora, nego sa 2.8mm, ali samim tim dobit \u0107ete jasniju sliku. Maximalni no\u0107ni IR domet je do 20 metara.<\/p>\n<p><strong>Garancija 24 mjeseca (U slu\u010daju kvara u uslovima garancije ure\u0111aj se ne popravlja, nego isklju\u010divo mijenja za novi ure\u0111aj istih ili boljih karekteristika). Kod ugradnje bitno je obratiti pa\u017enju da isto odradi ovla\u0161tena ili stru\u010dna osoba.<\/strong><\/p>\n<p>LBM24HTC200FEH-3<\/p>\n<p>(kamera u kombinaciji sa XVR HD snima\u010dima radi u rezoluciji 5mpx)<\/p>\n<p>2MP\u00a0 4IN1 HD Bullet IR 20m Plastic<\/p>\n<p>\u2022 1\/3\u2033 2MP (Default) 5MP Output CMOS Sensor 1080P<\/p>\n<p>\u2022 AHD\/CVI\/TVI\/CVBS 4 IN 1<\/p>\n<p>\u2022 3.6\/F2.0mm Fixed Lens<\/p>\n<p>\u2022 IR Distance Max. 20m<\/p>\n<p>\u2022 Indoor Use, OSD&amp;UTC Support<\/p>\n<p>\u2022 With IR-CUT, Low Illumination, DWDR, 3D NR, UTC, OSD<\/p>\n","protected":false},"excerpt":{"rendered":"<p>Ovaj model kamere mo\u017ee raditi u kombinaciji i sa ostalim proizvo\u0111a\u010dima snima\u010da.<\/p>\n<p>Kamera posjeduje OSD Menu, tako da se mo\u017ee prebaciti na \u017eeljeni mod kao npr. AHD, CVI, TVI ili CVBS.<\/p>\n<p>Rezolucija same kamere ovisi od snima\u010da, u koliko snima\u010d podr\u017eava kamere od 5 megapixela u samim postavkama kamera se mo\u017ee prebaciti na maximalnu rezoluciju do 5 megapixela.<\/p>\n<p>Kamera se nalazi plasti\u010dnom ku\u0107i\u0161tu, ali je standarda IP67 tako da je vodootporna i za\u0161ti\u0107ena od pra\u0161ine.<\/p>\n<p>3.6mm objektivom pokrit \u0107e u\u017ei dio prostora, nego sa 2.8mm, ali samim tim dobit \u0107ete jasniju sliku. Maximalni no\u0107ni IR domet je do 20 metara.<\/p>\n<p><strong>Garancija 24 mjeseca (U slu\u010daju kvara u uslovima garancije ure\u0111aj se ne popravlja, nego isklju\u010divo mijenja za novi ure\u0111aj istih ili boljih karekteristika). Kod ugradnje bitno je obratiti pa\u017enju da isto odradi ovla\u0161tena ili stru\u010dna osoba.<\/strong><\/p>\n<p>LBM24HTC200FEH-3<\/p>\n<p>(kamera u kombinaciji sa XVR HD snima\u010dima radi u rezoluciji 5mpx)<\/p>\n<p>2MP\u00a0 4IN1 HD Bullet IR 20m Plastic<\/p>\n<p>\u2022 1\/3\u2033 2MP (Default) 5MP Output CMOS Sensor 1080P<\/p>\n<p>\u2022 AHD\/CVI\/TVI\/CVBS 4 IN 1<\/p>\n<p>\u2022 3.6\/F2.0mm Fixed Lens<\/p>\n<p>\u2022 IR Distance Max. 20m<\/p>\n<p>\u2022 Indoor Use, OSD&amp;UTC Support<\/p>\n<p>\u2022 With IR-CUT, Low Illumination, DWDR, 3D NR, UTC, OSD<\/p>\n","protected":false},"featured_media":8804,"comment_status":"open","ping_status":"closed","template":"","meta":{"_mi_skip_tracking":false,"_exactmetrics_sitenote_active":false,"_exactmetrics_sitenote_note":"","_exactmetrics_sitenote_category":0,"spay_email":""},"product_cat":[132],"product_tag":[6426,1042,1049,1034,4816],"brands":[{"id":2220,"name":"Longse","slug":"longse"}],"df_price":72,"df_sale_price":"","df_regular_price":72,"df_image_link":"https:\/\/i2.wp.com\/astehshop.com\/wp-content\/uploads\/2024\/01\/LBM24HTC200FEH-2.jpg?fit=342%2C285","jetpack_publicize_connections":[],"jetpack_sharing_enabled":true,"jetpack_likes_enabled":true,"jetpack-related-posts":[{"id":6288,"url":"http:\/\/astehshop.com\/index.php\/product\/longse-dome-kamera-5m-4k-lite-4in1-hd-ir-25m-cmlbhtc500fkp\/","url_meta":{"origin":8805,"position":0},"title":"Longse DOME kamera 5M \/ 4K Lite 4IN1 HD IR 25m CMLBHTC500FKP","date":"23. travnja 2022.","format":false,"excerpt":"Ovaj model kamere mo\u017ee raditi u kombinaciji i sa ostalim proizvo\u0111a\u010dima snima\u010da. Kamera posjeduje OSD Menu, tako da se mo\u017ee prebaciti na \u017eeljeni mod kao npr. AHD, CVI, TVI ili CVBS. Rezolucija same kamere ovisi od snima\u010da, u koliko snima\u010d podr\u017eava kamere od 8 megapixela u samim postavkama kamera se\u2026","rel":"","context":"Srodne objave","img":{"alt_text":"","src":"https:\/\/i2.wp.com\/astehshop.com\/wp-content\/uploads\/2022\/04\/CMLBHTC500FKP.jpg?fit=960%2C700&resize=350%2C200","width":350,"height":200},"classes":[]},{"id":8803,"url":"http:\/\/astehshop.com\/index.php\/product\/longse-2mp-5mp-4in1-kamera-ir-20m-2-8mm-lbm24htc200feh-2\/","url_meta":{"origin":8805,"position":1},"title":"Longse 2MP \/ 5MP 4IN1 KAMERA IR 20M 2.8MM LBM24HTC200FEH-2","date":"10. sije\u010dnja 2024.","format":false,"excerpt":"Ovaj model kamere mo\u017ee raditi u kombinaciji i sa ostalim proizvo\u0111a\u010dima snima\u010da. Kamera posjeduje OSD Menu, tako da se mo\u017ee prebaciti na \u017eeljeni mod kao npr. AHD, CVI, TVI ili CVBS. Rezolucija same kamere ovisi od snima\u010da, u koliko snima\u010d podr\u017eava kamere od 5 megapixela u samim postavkama kamera se\u2026","rel":"","context":"Srodne objave","img":{"alt_text":"","src":"https:\/\/i2.wp.com\/astehshop.com\/wp-content\/uploads\/2024\/01\/LBM24HTC200FEH-2.jpg?fit=342%2C285&resize=350%2C200","width":350,"height":200},"classes":[]},{"id":8798,"url":"http:\/\/astehshop.com\/index.php\/product\/longse-2-5mp-4in1-ahd-kamera-ir-25m-3-6mm-ip67-lbh30htc200feh-3\/","url_meta":{"origin":8805,"position":2},"title":"Longse 2\/5MP 4in1 AHD Kamera IR 25m 3.6mm IP67 LBH30HTC200FEH-3","date":"10. sije\u010dnja 2024.","format":false,"excerpt":"Ovaj model kamere mo\u017ee raditi u kombinaciji i sa ostalim proizvo\u0111a\u010dima snima\u010da. Kamera posjeduje OSD Menu, tako da se mo\u017ee prebaciti na \u017eeljeni mod kao npr. AHD, CVI, TVI ili CVBS. Rezolucija same kamere ovisi od snima\u010da, u koliko snima\u010d podr\u017eava kamere od 5 megapixela u samim postavkama kamera se\u2026","rel":"","context":"Srodne objave","img":{"alt_text":"","src":"https:\/\/i1.wp.com\/astehshop.com\/wp-content\/uploads\/2024\/01\/LBH30HTC200FEH-3.jpg?fit=960%2C700&resize=350%2C200","width":350,"height":200},"classes":[]},{"id":8800,"url":"http:\/\/astehshop.com\/index.php\/product\/vlasic-2-5mp-4in1-ahd-kamera-ir-25m-3-6mm-ip67\/","url_meta":{"origin":8805,"position":3},"title":"Longse 2\/5MP 4in1 AHD Kamera IR 25m 3.6mm IP67","date":"10. sije\u010dnja 2024.","format":false,"excerpt":"Model: BMSAHTC200FEH-3 Ovaj model kamere mo\u017ee raditi u kombinaciji i sa ostalim proizvo\u0111a\u010dima snima\u010da. Kamera posjeduje OSD Menu, tako da se mo\u017ee prebaciti na \u017eeljeni mod kao npr. AHD, CVI, TVI ili CVBS. Rezolucija same kamere ovisi od snima\u010da, u koliko snima\u010d podr\u017eava kamere od 5 megapixela u samim postavkama\u2026","rel":"","context":"Srodne objave","img":{"alt_text":"","src":"https:\/\/i1.wp.com\/astehshop.com\/wp-content\/uploads\/2024\/01\/BMSAHTC200FEH-3.jpg?fit=960%2C700&resize=350%2C200","width":350,"height":200},"classes":[]},{"id":6284,"url":"http:\/\/astehshop.com\/index.php\/product\/longse-2-mp-5-mp-4in1-hd-dome-ir-20m-2-8mm-lirdlahtc200feh\/","url_meta":{"origin":8805,"position":4},"title":"Longse 2 MP \/ 5 MP 4IN1 HD DOME IR 20M 2.8MM LIRDLAHTC200FEH","date":"23. travnja 2022.","format":false,"excerpt":"Ovaj model kamere mo\u017ee raditi u kombinaciji i sa ostalim proizvo\u0111a\u010dima snima\u010da. Kamera posjeduje OSD Menu, tako da se mo\u017ee prebaciti na \u017eeljeni mod kao npr. AHD, CVI, TVI ili CVBS. Rezolucija same kamere ovisi od snima\u010da, u koliko snima\u010d podr\u017eava kamere od 5 megapixela u samim postavkama kamera se\u2026","rel":"","context":"Srodne objave","img":{"alt_text":"","src":"https:\/\/i1.wp.com\/astehshop.com\/wp-content\/uploads\/2022\/04\/lird200feh.jpg?fit=960%2C700&resize=350%2C200","width":350,"height":200},"classes":[]},{"id":8808,"url":"http:\/\/astehshop.com\/index.php\/product\/longse-2mp-5mp-lite-4in1-hd-dome-kamera-ir-20m-lirdlahtc200fpe\/","url_meta":{"origin":8805,"position":5},"title":"Longse 2MP \/ 5MP Lite 4IN1 HD Dome Kamera IR 20m LIRDLAHTC200FPE","date":"10. sije\u010dnja 2024.","format":false,"excerpt":"Model: LIRDLAHTC200FPE Ovaj model kamere mo\u017ee raditi u kombinaciji i sa ostalim proizvo\u0111a\u010dima snima\u010da. Kamera posjeduje OSD Menu, tako da se mo\u017ee prebaciti na \u017eeljeni mod kao npr. AHD, CVI, TVI ili CVBS.. Kamera se nalazi plasti\u010dnom ku\u0107i\u0161tu, standarda IP66 tako da je vodootporna i za\u0161ti\u0107ena od pra\u0161ine. Dolazi sa\u2026","rel":"","context":"Srodne objave","img":{"alt_text":"","src":"https:\/\/i1.wp.com\/astehshop.com\/wp-content\/uploads\/2024\/01\/LIRDLAHTC200FPE.png?fit=431%2C373&resize=350%2C200","width":350,"height":200},"classes":[]}],"_links":{"self":[{"href":"http:\/\/astehshop.com\/index.php\/wp-json\/wp\/v2\/product\/8805"}],"collection":[{"href":"http:\/\/astehshop.com\/index.php\/wp-json\/wp\/v2\/product"}],"about":[{"href":"http:\/\/astehshop.com\/index.php\/wp-json\/wp\/v2\/types\/product"}],"replies":[{"embeddable":true,"href":"http:\/\/astehshop.com\/index.php\/wp-json\/wp\/v2\/comments?post=8805"}],"wp:featuredmedia":[{"embeddable":true,"href":"http:\/\/astehshop.com\/index.php\/wp-json\/wp\/v2\/media\/8804"}],"wp:attachment":[{"href":"http:\/\/astehshop.com\/index.php\/wp-json\/wp\/v2\/media?parent=8805"}],"wp:term":[{"taxonomy":"product_cat","embeddable":true,"href":"http:\/\/astehshop.com\/index.php\/wp-json\/wp\/v2\/product_cat?post=8805"},{"taxonomy":"product_tag","embeddable":true,"href":"http:\/\/astehshop.com\/index.php\/wp-json\/wp\/v2\/product_tag?post=8805"}],"curies":[{"name":"wp","href":"https:\/\/api.w.org\/{rel}","templated":true}]}}