{"id":8787,"date":"2024-01-10T17:18:50","date_gmt":"2024-01-10T16:18:50","guid":{"rendered":"http:\/\/astehshop.com\/?post_type=product&#038;p=8787"},"modified":"2024-02-18T10:45:18","modified_gmt":"2024-02-18T09:45:18","slug":"longse-2-5mp-4in1-4k-lite-full-color-ir-25m-2-8mm-bpschtc200fpew-2","status":"publish","type":"product","link":"http:\/\/astehshop.com\/index.php\/product\/longse-2-5mp-4in1-4k-lite-full-color-ir-25m-2-8mm-bpschtc200fpew-2\/","title":{"rendered":"Longse 2 \/ 5MP 4IN1 4K Lite Full Color IR 25m 2.8mm BPSCHTC200FPEW-2"},"content":{"rendered":"<p>Model: BPSCHTC200FPEW-2<\/p>\n<p>Ovaj model kamere mo\u017ee raditi u kombinaciji i sa ostalim proizvo\u0111a\u010dima snima\u010da.<\/p>\n<p>Kamera posjeduje OSD Menu, tako da se mo\u017ee prebaciti na \u017eeljeni mod kao npr. AHD, CVI, TVI ili CVBS..<\/p>\n<p>Kamera se nalazi plasti\u010dnom ku\u0107i\u0161tu, standarda IP66 tako da je vodootporna i za\u0161ti\u0107ena od pra\u0161ine.<\/p>\n<p>Dolazi sa fixnim \u0161irokim objektivom 2.8mm. Ista je Full Color, tako da \u0107e slika biti u boji 24 sata.<\/p>\n<p>Maximalni no\u0107ni IR domet do 25m.<\/p>\n<p><strong>Garancija 24 mjeseca (U slu\u010daju kvara u uslovima garancije ure\u0111aj se ne popravlja, nego isklju\u010divo mijenja za novi ure\u0111aj istih ili boljih karekteristika). Kod ugradnje bitno je obratiti pa\u017enju da isto odradi ovla\u0161tena ili stru\u010dna osoba.<\/strong><\/p>\n<p>1\/3\u2033 CMOS sensor, 2M (Default) \/5M Output, DWDR, DNR, MIRROR, OSD,UTC. AHD: 5M@20fps, 4M@30fps25fps, 2M@30fps\/25fps.<\/p>\n","protected":false},"excerpt":{"rendered":"<p>Model: BPSCHTC200FPEW-2<\/p>\n<p>Ovaj model kamere mo\u017ee raditi u kombinaciji i sa ostalim proizvo\u0111a\u010dima snima\u010da.<\/p>\n<p>Kamera posjeduje OSD Menu, tako da se mo\u017ee prebaciti na \u017eeljeni mod kao npr. AHD, CVI, TVI ili CVBS..<\/p>\n<p>Kamera se nalazi plasti\u010dnom ku\u0107i\u0161tu, standarda IP66 tako da je vodootporna i za\u0161ti\u0107ena od pra\u0161ine.<\/p>\n<p>Dolazi sa fixnim \u0161irokim objektivom 2.8mm. Ista je Full Color, tako da \u0107e slika biti u boji 24 sata.<\/p>\n<p>Maximalni no\u0107ni IR domet do 25m.<\/p>\n<p><strong>Garancija 24 mjeseca (U slu\u010daju kvara u uslovima garancije ure\u0111aj se ne popravlja, nego isklju\u010divo mijenja za novi ure\u0111aj istih ili boljih karekteristika). Kod ugradnje bitno je obratiti pa\u017enju da isto odradi ovla\u0161tena ili stru\u010dna osoba.<\/strong><\/p>\n<p>1\/3\u2033 CMOS sensor, 2M (Default) \/5M Output, DWDR, DNR, MIRROR, OSD,UTC. AHD: 5M@20fps, 4M@30fps25fps, 2M@30fps\/25fps.<\/p>\n","protected":false},"featured_media":8788,"comment_status":"open","ping_status":"closed","template":"","meta":{"_mi_skip_tracking":false,"_exactmetrics_sitenote_active":false,"_exactmetrics_sitenote_note":"","_exactmetrics_sitenote_category":0,"spay_email":""},"product_cat":[132],"product_tag":[4841,1042,4829,4818,1034,6408,6409,6406,6407,4816],"brands":[{"id":2220,"name":"Longse","slug":"longse"}],"df_price":110,"df_sale_price":"","df_regular_price":110,"df_image_link":"https:\/\/i1.wp.com\/astehshop.com\/wp-content\/uploads\/2024\/01\/BPSCHTC200FPEW-2.jpg?fit=329%2C248","jetpack_publicize_connections":[],"jetpack_sharing_enabled":true,"jetpack_likes_enabled":true,"jetpack-related-posts":[{"id":8793,"url":"http:\/\/astehshop.com\/index.php\/product\/longse-2-5mp-4in1-4k-lite-full-color-starlight-ir-25m-2-8mm-bmschtc200eshw-2\/","url_meta":{"origin":8787,"position":0},"title":"Longse 2 \/ 5MP 4IN1 4K Lite Full Color Starlight IR 25m 2.8mm  BMSCHTC200ESHW-2","date":"10. sije\u010dnja 2024.","format":false,"excerpt":"Model: BMSCHTC200ESHW-2 Ovaj model kamere mo\u017ee raditi u kombinaciji i sa ostalim proizvo\u0111a\u010dima snima\u010da. Kamera posjeduje OSD Menu, tako da se mo\u017ee prebaciti na \u017eeljeni mod kao npr. AHD, CVI, TVI ili CVBS.. Kamera se nalazi metalnom ku\u0107i\u0161tu, standarda IP66 tako da je vodootporna i za\u0161ti\u0107ena od pra\u0161ine. Dolazi sa\u2026","rel":"","context":"Srodne objave","img":{"alt_text":"","src":"https:\/\/i1.wp.com\/astehshop.com\/wp-content\/uploads\/2024\/01\/BPSCHTC200FPEW-2.jpg?fit=329%2C248&resize=350%2C200","width":350,"height":200},"classes":[]},{"id":8790,"url":"http:\/\/astehshop.com\/index.php\/product\/longse-2-5mp-4in1-4k-lite-full-color-ir-25m-3-6mm-bpschtc200fpew-3\/","url_meta":{"origin":8787,"position":1},"title":"Longse 2 \/ 5MP 4IN1 4K Lite Full Color IR 25m 3.6mm BPSCHTC200FPEW-3","date":"10. sije\u010dnja 2024.","format":false,"excerpt":"Model: BPSCHTC200FPEW-3 Ovaj model kamere mo\u017ee raditi u kombinaciji i sa ostalim proizvo\u0111a\u010dima snima\u010da. Kamera posjeduje OSD Menu, tako da se mo\u017ee prebaciti na \u017eeljeni mod kao npr. AHD, CVI, TVI ili CVBS.. Kamera se nalazi plasti\u010dnom ku\u0107i\u0161tu, standarda IP66 tako da je vodootporna i za\u0161ti\u0107ena od pra\u0161ine. Dolazi sa\u2026","rel":"","context":"Srodne objave","img":{"alt_text":"","src":"https:\/\/i1.wp.com\/astehshop.com\/wp-content\/uploads\/2024\/01\/BPSCHTC200FPEW-2.jpg?fit=329%2C248&resize=350%2C200","width":350,"height":200},"classes":[]},{"id":8791,"url":"http:\/\/astehshop.com\/index.php\/product\/longse-2-5mp-4in1-4k-lite-full-color-starlight-ir-25m-2-8mm-bpschtc200eshw-2\/","url_meta":{"origin":8787,"position":2},"title":"Longse 2 \/ 5MP 4IN1 4K Lite Full Color Starlight IR 25m 2.8mm BPSCHTC200ESHW-2","date":"10. sije\u010dnja 2024.","format":false,"excerpt":"Model: BPSCHTC200ESHW-2 Ovaj model kamere mo\u017ee raditi u kombinaciji i sa ostalim proizvo\u0111a\u010dima snima\u010da. Kamera posjeduje OSD Menu, tako da se mo\u017ee prebaciti na \u017eeljeni mod kao npr. AHD, CVI, TVI ili CVBS.. Kamera se nalazi plasti\u010dnom ku\u0107i\u0161tu, standarda IP66 tako da je vodootporna i za\u0161ti\u0107ena od pra\u0161ine. Dolazi sa\u2026","rel":"","context":"Srodne objave","img":{"alt_text":"","src":"https:\/\/i1.wp.com\/astehshop.com\/wp-content\/uploads\/2024\/01\/BPSCHTC200FPEW-2.jpg?fit=329%2C248&resize=350%2C200","width":350,"height":200},"classes":[]},{"id":8796,"url":"http:\/\/astehshop.com\/index.php\/product\/longse-2-5mp-4in1-4k-lite-full-color-starlight-ir-25m-3-6mm-bmschtc200eshw-3\/","url_meta":{"origin":8787,"position":3},"title":"Longse 2 \/ 5MP 4IN1 4K Lite Full Color Starlight IR 25m 3.6mm BMSCHTC200ESHW-3","date":"10. sije\u010dnja 2024.","format":false,"excerpt":"Model: BMSCHTC200ESHW-3 Ovaj model kamere mo\u017ee raditi u kombinaciji i sa ostalim proizvo\u0111a\u010dima snima\u010da. Kamera posjeduje OSD Menu, tako da se mo\u017ee prebaciti na \u017eeljeni mod kao npr. AHD, CVI, TVI ili CVBS.. Kamera se nalazi metalnom ku\u0107i\u0161tu, standarda IP66 tako da je vodootporna i za\u0161ti\u0107ena od pra\u0161ine. Dolazi sa\u2026","rel":"","context":"Srodne objave","img":{"alt_text":"","src":"https:\/\/i1.wp.com\/astehshop.com\/wp-content\/uploads\/2024\/01\/BPSCHTC200FPEW-2.jpg?fit=329%2C248&resize=350%2C200","width":350,"height":200},"classes":[]},{"id":8813,"url":"http:\/\/astehshop.com\/index.php\/product\/longse-5mp-4in1-4k-lite-full-color-ir-25m-2-8mm-cmsbthc500fkew\/","url_meta":{"origin":8787,"position":4},"title":"Longse 5MP 4IN1 4K Lite Full Color IR 25m 2.8mm CMSBTHC500FKEW","date":"10. sije\u010dnja 2024.","format":false,"excerpt":"Model: CMSBTHC500FKEW Ovaj model kamere mo\u017ee raditi u kombinaciji i sa ostalim proizvo\u0111a\u010dima snima\u010da. Kamera posjeduje OSD Menu, tako da se mo\u017ee prebaciti na \u017eeljeni mod kao npr. AHD, CVI, TVI ili CVBS.. Kamera se nalazi metalnom ku\u0107i\u0161tu, standarda IP66 tako da je vodootporna i za\u0161ti\u0107ena od pra\u0161ine. Dolazi sa\u2026","rel":"","context":"Srodne objave","img":{"alt_text":"","src":"https:\/\/i1.wp.com\/astehshop.com\/wp-content\/uploads\/2024\/01\/Screenshot-2024-01-10-at-18-15-57-Longse-Full-Color-camera-specification-sheets_V202111A-20211222.xls-CMSBHTC500FKEW_20220626105213614.pdf.png?fit=452%2C425&resize=350%2C200","width":350,"height":200},"classes":[]},{"id":8795,"url":"http:\/\/astehshop.com\/index.php\/product\/longse-2-5mp-4in1-4k-lite-full-color-starlight-ir-25m-3-6mm-bpschtc200eshw-3\/","url_meta":{"origin":8787,"position":5},"title":"Longse 2 \/ 5MP 4IN1 4K Lite Full Color Starlight IR 25m 3.6mm BPSCHTC200ESHW-3","date":"10. sije\u010dnja 2024.","format":false,"excerpt":"Model: BPSCHTC200ESHW-3 Ovaj model kamere mo\u017ee raditi u kombinaciji i sa ostalim proizvo\u0111a\u010dima snima\u010da. Kamera posjeduje OSD Menu, tako da se mo\u017ee prebaciti na \u017eeljeni mod kao npr. AHD, CVI, TVI ili CVBS.. Kamera se nalazi plasti\u010dnom ku\u0107i\u0161tu, standarda IP66 tako da je vodootporna i za\u0161ti\u0107ena od pra\u0161ine. Dolazi sa\u2026","rel":"","context":"Srodne objave","img":{"alt_text":"","src":"https:\/\/i1.wp.com\/astehshop.com\/wp-content\/uploads\/2024\/01\/BPSCHTC200FPEW-2.jpg?fit=329%2C248&resize=350%2C200","width":350,"height":200},"classes":[]}],"_links":{"self":[{"href":"http:\/\/astehshop.com\/index.php\/wp-json\/wp\/v2\/product\/8787"}],"collection":[{"href":"http:\/\/astehshop.com\/index.php\/wp-json\/wp\/v2\/product"}],"about":[{"href":"http:\/\/astehshop.com\/index.php\/wp-json\/wp\/v2\/types\/product"}],"replies":[{"embeddable":true,"href":"http:\/\/astehshop.com\/index.php\/wp-json\/wp\/v2\/comments?post=8787"}],"wp:featuredmedia":[{"embeddable":true,"href":"http:\/\/astehshop.com\/index.php\/wp-json\/wp\/v2\/media\/8788"}],"wp:attachment":[{"href":"http:\/\/astehshop.com\/index.php\/wp-json\/wp\/v2\/media?parent=8787"}],"wp:term":[{"taxonomy":"product_cat","embeddable":true,"href":"http:\/\/astehshop.com\/index.php\/wp-json\/wp\/v2\/product_cat?post=8787"},{"taxonomy":"product_tag","embeddable":true,"href":"http:\/\/astehshop.com\/index.php\/wp-json\/wp\/v2\/product_tag?post=8787"}],"curies":[{"name":"wp","href":"https:\/\/api.w.org\/{rel}","templated":true}]}}