{"id":8761,"date":"2024-01-10T15:52:41","date_gmt":"2024-01-10T14:52:41","guid":{"rendered":"http:\/\/astehshop.com\/?post_type=product&#038;p=8761"},"modified":"2024-01-10T15:52:42","modified_gmt":"2024-01-10T14:52:42","slug":"masazni-jastuk-mt6525-periva-navlaka","status":"publish","type":"product","link":"http:\/\/astehshop.com\/index.php\/product\/masazni-jastuk-mt6525-periva-navlaka\/","title":{"rendered":"Masa\u017eni Jastuk MT6525 | Periva Navlaka"},"content":{"rendered":"<p>Savr\u0161en jastuk za va\u0161e zdravlje i udobnost.<\/p>\n<p>U svakodnevnoj \u017eivotnoj u\u017eurbanosti vrijedi se pobrinuti za udobnost svog vrata i vrata. U-PILLOW MASSAGING moderan je odgovor na potrebe najzahtjevnijih korisnika \u017eeljnih udobnosti i luksuza.<\/p>\n<p>Dizajniran da podupre va\u0161 vrat, savr\u0161eno je rje\u0161enje i kod ku\u0107e, u uredu i tijekom dugih putovanja.<br \/>\nJastuk U-PILLOW MASSAGING ima &#8220;croissant&#8221; oblik, zbog \u010dega savr\u0161eno pristaje uz oblik vrata. Punilo mu je memorijska pjena, koja reagira na toplinu tijela i prilago\u0111ava se njegovom obliku, pru\u017eaju\u0107i neusporedivu udobnost.<\/p>\n<p>Jastu\u010dnica je izra\u0111ena od mekanog bar\u0161una i poliestera (92%), uz dodatak elasti\u010dnog spandexa (8%), \u0161to ju \u010dini iznimno ugodnom na dodir.<\/p>\n<p>Jedna od klju\u010dnih prednosti U-PILLOW MASSAGING je mogu\u0107nost masa\u017ee. Ure\u0111aj nudi dva na\u010dina masa\u017ee koji se mogu mijenjati automatski i ru\u010dno. Ovo je idealno rje\u0161enje za osobe koje pate od migrene, umora ili vrtoglavice.<\/p>\n<p>Dodatno, funkcija nje\u017enog grijanja u\u010dinit \u0107e va\u0161 vrat opu\u0161tenim i opu\u0161tenim.<br \/>\nZahvaljuju\u0107i presvlaci s patentnim zatvara\u010dem, jastuk se lako \u010disti. Samo skinite jastu\u010dnicu i operite je kako biste u\u017eivali u svje\u017eini i higijeni. Uz to, jastuk se napaja preko USB-A &gt; USB-C kabela koji je uklju\u010den u set.<\/p>\n<p>Litij-ionska baterija jam\u010di do 4 sata rada s jednim punjenjem, uz kori\u0161tenje u intervalima od 20 minuta. Punjenje baterije traje samo 3-4 sata, \u0161to je \u010dini gotovo u svakom trenutku spremnom za kori\u0161tenje.<\/p>\n<p>Jastuk U-PILLOW MASSAGING Te\u017ei samo 0,4 kg i ima kompaktne dimenzije od 23x25x12 cm, \u0161to ga \u010dini jednostavnim za ponijeti sa sobom na putovanje.<br \/>\nSavr\u0161eno je rje\u0161enje za one koji \u010desto putuju i osje\u0107aju nelagodu tijekom dugih letova ili vo\u017enje automobila.<\/p>\n","protected":false},"excerpt":{"rendered":"<p>Savr\u0161en jastuk za va\u0161e zdravlje i udobnost.<\/p>\n<p>U svakodnevnoj \u017eivotnoj u\u017eurbanosti vrijedi se pobrinuti za udobnost svog vrata i vrata. U-PILLOW MASSAGING moderan je odgovor na potrebe najzahtjevnijih korisnika \u017eeljnih udobnosti i luksuza.<\/p>\n<p>Dizajniran da podupre va\u0161 vrat, savr\u0161eno je rje\u0161enje i kod ku\u0107e, u uredu i tijekom dugih putovanja.<br \/>\nJastuk U-PILLOW MASSAGING ima &#8220;croissant&#8221; oblik, zbog \u010dega savr\u0161eno pristaje uz oblik vrata. Punilo mu je memorijska pjena, koja reagira na toplinu tijela i prilago\u0111ava se njegovom obliku, pru\u017eaju\u0107i neusporedivu udobnost.<\/p>\n<p>Jastu\u010dnica je izra\u0111ena od mekanog bar\u0161una i poliestera (92%), uz dodatak elasti\u010dnog spandexa (8%), \u0161to ju \u010dini iznimno ugodnom na dodir.<\/p>\n<p>Jedna od klju\u010dnih prednosti U-PILLOW MASSAGING je mogu\u0107nost masa\u017ee. Ure\u0111aj nudi dva na\u010dina masa\u017ee koji se mogu mijenjati automatski i ru\u010dno. Ovo je idealno rje\u0161enje za osobe koje pate od migrene, umora ili vrtoglavice.<\/p>\n<p>Dodatno, funkcija nje\u017enog grijanja u\u010dinit \u0107e va\u0161 vrat opu\u0161tenim i opu\u0161tenim.<br \/>\nZahvaljuju\u0107i presvlaci s patentnim zatvara\u010dem, jastuk se lako \u010disti. Samo skinite jastu\u010dnicu i operite je kako biste u\u017eivali u svje\u017eini i higijeni. Uz to, jastuk se napaja preko USB-A &gt; USB-C kabela koji je uklju\u010den u set.<\/p>\n<p>Litij-ionska baterija jam\u010di do 4 sata rada s jednim punjenjem, uz kori\u0161tenje u intervalima od 20 minuta. Punjenje baterije traje samo 3-4 sata, \u0161to je \u010dini gotovo u svakom trenutku spremnom za kori\u0161tenje.<\/p>\n<p>Jastuk U-PILLOW MASSAGING Te\u017ei samo 0,4 kg i ima kompaktne dimenzije od 23x25x12 cm, \u0161to ga \u010dini jednostavnim za ponijeti sa sobom na putovanje.<br \/>\nSavr\u0161eno je rje\u0161enje za one koji \u010desto putuju i osje\u0107aju nelagodu tijekom dugih letova ili vo\u017enje automobila.<\/p>\n","protected":false},"featured_media":8762,"comment_status":"open","ping_status":"closed","template":"","meta":{"_mi_skip_tracking":false,"_exactmetrics_sitenote_active":false,"_exactmetrics_sitenote_note":"","_exactmetrics_sitenote_category":0,"spay_email":""},"product_cat":[156],"product_tag":[6398],"brands":[],"df_price":70,"df_sale_price":"","df_regular_price":70,"df_image_link":"https:\/\/i2.wp.com\/astehshop.com\/wp-content\/uploads\/2024\/01\/masazni-jastuk.jpg?fit=400%2C400","jetpack_publicize_connections":[],"jetpack_sharing_enabled":true,"jetpack_likes_enabled":true,"jetpack-related-posts":[{"id":9988,"url":"http:\/\/astehshop.com\/index.php\/product\/roombanker-magnetni-senzor-za-vrata-i-prozore-rbss-mc1-868\/","url_meta":{"origin":8761,"position":0},"title":"Roombanker magnetni senzor za vrata i prozore RBSS-MC1-868","date":"16. o\u017eujka 2025.","format":false,"excerpt":"Pove\u0107ajte sigurnost svog doma uz Roombanker magnetni senzor za vrata, klju\u010dnu komponentu Roombanker Security & Automation sistema. Ovaj povr\u0161inski postavljeni senzor omogu\u0107ava precizno pra\u0107enje vrata, upozoravaju\u0107i vas na svako neovla\u0161teno otvaranje sa robusnim razmakom za detekciju od preko 17 mm. Dizajniran za jednostavnu upotrebu, neprimetno se integri\u0161e sa va\u0161im Roombanker\u2026","rel":"","context":"Srodne objave","img":{"alt_text":"","src":"https:\/\/i0.wp.com\/astehshop.com\/wp-content\/uploads\/2025\/03\/RBSS-MC1-868-111.webp?fit=600%2C600&resize=350%2C200","width":350,"height":200},"classes":[]},{"id":7918,"url":"http:\/\/astehshop.com\/index.php\/product\/pametni-wifi-magnet-za-prozore-i-vrata-kreiranje-scenarija\/","url_meta":{"origin":8761,"position":1},"title":"Pametni WIFI magnet za prozore i vrata &#8211; kreiranje scenarija","date":"10. lipnja 2023.","format":false,"excerpt":"Pametni WIFI magnet Uz kombinaciju uz ovaj ure\u0111aj : http:\/\/astehshop.com\/index.php\/product\/pametni-wifi-monitor-vlaznosti-temperature-i-upravljac-ir-uredajima-kao-sto-je-klima\/ Mo\u017ee da gasi klima ure\u0111aj ukoliko se prozor otvori i na taj na\u010din Vam u\u0161tedi elektri\u010dnu energiju. Ovaj magnet ima veoma \u0161iroku primjenu, mo\u017eete ga koristiti bilo gdje u ku\u0107i ili okolo Obavje\u0161tenja u realnom vremenu - uvijek budite u\u2026","rel":"","context":"Srodne objave","img":{"alt_text":"","src":"https:\/\/i1.wp.com\/astehshop.com\/wp-content\/uploads\/2023\/06\/magnet-za-vrata-i-prozore.png?fit=821%2C823&resize=350%2C200","width":350,"height":200},"classes":[]},{"id":6068,"url":"http:\/\/astehshop.com\/index.php\/product\/ct-01-detektor-tendi-i-roletni\/","url_meta":{"origin":8761,"position":2},"title":"CT-01 detektor tendi i roletni","date":"14. velja\u010de 2022.","format":false,"excerpt":"CT-01 je konvencionalni detektor za detekciju neovla\u0161c\u0301enog pomeranja tendi ili roletni na kuc\u0301ama ili lokalima. Mo\u017ee se povezati u sistem preko JA-150M ili JA-112M. U praksi \u017ei\u010dani izlazi sa CT-01 se povezuju na konvencionalni ulaz detektora za vrata JA-112M da bi povezali ovaj ure\u0111aj sa alarmnim sistemom JA-100. La\u017eni alarmi\u2026","rel":"","context":"Srodne objave","img":{"alt_text":"","src":"https:\/\/i2.wp.com\/astehshop.com\/wp-content\/uploads\/2022\/02\/CT-01-detektor-tendi-i-roletni.jpg?fit=600%2C569&resize=350%2C200","width":350,"height":200},"classes":[]},{"id":7645,"url":"http:\/\/astehshop.com\/index.php\/product\/pametna-brava-bluetooth-pin-ip44\/","url_meta":{"origin":8761,"position":3},"title":"Pametna brava, Bluetooth +PIN, IP44","date":"30. travnja 2023.","format":false,"excerpt":"Ova pametna ru\u010dka ima ugra\u0111enu kodnu bravu i pogodna je za ugradnju u lijeva i desna vrata, gdje se obi\u010dno montira standardna ru\u010dka. Otklju\u010dava vrata bilo korisni\u010dkim PIN kodom ili besplatnom aplikacijom za pametni telefon koriste\u0107i Bluetooth 4.0. Vijci za monta\u017eu uklju\u010deni u set omogu\u0107avaju ugradnju u vrata debljine 38\u2026","rel":"","context":"Srodne objave","img":{"alt_text":"","src":"https:\/\/i2.wp.com\/astehshop.com\/wp-content\/uploads\/2023\/04\/Pametna-brava-Bluetooth.png?fit=1200%2C1148&resize=350%2C200","width":350,"height":200},"classes":[]},{"id":7648,"url":"http:\/\/astehshop.com\/index.php\/product\/elektro-prihvatnik-za-vrata-mini\/","url_meta":{"origin":8761,"position":4},"title":"Elektro prihvatnik za vrata, mini","date":"30. travnja 2023.","format":false,"excerpt":"Elektro prihvatnik za vrata mo\u017ee raditi s portafonima, instalacijom video portafona i kodnim bravama na prednjoj strani vrata za jednu i vi\u0161e obitelji Mo\u017ee se montirati na vanjsku stranu standardne prednje plo\u010de Simetri\u010dan dizajn i male dimenzije Izra\u0111en od materijala otpornih na koroziju (aluminij i legura cinka ) Opremljen sa:\u2026","rel":"","context":"Srodne objave","img":{"alt_text":"","src":"https:\/\/i0.wp.com\/astehshop.com\/wp-content\/uploads\/2023\/04\/elektro-brava-1.png?fit=1155%2C1200&resize=350%2C200","width":350,"height":200},"classes":[]},{"id":8413,"url":"http:\/\/astehshop.com\/index.php\/product\/bft-motor-za-garazna-vrata-botticelli-smart-850-kit\/","url_meta":{"origin":8761,"position":5},"title":"BFT Motor za gara\u017ena vrata BOTTICELLI  SMART 850 kit","date":"22. listopada 2023.","format":false,"excerpt":"Motor za garazna sekciona vrata 850 Nm . Za vrata visine do 2400 mm i povr\u0161ine 12 m\u00b2. Vodilica 2900 na lanac ili remen. Uz motor dolaze dva daljinska mitto2.","rel":"","context":"Srodne objave","img":{"alt_text":"","src":"https:\/\/i1.wp.com\/astehshop.com\/wp-content\/uploads\/2023\/10\/BOTTICELLI.jpg?fit=1192%2C830&resize=350%2C200","width":350,"height":200},"classes":[]}],"_links":{"self":[{"href":"http:\/\/astehshop.com\/index.php\/wp-json\/wp\/v2\/product\/8761"}],"collection":[{"href":"http:\/\/astehshop.com\/index.php\/wp-json\/wp\/v2\/product"}],"about":[{"href":"http:\/\/astehshop.com\/index.php\/wp-json\/wp\/v2\/types\/product"}],"replies":[{"embeddable":true,"href":"http:\/\/astehshop.com\/index.php\/wp-json\/wp\/v2\/comments?post=8761"}],"wp:featuredmedia":[{"embeddable":true,"href":"http:\/\/astehshop.com\/index.php\/wp-json\/wp\/v2\/media\/8762"}],"wp:attachment":[{"href":"http:\/\/astehshop.com\/index.php\/wp-json\/wp\/v2\/media?parent=8761"}],"wp:term":[{"taxonomy":"product_cat","embeddable":true,"href":"http:\/\/astehshop.com\/index.php\/wp-json\/wp\/v2\/product_cat?post=8761"},{"taxonomy":"product_tag","embeddable":true,"href":"http:\/\/astehshop.com\/index.php\/wp-json\/wp\/v2\/product_tag?post=8761"}],"curies":[{"name":"wp","href":"https:\/\/api.w.org\/{rel}","templated":true}]}}