{"id":8757,"date":"2024-01-10T15:51:02","date_gmt":"2024-01-10T14:51:02","guid":{"rendered":"http:\/\/astehshop.com\/?post_type=product&#038;p=8757"},"modified":"2024-01-10T15:51:03","modified_gmt":"2024-01-10T14:51:03","slug":"wifi-dodatni-ventil-za-radijator-heysmart","status":"publish","type":"product","link":"http:\/\/astehshop.com\/index.php\/product\/wifi-dodatni-ventil-za-radijator-heysmart\/","title":{"rendered":"WiFi Dodatni Ventil Za Radijator | HeySmart"},"content":{"rendered":"<p>Pametni termostatski radijatorski ventil s tipkama mekanim na dodir i funkcijom blokade za djecu. Paket pro\u0161irenja za HeyThermo-Rkit KIT.<br \/>\nFunkcija &#8220;Boost&#8221; korisna za brzo zagrijavanje, dok funkcija &#8220;otvoreni prozor&#8221; omogu\u0107uje u\u0161tedu energije.<br \/>\nZa povezivanje s aplikacijom HeySmart potreban vam je Zigbee WI-FI Gateway (COD.68.6811.00). Ako ste ve\u0107 kupili HeyThermo-Rkit, trebali biste znati da jedan Gateway mo\u017ee kontrolirati do 15 pametnih ventila u dometu.<br \/>\nStandardni priklju\u010dak M30 ventila i adapteri uklju\u010deni u paket!<\/p>\n<p>Napajanje 2x AA 1.5V<br \/>\nRadna temperatura +5 ~ +35 \u00b0C<br \/>\nIntegrirani NTC senzor (10K) 1%<br \/>\nPasivni relej &#8211;<br \/>\nZigbee 3.0<br \/>\nWI-FI putem pristupnika (COD. 68.6811.00)<br \/>\nUgradnja M30 x 1,5 mm priklju\u010dak<br \/>\nBoja Bijela<br \/>\nDimenzija 53&#215;89,5 mm<\/p>\n","protected":false},"excerpt":{"rendered":"<p>Pametni termostatski radijatorski ventil s tipkama mekanim na dodir i funkcijom blokade za djecu. Paket pro\u0161irenja za HeyThermo-Rkit KIT.<br \/>\nFunkcija &#8220;Boost&#8221; korisna za brzo zagrijavanje, dok funkcija &#8220;otvoreni prozor&#8221; omogu\u0107uje u\u0161tedu energije.<br \/>\nZa povezivanje s aplikacijom HeySmart potreban vam je Zigbee WI-FI Gateway (COD.68.6811.00). Ako ste ve\u0107 kupili HeyThermo-Rkit, trebali biste znati da jedan Gateway mo\u017ee kontrolirati do 15 pametnih ventila u dometu.<br \/>\nStandardni priklju\u010dak M30 ventila i adapteri uklju\u010deni u paket!<\/p>\n<p>Napajanje 2x AA 1.5V<br \/>\nRadna temperatura +5 ~ +35 \u00b0C<br \/>\nIntegrirani NTC senzor (10K) 1%<br \/>\nPasivni relej &#8211;<br \/>\nZigbee 3.0<br \/>\nWI-FI putem pristupnika (COD. 68.6811.00)<br \/>\nUgradnja M30 x 1,5 mm priklju\u010dak<br \/>\nBoja Bijela<br \/>\nDimenzija 53&#215;89,5 mm<\/p>\n","protected":false},"featured_media":8758,"comment_status":"open","ping_status":"closed","template":"","meta":{"_mi_skip_tracking":false,"_exactmetrics_sitenote_active":false,"_exactmetrics_sitenote_note":"","_exactmetrics_sitenote_category":0,"spay_email":""},"product_cat":[3480],"product_tag":[6397,3499,6395,3490,6394,3483,6396,6391,6393,6392],"brands":[],"df_price":109,"df_sale_price":"","df_regular_price":109,"df_image_link":"https:\/\/i1.wp.com\/astehshop.com\/wp-content\/uploads\/2024\/01\/ventil-1.jpg?fit=400%2C400","jetpack_publicize_connections":[],"jetpack_sharing_enabled":true,"jetpack_likes_enabled":true,"jetpack-related-posts":[{"id":8753,"url":"http:\/\/astehshop.com\/index.php\/product\/wifi-ventil-za-radijator-kit-ventil-gateway-heysmart\/","url_meta":{"origin":8757,"position":0},"title":"WiFi Ventil Za Radijator | KIT: Ventil + Gateway | HeySmart","date":"10. sije\u010dnja 2024.","format":false,"excerpt":"Pametni termostatski ventil KIT s tipkama mekanim na dodir i funkcijom zaklju\u010davanja za djecu. Funkcija \"Boost\" korisna za brzo zagrijavanje, funkcija \"otvoreni prozor\" omogu\u0107uje u\u0161tedu energije. Zigbee WI-FI gateway isporu\u010den za povezivanje s aplikacijom HeySmart za daljinsko upravljanje. Jedan Gateway mo\u017ee kontrolirati do 15 pametnih ventila u dometu. Standardni priklju\u010dak\u2026","rel":"","context":"Srodne objave","img":{"alt_text":"","src":"https:\/\/i2.wp.com\/astehshop.com\/wp-content\/uploads\/2024\/01\/wifi-ventil-za-radijator.jpg?fit=400%2C400&resize=350%2C200","width":350,"height":200},"classes":[]},{"id":7819,"url":"http:\/\/astehshop.com\/index.php\/product\/pametni-prekidac-za-roletne-tuya-wifi-ds-151-na-dodir\/","url_meta":{"origin":8757,"position":1},"title":"Pametni prekida\u010d za roletne Tuya WIFI DS-151 na dodir","date":"23. svibnja 2023.","format":false,"excerpt":"WIFI daljinski upravlja\u010d: uklju\u010dite\/isklju\u010dite svjetlo s bilo kojeg mjesta Podr\u0161ka za aplikacije: besplatna aplikacija za iOS i Android telefon (Smart Life) Upravljanje glasom: uz Alexa, Google Home Voice Control Nezavisna kontrola: kontrolirajte svaku grupu zasebno Status sinhronizacije: status ure\u0111aja u realnom vremenu koji se nalazi u APP-u Funkcija mjerenja vremena:\u2026","rel":"","context":"Srodne objave","img":{"alt_text":"","src":"https:\/\/i1.wp.com\/astehshop.com\/wp-content\/uploads\/2023\/05\/pametni-prekidac-roletne.jpg?fit=896%2C892&resize=350%2C200","width":350,"height":200},"classes":[]},{"id":8750,"url":"http:\/\/astehshop.com\/index.php\/product\/wifi-termostat-touch-kontrole-pozadinsko-osvjetljenje-bijeli-heysmart\/","url_meta":{"origin":8757,"position":2},"title":"WiFi Termostat | Touch Kontrole | Pozadinsko Osvjetljenje | Bijeli | HeySmart","date":"10. sije\u010dnja 2024.","format":false,"excerpt":"Pametni WI-FI termostat s pozadinskim osvjetljenjem bijele plo\u010de meke na dodir. Tjedni raspored za kontrolu sustava grijanja ili hla\u0111enja. Zahtijeva napajanje od 230 Vac; omogu\u0107uje prilagodbu i programiranje temperature lokalno putem plo\u010de osjetljive na dodir i daljinski putem aplikacije HeySmart. Uklju\u010duje funkciju protiv smrzavanja i godi\u0161nji odmor. Prikladno za povr\u0161insku\u2026","rel":"","context":"Srodne objave","img":{"alt_text":"","src":"https:\/\/i2.wp.com\/astehshop.com\/wp-content\/uploads\/2024\/01\/termostat-wh.jpg?fit=400%2C399&resize=350%2C200","width":350,"height":200},"classes":[]},{"id":8670,"url":"http:\/\/astehshop.com\/index.php\/product\/zigbee-hub\/","url_meta":{"origin":8757,"position":3},"title":"ZIGBEE HUB","date":"3. prosinca 2023.","format":false,"excerpt":"\u2705\u3010Nadogradite ZigBee 3.0 Gateway\u3011--Ova nadogra\u0111ena verzija gateway-a je nadogra\u0111ena sa povezivanja 50 ure\u0111aja na 55 ure\u0111aja, \u010dine\u0107i pametne ure\u0111aje efikasnijim i inteligentnijim putem stabilnih WiFi signala. \u2705\u3010Kompatibilan sa svim ZigBee ure\u0111ajima\u3011--ZigBee gateway je neophodan ure\u0111aj za sve ZigBee pametne ure\u0111aje, pru\u017ea stabilnu vezu i automatsku kontrolu za sve ZigBee ure\u0111aje,\u2026","rel":"","context":"Srodne objave","img":{"alt_text":"","src":"https:\/\/i2.wp.com\/astehshop.com\/wp-content\/uploads\/2023\/12\/311m-zAOOeL._SR600315_PIWhiteStripBottomLeft035_SCLZZZZZZZ_FMpng_BG255255255.png?fit=600%2C350&resize=350%2C200","width":350,"height":200},"classes":[]},{"id":8746,"url":"http:\/\/astehshop.com\/index.php\/product\/wifi-termostat-touch-kontrole-pozadinsko-osvjetljenje-crni-heysmart\/","url_meta":{"origin":8757,"position":4},"title":"WiFi Termostat | Touch Kontrole | Pozadinsko Osvjetljenje | Crni | HeySmart","date":"10. sije\u010dnja 2024.","format":false,"excerpt":"Pametni WI-FI termostat s pozadinskim osvjetljenjem crne plo\u010de mekane na dodir. Tjedni raspored za kontrolu sustava grijanja ili hla\u0111enja. Zahtijeva napajanje od 230 Vac; omogu\u0107uje prilagodbu i programiranje temperature lokalno putem plo\u010de osjetljive na dodir i daljinski putem aplikacije HeySmart. Uklju\u010duje funkciju protiv smrzavanja i godi\u0161nji odmor. Prikladno za povr\u0161insku\u2026","rel":"","context":"Srodne objave","img":{"alt_text":"","src":"https:\/\/i1.wp.com\/astehshop.com\/wp-content\/uploads\/2024\/01\/wifi-termostat-black-1.jpg?fit=400%2C400&resize=350%2C200","width":350,"height":200},"classes":[]},{"id":9054,"url":"http:\/\/astehshop.com\/index.php\/product\/sensbi-zwitchi-l3nn-zigbee-uzidni-prekidac-trostruki\/","url_meta":{"origin":8757,"position":5},"title":"Sensbi ZWITCHI-L3NN ZigBee uzidni prekida\u010d- trostruki","date":"19. velja\u010de 2024.","format":false,"excerpt":"ZigBee uzidni prekida\u010d - trostruki ZigBee uzidni prekida\u010d - trostruki, nije potrebna 0 za rad. Snage 200W po kanalu. On\/Off i Tajmer funkcija. On\/Off globalno ili pojedina\u010dno. Mogu\u0107nost pode\u0161avanja tajmera nezavisno za svaki prekida\u010d.","rel":"","context":"Srodne objave","img":{"alt_text":"","src":"https:\/\/i2.wp.com\/astehshop.com\/wp-content\/uploads\/2024\/02\/sensbi-switchi-l3nn-wi-fi-uzidni-prekidac-trostruki_0.jpg?fit=1200%2C805&resize=350%2C200","width":350,"height":200},"classes":[]}],"_links":{"self":[{"href":"http:\/\/astehshop.com\/index.php\/wp-json\/wp\/v2\/product\/8757"}],"collection":[{"href":"http:\/\/astehshop.com\/index.php\/wp-json\/wp\/v2\/product"}],"about":[{"href":"http:\/\/astehshop.com\/index.php\/wp-json\/wp\/v2\/types\/product"}],"replies":[{"embeddable":true,"href":"http:\/\/astehshop.com\/index.php\/wp-json\/wp\/v2\/comments?post=8757"}],"wp:featuredmedia":[{"embeddable":true,"href":"http:\/\/astehshop.com\/index.php\/wp-json\/wp\/v2\/media\/8758"}],"wp:attachment":[{"href":"http:\/\/astehshop.com\/index.php\/wp-json\/wp\/v2\/media?parent=8757"}],"wp:term":[{"taxonomy":"product_cat","embeddable":true,"href":"http:\/\/astehshop.com\/index.php\/wp-json\/wp\/v2\/product_cat?post=8757"},{"taxonomy":"product_tag","embeddable":true,"href":"http:\/\/astehshop.com\/index.php\/wp-json\/wp\/v2\/product_tag?post=8757"}],"curies":[{"name":"wp","href":"https:\/\/api.w.org\/{rel}","templated":true}]}}