{"id":8750,"date":"2024-01-10T15:47:02","date_gmt":"2024-01-10T14:47:02","guid":{"rendered":"http:\/\/astehshop.com\/?post_type=product&#038;p=8750"},"modified":"2024-01-10T15:47:03","modified_gmt":"2024-01-10T14:47:03","slug":"wifi-termostat-touch-kontrole-pozadinsko-osvjetljenje-bijeli-heysmart","status":"publish","type":"product","link":"http:\/\/astehshop.com\/index.php\/product\/wifi-termostat-touch-kontrole-pozadinsko-osvjetljenje-bijeli-heysmart\/","title":{"rendered":"WiFi Termostat | Touch Kontrole | Pozadinsko Osvjetljenje | Bijeli | HeySmart"},"content":{"rendered":"<p>Pametni WI-FI termostat s pozadinskim osvjetljenjem bijele plo\u010de meke na dodir.<br \/>\nTjedni raspored za kontrolu sustava grijanja ili hla\u0111enja.<br \/>\nZahtijeva napajanje od 230 Vac; omogu\u0107uje prilagodbu i programiranje temperature lokalno putem plo\u010de osjetljive na dodir i daljinski putem aplikacije HeySmart.<br \/>\nUklju\u010duje funkciju protiv smrzavanja i godi\u0161nji odmor. Prikladno za povr\u0161insku ugradnju na kutiju 503.<br \/>\nRadi s glasovnim asistentima Amazon Alexa i Google Home.<br \/>\nDodajte ga u HeySmart obitelj i otkrijte sve kompatibilne ure\u0111aje!<\/p>\n<p>Napajanje 90 ~ 240V<br \/>\nRadna temperatura +5 ~ +35 \u00b0C<br \/>\nIntegrirani NTC senzor (10K) 1%<br \/>\nPasivni relej max. 5A<br \/>\nZigbee &#8211;<br \/>\nWI-FI 2,4 GHz<br \/>\nInstalacija Konzola na kutiji 503<br \/>\nBoja Bijela<br \/>\nDimenzija 130x90x29 mm<\/p>\n","protected":false},"excerpt":{"rendered":"<p>Pametni WI-FI termostat s pozadinskim osvjetljenjem bijele plo\u010de meke na dodir.<br \/>\nTjedni raspored za kontrolu sustava grijanja ili hla\u0111enja.<br \/>\nZahtijeva napajanje od 230 Vac; omogu\u0107uje prilagodbu i programiranje temperature lokalno putem plo\u010de osjetljive na dodir i daljinski putem aplikacije HeySmart.<br \/>\nUklju\u010duje funkciju protiv smrzavanja i godi\u0161nji odmor. Prikladno za povr\u0161insku ugradnju na kutiju 503.<br \/>\nRadi s glasovnim asistentima Amazon Alexa i Google Home.<br \/>\nDodajte ga u HeySmart obitelj i otkrijte sve kompatibilne ure\u0111aje!<\/p>\n<p>Napajanje 90 ~ 240V<br \/>\nRadna temperatura +5 ~ +35 \u00b0C<br \/>\nIntegrirani NTC senzor (10K) 1%<br \/>\nPasivni relej max. 5A<br \/>\nZigbee &#8211;<br \/>\nWI-FI 2,4 GHz<br \/>\nInstalacija Konzola na kutiji 503<br \/>\nBoja Bijela<br \/>\nDimenzija 130x90x29 mm<\/p>\n","protected":false},"featured_media":8751,"comment_status":"open","ping_status":"closed","template":"","meta":{"_mi_skip_tracking":false,"_exactmetrics_sitenote_active":false,"_exactmetrics_sitenote_note":"","_exactmetrics_sitenote_category":0,"spay_email":""},"product_cat":[3480],"product_tag":[3489,6385,6384,1833,6387,6386],"brands":[],"df_price":159,"df_sale_price":"","df_regular_price":159,"df_image_link":"https:\/\/i2.wp.com\/astehshop.com\/wp-content\/uploads\/2024\/01\/termostat-wh.jpg?fit=400%2C399","jetpack_publicize_connections":[],"jetpack_sharing_enabled":true,"jetpack_likes_enabled":true,"jetpack-related-posts":[{"id":8746,"url":"http:\/\/astehshop.com\/index.php\/product\/wifi-termostat-touch-kontrole-pozadinsko-osvjetljenje-crni-heysmart\/","url_meta":{"origin":8750,"position":0},"title":"WiFi Termostat | Touch Kontrole | Pozadinsko Osvjetljenje | Crni | HeySmart","date":"10. sije\u010dnja 2024.","format":false,"excerpt":"Pametni WI-FI termostat s pozadinskim osvjetljenjem crne plo\u010de mekane na dodir. Tjedni raspored za kontrolu sustava grijanja ili hla\u0111enja. Zahtijeva napajanje od 230 Vac; omogu\u0107uje prilagodbu i programiranje temperature lokalno putem plo\u010de osjetljive na dodir i daljinski putem aplikacije HeySmart. Uklju\u010duje funkciju protiv smrzavanja i godi\u0161nji odmor. Prikladno za povr\u0161insku\u2026","rel":"","context":"Srodne objave","img":{"alt_text":"","src":"https:\/\/i1.wp.com\/astehshop.com\/wp-content\/uploads\/2024\/01\/wifi-termostat-black-1.jpg?fit=400%2C400&resize=350%2C200","width":350,"height":200},"classes":[]},{"id":7815,"url":"http:\/\/astehshop.com\/index.php\/product\/sobni-termostat-wifi-6000alw-tuya\/","url_meta":{"origin":8750,"position":1},"title":"Sobni termostat WIFI 6000ALW Tuya","date":"23. svibnja 2023.","format":false,"excerpt":"Wifi okrugli termostat na dodir Potpuna kontrola putem telefona Akrilno staklo, jednostavno za ciscenje i cuva va\u0161e o\u010di Jednostavan dizajn, jednostavno rukovanje Lezite na va\u0161em kau\u010du i upravljajte kompletnom situacijom","rel":"","context":"Srodne objave","img":{"alt_text":"","src":"https:\/\/i0.wp.com\/astehshop.com\/wp-content\/uploads\/2023\/05\/sobni-termostat.jpg?fit=891%2C888&resize=350%2C200","width":350,"height":200},"classes":[]},{"id":8753,"url":"http:\/\/astehshop.com\/index.php\/product\/wifi-ventil-za-radijator-kit-ventil-gateway-heysmart\/","url_meta":{"origin":8750,"position":2},"title":"WiFi Ventil Za Radijator | KIT: Ventil + Gateway | HeySmart","date":"10. sije\u010dnja 2024.","format":false,"excerpt":"Pametni termostatski ventil KIT s tipkama mekanim na dodir i funkcijom zaklju\u010davanja za djecu. Funkcija \"Boost\" korisna za brzo zagrijavanje, funkcija \"otvoreni prozor\" omogu\u0107uje u\u0161tedu energije. Zigbee WI-FI gateway isporu\u010den za povezivanje s aplikacijom HeySmart za daljinsko upravljanje. Jedan Gateway mo\u017ee kontrolirati do 15 pametnih ventila u dometu. Standardni priklju\u010dak\u2026","rel":"","context":"Srodne objave","img":{"alt_text":"","src":"https:\/\/i2.wp.com\/astehshop.com\/wp-content\/uploads\/2024\/01\/wifi-ventil-za-radijator.jpg?fit=400%2C400&resize=350%2C200","width":350,"height":200},"classes":[]},{"id":8757,"url":"http:\/\/astehshop.com\/index.php\/product\/wifi-dodatni-ventil-za-radijator-heysmart\/","url_meta":{"origin":8750,"position":3},"title":"WiFi Dodatni Ventil Za Radijator | HeySmart","date":"10. sije\u010dnja 2024.","format":false,"excerpt":"Pametni termostatski radijatorski ventil s tipkama mekanim na dodir i funkcijom blokade za djecu. Paket pro\u0161irenja za HeyThermo-Rkit KIT. Funkcija \"Boost\" korisna za brzo zagrijavanje, dok funkcija \"otvoreni prozor\" omogu\u0107uje u\u0161tedu energije. Za povezivanje s aplikacijom HeySmart potreban vam je Zigbee WI-FI Gateway (COD.68.6811.00). Ako ste ve\u0107 kupili HeyThermo-Rkit, trebali\u2026","rel":"","context":"Srodne objave","img":{"alt_text":"","src":"https:\/\/i1.wp.com\/astehshop.com\/wp-content\/uploads\/2024\/01\/ventil-1.jpg?fit=400%2C400&resize=350%2C200","width":350,"height":200},"classes":[]},{"id":6126,"url":"http:\/\/astehshop.com\/index.php\/product\/hikvision-ax-pro-bezicna-tastatura-ds-pk1-e-we\/","url_meta":{"origin":8750,"position":4},"title":"HikVision AX PRO be\u017ei\u010dna tastatura DS-PK1-E-WE","date":"1. travnja 2022.","format":false,"excerpt":"868 MHz dvosmjerna be\u017ei\u010dna komunikacija AES-128 enkripcija Ostanite\/udaljeni aktiviranje, razoru\u017eavanje, \u010di\u0161\u0107enje alarma za odre\u0111eno podru\u010dje ili sva podru\u010dja LED ozna\u010dava programirano podru\u010dje Vatrogasni alarm s jednim pritiskom, alarm za paniku i medicinski alarm. Mo\u017ee se odabrati tihi\/zvu\u010dni alarm Potpuni dizajn tipki na dodir s LED pozadinskim osvjetljenjem Potpuno daljinski podesivo\u2026","rel":"","context":"Srodne objave","img":{"alt_text":"","src":"https:\/\/i2.wp.com\/astehshop.com\/wp-content\/uploads\/2022\/04\/DS-PK1-E-WE.jpg?fit=400%2C400&resize=350%2C200","width":350,"height":200},"classes":[]},{"id":7942,"url":"http:\/\/astehshop.com\/index.php\/product\/pametni-wifi-prekidac-sa-2-x-usb-porta\/","url_meta":{"origin":8750,"position":5},"title":"Pametni WIFI prekida\u010d sa 2 x USB porta","date":"11. lipnja 2023.","format":false,"excerpt":"Pametni wifi prekida\u010d za svjetlo u kombinaciji sa 2 x USB A porta Potpuna kontrola putem va\u0161eg pametnog telefona i aplikacije Prednja povr\u0161ina osjetljiva na dodir veoma elegantan proizvod","rel":"","context":"Srodne objave","img":{"alt_text":"","src":"https:\/\/i2.wp.com\/astehshop.com\/wp-content\/uploads\/2023\/06\/prekkdac_za_svjetlo_wifi-removebg-preview.png?fit=727%2C591&resize=350%2C200","width":350,"height":200},"classes":[]}],"_links":{"self":[{"href":"http:\/\/astehshop.com\/index.php\/wp-json\/wp\/v2\/product\/8750"}],"collection":[{"href":"http:\/\/astehshop.com\/index.php\/wp-json\/wp\/v2\/product"}],"about":[{"href":"http:\/\/astehshop.com\/index.php\/wp-json\/wp\/v2\/types\/product"}],"replies":[{"embeddable":true,"href":"http:\/\/astehshop.com\/index.php\/wp-json\/wp\/v2\/comments?post=8750"}],"wp:featuredmedia":[{"embeddable":true,"href":"http:\/\/astehshop.com\/index.php\/wp-json\/wp\/v2\/media\/8751"}],"wp:attachment":[{"href":"http:\/\/astehshop.com\/index.php\/wp-json\/wp\/v2\/media?parent=8750"}],"wp:term":[{"taxonomy":"product_cat","embeddable":true,"href":"http:\/\/astehshop.com\/index.php\/wp-json\/wp\/v2\/product_cat?post=8750"},{"taxonomy":"product_tag","embeddable":true,"href":"http:\/\/astehshop.com\/index.php\/wp-json\/wp\/v2\/product_tag?post=8750"}],"curies":[{"name":"wp","href":"https:\/\/api.w.org\/{rel}","templated":true}]}}