{"id":8738,"date":"2024-01-09T18:35:16","date_gmt":"2024-01-09T17:35:16","guid":{"rendered":"http:\/\/astehshop.com\/?post_type=product&#038;p=8738"},"modified":"2025-07-04T06:20:34","modified_gmt":"2025-07-04T04:20:34","slug":"monitor-samsung-odyssey-g30a-27-fullhd-led-1ms-144hz","status":"publish","type":"product","link":"http:\/\/astehshop.com\/index.php\/product\/monitor-samsung-odyssey-g30a-27-fullhd-led-1ms-144hz\/","title":{"rendered":"Monitor Samsung Odyssey G30A 27&#8243; FullHD LED 1ms 144Hz"},"content":{"rendered":"<p>Gaming monitor premium kvaliteta, 144Hz, sa pivot nosa\u010dem<\/p>\n<p>Monitor Samsung Odyssey G30A 27&#8243;<\/p>\n<p>FullHD LED 1ms. 144Hz,<br \/>\nFreeSync,<br \/>\nHDMI. DP. crni<\/p>\n<p>Za sve dodatne informacije mozete nas kontaktirati na OLX poruke, 065824333 ili Viber<\/p>\n<p> NUDIMO KUPOVINU NOVE ROBE NA RATE:<\/p>\n<p>-DO 18 RATA PREKO MIKROFIN KREDITNA ORGANIZACIJA<\/p>\n<p>-DO 12 RATA PREKO \u0160OPING KARTICE UNICREDIT BANK<\/p>\n<p>Trgovinska RadnjaTECHNO SHOP BN<\/p>\n<p>Nikole Tesle 31a,<\/p>\n<p>Bijeljina(izme\u0111u Moja Apoteka i picerije Park Ne\u0161kovi\u0107)<\/p>\n<p>055\/422-599<\/p>\n<p>065\/824-333<\/p>\n<p>066\/123-234<\/p>\n<p>Radnim danima 09-19h<\/p>\n<p>Subotom 09-16h<\/p>\n<p>www.technoshopbn.com<\/p>\n","protected":false},"excerpt":{"rendered":"<p>Gaming monitor premium kvaliteta, 144Hz, sa pivot nosa\u010dem<\/p>\n<p>Monitor Samsung Odyssey G30A 27&#8243;<br \/>\nFullHD LED 1ms. 144Hz,<br \/>\nFreeSync,<br \/>\nHDMI. DP. crni<\/p>\n","protected":false},"featured_media":8739,"comment_status":"open","ping_status":"closed","template":"","meta":{"_mi_skip_tracking":false,"_exactmetrics_sitenote_active":false,"_exactmetrics_sitenote_note":"","_exactmetrics_sitenote_category":0,"spay_email":""},"product_cat":[1089],"product_tag":[],"brands":[{"id":2366,"name":"Samsung","slug":"samsung"}],"df_price":489,"df_sale_price":489,"df_regular_price":499,"df_image_link":"https:\/\/i2.wp.com\/astehshop.com\/wp-content\/uploads\/2024\/01\/0123101_monitor-samsung-odyssey-g30a-27-fullhd-led-1ms-144hz-freesync-hdmi-dp-crni-ls27ag300nrxen.jpeg?fit=450%2C450","jetpack_publicize_connections":[],"jetpack_sharing_enabled":true,"jetpack_likes_enabled":true,"jetpack-related-posts":[{"id":7311,"url":"http:\/\/astehshop.com\/index.php\/product\/monitor-asus-tuf-gaming-27-fullhd-165hz-1ms\/","url_meta":{"origin":8738,"position":0},"title":"MONITOR ASUS TUF GAMING 27&#8243; FullHD 165Hz 1ms","date":"8. o\u017eujka 2023.","format":false,"excerpt":"Odli\u010dan monitor. \u00a0 ASUS monitor TUF VG277Q1A, Gaming, FULL HD 1920x1080, 27 VA, 350 cd\/m2, AMD FreeSync Premium, Z vu\u010dnici, HDMI, DP, 165Hz, 1ms","rel":"","context":"Srodne objave","img":{"alt_text":"","src":"https:\/\/i1.wp.com\/astehshop.com\/wp-content\/uploads\/2023\/03\/E4u4xz51zHxzt3I5aKwy.jpg?fit=800%2C736&resize=350%2C200","width":350,"height":200},"classes":[]},{"id":5698,"url":"http:\/\/astehshop.com\/index.php\/product\/monitor-asus-tuf-vg249q-23-8-ips-fhd\/","url_meta":{"origin":8738,"position":1},"title":"Monitor Asus TUF VG249Q 23.8&#8243; IPS FHD","date":"5. prosinca 2021.","format":false,"excerpt":"Monitor Asus TUF VG249Q 23.8\" IPS FHD 1ms 144Hz 250cd VGa HDMI DP Speakers Height Swivel Pivot","rel":"","context":"Srodne objave","img":{"alt_text":"","src":"https:\/\/i2.wp.com\/astehshop.com\/wp-content\/uploads\/2021\/12\/Monitor-Asus-TUF-VG249Q-2-IPS-FHD.jpeg?fit=900%2C900&resize=350%2C200","width":350,"height":200},"classes":[]},{"id":11242,"url":"http:\/\/astehshop.com\/index.php\/product\/gaming-monitor-27-lg-27gn60r-b-144hz\/","url_meta":{"origin":8738,"position":2},"title":"GAMING MONITOR 27&#8243; LG 27GN60R-B 144Hz","date":"21. srpnja 2025.","format":false,"excerpt":"Veli\u010dina ekrana:\u00a027\" Tip panela:\u00a0IPS Rezolucija:\u00a01920\u00d71080 (Full HD) Osvjetljenje:\u00a0300 cd\/m\u00b2 Vrijeme odziva:\u00a01 ms Brzina osvje\u017eenja:\u00a0144 Hz Tehnologije:\u00a0AMD FreeSync Premium, G-SYNC Compatible Priklju\u010dci:\u00a0HDMI, DisplayPort","rel":"","context":"Srodne objave","img":{"alt_text":"","src":"https:\/\/i0.wp.com\/astehshop.com\/wp-content\/uploads\/2025\/07\/35457-27-LG-27GN60R-B-144Hz-Gaming-Display-2.webp?fit=450%2C450&resize=350%2C200","width":350,"height":200},"classes":[]},{"id":11255,"url":"http:\/\/astehshop.com\/index.php\/product\/gaming-monitor-zakrivljen-27-samsung-odyssey-165hz\/","url_meta":{"origin":8738,"position":3},"title":"GAMING MONITOR ZAKRIVLJEN 27&#8243; SAMSUNG Odyssey 165Hz","date":"21. srpnja 2025.","format":false,"excerpt":"Veli\u010dina ekrana:\u00a027\" Tip panela:\u00a0VA Rezolucija:\u00a02560\u00d71440 (QHD) Osvjetljenje:\u00a0300 cd\/m\u00b2 Vrijeme odziva:\u00a01 ms Brzina osvje\u017eenja:\u00a0165 Hz Tehnologija:\u00a0AMD FreeSync Premium Pro Priklju\u010dci:\u00a0HDMI, DisplayPort","rel":"","context":"Srodne objave","img":{"alt_text":"","src":"https:\/\/i1.wp.com\/astehshop.com\/wp-content\/uploads\/2025\/07\/38021-27-SAMSUNG-Odyssey-LS27CG554EUXEN-G55C-165Hz-Gaming-Curved-Display-4.webp?fit=450%2C450&resize=350%2C200","width":350,"height":200},"classes":[]},{"id":11280,"url":"http:\/\/astehshop.com\/index.php\/product\/gaming-monitor-zakrivljen-32-samsung-odyssey-165hz\/","url_meta":{"origin":8738,"position":4},"title":"GAMING MONITOR ZAKRIVLJEN 32&#8243; SAMSUNG Odyssey 165Hz","date":"21. srpnja 2025.","format":false,"excerpt":"Veli\u010dina ekrana:\u00a032\" Tip panela:\u00a0VA Rezolucija:\u00a02560\u00d71440 (QHD) Osvjetljenje:\u00a0300 cd\/m\u00b2 Vrijeme odziva:\u00a01 ms Brzina osvje\u017eenja:\u00a0165 Hz Tehnologija:\u00a0AMD FreeSync Premium Pro Priklju\u010dci:\u00a0HDMI, DisplayPort","rel":"","context":"Srodne objave","img":{"alt_text":"","src":"https:\/\/i1.wp.com\/astehshop.com\/wp-content\/uploads\/2025\/07\/38021-27-SAMSUNG-Odyssey-LS27CG554EUXEN-G55C-165Hz-Gaming-Curved-Display-4.webp?fit=450%2C450&resize=350%2C200","width":350,"height":200},"classes":[]},{"id":11311,"url":"http:\/\/astehshop.com\/index.php\/product\/gaming-monitor-zakrivljen-34-aoc-cu34g2xp-bk-wqhd-144hz\/","url_meta":{"origin":8738,"position":5},"title":"GAMING MONITOR ZAKRIVLJEN 34&#8243; AOC CU34G2XP\/BK WQHD 144Hz","date":"23. srpnja 2025.","format":false,"excerpt":"Ekran:\u00a034\", VA panel Rezolucija:\u00a03440 \u00d7 1440 Osvetljenje:\u00a0400 cd\/m\u00b2 Vreme odziva:\u00a01 ms Osve\u017eavanje:\u00a0144 Hz Priklju\u010dci:\u00a02 \u00d7 HDMI, 2 \u00d7 DisplayPort, 4 \u00d7 USB 3.0","rel":"","context":"Srodne objave","img":{"alt_text":"","src":"https:\/\/i2.wp.com\/astehshop.com\/wp-content\/uploads\/2025\/07\/37264-34-AOC-CU34G2XPBK-WQHD-180Hz-Curved-Gaming-Display-2.webp?fit=450%2C450&resize=350%2C200","width":350,"height":200},"classes":[]}],"_links":{"self":[{"href":"http:\/\/astehshop.com\/index.php\/wp-json\/wp\/v2\/product\/8738"}],"collection":[{"href":"http:\/\/astehshop.com\/index.php\/wp-json\/wp\/v2\/product"}],"about":[{"href":"http:\/\/astehshop.com\/index.php\/wp-json\/wp\/v2\/types\/product"}],"replies":[{"embeddable":true,"href":"http:\/\/astehshop.com\/index.php\/wp-json\/wp\/v2\/comments?post=8738"}],"wp:featuredmedia":[{"embeddable":true,"href":"http:\/\/astehshop.com\/index.php\/wp-json\/wp\/v2\/media\/8739"}],"wp:attachment":[{"href":"http:\/\/astehshop.com\/index.php\/wp-json\/wp\/v2\/media?parent=8738"}],"wp:term":[{"taxonomy":"product_cat","embeddable":true,"href":"http:\/\/astehshop.com\/index.php\/wp-json\/wp\/v2\/product_cat?post=8738"},{"taxonomy":"product_tag","embeddable":true,"href":"http:\/\/astehshop.com\/index.php\/wp-json\/wp\/v2\/product_tag?post=8738"}],"curies":[{"name":"wp","href":"https:\/\/api.w.org\/{rel}","templated":true}]}}