{"id":8717,"date":"2023-12-23T19:30:24","date_gmt":"2023-12-23T18:30:24","guid":{"rendered":"http:\/\/astehshop.com\/?post_type=product&#038;p=8717"},"modified":"2023-12-23T19:30:25","modified_gmt":"2023-12-23T18:30:25","slug":"asus-aio-touch-pc-90pt0391-m00a10-8gb","status":"publish","type":"product","link":"http:\/\/astehshop.com\/index.php\/product\/asus-aio-touch-pc-90pt0391-m00a10-8gb\/","title":{"rendered":"ASUS AIO Touch PC 90PT0391-M00A10 8GB"},"content":{"rendered":"<p><strong>Unaprijedite va\u0161 biznis <\/p>\n<p>ASUS AIO Touch PC 90PT0391-M00A10 8GB<\/p>\n<p>Procesor (CPU) &#8211; Intel N4500 Quad<br \/>\nMemorija (RAM):  8GB \/ DDR4 (3200 MHz)<br \/>\nEkran (Display): LED 15.6&#8221; FullHD  1200&#215;720<br \/>\nOperativni Sistem: po zelji kupca (Win 10 ili 11)<br \/>\n(Storage): 256GB SSD M.2 NVMe<br \/>\nGrafi\u010dka karta (GPU): Intel UHD<\/p>\n<p>Za sve dodatne informacije mozete nas kontaktirati na OLX poruke, 065824333 ili Viber<\/p>\n<p> NUDIMO KUPOVINU NOVE ROBE NA RATE:<br \/>\n-DO 18 RATA PREKO MIKROFIN KREDITNA ORGANIZACIJA<br \/>\n-DO 12 RATA PREKO \u0160OPING KARTICE UNICREDIT BANK<\/p>\n<p>Trgovinska RadnjaTECHNO SHOP BN<\/p>\n<p>Nikole Tesle 31a, Bijeljina<br \/>\n(izme\u0111u Moja Apoteka i picerije Park Ne\u0161kovi\u0107)<\/p>\n<p>055\/422-599; 065\/824-333<\/p>\n<p>Radnim danima 09-19h<br \/>\nSubotom 09-16h<\/p>\n<p>www.technoshopbn.com<br \/>\ninfo@technoshopbn.com<\/strong><\/p>\n","protected":false},"excerpt":{"rendered":"<p><strong>Procesor (CPU) &#8211; Intel N4500 Quad<br \/>\nMemorija (RAM):  8GB \/ DDR4 (3200 MHz)<br \/>\nEkran (Display): LED 15.6&#8221; FullHD  1200&#215;720<br \/>\nOperativni Sistem: po zelji kupca (Win 10 ili 11)<br \/>\n(Storage): 256GB SSD M.2 NVMe<br \/>\nGrafi\u010dka karta (GPU): Intel UHD<\/strong><\/p>\n","protected":false},"featured_media":8718,"comment_status":"open","ping_status":"closed","template":"","meta":{"_mi_skip_tracking":false,"_exactmetrics_sitenote_active":false,"_exactmetrics_sitenote_note":"","_exactmetrics_sitenote_category":0,"spay_email":""},"product_cat":[2393],"product_tag":[],"brands":[{"id":5147,"name":"ASUS","slug":"asus"}],"df_price":1089,"df_sale_price":"","df_regular_price":1089,"df_image_link":"https:\/\/i1.wp.com\/astehshop.com\/wp-content\/uploads\/2023\/12\/img-1703353930-339ea39cffae.jpg?fit=450%2C281","jetpack_publicize_connections":[],"jetpack_sharing_enabled":true,"jetpack_likes_enabled":true,"jetpack-related-posts":[{"id":11552,"url":"http:\/\/astehshop.com\/index.php\/product\/laptop-hp-elitebook-840-g7\/","url_meta":{"origin":8717,"position":0},"title":"LAPTOP HP EliteBook 840 G7","date":"19. kolovoza 2025.","format":false,"excerpt":"CPU: i5-10310U 4\/8 Cores RAM DDR4 2666MHz 8GB SSD M.2 NVME 256GB Ekran: 14.1\" FullHD IPS Intel UHD","rel":"","context":"Srodne objave","img":{"alt_text":"","src":"https:\/\/i2.wp.com\/astehshop.com\/wp-content\/uploads\/2025\/08\/laptop-hp-elitebook-840-g7.webp?fit=800%2C800&resize=350%2C200","width":350,"height":200},"classes":[]},{"id":10917,"url":"http:\/\/astehshop.com\/index.php\/product\/gnc-skolarac-gnc-kuciste-500w-2y\/","url_meta":{"origin":8717,"position":1},"title":"GNC \u0160KOLARAC GNC Ku\u0107i\u0161te + 500W, 2Y","date":"9. srpnja 2025.","format":false,"excerpt":"Procesor (CPU): Intel\u00ae Celeron\u00ae J4125, 4 jezgra \/ 4 niti, 2.00GHz baza \/ 2.70GHz turbo, 4MB ke\u0161 RAM: 8GB DDR4, 2666MHz Operativni sistem: Windows 11 Professional Pohrana: 256GB SSD Grafika: Intel UHD Graphics 600 (integrisana","rel":"","context":"Srodne objave","img":{"alt_text":"","src":"https:\/\/i1.wp.com\/astehshop.com\/wp-content\/uploads\/2025\/07\/0134224_gnc-skolarac-win-11-pro-intel-celquad-core-j4125-up-to-27ghz-mb-j4125nhu-ram-8-gb-ddr4-2666-mhz-ssd-.png?fit=900%2C900&resize=350%2C200","width":350,"height":200},"classes":[]},{"id":8244,"url":"http:\/\/astehshop.com\/index.php\/product\/laptop-dell-7480-i5-8gb\/","url_meta":{"origin":8717,"position":2},"title":"LAPTOP DELL 7480 i5 8GB","date":"2. rujna 2023.","format":false,"excerpt":"DELL 7480 CPU i5-6300U SSD M.2 NVMe 250GB RAM DDR4 8GB 14,1\" OLED FullHD 1920x1080","rel":"","context":"Srodne objave","img":{"alt_text":"","src":"https:\/\/i1.wp.com\/astehshop.com\/wp-content\/uploads\/2023\/09\/img-1693679700-0cc6078ebd30.jpg?fit=504%2C350&resize=350%2C200","width":350,"height":200},"classes":[]},{"id":10923,"url":"http:\/\/astehshop.com\/index.php\/product\/gnc-business-kuciste-sharkoon-vs4\/","url_meta":{"origin":8717,"position":3},"title":"GNC BUSINESS. KU\u0106I\u0160TE SHARKOON VS4","date":"9. srpnja 2025.","format":false,"excerpt":"Procesor (CPU): Intel Core i3-10105, 4 jezgra \/ 8 niti, 3.70GHz baza \/ 4.40GHz turbo, 6MB Smart Cache Mati\u010dna plo\u010da: H510M (LGA1200 socket, DDR4 podr\u0161ka, microATX format) RAM: 8GB DDR4, 2666MHz SSD: 240GB SATA III Grafi\u010dka kartica (GPU): Intel UHD Graphics 630 (integrisana u procesor) Ku\u0107i\u0161te: Sharkoon VS4 Operativni sistem:\u2026","rel":"","context":"Srodne objave","img":{"alt_text":"","src":"https:\/\/i0.wp.com\/astehshop.com\/wp-content\/uploads\/2025\/07\/0123236_gnc-business-i3-10105-370ghz-mb-h510m-ram-ddr4-8gb-2666mhz-ssd-240-gb-kuciste-sharkoon-vs4-win-11-pr.jpeg?fit=900%2C900&resize=350%2C200","width":350,"height":200},"classes":[]},{"id":4351,"url":"http:\/\/astehshop.com\/index.php\/product\/tablet-kids-k7\/","url_meta":{"origin":8717,"position":4},"title":"Tablet kids k7","date":"31. o\u017eujka 2020.","format":false,"excerpt":"Android tablet 7\", ekran rezolucija 1024 x 600, CPU Quad Core, RAM memorija 1GB, interna memorija 8GB, pro\u0161irivo sa microSD do 32GB, kamera 2Mpixel, G senzor, WiFi, Bluetooth. Baterija 2500mAh Operativni sustav Android 7.1 Nougat","rel":"","context":"Srodne objave","img":{"alt_text":"","src":"https:\/\/i2.wp.com\/astehshop.com\/wp-content\/uploads\/2020\/03\/K7-Kids.png?fit=1200%2C1099&resize=350%2C200","width":350,"height":200},"classes":[]},{"id":9385,"url":"http:\/\/astehshop.com\/index.php\/product\/pc-racunar-hp-800-g2-i3-8gb-ssd-fiskalizacija-2024\/","url_meta":{"origin":8717,"position":5},"title":"PC RA\u010cUNAR HP 800 G2 i3 8GB SSD &#8211; FISKALIZACIJA 2024","date":"13. lipnja 2024.","format":false,"excerpt":"HP 800 G2 Elitedesk SFF, Karakteristike: CPU Intel i3-6100 6th generation RAM DDR4 8GB SSD 250GB poklon HDD 250GB za backup kase 10xUSB 3.0","rel":"","context":"Srodne objave","img":{"alt_text":"","src":"https:\/\/i0.wp.com\/astehshop.com\/wp-content\/uploads\/2024\/06\/hp-elitedesk-800-g2-sff-1532506521.jpg?fit=1000%2C1000&resize=350%2C200","width":350,"height":200},"classes":[]}],"_links":{"self":[{"href":"http:\/\/astehshop.com\/index.php\/wp-json\/wp\/v2\/product\/8717"}],"collection":[{"href":"http:\/\/astehshop.com\/index.php\/wp-json\/wp\/v2\/product"}],"about":[{"href":"http:\/\/astehshop.com\/index.php\/wp-json\/wp\/v2\/types\/product"}],"replies":[{"embeddable":true,"href":"http:\/\/astehshop.com\/index.php\/wp-json\/wp\/v2\/comments?post=8717"}],"wp:featuredmedia":[{"embeddable":true,"href":"http:\/\/astehshop.com\/index.php\/wp-json\/wp\/v2\/media\/8718"}],"wp:attachment":[{"href":"http:\/\/astehshop.com\/index.php\/wp-json\/wp\/v2\/media?parent=8717"}],"wp:term":[{"taxonomy":"product_cat","embeddable":true,"href":"http:\/\/astehshop.com\/index.php\/wp-json\/wp\/v2\/product_cat?post=8717"},{"taxonomy":"product_tag","embeddable":true,"href":"http:\/\/astehshop.com\/index.php\/wp-json\/wp\/v2\/product_tag?post=8717"}],"curies":[{"name":"wp","href":"https:\/\/api.w.org\/{rel}","templated":true}]}}