{"id":8712,"date":"2023-12-23T19:23:32","date_gmt":"2023-12-23T18:23:32","guid":{"rendered":"http:\/\/astehshop.com\/?post_type=product&#038;p=8712"},"modified":"2025-09-22T12:04:48","modified_gmt":"2025-09-22T10:04:48","slug":"gaming-racunar-ms-v705-ryzen7-5700x-32gb-rtx-3070-8gb","status":"publish","type":"product","link":"http:\/\/astehshop.com\/index.php\/product\/gaming-racunar-ms-v705-ryzen7-5700x-32gb-rtx-3070-8gb\/","title":{"rendered":"GAMING RA\u010cUNAR MS V705 Ryzen7 5700x 32GB RTX 3070 8GB"},"content":{"rendered":"<p>ULTIMATIVAN GAMING RA\u010cUNAR RYZEN 7 &#8211; MS V705 ARMOR<\/p>\n<p>NOV GAMING RA\u010cUNAR  <\/p>\n<p>SKLOPLJENO PROFESIONALNO, KABLIRANO PEDANTNO<\/p>\n<p>POLOVNA GAMING GRAFIKA RTX 3070 8GB  &#8211;  POKRE\u0106E SVE NA HIGH!<\/p>\n<p><strong><br \/>\nAMD RYZEN 7 5700x &#8211; 16threads<br \/>\nCollerMaster CPU Cooler<br \/>\nGigabyte MB B450M K G10 AM4<br \/>\nSSD M.2 NVMe 1TB + HDD 1TB Novo<br \/>\nRAM DDR4 32GB 3600MHz Novo<br \/>\nGRAFIKA GIGABYTE RTX 3070 8GB \u2013 Polovna<br \/>\nKu\u0107i\u0161te MS Industrial ARMOR V705 Gaming Case Novo<br \/>\nWINDOWS 11, Steam, EpicGame, Discord\u2026<\/p>\n<p>Za sve dodatne informacije mozete nas kontaktirati na OLX poruke, 065824333 ili Viber<\/p>\n<p> NUDIMO KUPOVINU NOVE ROBE NA RATE:<br \/>\n-DO 18 RATA PREKO MIKROFIN KREDITNA ORGANIZACIJA<br \/>\n-DO 12 RATA PREKO \u0160OPING KARTICE UNICREDIT BANK<\/p>\n<p>Trgovinska RadnjaTECHNO SHOP BN<\/p>\n<p>Nikole Tesle 31a,<br \/>\nBijeljina(izme\u0111u Moja Apoteka i picerije Park Ne\u0161kovi\u0107)<\/p>\n<p>055\/422-599<br \/>\n065\/824-333<\/p>\n<p>Radnim danima 09-19h<br \/>\nSubotom 09-16h<\/p>\n<p>www.technoshopbn.com<br \/>\ninfo@technoshopbn.com<\/strong><\/p>\n","protected":false},"excerpt":{"rendered":"<p><strong>GAMING RA\u010cUNAR PC RYZEN 7 32GB RX 5700XT 8GB<br \/>\nAMD RYZEN 7 5700x &#8211; 16threads<br \/>\nCollerMaster CPU Cooler<br \/>\n Gigabyte MB B450M K G10 AM4<br \/>\n SSD M.2 NVMe 1TB + HDD 1TB Novo<br \/>\n RAM DDR4 32GB 3600MHz Novo<br \/>\n GRAFIKA GIGABYTE RTX 3070 8GB \u2013 Polovna<br \/>\n Ku\u0107i\u0161te MS Industrial ARMOR V705 Gaming Case Novo<br \/>\n WINDOWS 11, Steam, EpicGame, Discord<\/strong><\/p>\n","protected":false},"featured_media":8713,"comment_status":"open","ping_status":"closed","template":"","meta":{"_mi_skip_tracking":false,"_exactmetrics_sitenote_active":false,"_exactmetrics_sitenote_note":"","_exactmetrics_sitenote_category":0,"spay_email":""},"product_cat":[5140],"product_tag":[],"brands":[],"df_price":1899,"df_sale_price":"","df_regular_price":1899,"df_image_link":"https:\/\/i0.wp.com\/astehshop.com\/wp-content\/uploads\/2023\/12\/img-1703350354-02aed3b0fc55.jpg?fit=450%2C425","jetpack_publicize_connections":[],"jetpack_sharing_enabled":true,"jetpack_likes_enabled":true,"jetpack-related-posts":[{"id":8636,"url":"http:\/\/astehshop.com\/index.php\/product\/gaming-racunar-ryzen-7-32gb-rx-5700-xt\/","url_meta":{"origin":8712,"position":0},"title":"GAMING RA\u010cUNAR RYZEN 7 32GB RX 5700 XT","date":"14. studenoga 2023.","format":false,"excerpt":"GAMING RA\u010cUNAR PC RYZEN 7 32GB RX 5700XT 8GB AMD RYZEN 7 5700x - 16threads CollerMaster CPU Cooler Gigabyte MB B450M K G10 AM4 SSD M.2 NVMe 1TB + HDD 1TB Novo RAM DDR4 32GB 3600MHz Novo GRAFIKA ASUS RX 5700 XT 8GB \u2013 Polovna Ku\u0107i\u0161te MS Industrial ARMOR V705\u2026","rel":"","context":"Srodne objave","img":{"alt_text":"","src":"https:\/\/i1.wp.com\/astehshop.com\/wp-content\/uploads\/2023\/11\/99tQEOdfipIhdA2oetld.jpg?fit=762%2C719&resize=350%2C200","width":350,"height":200},"classes":[]},{"id":7263,"url":"http:\/\/astehshop.com\/index.php\/product\/gaming-racunar-pc-ryzen-7-16gb-rtx-3060-ti\/","url_meta":{"origin":8712,"position":1},"title":"GAMING RA\u010cUNAR PC RYZEN 7 16GB RTX 3060 Ti","date":"2. o\u017eujka 2023.","format":false,"excerpt":"GAMING RA\u010cUNAR PC RYZEN 7 16GB RTX 3060 Ti AMD RYZEN 7\u00a0 5700x Gigabyte MB A520M K G10 AM4 SSD M.2 NVMe 512GB + HDD 1TB Novo RAM DDR4 16GB 3200MHz Novo GRAFIKA ASUS RTX 3060 Ti 8GB - Polovna Ku\u0107i\u0161te MS Industrial ARMOR V705 Gaming Case\u00a0 Novo WINDOWS 11,\u2026","rel":"","context":"Srodne objave","img":{"alt_text":"","src":"https:\/\/i1.wp.com\/astehshop.com\/wp-content\/uploads\/2023\/03\/loRiBt744GARP0dDrb1W.jpg?fit=762%2C719&resize=350%2C200","width":350,"height":200},"classes":[]},{"id":7270,"url":"http:\/\/astehshop.com\/index.php\/product\/gaming-racunar-pc-ryzen-7-16gb-rtx-3060-ti-2\/","url_meta":{"origin":8712,"position":2},"title":"GAMING RA\u010cUNAR PC RYZEN 7 16GB RTX 3060 Ti","date":"3. o\u017eujka 2023.","format":false,"excerpt":"GAMING RA\u010cUNAR PC i5-11400F 16GB GTX 1660 Ti Intel i5-11400F 11th generation Gigabyte MB A510M K M.2 SSD M.2 NVMe 512GB + HDD 1TB Novo RAM DDR4 16GB 3200MHz Novo GRAFIKA GTX 1660 Ti 6GB - Polovna Ku\u0107i\u0161te MS Industrial ARMOR V705 Gaming Case\u00a0 Novo WINDOWS 11, Steam, EpicGame, Discord...","rel":"","context":"Srodne objave","img":{"alt_text":"","src":"https:\/\/i1.wp.com\/astehshop.com\/wp-content\/uploads\/2023\/03\/loRiBt744GARP0dDrb1W.jpg?fit=762%2C719&resize=350%2C200","width":350,"height":200},"classes":[]},{"id":10218,"url":"http:\/\/astehshop.com\/index.php\/product\/gaming-racunar-pc-ryzen-5-7600x-32gb-ddr5-rtx-4060\/","url_meta":{"origin":8712,"position":3},"title":"GAMING RA\u010cUNAR PC Ryzen 5 7600x 32GB DDR5 RTX 4060","date":"11. travnja 2025.","format":false,"excerpt":"GAMING RA\u010cUNAR PC RYZEN 5 7600x 32GB RTX 4060 8GB AMD RYZEN 5 7600x 6\/12 Cores Coller ThermalTake UX200 ARGB ASUS PRIME A620M-K ARGB SSD M.2 NVMe 1TB gen4 RAM DDR5 32GB 5600MHz GRAFIKA RTX 4060 2x 8GB Ku\u0107i\u0161te ThermalTake Versa H16 ARGB WINDOWS 11, Steam, EpicGame, Discord\u2026","rel":"","context":"Srodne objave","img":{"alt_text":"","src":"https:\/\/i0.wp.com\/astehshop.com\/wp-content\/uploads\/2025\/04\/img-1744366369-0785db5e1d45.jpg?fit=1024%2C768&resize=350%2C200","width":350,"height":200},"classes":[]},{"id":8640,"url":"http:\/\/astehshop.com\/index.php\/product\/gaming-racunar-ryzen-5-16gb-rtx-2060-super-8gb\/","url_meta":{"origin":8712,"position":4},"title":"GAMING RA\u010cUNAR Ryzen 5 16GB RTX 2060 Super 8GB","date":"14. studenoga 2023.","format":false,"excerpt":"AMD RYZEN 5 5500 - 12threads Coller AMD CPU Orig. Gigabyte MB B450M K G10 AM4 SSD M.2 NVMe 1TB RAM DDR4 16GB 3200MHz Novo GRAFIKA ASUS RTX 2060 Super 8GB \u2013 Novo Ku\u0107i\u0161te Chieftec HUNTER Gaming Case Novo WINDOWS 11, Steam, EpicGame, Discord\u2026","rel":"","context":"Srodne objave","img":{"alt_text":"","src":"https:\/\/i0.wp.com\/astehshop.com\/wp-content\/uploads\/2023\/11\/img-1699434785-fe673c195964.jpg?fit=800%2C800&resize=350%2C200","width":350,"height":200},"classes":[]},{"id":7269,"url":"http:\/\/astehshop.com\/index.php\/product\/gaming-racunar-pc-i5-11400f-16gb-rx-5500-xt-8gb-oc\/","url_meta":{"origin":8712,"position":5},"title":"GAMING RA\u010cUNAR PC i5 11400F 16GB RX 5500 XT 8GB OC","date":"3. o\u017eujka 2023.","format":false,"excerpt":"GAMING RA\u010cUNAR PC Intel i5-11400F\u00a0 16GB RX 5500 XT AMD Intel i5-11400F 4.4GHz Gigabyte MB H510M K M,2 SSD M.2 NVMe 512GB + HDD 1TB Novo RAM DDR4 16GB 3200MHz Novo GRAFIKA AXLE RX 5500 XT 8GB - Polovna Ku\u0107i\u0161te MS Industrial ARMOR V705 Gaming Case\u00a0 Novo WINDOWS 11, Steam,\u2026","rel":"","context":"Srodne objave","img":{"alt_text":"","src":"https:\/\/i1.wp.com\/astehshop.com\/wp-content\/uploads\/2023\/03\/loRiBt744GARP0dDrb1W.jpg?fit=762%2C719&resize=350%2C200","width":350,"height":200},"classes":[]}],"_links":{"self":[{"href":"http:\/\/astehshop.com\/index.php\/wp-json\/wp\/v2\/product\/8712"}],"collection":[{"href":"http:\/\/astehshop.com\/index.php\/wp-json\/wp\/v2\/product"}],"about":[{"href":"http:\/\/astehshop.com\/index.php\/wp-json\/wp\/v2\/types\/product"}],"replies":[{"embeddable":true,"href":"http:\/\/astehshop.com\/index.php\/wp-json\/wp\/v2\/comments?post=8712"}],"wp:featuredmedia":[{"embeddable":true,"href":"http:\/\/astehshop.com\/index.php\/wp-json\/wp\/v2\/media\/8713"}],"wp:attachment":[{"href":"http:\/\/astehshop.com\/index.php\/wp-json\/wp\/v2\/media?parent=8712"}],"wp:term":[{"taxonomy":"product_cat","embeddable":true,"href":"http:\/\/astehshop.com\/index.php\/wp-json\/wp\/v2\/product_cat?post=8712"},{"taxonomy":"product_tag","embeddable":true,"href":"http:\/\/astehshop.com\/index.php\/wp-json\/wp\/v2\/product_tag?post=8712"}],"curies":[{"name":"wp","href":"https:\/\/api.w.org\/{rel}","templated":true}]}}