{"id":8706,"date":"2023-12-23T19:13:19","date_gmt":"2023-12-23T18:13:19","guid":{"rendered":"http:\/\/astehshop.com\/?post_type=product&#038;p=8706"},"modified":"2026-04-04T20:12:25","modified_gmt":"2026-04-04T18:12:25","slug":"gaming-pc-armor-i3-10105f-16gb-rx-5500-xt-8gb","status":"publish","type":"product","link":"http:\/\/astehshop.com\/index.php\/product\/gaming-pc-armor-i3-10105f-16gb-rx-5500-xt-8gb\/","title":{"rendered":"GAMING PC ARMOR i3 10105F 16GB RX 5500 XT 8GB"},"content":{"rendered":"<p><strong>GAMING RA\u010cUNAR i3 10105F LC-POWER WHITE<\/p>\n<p>NOV GAMING RA\u010cUNAR SA NOVIM KOMPONENTAMA <\/p>\n<p>GAMING GRAFIKA RX 5500 XT 8GB NOVA.<\/p>\n<p>POKRE\u0106E SVE NA HIGH!!!<\/p>\n<p>i3 10100F up to 4.4GHz 10th generation (ja\u010di od i7 6700)<br \/>\nMB H510<br \/>\nSSD Dahua 500GB<br \/>\nRAM DDR4 16GB 3200MHz<br \/>\nGRAFIKA RX 5500 XP 8GB<br \/>\nKu\u0107i\u0161te UBIT Gaming Case U195A16 4xfun RGB<br \/>\nWINDOWS 11, MS Office 2016, Steam, EpicGame, Discord&#8230;<br \/>\nZa sve dodatne informacije mozete nas kontaktirati na OLX poruke, 065824333 ili Viber<\/p>\n<p> NUDIMO KUPOVINU NOVE ROBE NA RATE:<br \/>\n-DO 18 RATA PREKO MIKROFIN KREDITNA ORGANIZACIJ<br \/>\n-DO 12 RATA PREKO \u0160OPING KARTICE UNICREDIT BANK<\/p>\n<p>Trgovinska RadnjaTECHNO SHOP BN<\/p>\n<p>Nikole Tesle 31a, Bijeljina<br \/>\n(izme\u0111u Moja Apoteka i picerije Park Ne\u0161kovi\u0107)<\/p>\n<p>055\/422-599<br \/>\n065\/824-333<\/p>\n<p>Radnim danima 09-19h<br \/>\nSubotom 09-16h<\/p>\n<p>www.technoshopbn.com<br \/>\ninfo@technoshopbn.com<\/strong><\/p>\n","protected":false},"excerpt":{"rendered":"<p><strong>i3 10100F up to 4.4GHz 10th generation (ja\u010di od i7 6700)<br \/>\nMB H510<br \/>\nSSD Dahua 500GB<br \/>\nRAM DDR4 16GB 3200MHz<br \/>\nGRAFIKA RX 5500 XP 8GB<br \/>\nKu\u0107i\u0161te UBIT Gaming Case U195A16 4xfun RGB<br \/>\nWINDOWS 11, MS Office 2016, Steam, EpicGame, Discord<\/strong><\/p>\n","protected":false},"featured_media":8708,"comment_status":"open","ping_status":"closed","template":"","meta":{"_mi_skip_tracking":false,"_exactmetrics_sitenote_active":false,"_exactmetrics_sitenote_note":"","_exactmetrics_sitenote_category":0,"spay_email":""},"product_cat":[5140],"product_tag":[],"brands":[],"df_price":"","df_sale_price":"","df_regular_price":"","df_image_link":"https:\/\/i2.wp.com\/astehshop.com\/wp-content\/uploads\/2023\/12\/img-1702732741-e9ab89de1101.jpg?fit=450%2C450","jetpack_publicize_connections":[],"jetpack_sharing_enabled":true,"jetpack_likes_enabled":true,"jetpack-related-posts":[{"id":8709,"url":"http:\/\/astehshop.com\/index.php\/product\/gaming-racunar-pc-i3-12100f-16gb-rx-5500-xt-8gb\/","url_meta":{"origin":8706,"position":0},"title":"GAMING RA\u010cUNAR PC i3-12100F 16GB RX 5500 XT 8GB","date":"23. prosinca 2023.","format":false,"excerpt":"CPU i3-12100F up to 4.3GHz 12th generation MB GIGABYTE H610 SSD Dahua 500GB 550\/500Mbps RAM DDR4 16GB 3200MHz GRAFIKA AXLE RX 5500 XT 8GB NAPAJANJE ARGUS GAMING 620W Ku\u0107i\u0161te LC-POWER WHITE GAMING WINDOWS 11, MS Office 2016, Steam, EpicGame, Discord","rel":"","context":"Srodne objave","img":{"alt_text":"","src":"https:\/\/i1.wp.com\/astehshop.com\/wp-content\/uploads\/2023\/12\/img-1702841107-fd84c5631381.jpg?fit=978%2C733&resize=350%2C200","width":350,"height":200},"classes":[]},{"id":7269,"url":"http:\/\/astehshop.com\/index.php\/product\/gaming-racunar-pc-i5-11400f-16gb-rx-5500-xt-8gb-oc\/","url_meta":{"origin":8706,"position":1},"title":"GAMING RA\u010cUNAR PC i5 11400F 16GB RX 5500 XT 8GB OC","date":"3. o\u017eujka 2023.","format":false,"excerpt":"GAMING RA\u010cUNAR PC Intel i5-11400F\u00a0 16GB RX 5500 XT AMD Intel i5-11400F 4.4GHz Gigabyte MB H510M K M,2 SSD M.2 NVMe 512GB + HDD 1TB Novo RAM DDR4 16GB 3200MHz Novo GRAFIKA AXLE RX 5500 XT 8GB - Polovna Ku\u0107i\u0161te MS Industrial ARMOR V705 Gaming Case\u00a0 Novo WINDOWS 11, Steam,\u2026","rel":"","context":"Srodne objave","img":{"alt_text":"","src":"https:\/\/i1.wp.com\/astehshop.com\/wp-content\/uploads\/2023\/03\/loRiBt744GARP0dDrb1W.jpg?fit=762%2C719&resize=350%2C200","width":350,"height":200},"classes":[]},{"id":8638,"url":"http:\/\/astehshop.com\/index.php\/product\/gaming-racunar-armor-i3-10105f-16gb-gtx-1060\/","url_meta":{"origin":8706,"position":2},"title":"GAMING RA\u010cUNAR ARMOR i3 10105F 16GB GTX 1060","date":"14. studenoga 2023.","format":false,"excerpt":"i3 10100F up to 4.4GHz 10th generation MB Biostar B560MX-E Pro SSD 256GB + HDD 1TB RAM DDR4 16GB 3200MHz Fury RGB GRAFIKA ASUS GTX 1060 6GB - Polovna Ku\u0107i\u0161te LC POWER White 4xfun Blue WINDOWS 11, MS Office 2016, Steam, EpicGame, Discord...","rel":"","context":"Srodne objave","img":{"alt_text":"","src":"https:\/\/i2.wp.com\/astehshop.com\/wp-content\/uploads\/2023\/11\/img-1699433339-342dff8f525c.jpg?fit=442%2C700&resize=350%2C200","width":350,"height":200},"classes":[]},{"id":8677,"url":"http:\/\/astehshop.com\/index.php\/product\/gaming-racunar-rampage-i7-6700-gtx-1060\/","url_meta":{"origin":8706,"position":3},"title":"GAMING RA\u010cUNAR RAMPAGE i7-6700 GTX 1060","date":"4. prosinca 2023.","format":false,"excerpt":"CPU i7-6700 6th generation SSD 250GB + HDD 1TB RAM DDR4 8GB GRAFIKA ASUS GTX 1060 6GB White WINDOWS 10, MS Office","rel":"","context":"Srodne objave","img":{"alt_text":"","src":"https:\/\/i0.wp.com\/astehshop.com\/wp-content\/uploads\/2023\/12\/img-1699435762-70a155a8fba0.jpg?fit=1024%2C1024&resize=350%2C200","width":350,"height":200},"classes":[]},{"id":8636,"url":"http:\/\/astehshop.com\/index.php\/product\/gaming-racunar-ryzen-7-32gb-rx-5700-xt\/","url_meta":{"origin":8706,"position":4},"title":"GAMING RA\u010cUNAR RYZEN 7 32GB RX 5700 XT","date":"14. studenoga 2023.","format":false,"excerpt":"GAMING RA\u010cUNAR PC RYZEN 7 32GB RX 5700XT 8GB AMD RYZEN 7 5700x - 16threads CollerMaster CPU Cooler Gigabyte MB B450M K G10 AM4 SSD M.2 NVMe 1TB + HDD 1TB Novo RAM DDR4 32GB 3600MHz Novo GRAFIKA ASUS RX 5700 XT 8GB \u2013 Polovna Ku\u0107i\u0161te MS Industrial ARMOR V705\u2026","rel":"","context":"Srodne objave","img":{"alt_text":"","src":"https:\/\/i1.wp.com\/astehshop.com\/wp-content\/uploads\/2023\/11\/99tQEOdfipIhdA2oetld.jpg?fit=762%2C719&resize=350%2C200","width":350,"height":200},"classes":[]},{"id":8640,"url":"http:\/\/astehshop.com\/index.php\/product\/gaming-racunar-ryzen-5-16gb-rtx-2060-super-8gb\/","url_meta":{"origin":8706,"position":5},"title":"GAMING RA\u010cUNAR Ryzen 5 16GB RTX 2060 Super 8GB","date":"14. studenoga 2023.","format":false,"excerpt":"AMD RYZEN 5 5500 - 12threads Coller AMD CPU Orig. Gigabyte MB B450M K G10 AM4 SSD M.2 NVMe 1TB RAM DDR4 16GB 3200MHz Novo GRAFIKA ASUS RTX 2060 Super 8GB \u2013 Novo Ku\u0107i\u0161te Chieftec HUNTER Gaming Case Novo WINDOWS 11, Steam, EpicGame, Discord\u2026","rel":"","context":"Srodne objave","img":{"alt_text":"","src":"https:\/\/i0.wp.com\/astehshop.com\/wp-content\/uploads\/2023\/11\/img-1699434785-fe673c195964.jpg?fit=800%2C800&resize=350%2C200","width":350,"height":200},"classes":[]}],"_links":{"self":[{"href":"http:\/\/astehshop.com\/index.php\/wp-json\/wp\/v2\/product\/8706"}],"collection":[{"href":"http:\/\/astehshop.com\/index.php\/wp-json\/wp\/v2\/product"}],"about":[{"href":"http:\/\/astehshop.com\/index.php\/wp-json\/wp\/v2\/types\/product"}],"replies":[{"embeddable":true,"href":"http:\/\/astehshop.com\/index.php\/wp-json\/wp\/v2\/comments?post=8706"}],"wp:featuredmedia":[{"embeddable":true,"href":"http:\/\/astehshop.com\/index.php\/wp-json\/wp\/v2\/media\/8708"}],"wp:attachment":[{"href":"http:\/\/astehshop.com\/index.php\/wp-json\/wp\/v2\/media?parent=8706"}],"wp:term":[{"taxonomy":"product_cat","embeddable":true,"href":"http:\/\/astehshop.com\/index.php\/wp-json\/wp\/v2\/product_cat?post=8706"},{"taxonomy":"product_tag","embeddable":true,"href":"http:\/\/astehshop.com\/index.php\/wp-json\/wp\/v2\/product_tag?post=8706"}],"curies":[{"name":"wp","href":"https:\/\/api.w.org\/{rel}","templated":true}]}}