{"id":8677,"date":"2023-12-04T19:51:19","date_gmt":"2023-12-04T18:51:19","guid":{"rendered":"http:\/\/astehshop.com\/?post_type=product&#038;p=8677"},"modified":"2026-04-04T05:20:46","modified_gmt":"2026-04-04T03:20:46","slug":"gaming-racunar-rampage-i7-6700-gtx-1060","status":"publish","type":"product","link":"http:\/\/astehshop.com\/index.php\/product\/gaming-racunar-rampage-i7-6700-gtx-1060\/","title":{"rendered":"GAMING RA\u010cUNAR RAMPAGE i7-6700 GTX 1060"},"content":{"rendered":"<p>Gaming ra\u010dunar Rampage i7-6700 sa dobro poznatom grafikom GTX 1060 6GB<\/p>\n<p>CPU i7-6700 6th generation<br \/>\nSSD 250GB + HDD 1TB<br \/>\nRAM DDR4 8GB<br \/>\nGRAFIKA ASUS GTX 1060 6GB White<br \/>\nWINDOWS 10, MS Office,<br \/>\nDiscord, EpicGames, Steam&#8230;<\/p>\n<p>Za sve dodatne informacije mozete nas kontaktirati na OLX poruke, 065824333 ili Viber<\/p>\n<p> NUDIMO KUPOVINU NOVE ROBE NA RATE:<br \/>\n-DO 18 RATA PREKO MIKROFIN KREDITNA ORGANIZACIJA<br \/>\n-DO 12 RATA PREKO \u0160OPING KARTICE UNICREDIT BANK<\/p>\n<p>Trgovinska Radnja<br \/>\nTECHNO SHOP BN<\/p>\n<p>Nikole Tesle 31a, Bijeljina<br \/>\n(izme\u0111u Moja Apoteka i picerije Park Ne\u0161kovi\u0107)<\/p>\n<p>055\/422-599<br \/>\n065\/824-333<\/p>\n<p>Radnim danima 09-19h<br \/>\nSubotom 09-16h<\/p>\n<p>www.technoshopbn.com<br \/>\ninfo@technoshopbn.com<\/p>\n","protected":false},"excerpt":{"rendered":"<p><strong>CPU i7-6700 6th generation<br \/>\nSSD 250GB + HDD 1TB<br \/>\nRAM DDR4 8GB<br \/>\nGRAFIKA ASUS GTX 1060 6GB White<br \/>\nWINDOWS 10, MS Office<\/strong><\/p>\n","protected":false},"featured_media":8678,"comment_status":"open","ping_status":"closed","template":"","meta":{"_mi_skip_tracking":false,"_exactmetrics_sitenote_active":false,"_exactmetrics_sitenote_note":"","_exactmetrics_sitenote_category":0,"spay_email":""},"product_cat":[5140],"product_tag":[],"brands":[{"id":2439,"name":"rampage","slug":"rampage"}],"df_price":899,"df_sale_price":"","df_regular_price":899,"df_image_link":"https:\/\/i0.wp.com\/astehshop.com\/wp-content\/uploads\/2023\/12\/img-1699435762-70a155a8fba0.jpg?fit=450%2C450","jetpack_publicize_connections":[],"jetpack_sharing_enabled":true,"jetpack_likes_enabled":true,"jetpack-related-posts":[{"id":8638,"url":"http:\/\/astehshop.com\/index.php\/product\/gaming-racunar-armor-i3-10105f-16gb-gtx-1060\/","url_meta":{"origin":8677,"position":0},"title":"GAMING RA\u010cUNAR ARMOR i3 10105F 16GB GTX 1060","date":"14. studenoga 2023.","format":false,"excerpt":"i3 10100F up to 4.4GHz 10th generation MB Biostar B560MX-E Pro SSD 256GB + HDD 1TB RAM DDR4 16GB 3200MHz Fury RGB GRAFIKA ASUS GTX 1060 6GB - Polovna Ku\u0107i\u0161te LC POWER White 4xfun Blue WINDOWS 11, MS Office 2016, Steam, EpicGame, Discord...","rel":"","context":"Srodne objave","img":{"alt_text":"","src":"https:\/\/i2.wp.com\/astehshop.com\/wp-content\/uploads\/2023\/11\/img-1699433339-342dff8f525c.jpg?fit=442%2C700&resize=350%2C200","width":350,"height":200},"classes":[]},{"id":7292,"url":"http:\/\/astehshop.com\/index.php\/product\/gaming-pc-racunar-i7-ssd-gtx-1050-ti-4gb-gta5\/","url_meta":{"origin":8677,"position":1},"title":"GAMING PC RA\u010cUNAR i7 SSD GTX 1050 Ti 4GB GTA5","date":"6. o\u017eujka 2023.","format":false,"excerpt":"GAMING RA\u010cUNAR\u00a0i7 MS\u00a0ARMOR GAMING GRAFIKA MS GTX 1050 Ti 4GB 4GB POKRE\u0106E SVE!!! \u00a0 CPU i7 2600 3.7GHz RAM DDR3 8GB 1600MHz SSD 250GB HDD 500GB Grafika GTX 1050 Ti 4GB (pokrece sve) Windows 10, EpicGames, Steam, Discord...","rel":"","context":"Srodne objave","img":{"alt_text":"","src":"https:\/\/i2.wp.com\/astehshop.com\/wp-content\/uploads\/2023\/03\/UcKOlCNq4QboyRRUQ6XE.jpg?fit=458%2C458&resize=350%2C200","width":350,"height":200},"classes":[]},{"id":8674,"url":"http:\/\/astehshop.com\/index.php\/product\/gaming-racunar-i5-6500-gtx-1050\/","url_meta":{"origin":8677,"position":2},"title":"GAMING RA\u010cUNAR i5 6500 GTX 1050","date":"4. prosinca 2023.","format":false,"excerpt":"CPU i5-6500 6th generation SSD 250GB HDD 500GB RAM DDR4 8GB GRAFIKA GTX 1050 4GB WINDOWS 10, MS Office","rel":"","context":"Srodne objave","img":{"alt_text":"","src":"https:\/\/i2.wp.com\/astehshop.com\/wp-content\/uploads\/2023\/12\/img-1683562811-6187a1a42d6a.jpeg?fit=450%2C450&resize=350%2C200","width":350,"height":200},"classes":[]},{"id":9465,"url":"http:\/\/astehshop.com\/index.php\/product\/gaming-racunar-pc-ryzen-7-32-1000gb-gtx-4060\/","url_meta":{"origin":8677,"position":3},"title":"GAMING RA\u010cUNAR PC Ryzen 7 32\/1000GB GTX 4060","date":"31. kolovoza 2024.","format":false,"excerpt":"AMD RYZEN 7\u00a05700x - 16threads CollerMaster CPU Cooler Gigabyte MB B550M K G10 AM4 SSD M.2 NVMe 1TB + HDD 1TB RAM DDR4 32GB 3600MHz RGB GRAFIKA ASUS GTX 4600 8GB GDDR6 Ku\u0107i\u0161te Case Gaming Archon 2 Mesh RGB WHITE WINDOWS 11, Steam, EpicGame, Discord\u2026","rel":"","context":"Srodne objave","img":{"alt_text":"","src":"https:\/\/i1.wp.com\/astehshop.com\/wp-content\/uploads\/2024\/08\/image-9.jpg?fit=800%2C800&resize=350%2C200","width":350,"height":200},"classes":[]},{"id":7848,"url":"http:\/\/astehshop.com\/index.php\/product\/gaming-racunar-i5-6500-rx-550-4gb-ssdhdd-2\/","url_meta":{"origin":8677,"position":4},"title":"GAMING RA\u010cUNAR i5 6500 RX 550 4GB SSD+HDD","date":"25. svibnja 2023.","format":false,"excerpt":"Gaming ra\u010dunar i5-6500 sa novom grafikom POWER COLOR RX 550 4GB GDDR5 CPU i5-6500 6th generation SSD 250GB HDD 500GB RAM DDR4 8GB NOVA GRAFIKA RX 550 4GB WINDOWS 11, MS Office, Discord, EpicGames, Steam...","rel":"","context":"Srodne objave","img":{"alt_text":"","src":"https:\/\/i2.wp.com\/astehshop.com\/wp-content\/uploads\/2023\/05\/img-1683562811-6187a1a42d6a.jpeg?fit=450%2C450&resize=350%2C200","width":350,"height":200},"classes":[]},{"id":10979,"url":"http:\/\/astehshop.com\/index.php\/product\/racunar-hp-workstation-z240-tower-i7-6700-256ssd\/","url_meta":{"origin":8677,"position":5},"title":"RA\u010cUNAR HP WorkStation Z240 Tower i7-6700 \/ 256SSD","date":"10. srpnja 2025.","format":false,"excerpt":"Proizvo\u0111a\u010d: HP Model: WorkStation Z240 Tower Procesor: i7-6700 3.40GHz (od 4.00 GHz) RAM: 16 GB DDR4 Pohrana: 256GB SSD Optika: DVD-RW Grafika:Nvidia quadro K620 2GB","rel":"","context":"Srodne objave","img":{"alt_text":"","src":"https:\/\/i1.wp.com\/astehshop.com\/wp-content\/uploads\/2025\/07\/kk.png?fit=1024%2C1024&resize=350%2C200","width":350,"height":200},"classes":[]}],"_links":{"self":[{"href":"http:\/\/astehshop.com\/index.php\/wp-json\/wp\/v2\/product\/8677"}],"collection":[{"href":"http:\/\/astehshop.com\/index.php\/wp-json\/wp\/v2\/product"}],"about":[{"href":"http:\/\/astehshop.com\/index.php\/wp-json\/wp\/v2\/types\/product"}],"replies":[{"embeddable":true,"href":"http:\/\/astehshop.com\/index.php\/wp-json\/wp\/v2\/comments?post=8677"}],"wp:featuredmedia":[{"embeddable":true,"href":"http:\/\/astehshop.com\/index.php\/wp-json\/wp\/v2\/media\/8678"}],"wp:attachment":[{"href":"http:\/\/astehshop.com\/index.php\/wp-json\/wp\/v2\/media?parent=8677"}],"wp:term":[{"taxonomy":"product_cat","embeddable":true,"href":"http:\/\/astehshop.com\/index.php\/wp-json\/wp\/v2\/product_cat?post=8677"},{"taxonomy":"product_tag","embeddable":true,"href":"http:\/\/astehshop.com\/index.php\/wp-json\/wp\/v2\/product_tag?post=8677"}],"curies":[{"name":"wp","href":"https:\/\/api.w.org\/{rel}","templated":true}]}}