{"id":8527,"date":"2023-11-02T15:42:07","date_gmt":"2023-11-02T14:42:07","guid":{"rendered":"http:\/\/astehshop.com\/?post_type=product&#038;p=8527"},"modified":"2023-11-02T15:42:07","modified_gmt":"2023-11-02T14:42:07","slug":"ovlazivac-zraka-green-tech-go-2235-3-5l-s-daljinskim-upravljacem","status":"publish","type":"product","link":"http:\/\/astehshop.com\/index.php\/product\/ovlazivac-zraka-green-tech-go-2235-3-5l-s-daljinskim-upravljacem\/","title":{"rendered":"Ovla\u017eiva\u010d zraka Green Tech GO-2235, 3.5l, s daljinskim upravlja\u010dem"},"content":{"rendered":"<p>Snaga: 23 W<br \/>\nKapacitet spremnika: 3,5 l<br \/>\nMaksimalno radno vrijeme s jednim spremnikom vode: 20 sati<br \/>\nIzlaz maglice: 250 ml\/h<br \/>\n3 razine maglice: niska, srednja i visoka<br \/>\nUltrazvu\u010dna frekvencija: 1,7 MHz<br \/>\nMogu\u0107nost postavljanja timera: 1 &#8211; 12 sati<br \/>\nLED zaslon na dodir<br \/>\nIR daljinski upravlja\u010d<br \/>\nPoseban na\u010din rada prilago\u0111en za vrijeme spavanja<br \/>\nFunkcija odr\u017eavanja \u017eeljene vla\u017enosti zraka (humidistatska funkcija)<br \/>\nFunkcija raspr\u0161ivanja arome<br \/>\nNo\u0107no svjetlo<br \/>\nAutomatsko isklju\u010divanje pri nedostatku vode<br \/>\nSpremnik \/ filter za demineralizaciju &#8211; smanjuje se stvaranje naslaga i osigurava \u010di\u0161\u0107a maglica koja se raspr\u0161uje u prostoriju<br \/>\nNapon: 220 &#8211; 240 V, 50 &#8211; 60 Hz<br \/>\nMaterijal: PP (polipropilen)<br \/>\nNeto te\u017eina: 1,707 kg<br \/>\nBruto te\u017eina: 2,060 kg<br \/>\nDimenzije artikla: \u00d8 174 x 350 mm<br \/>\nDimenzije pakiranja: 205 x 202 x 385 mm<br \/>\nCertifikati: CE, RoHS<br \/>\nKlasa II &#8211; dvostruka za\u0161titna izolacija<br \/>\nBoja artikla: bijela + crna<\/p>\n","protected":false},"excerpt":{"rendered":"<p>Snaga: 23 W<br \/>\nKapacitet spremnika: 3,5 l<br \/>\nMaksimalno radno vrijeme s jednim spremnikom vode: 20 sati<br \/>\nIzlaz maglice: 250 ml\/h<br \/>\n3 razine maglice: niska, srednja i visoka<br \/>\nUltrazvu\u010dna frekvencija: 1,7 MHz<br \/>\nMogu\u0107nost postavljanja timera: 1 &#8211; 12 sati<br \/>\nLED zaslon na dodir<br \/>\nIR daljinski upravlja\u010d<br \/>\nPoseban na\u010din rada prilago\u0111en za vrijeme spavanja<br \/>\nFunkcija odr\u017eavanja \u017eeljene vla\u017enosti zraka (humidistatska funkcija)<br \/>\nFunkcija raspr\u0161ivanja arome<br \/>\nNo\u0107no svjetlo<br \/>\nAutomatsko isklju\u010divanje pri nedostatku vode<br \/>\nSpremnik \/ filter za demineralizaciju &#8211; smanjuje se stvaranje naslaga i osigurava \u010di\u0161\u0107a maglica koja se raspr\u0161uje u prostoriju<br \/>\nNapon: 220 &#8211; 240 V, 50 &#8211; 60 Hz<br \/>\nMaterijal: PP (polipropilen)<br \/>\nNeto te\u017eina: 1,707 kg<br \/>\nBruto te\u017eina: 2,060 kg<br \/>\nDimenzije artikla: \u00d8 174 x 350 mm<br \/>\nDimenzije pakiranja: 205 x 202 x 385 mm<br \/>\nCertifikati: CE, RoHS<br \/>\nKlasa II &#8211; dvostruka za\u0161titna izolacija<br \/>\nBoja artikla: bijela + crna<\/p>\n","protected":false},"featured_media":8529,"comment_status":"open","ping_status":"closed","template":"","meta":{"_mi_skip_tracking":false,"_exactmetrics_sitenote_active":false,"_exactmetrics_sitenote_note":"","_exactmetrics_sitenote_category":0,"spay_email":""},"product_cat":[101],"product_tag":[6254,6253,6255],"brands":[],"df_price":129,"df_sale_price":"","df_regular_price":129,"df_image_link":"https:\/\/i1.wp.com\/astehshop.com\/wp-content\/uploads\/2023\/11\/GO-2235_6733.png?fit=450%2C450","jetpack_publicize_connections":[],"jetpack_sharing_enabled":true,"jetpack_likes_enabled":true,"jetpack-related-posts":[{"id":10251,"url":"http:\/\/astehshop.com\/index.php\/product\/gree-aovia-odvlazivac-zraka-gdn16be\/","url_meta":{"origin":8527,"position":0},"title":"Gree Aovia odvla\u017eiva\u010d zraka GDN16BE","date":"12. travnja 2025.","format":false,"excerpt":"U\u010dinak odvla\u017eivanja 9,6 (l\/dan) Apsorbirana snaga: 315 W Te\u017eina: 15,5 kg Garancija : 2 godine Odr\u017eite va\u0161 dom ugodnim tijekom cijele godine s ovim jedinstvenim\u00a0 odvla\u017eiva\u010dima. Odlikuje ih visoka u\u010dinkovitost i tihi rad. Izuzetno prakti\u010dni odvla\u017eiva\u010di zraka, malenih dimenzija s vrlo modernim izgledom. Uz elegantan dizajn, ovi odvla\u017eiva\u010di ujedno imaju\u2026","rel":"","context":"Srodne objave","img":{"alt_text":"","src":"https:\/\/i1.wp.com\/astehshop.com\/wp-content\/uploads\/2025\/04\/gree-aovia.jpg?fit=1200%2C852&resize=350%2C200","width":350,"height":200},"classes":[]},{"id":10253,"url":"http:\/\/astehshop.com\/index.php\/product\/gree-aovia-odvlazivac-vazduha-gdn20be\/","url_meta":{"origin":8527,"position":1},"title":"Gree Aovia odvla\u017eiva\u010d vazduha GDN20BE","date":"12. travnja 2025.","format":false,"excerpt":"U\u010dinak odvla\u017eivanja 12 (l\/dan) Apsorbirana snaga: 350 W Te\u017eina: 15,5 kg Garancija : 2 godine Odr\u017eite va\u0161 dom ugodnim tijekom cijele godine s ovim jedinstvenim\u00a0 odvla\u017eiva\u010dima. Odlikuje ih visoka u\u010dinkovitost i tihi rad. Izuzetno prakti\u010dni odvla\u017eiva\u010di zraka, malenih dimenzija s vrlo modernim izgledom. Uz elegantan dizajn, ovi odvla\u017eiva\u010di ujedno imaju\u2026","rel":"","context":"Srodne objave","img":{"alt_text":"","src":"https:\/\/i1.wp.com\/astehshop.com\/wp-content\/uploads\/2025\/04\/gree-aovia.jpg?fit=1200%2C852&resize=350%2C200","width":350,"height":200},"classes":[]},{"id":6626,"url":"http:\/\/astehshop.com\/index.php\/product\/power-walker-vi-3000-scl-ups\/","url_meta":{"origin":8527,"position":2},"title":"Power Walker VI 3000 SCL UPS","date":"17. studenoga 2022.","format":false,"excerpt":"Snaga: 3000 VA \/ 1800 W Ulazni napon: 162 - 290 VAC Radna frekvencija: 50 - 60 Hz Izlazni napon: 230 VAC Trajanje punjenja: 6 sati za 90 % Jamstvo na bateriju: 6 mjeseci Za\u0161tita od prenapona: RJ11 Port: USB Softver: ViewPower Dimenzije: 146 x 205 x 397 mm Te\u017eina:\u2026","rel":"","context":"Srodne objave","img":{"alt_text":"","src":"https:\/\/i1.wp.com\/astehshop.com\/wp-content\/uploads\/2022\/11\/medium_349_adc4a3cb97574d3460a86764bfe63968YsB.png?fit=400%2C400&resize=350%2C200","width":350,"height":200},"classes":[]},{"id":3478,"url":"http:\/\/astehshop.com\/index.php\/product\/led-reflektor-green-tech-20w\/","url_meta":{"origin":8527,"position":3},"title":"LED reflektor Green Tech 20W","date":"21. srpnja 2019.","format":false,"excerpt":"FLUX: 1600 lm Tip LED diode San'an Tip driver-a: izoliran Radna temperatura: od - 40 \u00b0C do 50 \u00b0C Vijek trajanja: 20000 radnih sati Certifikati: FCC, CE, RoHS Dimenzije svjetiljke: 16,2 x 12 cm Neto te\u017eina:0,4620 kg Bruto te\u017eina: 0,5270 kg","rel":"","context":"Srodne objave","img":{"alt_text":"","src":"https:\/\/i2.wp.com\/astehshop.com\/wp-content\/uploads\/2019\/07\/LED-reflektor-Green-Tech-20W.png?fit=200%2C200&resize=350%2C200","width":350,"height":200},"classes":[]},{"id":7687,"url":"http:\/\/astehshop.com\/index.php\/product\/dahua-hac-hfw1500t-a-5-mpx-bullet-kamera\/","url_meta":{"origin":8527,"position":4},"title":"Dahua HAC-HFW1500T-A 5 MPX Bullet kamera","date":"9. svibnja 2023.","format":false,"excerpt":"- 4u1 HD analogna cijevna kamera - 1\/2,7\" CMOS - HDCVI\/CVBS podr\u0161ka - Razlu\u010divost: 5M (2592 \u00d7 1944) - FPS: 20fps@5MP - Objektiv: 3,6 mm - Kut gledanja: 77,5\u00b0 - Minimalni zahtjev za svjetlom: 0,02Lux @F1,85, 0Lux za IR - Ugra\u0111ene IR LED diode (max. 30m) - Filtriranje \u0161uma: 2DNR\u2026","rel":"","context":"Srodne objave","img":{"alt_text":"","src":"https:\/\/i1.wp.com\/astehshop.com\/wp-content\/uploads\/2023\/05\/DH-HAC-HFW1500T.png?fit=400%2C400&resize=350%2C200","width":350,"height":200},"classes":[]},{"id":6448,"url":"http:\/\/astehshop.com\/index.php\/product\/solarni-prijenosni-set-green-tech-sps-300-fm-tf-bluetooth-usb\/","url_meta":{"origin":8527,"position":5},"title":"Solarni prijenosni set Green Tech SPS-300, FM, TF, Bluetooth, USB","date":"23. listopada 2022.","format":false,"excerpt":"LED: Snaga: 3 W + 3 W + 3 W \/ LED \u017earulje uklju\u010dene u pakiranje Boja svjetlosti: 4000 K Napon: AC 85 - 265 V \/ 50 - 60 Hz FLUX: 300 lm LED diode: SMD Kut svjetlosti: 120 \u00b0 UGR: < 19 Radni vijek: 20 000 radnih sati\u2026","rel":"","context":"Srodne objave","img":{"alt_text":"","src":"https:\/\/i0.wp.com\/astehshop.com\/wp-content\/uploads\/2022\/10\/7937_bf9df51dc75f5892c0b67bfbdb43f6f85av.png?fit=800%2C800&resize=350%2C200","width":350,"height":200},"classes":[]}],"_links":{"self":[{"href":"http:\/\/astehshop.com\/index.php\/wp-json\/wp\/v2\/product\/8527"}],"collection":[{"href":"http:\/\/astehshop.com\/index.php\/wp-json\/wp\/v2\/product"}],"about":[{"href":"http:\/\/astehshop.com\/index.php\/wp-json\/wp\/v2\/types\/product"}],"replies":[{"embeddable":true,"href":"http:\/\/astehshop.com\/index.php\/wp-json\/wp\/v2\/comments?post=8527"}],"wp:featuredmedia":[{"embeddable":true,"href":"http:\/\/astehshop.com\/index.php\/wp-json\/wp\/v2\/media\/8529"}],"wp:attachment":[{"href":"http:\/\/astehshop.com\/index.php\/wp-json\/wp\/v2\/media?parent=8527"}],"wp:term":[{"taxonomy":"product_cat","embeddable":true,"href":"http:\/\/astehshop.com\/index.php\/wp-json\/wp\/v2\/product_cat?post=8527"},{"taxonomy":"product_tag","embeddable":true,"href":"http:\/\/astehshop.com\/index.php\/wp-json\/wp\/v2\/product_tag?post=8527"}],"curies":[{"name":"wp","href":"https:\/\/api.w.org\/{rel}","templated":true}]}}