{"id":8503,"date":"2023-11-02T14:05:55","date_gmt":"2023-11-02T13:05:55","guid":{"rendered":"http:\/\/astehshop.com\/?post_type=product&#038;p=8503"},"modified":"2024-02-18T10:42:08","modified_gmt":"2024-02-18T09:42:08","slug":"longse-full-color-ip-bullet-kamera-4mp-2-8mm-25m-ir-poe-mic-bmsafg400wh-2","status":"publish","type":"product","link":"http:\/\/astehshop.com\/index.php\/product\/longse-full-color-ip-bullet-kamera-4mp-2-8mm-25m-ir-poe-mic-bmsafg400wh-2\/","title":{"rendered":"Longse Full Color IP Bullet kamera 4MP 2.8mm 25m IR POE + Mic BMSAFG400WH-2"},"content":{"rendered":"<p>Ovaj model kamere dolazi u metalnom ku\u0107i\u0161tu. Rezolucijom Full HD 4MP i objektivom 2.8mm ista \u0107e pokriti kvalitetno svoj dio prostora sa jasnom slikom ili videom. No\u0107ni IR domet 25m sa Full Color osvjetljenjem kamera \u0107e raditi u boji 24\/7h.<\/p>\n<p>Sa kompresijom H.265 ili H.265+ kamera \u0107e u\u0161tedjeti mjesto na va\u0161em hard disku ili SD kartici, a da potom ne gubi na kvalitetu snimka. Kamera posjeduje integrirani mikrofon.<\/p>\n<p>Istu je jednostavno povezati na va\u0161 ruter i putem Bitvision aplikacije kameru pratiti putem interneta. Isto tako mo\u017ee se podesiti da prilikom uo\u010denja kretanja kamera \u0161alje sliku na va\u0161 mobitel i o istom Vas obavjesti.<\/p>\n<p>IP67 Standardom ista je vodootporna i za\u0161ti\u0107ena od ulaza pra\u0161ine. Ovaj tip namjenjen je i za vanjsku i unutra\u0161nju monta\u017eu.<\/p>\n<p>Prednost IP POE Kamera je ta \u0161to je dovoljan jedan UTP Kabal (preporuka Cat6), a kroz isti kamera dobije napajanje i video signal. U koliko kamera radi zasebno mo\u017ee se spojiti direktno na Adapter 12V 1 ili 2A.<\/p>\n<p><strong>Garancija 24 mjeseca (U slu\u010daju kvara u uslovima garancije ure\u0111aj se ne popravlja, nego isklju\u010divo mijenja za novi ure\u0111aj istih ili boljih karekteristika). Kod ugradnje bitno je obratiti pa\u017enju da isto odradi ovla\u0161tena ili stru\u010dna osoba.<\/strong><\/p>\n<p>1\/3\u2033 Progressive Scan CMOS, Fullhan SOC, DWDR, With Internal POEMain Stream: 4MP@30fps \/1080P@30fps\/ 720P@30fpsSupport Intrusion Detection (based on human shape detection)<\/p>\n","protected":false},"excerpt":{"rendered":"<p>Ovaj model kamere dolazi u metalnom ku\u0107i\u0161tu. Rezolucijom Full HD 4MP i objektivom 2.8mm ista \u0107e pokriti kvalitetno svoj dio prostora sa jasnom slikom ili videom. No\u0107ni IR domet 25m sa Full Color osvjetljenjem kamera \u0107e raditi u boji 24\/7h.<\/p>\n<p>Sa kompresijom H.265 ili H.265+ kamera \u0107e u\u0161tedjeti mjesto na va\u0161em hard disku ili SD kartici, a da potom ne gubi na kvalitetu snimka. Kamera posjeduje integrirani mikrofon.<\/p>\n<p>Istu je jednostavno povezati na va\u0161 ruter i putem Bitvision aplikacije kameru pratiti putem interneta. Isto tako mo\u017ee se podesiti da prilikom uo\u010denja kretanja kamera \u0161alje sliku na va\u0161 mobitel i o istom Vas obavjesti.<\/p>\n<p>IP67 Standardom ista je vodootporna i za\u0161ti\u0107ena od ulaza pra\u0161ine. Ovaj tip namjenjen je i za vanjsku i unutra\u0161nju monta\u017eu.<\/p>\n<p>Prednost IP POE Kamera je ta \u0161to je dovoljan jedan UTP Kabal (preporuka Cat6), a kroz isti kamera dobije napajanje i video signal. U koliko kamera radi zasebno mo\u017ee se spojiti direktno na Adapter 12V 1 ili 2A.<\/p>\n<p><strong>Garancija 24 mjeseca (U slu\u010daju kvara u uslovima garancije ure\u0111aj se ne popravlja, nego isklju\u010divo mijenja za novi ure\u0111aj istih ili boljih karekteristika). Kod ugradnje bitno je obratiti pa\u017enju da isto odradi ovla\u0161tena ili stru\u010dna osoba.<\/strong><\/p>\n<p>1\/3\u2033 Progressive Scan CMOS, Fullhan SOC, DWDR, With Internal POEMain Stream: 4MP@30fps \/1080P@30fps\/ 720P@30fpsSupport Intrusion Detection (based on human shape detection)<\/p>\n","protected":false},"featured_media":8816,"comment_status":"open","ping_status":"closed","template":"","meta":{"_mi_skip_tracking":false,"_exactmetrics_sitenote_active":false,"_exactmetrics_sitenote_note":"","_exactmetrics_sitenote_category":0,"spay_email":""},"product_cat":[1043],"product_tag":[6435,3165,477,421,1042,2255,626,3078],"brands":[{"id":2220,"name":"Longse","slug":"longse"}],"df_price":289,"df_sale_price":"","df_regular_price":289,"df_image_link":"https:\/\/i0.wp.com\/astehshop.com\/wp-content\/uploads\/2023\/11\/BMSAFG400WH-2.png?fit=450%2C365","jetpack_publicize_connections":[],"jetpack_sharing_enabled":true,"jetpack_likes_enabled":true,"jetpack-related-posts":[{"id":9178,"url":"http:\/\/astehshop.com\/index.php\/product\/poe-bullet-ip-kamera-longse-4mp-2-8mm-25m-ir-full-color-24h-mic-bmscfg400wh\/","url_meta":{"origin":8503,"position":0},"title":"POE Bullet IP Kamera Longse 4MP 2.8mm 25m IR Full Color 24h + MIC BMSCFG400WH","date":"10. o\u017eujka 2024.","format":false,"excerpt":"Ovaj model kamere dolazi u metalnom ku\u0107i\u0161tu. Rezolucijom Full HD 4MP i objektivom 2.8mm ista \u0107e pokriti kvalitetno \u0161irok spekrtar prostora sa jasnom slikom ili videom. No\u0107ni IR domet 25m sa Full Color osvjetljenjem kamera \u0107e raditi u boji 24\/7h. Sa kompresijom H.265 ili H.265+ kamera \u0107e u\u0161tedjeti mjesto na\u2026","rel":"","context":"Srodne objave","img":{"alt_text":"","src":"https:\/\/i0.wp.com\/astehshop.com\/wp-content\/uploads\/2024\/03\/BMSCFG400WH-1.jpg?fit=510%2C348&resize=350%2C200","width":350,"height":200},"classes":[]},{"id":8501,"url":"http:\/\/astehshop.com\/index.php\/product\/full-color-ip-bullet-kamera-4mp-2-8mm-25m-ir-poe-bmsdfg400wh\/","url_meta":{"origin":8503,"position":1},"title":"Full Color IP Bullet kamera 4MP 2.8mm 25m IR POE BMSDFG400WH","date":"2. studenoga 2023.","format":false,"excerpt":"Ovaj model kamere dolazi u metalnom ku\u0107i\u0161tu. Rezolucijom Full HD 4MP i objektivom 2.8mm ista \u0107e pokriti kvalitetno svoj dio prostora sa jasnom slikom ili videom. No\u0107ni IR domet 25m sa Full Color osvjetljenjem kamera \u0107e raditi u boji 24\/7h. Sa kompresijom H.265 ili H.265+ kamera \u0107e u\u0161tedjeti mjesto na\u2026","rel":"","context":"Srodne objave","img":{"alt_text":"","src":"","width":0,"height":0},"classes":[]},{"id":9172,"url":"http:\/\/astehshop.com\/index.php\/product\/poe-dome-ip-kamera-longse-4mp-2-8mm-25m-ir-sd-card-slot-mic-cmsefg400\/","url_meta":{"origin":8503,"position":2},"title":"POE Dome IP Kamera Longse 4MP 2.8mm 25m IR SD Card slot + Mic CMSEFG400","date":"10. o\u017eujka 2024.","format":false,"excerpt":"Ovaj model kamere dolazi u metalnom ku\u0107i\u0161tu sa objektivom 2.8mm i rezolucijom 4MP 4K. \u0160irokim objektivom od 2.8mm i ista \u0107e pokriti \u0161irok dio prostora sa jasnom i kvalitetnom slikom ili videom. No\u0107ni IR domet 25m. Posjeduje integrirani mikrofon i utor za MicroSD karticu. Sa kompresijom H.265+ kamera \u0107e u\u0161tedjeti\u2026","rel":"","context":"Srodne objave","img":{"alt_text":"","src":"https:\/\/i0.wp.com\/astehshop.com\/wp-content\/uploads\/2024\/03\/CMSDKL500.jpg?fit=618%2C475&resize=350%2C200","width":350,"height":200},"classes":[]},{"id":8818,"url":"http:\/\/astehshop.com\/index.php\/product\/longse-full-color-ip-bullet-kamera-4mp-3-6mm-25m-ir-poe-mic-bmsafg400wh-3\/","url_meta":{"origin":8503,"position":3},"title":"Longse Full Color IP Bullet kamera 4MP 3.6mm 25m IR POE + Mic BMSAFG400WH-3","date":"10. sije\u010dnja 2024.","format":false,"excerpt":"Model: BMSAFG400WH-3 Ovaj model kamere dolazi u metalnom ku\u0107i\u0161tu. Rezolucijom Full HD 4MP i objektivom 3.6mm ista \u0107e pokriti kvalitetno svoj dio prostora sa jasnom slikom ili videom. No\u0107ni IR domet 25m sa Full Color osvjetljenjem kamera \u0107e raditi u boji 24\/7h. Sa kompresijom H.265 ili H.265+ kamera \u0107e u\u0161tedjeti\u2026","rel":"","context":"Srodne objave","img":{"alt_text":"","src":"https:\/\/i0.wp.com\/astehshop.com\/wp-content\/uploads\/2023\/11\/BMSAFG400WH-2.png?fit=1140%2C924&resize=350%2C200","width":350,"height":200},"classes":[]},{"id":5400,"url":"http:\/\/astehshop.com\/index.php\/product\/bullet-ip-kamera-2mp-2-8mm-poe-starlight-25m-ir-bmsahsl200\/","url_meta":{"origin":8503,"position":4},"title":"BULLET IP KAMERA 2MP 2.8MM POE STARLIGHT 25M IR BMSAHSL200","date":"11. listopada 2021.","format":false,"excerpt":"Ova IP Kamera mo\u017ee raditi ne ovisno od snima\u010da, jer posjeduje mjesto za momorijsku karticu do 512 GB. Isto tako mo\u017ee se podesiti da prilikom uo\u010denja kretanja kamera \u0161alje sliku na va\u0161 mobitel i o istom Vas obavjesti. Ovaj model kamere dolazi u metalnom ku\u0107i\u0161tu extra dizajna i sa \u0161irokim\u2026","rel":"","context":"Srodne objave","img":{"alt_text":"","src":"https:\/\/i2.wp.com\/astehshop.com\/wp-content\/uploads\/2021\/10\/BMSASL200WH-111.png?fit=648%2C480&resize=350%2C200","width":350,"height":200},"classes":[]},{"id":9164,"url":"http:\/\/astehshop.com\/index.php\/product\/ip-kamera-dome-5mp-2-8mm-25m-ir-external-poe-mic-cmsdkl500\/","url_meta":{"origin":8503,"position":5},"title":"IP Kamera Dome 5MP 2.8mm 25m IR External POE + Mic CMSDKL500","date":"10. o\u017eujka 2024.","format":false,"excerpt":"Ovaj model kamere dolazi u metalnom ku\u0107i\u0161tu sa objektivom 2.8mm i rezolucijom 5MP@30fps 4K. \u0160irokim objektivom od 2.8mm i ista \u0107e pokriti \u0161irok dio prostora sa jasnom i kvalitetnom slikom ili videom. No\u0107ni IR domet 25m. Posjeduje integrirani mikrofon. Sa kompresijom H.265+ kamera \u0107e u\u0161tedjeti mjesto na va\u0161em hard disku,\u2026","rel":"","context":"Srodne objave","img":{"alt_text":"","src":"https:\/\/i0.wp.com\/astehshop.com\/wp-content\/uploads\/2024\/03\/CMSDKL500.jpg?fit=618%2C475&resize=350%2C200","width":350,"height":200},"classes":[]}],"_links":{"self":[{"href":"http:\/\/astehshop.com\/index.php\/wp-json\/wp\/v2\/product\/8503"}],"collection":[{"href":"http:\/\/astehshop.com\/index.php\/wp-json\/wp\/v2\/product"}],"about":[{"href":"http:\/\/astehshop.com\/index.php\/wp-json\/wp\/v2\/types\/product"}],"replies":[{"embeddable":true,"href":"http:\/\/astehshop.com\/index.php\/wp-json\/wp\/v2\/comments?post=8503"}],"wp:featuredmedia":[{"embeddable":true,"href":"http:\/\/astehshop.com\/index.php\/wp-json\/wp\/v2\/media\/8816"}],"wp:attachment":[{"href":"http:\/\/astehshop.com\/index.php\/wp-json\/wp\/v2\/media?parent=8503"}],"wp:term":[{"taxonomy":"product_cat","embeddable":true,"href":"http:\/\/astehshop.com\/index.php\/wp-json\/wp\/v2\/product_cat?post=8503"},{"taxonomy":"product_tag","embeddable":true,"href":"http:\/\/astehshop.com\/index.php\/wp-json\/wp\/v2\/product_tag?post=8503"}],"curies":[{"name":"wp","href":"https:\/\/api.w.org\/{rel}","templated":true}]}}