{"id":8494,"date":"2023-11-02T13:47:33","date_gmt":"2023-11-02T12:47:33","guid":{"rendered":"http:\/\/astehshop.com\/?post_type=product&#038;p=8494"},"modified":"2024-02-18T10:42:50","modified_gmt":"2024-02-18T09:42:50","slug":"ip-kamera-dome-2mp-2-8mm-25m-ir-poe-mic-sd-slot-cmsdfg200","status":"publish","type":"product","link":"http:\/\/astehshop.com\/index.php\/product\/ip-kamera-dome-2mp-2-8mm-25m-ir-poe-mic-sd-slot-cmsdfg200\/","title":{"rendered":"IP Kamera Dome 2MP 2.8mm 25m IR POE + Mic + SD Slot CMSDFG200"},"content":{"rendered":"<p>Model: CMSDFG200<\/p>\n<p>Ovaj model kamere dolazi u plasti\u010dno \/ metalnom ku\u0107i\u0161tu sa objektivom 2.8mm i rezolucijom 2MP@30fps. \u0160irokim objektivom od 2.8mm i ista \u0107e pokriti \u0161irok dio prostora sa jasnom i kvalitetnom slikom ili videom. No\u0107ni IR domet 25m. Koristi externi POE.<\/p>\n<p>Posjeduje integrirani mikrofon i utor za Micro SD karticu do 512GB, tako da ista mo\u017ee raditi sama za sebe ne ovisno o snima\u010du, a da pritom sprema video zapise na svoju internu karticu. (Kartica nije uklju\u010dena u cijenu)!<\/p>\n<p>Pametna analitika od 30 sli\u010dica u sekundi: detekcija upada\/prelaska crte\/lutanja\/okupljanja ljudi (temeljeno na detekciji ljudskog oblika); Detekcija vozila<\/p>\n<p>Sa kompresijom H.265 ili H.265+ kamera \u0107e u\u0161tedjeti mjesto na va\u0161em hard disku ili SD kartici, a da potom ne gubi na kvalitetu snimka.<\/p>\n<p>Istu je jednostavno povezati na va\u0161 ruter i putem Bitvision aplikacije kameru pratiti putem interneta. Isto tako mo\u017ee se podesiti da prilikom uo\u010denja kretanja kamera \u0161alje sliku na va\u0161 mobitel i o istom Vas obavjesti.<\/p>\n<p>IP67 Standardom ista je vodootporna i za\u0161ti\u0107ena od ulaza pra\u0161ine. Ovaj tip namjenjen je i za vanjsku i unutra\u0161nju monta\u017eu.<\/p>\n<p>Prednost IP POE Kamera je ta \u0161to je dovoljan jedan UTP Kabal (preporuka Cat6), a kroz isti kamera dobije napajanje i video signal. U koliko kamera radi zasebno mo\u017ee se spojiti direktno na Adapter 12V 1 ili 2A.<\/p>\n<p><strong>Garancija 24 mjeseca (U slu\u010daju kvara u uslovima garancije ure\u0111aj se ne popravlja, nego isklju\u010divo mijenja za novi ure\u0111aj istih ili boljih karekteristika). Kod ugradnje bitno je obratiti pa\u017enju da isto odradi ovla\u0161tena ili stru\u010dna osoba.<\/strong><\/p>\n","protected":false},"excerpt":{"rendered":"<p>Model: CMSDFG200<\/p>\n<p>Ovaj model kamere dolazi u plasti\u010dno \/ metalnom ku\u0107i\u0161tu sa objektivom 2.8mm i rezolucijom 2MP@30fps. \u0160irokim objektivom od 2.8mm i ista \u0107e pokriti \u0161irok dio prostora sa jasnom i kvalitetnom slikom ili videom. No\u0107ni IR domet 25m. Koristi externi POE.<\/p>\n<p>Posjeduje integrirani mikrofon i utor za Micro SD karticu do 512GB, tako da ista mo\u017ee raditi sama za sebe ne ovisno o snima\u010du, a da pritom sprema video zapise na svoju internu karticu. (Kartica nije uklju\u010dena u cijenu)!<\/p>\n<p>Pametna analitika od 30 sli\u010dica u sekundi: detekcija upada\/prelaska crte\/lutanja\/okupljanja ljudi (temeljeno na detekciji ljudskog oblika); Detekcija vozila<\/p>\n<p>Sa kompresijom H.265 ili H.265+ kamera \u0107e u\u0161tedjeti mjesto na va\u0161em hard disku ili SD kartici, a da potom ne gubi na kvalitetu snimka.<\/p>\n<p>Istu je jednostavno povezati na va\u0161 ruter i putem Bitvision aplikacije kameru pratiti putem interneta. Isto tako mo\u017ee se podesiti da prilikom uo\u010denja kretanja kamera \u0161alje sliku na va\u0161 mobitel i o istom Vas obavjesti.<\/p>\n<p>IP67 Standardom ista je vodootporna i za\u0161ti\u0107ena od ulaza pra\u0161ine. Ovaj tip namjenjen je i za vanjsku i unutra\u0161nju monta\u017eu.<\/p>\n<p>Prednost IP POE Kamera je ta \u0161to je dovoljan jedan UTP Kabal (preporuka Cat6), a kroz isti kamera dobije napajanje i video signal. U koliko kamera radi zasebno mo\u017ee se spojiti direktno na Adapter 12V 1 ili 2A.<\/p>\n<p><strong>Garancija 24 mjeseca (U slu\u010daju kvara u uslovima garancije ure\u0111aj se ne popravlja, nego isklju\u010divo mijenja za novi ure\u0111aj istih ili boljih karekteristika). Kod ugradnje bitno je obratiti pa\u017enju da isto odradi ovla\u0161tena ili stru\u010dna osoba.<\/strong><\/p>\n","protected":false},"featured_media":8495,"comment_status":"open","ping_status":"closed","template":"","meta":{"_mi_skip_tracking":false,"_exactmetrics_sitenote_active":false,"_exactmetrics_sitenote_note":"","_exactmetrics_sitenote_category":0,"spay_email":""},"product_cat":[1037],"product_tag":[6203,1777,6204,2223,2222,1034,4816],"brands":[{"id":2220,"name":"Longse","slug":"longse"}],"df_price":199,"df_sale_price":"","df_regular_price":199,"df_image_link":"https:\/\/i0.wp.com\/astehshop.com\/wp-content\/uploads\/2023\/11\/CMSDFG200.jpg?fit=329%2C248","jetpack_publicize_connections":[],"jetpack_sharing_enabled":true,"jetpack_likes_enabled":true,"jetpack-related-posts":[{"id":8841,"url":"http:\/\/astehshop.com\/index.php\/product\/longse-wi-fi-ip-kamera-2mp-2-8mm-30m-ir-micro-sd-slot-lbh30hfg200w\/","url_meta":{"origin":8494,"position":0},"title":"Longse WI-FI IP Kamera 2MP 2.8mm 30M IR + Micro SD Slot LBH30HFG200W","date":"11. sije\u010dnja 2024.","format":false,"excerpt":"Model: LBH30HFG200W Ovaj model be\u017ei\u010dne kamere dolazi u metalnom ku\u0107i\u0161tu sa objektivom 2.8mm i rezolucijom 2MP. \u0160irokim objektivom od 2.8mm i ista \u0107e pokriti \u0161irok dio prostora sa jasnom i kvalitetnom slikom ili videom. No\u0107ni IR domet 30m. Posjeduje utor za Micro SD karticu do 512GB, tako da ista mo\u017ee\u2026","rel":"","context":"Srodne objave","img":{"alt_text":"","src":"https:\/\/i0.wp.com\/astehshop.com\/wp-content\/uploads\/2024\/01\/LBH30HFG200W.jpg?fit=480%2C350&resize=350%2C200","width":350,"height":200},"classes":[]},{"id":8497,"url":"http:\/\/astehshop.com\/index.php\/product\/longse-ip-kamera-dome-5mp-2-8mm-25m-ir-poe-mic-sd-slot-cmlbkl500\/","url_meta":{"origin":8494,"position":1},"title":"Longse IP Kamera Dome 5MP 2.8mm 25m IR POE + Mic + SD Slot CMLBKL500","date":"2. studenoga 2023.","format":false,"excerpt":"Ovaj model kamere dolazi u metalnom ku\u0107i\u0161tu sa objektivom 2.8mm i rezolucijom 5MP@30fps 4K. \u0160irokim objektivom od 2.8mm i ista \u0107e pokriti \u0161irok dio prostora sa jasnom i kvalitetnom slikom ili videom. No\u0107ni IR domet 25m. Posjeduje integrirani mikrofon i utor za Micro SD karticu do 1TB, tako da ista\u2026","rel":"","context":"Srodne objave","img":{"alt_text":"","src":"https:\/\/i0.wp.com\/astehshop.com\/wp-content\/uploads\/2023\/11\/CMSDFG200.jpg?fit=329%2C248&resize=350%2C200","width":350,"height":200},"classes":[]},{"id":5400,"url":"http:\/\/astehshop.com\/index.php\/product\/bullet-ip-kamera-2mp-2-8mm-poe-starlight-25m-ir-bmsahsl200\/","url_meta":{"origin":8494,"position":2},"title":"BULLET IP KAMERA 2MP 2.8MM POE STARLIGHT 25M IR BMSAHSL200","date":"11. listopada 2021.","format":false,"excerpt":"Ova IP Kamera mo\u017ee raditi ne ovisno od snima\u010da, jer posjeduje mjesto za momorijsku karticu do 512 GB. Isto tako mo\u017ee se podesiti da prilikom uo\u010denja kretanja kamera \u0161alje sliku na va\u0161 mobitel i o istom Vas obavjesti. Ovaj model kamere dolazi u metalnom ku\u0107i\u0161tu extra dizajna i sa \u0161irokim\u2026","rel":"","context":"Srodne objave","img":{"alt_text":"","src":"https:\/\/i2.wp.com\/astehshop.com\/wp-content\/uploads\/2021\/10\/BMSASL200WH-111.png?fit=648%2C480&resize=350%2C200","width":350,"height":200},"classes":[]},{"id":8845,"url":"http:\/\/astehshop.com\/index.php\/product\/longse-wi-fi-ip-kamera-4mp-2-8mm-30m-ir-micro-sd-slot-lbh30fg400w\/","url_meta":{"origin":8494,"position":3},"title":"Longse WI-FI IP Kamera 4MP 2.8mm 30M IR + Micro SD Slot  LBH30FG400W","date":"11. sije\u010dnja 2024.","format":false,"excerpt":"Model: LBH30FG400W Ovaj model be\u017ei\u010dne kamere dolazi u metalnom ku\u0107i\u0161tu sa objektivom 2.8mm i rezolucijom 4MP. \u0160irokim objektivom od 2.8mm i ista \u0107e pokriti \u0161irok dio prostora sa jasnom i kvalitetnom slikom ili videom. No\u0107ni IR domet 30m. Posjeduje utor za Micro SD karticu do 512GB, tako da ista mo\u017ee\u2026","rel":"","context":"Srodne objave","img":{"alt_text":"","src":"https:\/\/i0.wp.com\/astehshop.com\/wp-content\/uploads\/2024\/01\/LBH30HFG200W.jpg?fit=480%2C350&resize=350%2C200","width":350,"height":200},"classes":[]},{"id":8498,"url":"http:\/\/astehshop.com\/index.php\/product\/longse-starlight-ip-kamera-dome-4mp-2-8mm-25m-ir-poe-sd-slot-mikrofon-cmsbrl400\/","url_meta":{"origin":8494,"position":4},"title":"Longse Starlight IP Kamera Dome 4MP 2.8mm 25m IR POE + SD Slot + Mikrofon CMSBRL400","date":"2. studenoga 2023.","format":false,"excerpt":"Ovaj model kamere dolazi u metalnom ku\u0107i\u0161tu sa objektivom 2.8mm i rezolucijom 5MP@30fps 4K (SONY IMX335+RV1109). \u0160irokim objektivom od 2.8mm i ista \u0107e pokriti \u0161irok dio prostora sa jasnom i kvalitetnom slikom ili videom. No\u0107ni IR domet u boji 24h + Starlight no\u0107no osvjetljenje, hvata do 25 metara. Posjeduje integrirani\u2026","rel":"","context":"Srodne objave","img":{"alt_text":"","src":"https:\/\/i0.wp.com\/astehshop.com\/wp-content\/uploads\/2023\/11\/CMSDFG200.jpg?fit=329%2C248&resize=350%2C200","width":350,"height":200},"classes":[]},{"id":9172,"url":"http:\/\/astehshop.com\/index.php\/product\/poe-dome-ip-kamera-longse-4mp-2-8mm-25m-ir-sd-card-slot-mic-cmsefg400\/","url_meta":{"origin":8494,"position":5},"title":"POE Dome IP Kamera Longse 4MP 2.8mm 25m IR SD Card slot + Mic CMSEFG400","date":"10. o\u017eujka 2024.","format":false,"excerpt":"Ovaj model kamere dolazi u metalnom ku\u0107i\u0161tu sa objektivom 2.8mm i rezolucijom 4MP 4K. \u0160irokim objektivom od 2.8mm i ista \u0107e pokriti \u0161irok dio prostora sa jasnom i kvalitetnom slikom ili videom. No\u0107ni IR domet 25m. Posjeduje integrirani mikrofon i utor za MicroSD karticu. Sa kompresijom H.265+ kamera \u0107e u\u0161tedjeti\u2026","rel":"","context":"Srodne objave","img":{"alt_text":"","src":"https:\/\/i0.wp.com\/astehshop.com\/wp-content\/uploads\/2024\/03\/CMSDKL500.jpg?fit=618%2C475&resize=350%2C200","width":350,"height":200},"classes":[]}],"_links":{"self":[{"href":"http:\/\/astehshop.com\/index.php\/wp-json\/wp\/v2\/product\/8494"}],"collection":[{"href":"http:\/\/astehshop.com\/index.php\/wp-json\/wp\/v2\/product"}],"about":[{"href":"http:\/\/astehshop.com\/index.php\/wp-json\/wp\/v2\/types\/product"}],"replies":[{"embeddable":true,"href":"http:\/\/astehshop.com\/index.php\/wp-json\/wp\/v2\/comments?post=8494"}],"wp:featuredmedia":[{"embeddable":true,"href":"http:\/\/astehshop.com\/index.php\/wp-json\/wp\/v2\/media\/8495"}],"wp:attachment":[{"href":"http:\/\/astehshop.com\/index.php\/wp-json\/wp\/v2\/media?parent=8494"}],"wp:term":[{"taxonomy":"product_cat","embeddable":true,"href":"http:\/\/astehshop.com\/index.php\/wp-json\/wp\/v2\/product_cat?post=8494"},{"taxonomy":"product_tag","embeddable":true,"href":"http:\/\/astehshop.com\/index.php\/wp-json\/wp\/v2\/product_tag?post=8494"}],"curies":[{"name":"wp","href":"https:\/\/api.w.org\/{rel}","templated":true}]}}