{"id":8481,"date":"2023-10-27T17:12:58","date_gmt":"2023-10-27T15:12:58","guid":{"rendered":"http:\/\/astehshop.com\/?post_type=product&#038;p=8481"},"modified":"2023-10-31T03:21:56","modified_gmt":"2023-10-31T02:21:56","slug":"pametni-prekidac-za-svjetla-bez-0","status":"publish","type":"product","link":"http:\/\/astehshop.com\/index.php\/product\/pametni-prekidac-za-svjetla-bez-0\/","title":{"rendered":"Pametni prekida\u010d za svjetla bez 0"},"content":{"rendered":"<p><span class=\"HwtZe\" lang=\"bs\"><span class=\"jCAhz ChMk0b\"><span class=\"ryNqvb\">\u3010DVIJE metode o\u017ei\u010denja\u3011Podr\u017eava neutralni sistem i sistem bez neutralnosti. Podr\u017eava sistem sa jednom vatrom, ali vam je potreban kondenzator kada koristite sistem bez neutralnosti. (kondenzator je uklju\u010den.)<\/span><\/span> <span class=\"jCAhz ChMk0b\"><span class=\"ryNqvb\">\u3010Wi-Fi direktna veza\u3011 Nije potrebno \u010dvori\u0161te za prolaz, samo ga instalirajte i koristite.<\/span><\/span> <span class=\"jCAhz ChMk0b\"><span class=\"ryNqvb\">Direktno se pove\u017eite na internet, mo\u017eete kontrolisati pomo\u0107u mobilnog telefona kako biste ostvarili pametan \u017eivot.<\/span><\/span> <span class=\"jCAhz ChMk0b\"><span class=\"ryNqvb\">(Treba 2.4GHZ)<\/span><\/span> <span class=\"jCAhz ChMk0b\"><span class=\"ryNqvb\">\u3010APP daljinski upravlja\u010d\u3011 Tuya ili smart life APP se mo\u017ee koristiti za daljinsko upravljanje prekida\u010dem za uklju\u010divanje i isklju\u010divanje.<\/span><\/span> <span class=\"jCAhz ChMk0b\"><span class=\"ryNqvb\">Mo\u017eete vidjeti otvoreno ili zatvoreno stanje prekida\u010da iz APP-a kada ste odsutni.<\/span><\/span> <span class=\"jCAhz ChMk0b\"><span class=\"ryNqvb\">\u3010Pove\u017eite se s drugim pametnim ure\u0111ajima\u3011Mo\u017ee se povezati s drugim pametnim ure\u0111ajima kako biste ostvarili prakti\u010dan pametan zajedni\u010dki \u017eivot.<\/span><\/span> <span class=\"jCAhz ChMk0b\"><span class=\"ryNqvb\">Ku\u0107ni na\u010din rada mo\u017ee se kreirati i povezati s drugim pametnim ure\u0111ajima kako bi se svjetlo automatski otvorilo \u010dim odete ku\u0107i.<\/span><\/span> <span class=\"jCAhz ChMk0b\"><span class=\"ryNqvb\">\u3010Podr\u0161ka glasovnoj kontroli zvu\u010dnika\u3011 Prekida\u010d je kompatibilan sa Alexa i Google Home Assistantom, \u0161to vam omogu\u0107ava da koristite pametni prekida\u010d glasovne kontrole za uklju\u010divanje\/isklju\u010divanje.<\/span><\/span> <span class=\"jCAhz ChMk0b\"><span class=\"ryNqvb\">\u3010Vreme\u3011Pametni prekida\u010d se automatski uklju\u010duje i isklju\u010duje u odre\u0111eno vrijeme kroz funkciju tajmera.<\/span><\/span> <span class=\"jCAhz ChMk0b\"><span class=\"ryNqvb\">Odaberite vrijeme u koje \u017eelite da se probudite, automatski otvorite svjetlo, tako da mo\u017eete lako u\u0107i u dan;<\/span><\/span> <span class=\"jCAhz ChMk0b\"><span class=\"ryNqvb\">odaberite vrijeme kada \u017eelite da zatvorite svjetlo.<\/span><\/span> <span class=\"jCAhz ChMk0b\"><span class=\"ryNqvb\">\u3010Dijeli\u3011 Kontrolni prekida\u010d se mo\u017ee dijeliti sa \u010dlanovima porodice.<\/span><\/span> <span class=\"jCAhz ChMk0b\"><span class=\"ryNqvb\">\u3010OSJETLJIVA KONTROLA NA DODIR\u3011Ekran na dodir od kaljenog stakla ovog pametnog prekida\u010da je osjetljiv na dodir kontrole, vrhunski izdr\u017eljivi stakleni materijal pru\u017ea do 20 miliona dodirnih figura kroz na\u0161e rigorozno testiranje.<\/span><\/span> <span class=\"jCAhz ChMk0b\"><span class=\"ryNqvb\">Otporan je na vodu, otporan na vlagu, otporan na ogrebotine.<\/span><\/span> <span class=\"jCAhz ChMk0b\"><span class=\"ryNqvb\">\u3010LAKO POSTAVLJANJE\u3011Skenirajte QR kod za uputstvo za upotrebu Preuzmite Smart life\/TUYA APP ili preuzmite sa App Store ili Google Play Store i pove\u017eite svoj mobilni ure\u0111aj na svoju Wi-Fi mre\u017eu od 2,4 GHz da prona\u0111ete prekida\u010d za svjetlo, a zatim<\/span><\/span> <span class=\"jCAhz ChMk0b\"><span class=\"ryNqvb\">mo\u017ee s lako\u0107om uklju\u010diti svjetla ili kontrolirati druge elektri\u010dne ure\u0111aje<\/span><\/span><\/span><\/p>\n<p><iframe loading=\"lazy\"  id=\"_ytid_68641\"  width=\"480\" height=\"270\"  data-origwidth=\"480\" data-origheight=\"270\"  src=\"https:\/\/www.youtube.com\/embed\/I3PprtrPHPg?enablejsapi=1&#038;autoplay=0&#038;cc_load_policy=0&#038;cc_lang_pref=&#038;iv_load_policy=1&#038;loop=0&#038;modestbranding=0&#038;rel=1&#038;fs=1&#038;playsinline=0&#038;autohide=2&#038;theme=dark&#038;color=red&#038;controls=1&#038;\" class=\"__youtube_prefs__  epyt-is-override  no-lazyload\" title=\"YouTube player\"  allow=\"autoplay; encrypted-media\" allowfullscreen data-no-lazy=\"1\" data-skipgform_ajax_framebjll=\"\"><\/iframe><\/p>\n<p>&nbsp;<\/p>\n","protected":false},"excerpt":{"rendered":"<p><span class=\"HwtZe\" lang=\"bs\"><span class=\"jCAhz ChMk0b\"><span class=\"ryNqvb\">\u3010DVIJE metode o\u017ei\u010denja\u3011Podr\u017eava neutralni sistem i sistem bez neutralnosti. Podr\u017eava sistem sa jednom vatrom, ali vam je potreban kondenzator kada koristite sistem bez neutralnosti. (kondenzator je uklju\u010den.)<\/span><\/span> <span class=\"jCAhz ChMk0b\"><span class=\"ryNqvb\">\u3010Wi-Fi direktna veza\u3011 Nije potrebno \u010dvori\u0161te za prolaz, samo ga instalirajte i koristite.<\/span><\/span> <span class=\"jCAhz ChMk0b\"><span class=\"ryNqvb\">Direktno se pove\u017eite na internet, mo\u017eete kontrolisati pomo\u0107u mobilnog telefona kako biste ostvarili pametan \u017eivot.<\/span><\/span> <span class=\"jCAhz ChMk0b\"><span class=\"ryNqvb\">(Treba 2.4GHZ)<\/span><\/span> <span class=\"jCAhz ChMk0b\"><span class=\"ryNqvb\">\u3010APP daljinski upravlja\u010d\u3011 Tuya ili smart life APP se mo\u017ee koristiti za daljinsko upravljanje prekida\u010dem za uklju\u010divanje i isklju\u010divanje.<\/span><\/span> <span class=\"jCAhz ChMk0b\"><span class=\"ryNqvb\">Mo\u017eete vidjeti otvoreno ili zatvoreno stanje prekida\u010da iz APP-a kada ste odsutni.<\/span><\/span> <span class=\"jCAhz ChMk0b\"><span class=\"ryNqvb\">\u3010Pove\u017eite se s drugim pametnim ure\u0111ajima\u3011Mo\u017ee se povezati s drugim pametnim ure\u0111ajima kako biste ostvarili prakti\u010dan pametan zajedni\u010dki \u017eivot.<\/span><\/span> <span class=\"jCAhz ChMk0b\"><span class=\"ryNqvb\">Ku\u0107ni na\u010din rada mo\u017ee se kreirati i povezati s drugim pametnim ure\u0111ajima kako bi se svjetlo automatski otvorilo \u010dim odete ku\u0107i.<\/span><\/span> <span class=\"jCAhz ChMk0b\"><span class=\"ryNqvb\">\u3010Podr\u0161ka glasovnoj kontroli zvu\u010dnika\u3011 Prekida\u010d je kompatibilan sa Alexa i Google Home Assistantom, \u0161to vam omogu\u0107ava da koristite pametni prekida\u010d glasovne kontrole za uklju\u010divanje\/isklju\u010divanje.<\/span><\/span> <span class=\"jCAhz ChMk0b\"><span class=\"ryNqvb\">\u3010Vreme\u3011Pametni prekida\u010d se automatski uklju\u010duje i isklju\u010duje u odre\u0111eno vrijeme kroz funkciju tajmera.<\/span><\/span> <span class=\"jCAhz ChMk0b\"><span class=\"ryNqvb\">Odaberite vrijeme u koje \u017eelite da se probudite, automatski otvorite svjetlo, tako da mo\u017eete lako u\u0107i u dan;<\/span><\/span> <span class=\"jCAhz ChMk0b\"><span class=\"ryNqvb\">odaberite vrijeme kada \u017eelite da zatvorite svjetlo.<\/span><\/span> <span class=\"jCAhz ChMk0b\"><span class=\"ryNqvb\">\u3010Dijeli\u3011 Kontrolni prekida\u010d se mo\u017ee dijeliti sa \u010dlanovima porodice.<\/span><\/span> <span class=\"jCAhz ChMk0b\"><span class=\"ryNqvb\">\u3010OSJETLJIVA KONTROLA NA DODIR\u3011Ekran na dodir od kaljenog stakla ovog pametnog prekida\u010da je osjetljiv na dodir kontrole, vrhunski izdr\u017eljivi stakleni materijal pru\u017ea do 20 miliona dodirnih figura kroz na\u0161e rigorozno testiranje.<\/span><\/span> <span class=\"jCAhz ChMk0b\"><span class=\"ryNqvb\">Otporan je na vodu, otporan na vlagu, otporan na ogrebotine.<\/span><\/span> <span class=\"jCAhz ChMk0b\"><span class=\"ryNqvb\">\u3010LAKO POSTAVLJANJE\u3011Skenirajte QR kod za uputstvo za upotrebu Preuzmite Smart life\/TUYA APP ili preuzmite sa App Store ili Google Play Store i pove\u017eite svoj mobilni ure\u0111aj na svoju Wi-Fi mre\u017eu od 2,4 GHz da prona\u0111ete prekida\u010d za svjetlo, a zatim<\/span><\/span> <span class=\"jCAhz ChMk0b\"><span class=\"ryNqvb\">mo\u017ee s lako\u0107om uklju\u010diti svjetla ili kontrolirati druge elektri\u010dne ure\u0111aje<\/span><\/span><\/span><\/p>\n","protected":false},"featured_media":8482,"comment_status":"open","ping_status":"closed","template":"","meta":{"_mi_skip_tracking":false,"_exactmetrics_sitenote_active":false,"_exactmetrics_sitenote_note":"","_exactmetrics_sitenote_category":0,"spay_email":""},"product_cat":[3480],"product_tag":[3490,6192,6193,6194,3483,6195],"brands":[{"id":5063,"name":"tuya","slug":"tuya"}],"df_price":55,"df_sale_price":"","df_regular_price":55,"df_image_link":"https:\/\/i1.wp.com\/astehshop.com\/wp-content\/uploads\/2023\/10\/local_stock_tuyasmart_life_wif_1613810318_7725d4d1_progressive.jpg?fit=450%2C450","jetpack_publicize_connections":[],"jetpack_sharing_enabled":true,"jetpack_likes_enabled":true,"jetpack-related-posts":[{"id":4834,"url":"http:\/\/astehshop.com\/index.php\/product\/bezicni-alarmni-sistem-chuango-g5-plus-gsm-sms-rfid-s-tastaturom-na-dodir\/","url_meta":{"origin":8481,"position":0},"title":"Be\u017ei\u010dni alarmni sistem CHUANGO G5 Plus GSM\/SMS\/RFID s tastaturom na dodir","date":"27. rujna 2020.","format":false,"excerpt":"Uz nagra\u0111ivani dizajn sistem CHUANGO G5 Plus se mo\u017ee pohvaliti nenametljivom tastaturom osjetljivom na dodir koja je jednostava za kori\u0161tenje i upravljanje. Jednostavno umetnite SIM karticu uobi\u010dajne veli\u010dine (s kreditom na njoj) a kada sistem otkrije provalu vi i va\u0161a porodica \u0107ete biti obavije\u0161teni SMS porukama i telefonskim pozivima. Za\u2026","rel":"","context":"Srodne objave","img":{"alt_text":"","src":"https:\/\/i2.wp.com\/astehshop.com\/wp-content\/uploads\/2020\/09\/CHUANGO-G5-Plus-1.jpg?fit=460%2C317&resize=350%2C200","width":350,"height":200},"classes":[]},{"id":7142,"url":"http:\/\/astehshop.com\/index.php\/product\/video-nadzor-longse-komplet-sa-jednom-kamerom-2-mpx-full-color-ip-sistem\/","url_meta":{"origin":8481,"position":1},"title":"Video nadzor Longse komplet sa jednom kamerom 2 MPX FULL Color IP sistem","date":"20. sije\u010dnja 2023.","format":false,"excerpt":"Longse video nadzor SET za poslovne prostore, dvori\u0161ta, gara\u017ee, ku\u0107e, stanove. 1 x Longse 4 kanalni snima\u010d sa 4 POE izlaza ( novi model NVR 6 ) 1 x Longse bullet kamera 2 MPX BMSDFG200WH Full color slika u boji uvijek H.265+ ( integrisan mikrofon ) 1 x disk 500\u2026","rel":"","context":"Srodne objave","img":{"alt_text":"","src":"https:\/\/i1.wp.com\/astehshop.com\/wp-content\/uploads\/2023\/01\/longse-full-color-2-mp-set-1.jpg?fit=1200%2C954&resize=350%2C200","width":350,"height":200},"classes":[]},{"id":7079,"url":"http:\/\/astehshop.com\/index.php\/product\/video-nadzor-longse-komplet-sa-jednom-kamerom-2-mpx-full-color\/","url_meta":{"origin":8481,"position":2},"title":"Video nadzor Longse komplet sa jednom kamerom 2 MPX FULL Color","date":"16. prosinca 2022.","format":false,"excerpt":"Longse video nadzor SET za poslovne prostore, dvori\u0161ta, gara\u017ee, ku\u0107e, stanove. 1 x Longse 4 kanalni snima\u010d 1 x Longse bullet kamera 2 MPX BPSCHTC200FPEW-2 Full color slika u boji uvijek 1 x disk 500 GB 1 x naljepnica Objekat je pod video nadzorom 1 x RBOX kutija za kablove\u2026","rel":"","context":"Srodne objave","img":{"alt_text":"","src":"https:\/\/i1.wp.com\/astehshop.com\/wp-content\/uploads\/2022\/12\/BPSCHTC200FPEW-2-set-1-kam.jpg?fit=1200%2C953&resize=350%2C200","width":350,"height":200},"classes":[]},{"id":7102,"url":"http:\/\/astehshop.com\/index.php\/product\/video-nadzor-partizan-security-komplet-sa-jednom-kamerom-2-mpx\/","url_meta":{"origin":8481,"position":3},"title":"Video nadzor Partizan Security komplet sa jednom kamerom 2 MPX","date":"19. prosinca 2022.","format":false,"excerpt":"Partizan Security video nadzor SET za poslovne prostore, dvori\u0161ta, gara\u017ee, ku\u0107e, stanove. 1 x Partizan Security 4 kanalni snima\u010d 1 x Partizan Security bullet kamera 2 MPX IR do 30 M no\u0107ni domet 1 x disk 500 GB 1 x naljepnica Objekat je pod video nadzorom Partizan Security komplet video\u2026","rel":"","context":"Srodne objave","img":{"alt_text":"","src":"https:\/\/i2.wp.com\/astehshop.com\/wp-content\/uploads\/2022\/12\/partizan-security-set-1-kamera.jpg?fit=1200%2C953&resize=350%2C200","width":350,"height":200},"classes":[]},{"id":7034,"url":"http:\/\/astehshop.com\/index.php\/product\/video-nadzor-dahua-komplet-sa-2-kamere-5-mpx\/","url_meta":{"origin":8481,"position":4},"title":"Video nadzor Dahua komplet sa 2 kamere 5 MPX","date":"9. prosinca 2022.","format":false,"excerpt":"Dahua HDCVI video nadzor SET za poslovne prostore, dvori\u0161ta, gara\u017ee, ku\u0107e, stanove. 1 x Dahua 4 kanalni snima\u010d WizSense 2 x Dahua dome kamera 5 MPX 1 x disk 500 GB 1 x dodatno napajanje za kamere 12v 2A 1 x naljepnica Objekat je pod video nadzorom Dahua komplet video\u2026","rel":"","context":"Srodne objave","img":{"alt_text":"","src":"https:\/\/i2.wp.com\/astehshop.com\/wp-content\/uploads\/2022\/12\/dahua-set-2-kamere-5-mpx.jpg?fit=1200%2C953&resize=350%2C200","width":350,"height":200},"classes":[]},{"id":7094,"url":"http:\/\/astehshop.com\/index.php\/product\/video-nadzor-hikvision-komplet-sa-jednom-kamerom-2-mpx-2\/","url_meta":{"origin":8481,"position":5},"title":"Video nadzor HikVision komplet sa jednom kamerom 2 MPX","date":"16. prosinca 2022.","format":false,"excerpt":"HikVision video nadzor SET za poslovne prostore, dvori\u0161ta, gara\u017ee, ku\u0107e, stanove. 1 x HikVision 4 kanalni snima\u010d 1 x HikVision bullet kamera 2 MPX IR do 40 M no\u0107ni domet 1 x disk 500 GB 1 x naljepnica Objekat je pod video nadzorom HikVision komplet video nadzor sa jednom Full\u2026","rel":"","context":"Srodne objave","img":{"alt_text":"","src":"https:\/\/i1.wp.com\/astehshop.com\/wp-content\/uploads\/2022\/12\/set-sa-1-kamerom-40-m-ir.jpg?fit=1200%2C953&resize=350%2C200","width":350,"height":200},"classes":[]}],"_links":{"self":[{"href":"http:\/\/astehshop.com\/index.php\/wp-json\/wp\/v2\/product\/8481"}],"collection":[{"href":"http:\/\/astehshop.com\/index.php\/wp-json\/wp\/v2\/product"}],"about":[{"href":"http:\/\/astehshop.com\/index.php\/wp-json\/wp\/v2\/types\/product"}],"replies":[{"embeddable":true,"href":"http:\/\/astehshop.com\/index.php\/wp-json\/wp\/v2\/comments?post=8481"}],"wp:featuredmedia":[{"embeddable":true,"href":"http:\/\/astehshop.com\/index.php\/wp-json\/wp\/v2\/media\/8482"}],"wp:attachment":[{"href":"http:\/\/astehshop.com\/index.php\/wp-json\/wp\/v2\/media?parent=8481"}],"wp:term":[{"taxonomy":"product_cat","embeddable":true,"href":"http:\/\/astehshop.com\/index.php\/wp-json\/wp\/v2\/product_cat?post=8481"},{"taxonomy":"product_tag","embeddable":true,"href":"http:\/\/astehshop.com\/index.php\/wp-json\/wp\/v2\/product_tag?post=8481"}],"curies":[{"name":"wp","href":"https:\/\/api.w.org\/{rel}","templated":true}]}}