{"id":8447,"date":"2023-10-23T21:36:58","date_gmt":"2023-10-23T19:36:58","guid":{"rendered":"http:\/\/astehshop.com\/?post_type=product&#038;p=8447"},"modified":"2025-08-05T19:50:23","modified_gmt":"2025-08-05T17:50:23","slug":"unv-lighthunter-2-mpx-uac-b122-af28lm","status":"publish","type":"product","link":"http:\/\/astehshop.com\/index.php\/product\/unv-lighthunter-2-mpx-uac-b122-af28lm\/","title":{"rendered":"UNV LightHunter 2 mpx UAC-B122-AF28LM"},"content":{"rendered":"<p>\u2022 Visokokvalitetna slika sa 2MP rezolucijom<br \/>\n\u2022 TVI\/AHD\/CVI\/CVBS<br \/>\n\u2022 Podr\u017eava IR-cut filter sa automatskim prekida\u010dem (ICR)<br \/>\n\u2022 LightHunter nadzor sa senzorom visoke osjetljivosti<br \/>\n\u2022 3D tehnologija smanjenja \u0161uma daje \u010diste i o\u0161tre slike<br \/>\n\u2022 Podr\u017eava horizontalno okretanje od 180\u00b0, vertikalno okretanje od 180\u00b0<br \/>\n\u2022 OSD konfiguracijski meni, jednostavan za rukovanje<br \/>\n\u2022 IP67 vodootporan dizajn i dizajn otporan na pra\u0161inu, visoka pouzdanost<br \/>\n\u2022 OSD konfiguracijski meni na 11 jezika<br \/>\n\u2022 Ugra\u0111en mikrofon za visokokvalitetan audio prenos preko koaksijalnih kablova<br \/>\n\u2022 Podr\u017eava digitalno odmagljivanje<\/p>\n","protected":false},"excerpt":{"rendered":"<p>\u2022 Visokokvalitetna slika sa 2MP rezolucijom<br \/>\n\u2022 TVI\/AHD\/CVI\/CVBS<br \/>\n\u2022 Podr\u017eava IR-cut filter sa automatskim prekida\u010dem (ICR)<br \/>\n\u2022 LightHunter nadzor sa senzorom visoke osjetljivosti<br \/>\n\u2022 3D tehnologija smanjenja \u0161uma daje \u010diste i o\u0161tre slike<br \/>\n\u2022 Podr\u017eava horizontalno okretanje od 180\u00b0, vertikalno okretanje od 180\u00b0<br \/>\n\u2022 OSD konfiguracijski meni, jednostavan za rukovanje<br \/>\n\u2022 IP67 vodootporan dizajn i dizajn otporan na pra\u0161inu, visoka pouzdanost<br \/>\n\u2022 OSD konfiguracijski meni na 11 jezika<br \/>\n\u2022 Ugra\u0111en mikrofon za visokokvalitetan audio prenos preko koaksijalnih kablova<br \/>\n\u2022 Podr\u017eava digitalno odmagljivanje<\/p>\n","protected":false},"featured_media":8448,"comment_status":"open","ping_status":"closed","template":"","meta":{"_mi_skip_tracking":false,"_exactmetrics_sitenote_active":false,"_exactmetrics_sitenote_note":"","_exactmetrics_sitenote_category":0,"spay_email":""},"product_cat":[132],"product_tag":[2915,1549,6177,6176,5056,6175,462],"brands":[{"id":6129,"name":"UNV","slug":"unv"}],"df_price":69,"df_sale_price":69,"df_regular_price":75,"df_image_link":"https:\/\/i1.wp.com\/astehshop.com\/wp-content\/uploads\/2023\/10\/UAC-B122-AF2840LM.jpg?fit=450%2C322","jetpack_publicize_connections":[],"jetpack_sharing_enabled":true,"jetpack_likes_enabled":true,"jetpack-related-posts":[{"id":8450,"url":"http:\/\/astehshop.com\/index.php\/product\/unv-bullet-kamera-5-mpx-lighthunter-uac-b125-af28lm\/","url_meta":{"origin":8447,"position":0},"title":"UNV bullet kamera 5 MPX LightHunter UAC-B125-AF28LM","date":"23. listopada 2023.","format":false,"excerpt":"\u2022 Visokokvalitetna slika sa rezolucijom od 5MP \u2022 TVI\/AHD\/CVI\/CVBS \u2022 Podr\u017eava IR-cut filter sa automatskim prekida\u010dem (ICR) \u2022 LightHunter nadzor sa senzorom visoke osjetljivosti \u2022 Podr\u017eava horizontalno okretanje od 180\u00b0, vertikalno okretanje od 180\u00b0 \u2022 OSD konfiguracijski meni, jednostavan za rukovanje \u2022 IP67 vodootporan dizajn i dizajn otporan na pra\u0161inu,\u2026","rel":"","context":"Srodne objave","img":{"alt_text":"","src":"https:\/\/i1.wp.com\/astehshop.com\/wp-content\/uploads\/2023\/10\/UAC-B122-AF2840LM.jpg?fit=733%2C524&resize=350%2C200","width":350,"height":200},"classes":[]},{"id":8431,"url":"http:\/\/astehshop.com\/index.php\/product\/unv-bullet-kamera-5-mpx-uac-b115-f28\/","url_meta":{"origin":8447,"position":1},"title":"UNV bullet kamera 5 MPX UAC-B115-F28","date":"23. listopada 2023.","format":false,"excerpt":"\u2022 Slika visokog kvaliteta od 5MP \u2022 TVI\/AHD\/CVI\/CVBS \u2022 IR-cut filter sa automatskim prekida\u010dem (ICR) \u2022 Podr\u017eava horizontalno okretanje od 180\u00b0, vertikalno okretanje od 180\u00b0 \u2022 OSD konfiguracijski meni, jednostavan za rukovanje \u2022 IP67 vodootporan dizajn i dizajn otporan na pra\u0161inu, visoka pouzdanost \u2022 OSD konfiguracijski meni na 11 jezika","rel":"","context":"Srodne objave","img":{"alt_text":"","src":"https:\/\/i1.wp.com\/astehshop.com\/wp-content\/uploads\/2023\/10\/20220830_1852973_4_949916_140445_0.jpg?fit=686%2C534&resize=350%2C200","width":350,"height":200},"classes":[]},{"id":8427,"url":"http:\/\/astehshop.com\/index.php\/product\/unv-kamera-2-mpx-uac-b112-f28\/","url_meta":{"origin":8447,"position":2},"title":"UNV kamera 2 MPX UAC-B112-F28","date":"23. listopada 2023.","format":false,"excerpt":"2MP slika visokog kvaliteta \u2022 TVI\/AHD\/CVI\/CVBS \u2022 IR-cut filter sa automatskim prekida\u010dem (ICR) \u2022 Podr\u017eava horizontalno okretanje od 180\u00b0, vertikalno okretanje od 180\u00b0 \u2022 OSD konfiguracijski meni, jednostavan za rukovanje \u2022 IP67 vodootporan dizajn i dizajn otporan na pra\u0161inu, visoka pouzdanost \u2022 OSD konfiguracijski meni na 11 jezika","rel":"","context":"Srodne objave","img":{"alt_text":"","src":"https:\/\/i2.wp.com\/astehshop.com\/wp-content\/uploads\/2023\/10\/UAC-B112-F28.jpg?fit=688%2C514&resize=350%2C200","width":350,"height":200},"classes":[]},{"id":8433,"url":"http:\/\/astehshop.com\/index.php\/product\/unv-dome-kamera-5-mpx-uac-t115-f28\/","url_meta":{"origin":8447,"position":3},"title":"UNV dome kamera 5 MPX UAC-T115-F28","date":"23. listopada 2023.","format":false,"excerpt":"\u2022 Slika visokog kvaliteta od 5MP \u2022 TVI\/AHD\/CVI\/CVBS \u2022 IR-cut filter sa automatskim prekida\u010dem (ICR) \u2022 Podr\u017eava horizontalno okretanje od 180\u00b0, vertikalno okretanje od 180\u00b0 \u2022 OSD konfiguracijski meni, jednostavan za rukovanje \u2022 IP67 vodootporan dizajn i dizajn otporan na pra\u0161inu, visoka pouzdanost \u2022 OSD konfiguracijski meni na 11 jezika\u2026","rel":"","context":"Srodne objave","img":{"alt_text":"","src":"https:\/\/i0.wp.com\/astehshop.com\/wp-content\/uploads\/2023\/10\/t115.jpg?fit=712%2C517&resize=350%2C200","width":350,"height":200},"classes":[]},{"id":8429,"url":"http:\/\/astehshop.com\/index.php\/product\/unv-dome-kamera-2-mpx-uac-t112-f28\/","url_meta":{"origin":8447,"position":4},"title":"UNV dome kamera 2 MPX UAC-T112-F28","date":"23. listopada 2023.","format":false,"excerpt":"\u2022 2MP slika visokog kvaliteta \u2022 TVI\/AHD\/CVI\/CVBS \u2022 IR-cut filter sa automatskim prekida\u010dem (ICR) \u2022 Podr\u017eava horizontalno okretanje od 180\u00b0, vertikalno okretanje od 180\u00b0 \u2022 OSD konfiguracijski meni, jednostavan za rukovanje \u2022 IP67 vodootporan dizajn i otpornost na pra\u0161inu, visoka pouzdanost \u2022 OSD konfiguracijski meni na 11 jezika \u2022 3-ose","rel":"","context":"Srodne objave","img":{"alt_text":"","src":"https:\/\/i0.wp.com\/astehshop.com\/wp-content\/uploads\/2023\/10\/UAC-T112-F28.jpg?fit=671%2C542&resize=350%2C200","width":350,"height":200},"classes":[]},{"id":8437,"url":"http:\/\/astehshop.com\/index.php\/product\/unv-bullet-5-mpx-kamera-colourhunter-uac-b115-f28-w\/","url_meta":{"origin":8447,"position":5},"title":"UNV Bullet 5 MPX kamera ColourHunter UAC-B115-F28-W","date":"23. listopada 2023.","format":false,"excerpt":"Slika visokog kvaliteta od 5MP \u2022 TVI\/AHD\/CVI\/CVBS \u2022 Podr\u017eava osvetljenje bele svetlosti, slike u boji 24\/7 \u2022 Podr\u017eava horizontalno okretanje od 180\u00b0, vertikalno okretanje od 180\u00b0 \u2022 OSD konfiguracijski meni, jednostavan za rukovanje \u2022 IP67 vodootporan dizajn i dizajn otporan na pra\u0161inu, visoka pouzdanost \u2022 OSD konfiguracijski meni na 11\u2026","rel":"","context":"Srodne objave","img":{"alt_text":"","src":"https:\/\/i1.wp.com\/astehshop.com\/wp-content\/uploads\/2023\/10\/20220830_1852827_2_949740_140445_0.jpg?fit=758%2C565&resize=350%2C200","width":350,"height":200},"classes":[]}],"_links":{"self":[{"href":"http:\/\/astehshop.com\/index.php\/wp-json\/wp\/v2\/product\/8447"}],"collection":[{"href":"http:\/\/astehshop.com\/index.php\/wp-json\/wp\/v2\/product"}],"about":[{"href":"http:\/\/astehshop.com\/index.php\/wp-json\/wp\/v2\/types\/product"}],"replies":[{"embeddable":true,"href":"http:\/\/astehshop.com\/index.php\/wp-json\/wp\/v2\/comments?post=8447"}],"wp:featuredmedia":[{"embeddable":true,"href":"http:\/\/astehshop.com\/index.php\/wp-json\/wp\/v2\/media\/8448"}],"wp:attachment":[{"href":"http:\/\/astehshop.com\/index.php\/wp-json\/wp\/v2\/media?parent=8447"}],"wp:term":[{"taxonomy":"product_cat","embeddable":true,"href":"http:\/\/astehshop.com\/index.php\/wp-json\/wp\/v2\/product_cat?post=8447"},{"taxonomy":"product_tag","embeddable":true,"href":"http:\/\/astehshop.com\/index.php\/wp-json\/wp\/v2\/product_tag?post=8447"}],"curies":[{"name":"wp","href":"https:\/\/api.w.org\/{rel}","templated":true}]}}