{"id":8423,"date":"2023-10-23T20:32:27","date_gmt":"2023-10-23T18:32:27","guid":{"rendered":"http:\/\/astehshop.com\/?post_type=product&#038;p=8423"},"modified":"2025-08-05T19:44:54","modified_gmt":"2025-08-05T17:44:54","slug":"unv-xvr-snimac-16-kanalni-xvr301-16g3","status":"publish","type":"product","link":"http:\/\/astehshop.com\/index.php\/product\/unv-xvr-snimac-16-kanalni-xvr301-16g3\/","title":{"rendered":"UNV XVR snima\u010d 16 kanalni XVR301-16G3"},"content":{"rendered":"<p>* Podr\u017eava H.265\/H.264 video formate<\/p>\n<p>* Podr\u017eava zvuk preko koaksijalnog kabla (samo za TVI kamere)<\/p>\n<p>* Podr\u017eava TVI, AHD, CVI, CVBS, IP kamere sa prilagodljivim pristupom<\/p>\n<p>* 16-kanalni BNC ulaz<\/p>\n<p>* Podr\u017eava 1-kanalni HDMI izlaz, 1-kanalni VGA izlaz do 1920*1080<\/p>\n<p>* Velika udaljenost prijenosa preko koaksijalnog kabela<\/p>\n<p>* Podr\u017eava glavne kamere ONVIF i RTSP protokola<\/p>\n","protected":false},"excerpt":{"rendered":"<p>* Podr\u017eava H.265\/H.264 video formate<\/p>\n<p>* Podr\u017eava zvuk preko koaksijalnog kabla (samo za TVI kamere)<\/p>\n<p>* Podr\u017eava TVI, AHD, CVI, CVBS, IP kamere sa prilagodljivim pristupom<\/p>\n<p>* 16-kanalni BNC ulaz<\/p>\n<p>* Podr\u017eava 1-kanalni HDMI izlaz, 1-kanalni VGA izlaz do 1920*1080<\/p>\n<p>* Velika udaljenost prijenosa preko koaksijalnog kabela<\/p>\n<p>* Podr\u017eava glavne kamere ONVIF i RTSP protokola<\/p>\n","protected":false},"featured_media":8419,"comment_status":"open","ping_status":"closed","template":"","meta":{"_mi_skip_tracking":false,"_exactmetrics_sitenote_active":false,"_exactmetrics_sitenote_note":"","_exactmetrics_sitenote_category":0,"spay_email":""},"product_cat":[133],"product_tag":[4622,1186,394,6139],"brands":[{"id":6129,"name":"UNV","slug":"unv"}],"df_price":280,"df_sale_price":280,"df_regular_price":290,"df_image_link":"https:\/\/i0.wp.com\/astehshop.com\/wp-content\/uploads\/2023\/10\/XVR301-G3.jpg?fit=450%2C339","jetpack_publicize_connections":[],"jetpack_sharing_enabled":true,"jetpack_likes_enabled":true,"jetpack-related-posts":[{"id":8424,"url":"http:\/\/astehshop.com\/index.php\/product\/unv-xvr-snimac-4-kanalni-xvr301-04q3-4k\/","url_meta":{"origin":8423,"position":0},"title":"UNV XVR snima\u010d 4 kanalni XVR301-04Q3 4K","date":"23. listopada 2023.","format":false,"excerpt":"Podr\u017eava H.265\/H.264 video formate * Podr\u017eava zvuk preko koaksijalnog kabla (samo za TVI kamere) * Podr\u017eava TVI, AHD, CVI, CVBS, IP kamere sa prilagodljivim pristupom * 4\/8-kanalni BNC ulaz * Podr\u017eava 1-kanalni CVBS izlaz, 1-kanalni VGA izlaz, 1-kanalni HDMI izlaz do 4K (3840 x 2160) * HDMI i VGA istovremeni\u2026","rel":"","context":"Srodne objave","img":{"alt_text":"","src":"https:\/\/i0.wp.com\/astehshop.com\/wp-content\/uploads\/2023\/10\/XVR301-G3.jpg?fit=695%2C524&resize=350%2C200","width":350,"height":200},"classes":[]},{"id":8421,"url":"http:\/\/astehshop.com\/index.php\/product\/unv-xvr-snimac-8-kanalni-xvr301-08g3\/","url_meta":{"origin":8423,"position":1},"title":"UNV XVR snima\u010d 8 kanalni XVR301-08G3","date":"23. listopada 2023.","format":false,"excerpt":"Podr\u017eava H.265\/H.264 video formate * Podr\u017eava zvuk preko koaksijalnog kabla * Podr\u017eava TVI, AHD, CVI, CVBS, IP kamere sa prilagodljivim pristupom * 4\/8-kanalni BNC ulaz * Podr\u017eava 1-kanalni HDMI izlaz, 1-kanalni VGA izlaz do 1920*1080 * Velika udaljenost prijenosa preko koaksijalnog kabela * Podr\u017eava glavne kamere ONVIF i RTSP protokola","rel":"","context":"Srodne objave","img":{"alt_text":"","src":"https:\/\/i0.wp.com\/astehshop.com\/wp-content\/uploads\/2023\/10\/XVR301-G3.jpg?fit=695%2C524&resize=350%2C200","width":350,"height":200},"classes":[]},{"id":8418,"url":"http:\/\/astehshop.com\/index.php\/product\/unv-xvr-snimac-4-kanalni-xvr301-04g3\/","url_meta":{"origin":8423,"position":2},"title":"UNV XVR snima\u010d 4 kanalni XVR301-04G3","date":"23. listopada 2023.","format":false,"excerpt":"Podr\u017eava H.265\/H.264 video formate * Podr\u017eava zvuk preko koaksijalnog kabla * Podr\u017eava TVI, AHD, CVI, CVBS, IP kamere sa prilagodljivim pristupom * 4\/8-kanalni BNC ulaz * Podr\u017eava 1-kanalni HDMI izlaz, 1-kanalni VGA izlaz do 1920*1080 * Velika udaljenost prijenosa preko koaksijalnog kabela * Podr\u017eava glavne kamere ONVIF i RTSP protokola","rel":"","context":"Srodne objave","img":{"alt_text":"","src":"https:\/\/i0.wp.com\/astehshop.com\/wp-content\/uploads\/2023\/10\/XVR301-G3.jpg?fit=695%2C524&resize=350%2C200","width":350,"height":200},"classes":[]},{"id":8426,"url":"http:\/\/astehshop.com\/index.php\/product\/unv-xvr-snimac-16-kanalni-xvr301-16q3-4k\/","url_meta":{"origin":8423,"position":3},"title":"UNV XVR snima\u010d 16 kanalni XVR301-16Q3 4K","date":"23. listopada 2023.","format":false,"excerpt":"Podr\u017eava H.265\/H.264 video formate Podr\u017eava audio preko koaksijalnog kabla (samo za TVI kamere) Podr\u017eava TVI, AHD, CVI, CVBS, IP kamere sa prilagodljivim pristupom 16-kanalni BNC ulaz Podr\u017eava 1-kanalni CVBS izlaz, 1-kanalni VGA izlaz, 1-kanalni HDMI izlaz do 4K (3840 x 2160) HDMI i VGA simultani izlaz Velika udaljenost prijenosa preko\u2026","rel":"","context":"Srodne objave","img":{"alt_text":"","src":"https:\/\/i0.wp.com\/astehshop.com\/wp-content\/uploads\/2023\/10\/XVR301-G3.jpg?fit=695%2C524&resize=350%2C200","width":350,"height":200},"classes":[]},{"id":8425,"url":"http:\/\/astehshop.com\/index.php\/product\/unv-xvr-snimac-8-kanalni-xvr301-08q3-4k\/","url_meta":{"origin":8423,"position":4},"title":"UNV XVR snima\u010d 8 kanalni XVR301-08Q3 4K","date":"23. listopada 2023.","format":false,"excerpt":"Podr\u017eava H.265\/H.264 video formate * Podr\u017eava zvuk preko koaksijalnog kabla (samo za TVI kamere) * Podr\u017eava TVI, AHD, CVI, CVBS, IP kamere sa prilagodljivim pristupom * 4\/8-kanalni BNC ulaz * Podr\u017eava 1-kanalni CVBS izlaz, 1-kanalni VGA izlaz, 1-kanalni HDMI izlaz do 4K (3840 x 2160) * HDMI i VGA istovremeni\u2026","rel":"","context":"Srodne objave","img":{"alt_text":"","src":"https:\/\/i0.wp.com\/astehshop.com\/wp-content\/uploads\/2023\/10\/XVR301-G3.jpg?fit=695%2C524&resize=350%2C200","width":350,"height":200},"classes":[]},{"id":8923,"url":"http:\/\/astehshop.com\/index.php\/product\/unv-nvr301-04s3-serije-4-kanalni\/","url_meta":{"origin":8423,"position":5},"title":"UNV NVR301-04S3 Serije 4 kanalni","date":"17. sije\u010dnja 2024.","format":false,"excerpt":"Podr\u017eava Ultra 265\/H.265\/H.264 video formate 4\/-kanalni ulaz Podr\u017eava glavne kamere uskla\u0111ene sa ONVIF (profil S, profil G, profil T) i RTSP protokole Podr\u017eava 1-kanalni HDMI, 1-kanalni VGA, HDMI do 4K (3840x2160) rezolucije HDMI i VGA simultani izlaz Snimanje u rezoluciji do 4K 1 SATA HDD do 8TB Podr\u0161ka nadogradnji oblaka","rel":"","context":"Srodne objave","img":{"alt_text":"","src":"https:\/\/i2.wp.com\/astehshop.com\/wp-content\/uploads\/2024\/01\/NVR301-08X-P8-.png?fit=1200%2C1046&resize=350%2C200","width":350,"height":200},"classes":[]}],"_links":{"self":[{"href":"http:\/\/astehshop.com\/index.php\/wp-json\/wp\/v2\/product\/8423"}],"collection":[{"href":"http:\/\/astehshop.com\/index.php\/wp-json\/wp\/v2\/product"}],"about":[{"href":"http:\/\/astehshop.com\/index.php\/wp-json\/wp\/v2\/types\/product"}],"replies":[{"embeddable":true,"href":"http:\/\/astehshop.com\/index.php\/wp-json\/wp\/v2\/comments?post=8423"}],"wp:featuredmedia":[{"embeddable":true,"href":"http:\/\/astehshop.com\/index.php\/wp-json\/wp\/v2\/media\/8419"}],"wp:attachment":[{"href":"http:\/\/astehshop.com\/index.php\/wp-json\/wp\/v2\/media?parent=8423"}],"wp:term":[{"taxonomy":"product_cat","embeddable":true,"href":"http:\/\/astehshop.com\/index.php\/wp-json\/wp\/v2\/product_cat?post=8423"},{"taxonomy":"product_tag","embeddable":true,"href":"http:\/\/astehshop.com\/index.php\/wp-json\/wp\/v2\/product_tag?post=8423"}],"curies":[{"name":"wp","href":"https:\/\/api.w.org\/{rel}","templated":true}]}}