{"id":8418,"date":"2023-10-23T20:26:10","date_gmt":"2023-10-23T18:26:10","guid":{"rendered":"http:\/\/astehshop.com\/?post_type=product&#038;p=8418"},"modified":"2025-08-05T19:42:03","modified_gmt":"2025-08-05T17:42:03","slug":"unv-xvr-snimac-4-kanalni-xvr301-04g3","status":"publish","type":"product","link":"http:\/\/astehshop.com\/index.php\/product\/unv-xvr-snimac-4-kanalni-xvr301-04g3\/","title":{"rendered":"UNV XVR snima\u010d 4 kanalni XVR301-04G3"},"content":{"rendered":"<p><span class=\"HwtZe\" lang=\"bs\"><span class=\"jCAhz ChMk0b\"><span class=\"ryNqvb\">Podr\u017eava H.265\/H.264 video formate<\/span><\/span> <\/span><\/p>\n<p><span class=\"HwtZe\" lang=\"bs\"><span class=\"jCAhz ChMk0b\"><span class=\"ryNqvb\">* Podr\u017eava zvuk preko koaksijalnog kabla<\/span><\/span> <\/span><\/p>\n<p><span class=\"HwtZe\" lang=\"bs\"><span class=\"jCAhz ChMk0b\"><span class=\"ryNqvb\">* Podr\u017eava TVI, AHD, CVI, CVBS, IP kamere sa prilagodljivim pristupom<\/span><\/span> <\/span><\/p>\n<p><span class=\"HwtZe\" lang=\"bs\"><span class=\"jCAhz ChMk0b\"><span class=\"ryNqvb\">* 4\/8-kanalni BNC ulaz<\/span><\/span> <\/span><\/p>\n<p><span class=\"HwtZe\" lang=\"bs\"><span class=\"jCAhz ChMk0b\"><span class=\"ryNqvb\">* Podr\u017eava 1-kanalni HDMI izlaz, 1-kanalni VGA izlaz do 1920*1080<\/span><\/span> <\/span><\/p>\n<p><span class=\"HwtZe\" lang=\"bs\"><span class=\"jCAhz ChMk0b\"><span class=\"ryNqvb\">* Velika udaljenost prijenosa preko koaksijalnog kabela<\/span><\/span><\/span><\/p>\n<p><span class=\"HwtZe\" lang=\"bs\"> <span class=\"jCAhz ChMk0b\"><span class=\"ryNqvb\">* Podr\u017eava glavne kamere ONVIF i RTSP protokola<\/span><\/span><\/span><\/p>\n","protected":false},"excerpt":{"rendered":"<p><span class=\"HwtZe\" lang=\"bs\"><span class=\"jCAhz ChMk0b\"><span class=\"ryNqvb\">Podr\u017eava H.265\/H.264 video formate<\/span><\/span> <\/span><\/p>\n<p><span class=\"HwtZe\" lang=\"bs\"><span class=\"jCAhz ChMk0b\"><span class=\"ryNqvb\">* Podr\u017eava zvuk preko koaksijalnog kabla<\/span><\/span> <\/span><\/p>\n<p><span class=\"HwtZe\" lang=\"bs\"><span class=\"jCAhz ChMk0b\"><span class=\"ryNqvb\">* Podr\u017eava TVI, AHD, CVI, CVBS, IP kamere sa prilagodljivim pristupom<\/span><\/span> <\/span><\/p>\n<p><span class=\"HwtZe\" lang=\"bs\"><span class=\"jCAhz ChMk0b\"><span class=\"ryNqvb\">* 4\/8-kanalni BNC ulaz<\/span><\/span> <\/span><\/p>\n<p><span class=\"HwtZe\" lang=\"bs\"><span class=\"jCAhz ChMk0b\"><span class=\"ryNqvb\">* Podr\u017eava 1-kanalni HDMI izlaz, 1-kanalni VGA izlaz do 1920*1080<\/span><\/span> <\/span><\/p>\n<p><span class=\"HwtZe\" lang=\"bs\"><span class=\"jCAhz ChMk0b\"><span class=\"ryNqvb\">* Velika udaljenost prijenosa preko koaksijalnog kabela<\/span><\/span><\/span><\/p>\n<p><span class=\"HwtZe\" lang=\"bs\"> <span class=\"jCAhz ChMk0b\"><span class=\"ryNqvb\">* Podr\u017eava glavne kamere ONVIF i RTSP protokola<\/span><\/span><\/span><\/p>\n","protected":false},"featured_media":8419,"comment_status":"open","ping_status":"closed","template":"","meta":{"_mi_skip_tracking":false,"_exactmetrics_sitenote_active":false,"_exactmetrics_sitenote_note":"","_exactmetrics_sitenote_category":0,"spay_email":""},"product_cat":[133],"product_tag":[433,251,6132,6133,6130,6135,6136,6134,462,6131],"brands":[{"id":6129,"name":"UNV","slug":"unv"}],"df_price":135,"df_sale_price":135,"df_regular_price":145,"df_image_link":"https:\/\/i0.wp.com\/astehshop.com\/wp-content\/uploads\/2023\/10\/XVR301-G3.jpg?fit=450%2C339","jetpack_publicize_connections":[],"jetpack_sharing_enabled":true,"jetpack_likes_enabled":true,"jetpack-related-posts":[{"id":8423,"url":"http:\/\/astehshop.com\/index.php\/product\/unv-xvr-snimac-16-kanalni-xvr301-16g3\/","url_meta":{"origin":8418,"position":0},"title":"UNV XVR snima\u010d 16 kanalni XVR301-16G3","date":"23. listopada 2023.","format":false,"excerpt":"* Podr\u017eava H.265\/H.264 video formate * Podr\u017eava zvuk preko koaksijalnog kabla (samo za TVI kamere) * Podr\u017eava TVI, AHD, CVI, CVBS, IP kamere sa prilagodljivim pristupom * 16-kanalni BNC ulaz * Podr\u017eava 1-kanalni HDMI izlaz, 1-kanalni VGA izlaz do 1920*1080 * Velika udaljenost prijenosa preko koaksijalnog kabela * Podr\u017eava glavne\u2026","rel":"","context":"Srodne objave","img":{"alt_text":"","src":"https:\/\/i0.wp.com\/astehshop.com\/wp-content\/uploads\/2023\/10\/XVR301-G3.jpg?fit=695%2C524&resize=350%2C200","width":350,"height":200},"classes":[]},{"id":8421,"url":"http:\/\/astehshop.com\/index.php\/product\/unv-xvr-snimac-8-kanalni-xvr301-08g3\/","url_meta":{"origin":8418,"position":1},"title":"UNV XVR snima\u010d 8 kanalni XVR301-08G3","date":"23. listopada 2023.","format":false,"excerpt":"Podr\u017eava H.265\/H.264 video formate * Podr\u017eava zvuk preko koaksijalnog kabla * Podr\u017eava TVI, AHD, CVI, CVBS, IP kamere sa prilagodljivim pristupom * 4\/8-kanalni BNC ulaz * Podr\u017eava 1-kanalni HDMI izlaz, 1-kanalni VGA izlaz do 1920*1080 * Velika udaljenost prijenosa preko koaksijalnog kabela * Podr\u017eava glavne kamere ONVIF i RTSP protokola","rel":"","context":"Srodne objave","img":{"alt_text":"","src":"https:\/\/i0.wp.com\/astehshop.com\/wp-content\/uploads\/2023\/10\/XVR301-G3.jpg?fit=695%2C524&resize=350%2C200","width":350,"height":200},"classes":[]},{"id":8424,"url":"http:\/\/astehshop.com\/index.php\/product\/unv-xvr-snimac-4-kanalni-xvr301-04q3-4k\/","url_meta":{"origin":8418,"position":2},"title":"UNV XVR snima\u010d 4 kanalni XVR301-04Q3 4K","date":"23. listopada 2023.","format":false,"excerpt":"Podr\u017eava H.265\/H.264 video formate * Podr\u017eava zvuk preko koaksijalnog kabla (samo za TVI kamere) * Podr\u017eava TVI, AHD, CVI, CVBS, IP kamere sa prilagodljivim pristupom * 4\/8-kanalni BNC ulaz * Podr\u017eava 1-kanalni CVBS izlaz, 1-kanalni VGA izlaz, 1-kanalni HDMI izlaz do 4K (3840 x 2160) * HDMI i VGA istovremeni\u2026","rel":"","context":"Srodne objave","img":{"alt_text":"","src":"https:\/\/i0.wp.com\/astehshop.com\/wp-content\/uploads\/2023\/10\/XVR301-G3.jpg?fit=695%2C524&resize=350%2C200","width":350,"height":200},"classes":[]},{"id":8426,"url":"http:\/\/astehshop.com\/index.php\/product\/unv-xvr-snimac-16-kanalni-xvr301-16q3-4k\/","url_meta":{"origin":8418,"position":3},"title":"UNV XVR snima\u010d 16 kanalni XVR301-16Q3 4K","date":"23. listopada 2023.","format":false,"excerpt":"Podr\u017eava H.265\/H.264 video formate Podr\u017eava audio preko koaksijalnog kabla (samo za TVI kamere) Podr\u017eava TVI, AHD, CVI, CVBS, IP kamere sa prilagodljivim pristupom 16-kanalni BNC ulaz Podr\u017eava 1-kanalni CVBS izlaz, 1-kanalni VGA izlaz, 1-kanalni HDMI izlaz do 4K (3840 x 2160) HDMI i VGA simultani izlaz Velika udaljenost prijenosa preko\u2026","rel":"","context":"Srodne objave","img":{"alt_text":"","src":"https:\/\/i0.wp.com\/astehshop.com\/wp-content\/uploads\/2023\/10\/XVR301-G3.jpg?fit=695%2C524&resize=350%2C200","width":350,"height":200},"classes":[]},{"id":8425,"url":"http:\/\/astehshop.com\/index.php\/product\/unv-xvr-snimac-8-kanalni-xvr301-08q3-4k\/","url_meta":{"origin":8418,"position":4},"title":"UNV XVR snima\u010d 8 kanalni XVR301-08Q3 4K","date":"23. listopada 2023.","format":false,"excerpt":"Podr\u017eava H.265\/H.264 video formate * Podr\u017eava zvuk preko koaksijalnog kabla (samo za TVI kamere) * Podr\u017eava TVI, AHD, CVI, CVBS, IP kamere sa prilagodljivim pristupom * 4\/8-kanalni BNC ulaz * Podr\u017eava 1-kanalni CVBS izlaz, 1-kanalni VGA izlaz, 1-kanalni HDMI izlaz do 4K (3840 x 2160) * HDMI i VGA istovremeni\u2026","rel":"","context":"Srodne objave","img":{"alt_text":"","src":"https:\/\/i0.wp.com\/astehshop.com\/wp-content\/uploads\/2023\/10\/XVR301-G3.jpg?fit=695%2C524&resize=350%2C200","width":350,"height":200},"classes":[]},{"id":11890,"url":"http:\/\/astehshop.com\/index.php\/product\/uniview-8-kanalni-nvr301-08s3\/","url_meta":{"origin":8418,"position":5},"title":"UniView 8 kanalni NVR301-08S3","date":"31. listopada 2025.","format":false,"excerpt":"Podr\u017eava Ultra 265\/H.265\/H.264 video formate \u2022 4\/8\/16-kanalni ulaz \u2022 Podr\u017eava 1-kanalni HDMI, 1-kanalni VGA, HDMI u rezoluciji do 4K (3840x2160) \u2022 Simultani HDMI i VGA izlaz \u2022 Snimanje u rezoluciji do 4K \u2022 Podr\u017eava nadogradnju u oblak","rel":"","context":"Srodne objave","img":{"alt_text":"","src":"https:\/\/i2.wp.com\/astehshop.com\/wp-content\/uploads\/2025\/10\/NVR301-08S3.png?fit=600%2C338&resize=350%2C200","width":350,"height":200},"classes":[]}],"_links":{"self":[{"href":"http:\/\/astehshop.com\/index.php\/wp-json\/wp\/v2\/product\/8418"}],"collection":[{"href":"http:\/\/astehshop.com\/index.php\/wp-json\/wp\/v2\/product"}],"about":[{"href":"http:\/\/astehshop.com\/index.php\/wp-json\/wp\/v2\/types\/product"}],"replies":[{"embeddable":true,"href":"http:\/\/astehshop.com\/index.php\/wp-json\/wp\/v2\/comments?post=8418"}],"wp:featuredmedia":[{"embeddable":true,"href":"http:\/\/astehshop.com\/index.php\/wp-json\/wp\/v2\/media\/8419"}],"wp:attachment":[{"href":"http:\/\/astehshop.com\/index.php\/wp-json\/wp\/v2\/media?parent=8418"}],"wp:term":[{"taxonomy":"product_cat","embeddable":true,"href":"http:\/\/astehshop.com\/index.php\/wp-json\/wp\/v2\/product_cat?post=8418"},{"taxonomy":"product_tag","embeddable":true,"href":"http:\/\/astehshop.com\/index.php\/wp-json\/wp\/v2\/product_tag?post=8418"}],"curies":[{"name":"wp","href":"https:\/\/api.w.org\/{rel}","templated":true}]}}