{"id":8413,"date":"2023-10-22T18:12:25","date_gmt":"2023-10-22T16:12:25","guid":{"rendered":"http:\/\/astehshop.com\/?post_type=product&#038;p=8413"},"modified":"2024-09-03T17:52:38","modified_gmt":"2024-09-03T15:52:38","slug":"bft-motor-za-garazna-vrata-botticelli-smart-850-kit","status":"publish","type":"product","link":"http:\/\/astehshop.com\/index.php\/product\/bft-motor-za-garazna-vrata-botticelli-smart-850-kit\/","title":{"rendered":"BFT Motor za gara\u017ena vrata BOTTICELLI  SMART 850 kit"},"content":{"rendered":"<p>Motor za garazna sekciona vrata 850<\/p>\n<p>Nm . Za vrata visine do 2400 mm i<\/p>\n<p>povr\u0161ine 12 m\u00b2. Vodilica 2900 na<\/p>\n<p>lanac ili remen. Uz motor dolaze dva<\/p>\n<p>daljinska mitto2.<\/p>\n","protected":false},"excerpt":{"rendered":"<p>Motor za garazna sekciona vrata 850<\/p>\n<p>Nm . Za vrata visine do 2400 mm i<\/p>\n<p>povr\u0161ine 12 m\u00b2. Vodilica 2900 na<\/p>\n<p>lanac ili remen. Uz motor dolaze dva<\/p>\n<p>daljinska mitto2.<\/p>\n","protected":false},"featured_media":8414,"comment_status":"open","ping_status":"closed","template":"","meta":{"_mi_skip_tracking":false,"_exactmetrics_sitenote_active":false,"_exactmetrics_sitenote_note":"","_exactmetrics_sitenote_category":0,"spay_email":""},"product_cat":[6115],"product_tag":[6116,6117,6119,6118],"brands":[{"id":6079,"name":"BFT","slug":"bft"}],"df_price":319,"df_sale_price":"","df_regular_price":319,"df_image_link":"https:\/\/i1.wp.com\/astehshop.com\/wp-content\/uploads\/2023\/10\/BOTTICELLI.jpg?fit=450%2C313","jetpack_publicize_connections":[],"jetpack_sharing_enabled":true,"jetpack_likes_enabled":true,"jetpack-related-posts":[{"id":8415,"url":"http:\/\/astehshop.com\/index.php\/product\/bft-motor-za-garazna-vrata-botticelli-smart-850-kit-do-16m2\/","url_meta":{"origin":8413,"position":0},"title":"BFT Motor za gara\u017ena vrata BOTTICELLI SMART 850 kit do 16m2","date":"22. listopada 2023.","format":false,"excerpt":"Motor za garazna sekciona vrata 850 Nm. Za vrata visine do 3000 mm i povr\u0161ine 16 m\u00b2. Vodilica 3500 na lanac ili remen. Uz motor dolaze dva daljinska mitto2.","rel":"","context":"Srodne objave","img":{"alt_text":"","src":"https:\/\/i1.wp.com\/astehshop.com\/wp-content\/uploads\/2023\/10\/BOTTICELLI.jpg?fit=1192%2C830&resize=350%2C200","width":350,"height":200},"classes":[]},{"id":8417,"url":"http:\/\/astehshop.com\/index.php\/product\/bft-motor-za-garazna-vrata-botticelli-smart-1250-nm\/","url_meta":{"origin":8413,"position":1},"title":"BFT Motor za gara\u017ena vrata BOTTICELLI  SMART 1250 Nm","date":"22. listopada 2023.","format":false,"excerpt":"Motor za garazna sekciona vrata 1250 Nm. Za vrata visine do 3000 mm i povr\u0161ine 20 m\u00b2. Vodilica 3500 na lanac ili remen. Uz motor dolaze dva daljinska mitto2.","rel":"","context":"Srodne objave","img":{"alt_text":"","src":"https:\/\/i1.wp.com\/astehshop.com\/wp-content\/uploads\/2023\/10\/BOTTICELLI.jpg?fit=1192%2C830&resize=350%2C200","width":350,"height":200},"classes":[]},{"id":4007,"url":"http:\/\/astehshop.com\/index.php\/product\/paradox-zc1-kontakt-za-vrata\/","url_meta":{"origin":8413,"position":2},"title":"Paradox ZC1 kontakt za vrata","date":"19. velja\u010de 2020.","format":false,"excerpt":"Adresabilni kontakt za vrata","rel":"","context":"Srodne objave","img":{"alt_text":"","src":"https:\/\/i1.wp.com\/astehshop.com\/wp-content\/uploads\/2020\/02\/ZC1.jpg?fit=510%2C510&resize=350%2C200","width":350,"height":200},"classes":[]},{"id":5710,"url":"http:\/\/astehshop.com\/index.php\/product\/xiaomi-mi-pametni-senzor-za-vrata-i-prozore\/","url_meta":{"origin":8413,"position":3},"title":"Xiaomi Mi pametni senzor za vrata i prozore","date":"5. prosinca 2021.","format":false,"excerpt":"Pametni senzori za prozore i vrata Mi Smart Window & Door Sensor. Ergonomski dizajn i alarm o otvorenim prozorima ili vratima. Preuzmi kontrolu nad svojim domom.","rel":"","context":"Srodne objave","img":{"alt_text":"","src":"https:\/\/i1.wp.com\/astehshop.com\/wp-content\/uploads\/2021\/12\/pametni-senzor.jpg?fit=800%2C800&resize=350%2C200","width":350,"height":200},"classes":[]},{"id":6057,"url":"http:\/\/astehshop.com\/index.php\/product\/sa-220-magnetni-kontakt-za-metalna-vrata\/","url_meta":{"origin":8413,"position":4},"title":"SA-220 Magnetni kontakt za metalna vrata","date":"14. velja\u010de 2022.","format":false,"excerpt":"Metalni kontakt kotrljaju\u0107i i za metalna vrata sa kablom u blindiranoj cevi, Veli\u010dina: 106x38x10mm, Radni razmak maks. 75mm","rel":"","context":"Srodne objave","img":{"alt_text":"","src":"https:\/\/i0.wp.com\/astehshop.com\/wp-content\/uploads\/2022\/02\/SA-220.png?fit=600%2C569&resize=350%2C200","width":350,"height":200},"classes":[]},{"id":6038,"url":"http:\/\/astehshop.com\/index.php\/product\/ja-150m-bezicni-magnetni-detektor\/","url_meta":{"origin":8413,"position":5},"title":"JA-150M Be\u017ei\u010dni magnetni detektor","date":"14. velja\u010de 2022.","format":false,"excerpt":"JA-150M je namenjen za otkrivanje otvaranja prozora ili vrata. Beli.Mo\u017ee se programirati da \u0161alje status ili impulsni signal za detekciju otvaranja vrata ili prozora. Detektor tako\u0111e uklju\u010duje dva ulazna terminala IN1 i IN2 na koje se mogu spojiti alternativni \u017ei\u010dni detektori otvaranja, detektor poplave ili ne\u0161to sli\u010dno.Napajanje: 1x alkalna baterija\u2026","rel":"","context":"Srodne objave","img":{"alt_text":"","src":"https:\/\/i0.wp.com\/astehshop.com\/wp-content\/uploads\/2022\/02\/JA-150M-Bezicni-magnetni-detektor.png?fit=600%2C569&resize=350%2C200","width":350,"height":200},"classes":[]}],"_links":{"self":[{"href":"http:\/\/astehshop.com\/index.php\/wp-json\/wp\/v2\/product\/8413"}],"collection":[{"href":"http:\/\/astehshop.com\/index.php\/wp-json\/wp\/v2\/product"}],"about":[{"href":"http:\/\/astehshop.com\/index.php\/wp-json\/wp\/v2\/types\/product"}],"replies":[{"embeddable":true,"href":"http:\/\/astehshop.com\/index.php\/wp-json\/wp\/v2\/comments?post=8413"}],"wp:featuredmedia":[{"embeddable":true,"href":"http:\/\/astehshop.com\/index.php\/wp-json\/wp\/v2\/media\/8414"}],"wp:attachment":[{"href":"http:\/\/astehshop.com\/index.php\/wp-json\/wp\/v2\/media?parent=8413"}],"wp:term":[{"taxonomy":"product_cat","embeddable":true,"href":"http:\/\/astehshop.com\/index.php\/wp-json\/wp\/v2\/product_cat?post=8413"},{"taxonomy":"product_tag","embeddable":true,"href":"http:\/\/astehshop.com\/index.php\/wp-json\/wp\/v2\/product_tag?post=8413"}],"curies":[{"name":"wp","href":"https:\/\/api.w.org\/{rel}","templated":true}]}}