{"id":8407,"date":"2023-10-22T17:06:02","date_gmt":"2023-10-22T15:06:02","guid":{"rendered":"http:\/\/astehshop.com\/?post_type=product&#038;p=8407"},"modified":"2024-09-03T17:52:39","modified_gmt":"2024-09-03T15:52:39","slug":"bft-motor-ares-za-kliznu-kapiju-do-1000-kg-bt-a1000","status":"publish","type":"product","link":"http:\/\/astehshop.com\/index.php\/product\/bft-motor-ares-za-kliznu-kapiju-do-1000-kg-bt-a1000\/","title":{"rendered":"BFT motor Ares za kliznu kapiju do 1000 kg  BT A1000"},"content":{"rendered":"<p>Motor za kliznu kapiju ARES BT<\/p>\n<p>A1000. Za kapije do 1000 kg. Cijena je za samo za motor.<\/p>\n<p>Elektromehanicki krajnji prekidaci<\/p>\n","protected":false},"excerpt":{"rendered":"<p>Motor za kliznu kapiju ARES BT<\/p>\n<p>A1000. Za kapije do 1000 kg. Cijena je za samo za motor.<\/p>\n<p>Elektromehanicki krajnji prekidaci<\/p>\n","protected":false},"featured_media":8408,"comment_status":"open","ping_status":"closed","template":"","meta":{"_mi_skip_tracking":false,"_exactmetrics_sitenote_active":false,"_exactmetrics_sitenote_note":"","_exactmetrics_sitenote_category":0,"spay_email":""},"product_cat":[6078],"product_tag":[6108,6109,6110],"brands":[{"id":6079,"name":"BFT","slug":"bft"}],"df_price":730,"df_sale_price":"","df_regular_price":730,"df_image_link":"https:\/\/i2.wp.com\/astehshop.com\/wp-content\/uploads\/2023\/10\/ARES-BT-A1000.jpg?fit=450%2C450","jetpack_publicize_connections":[],"jetpack_sharing_enabled":true,"jetpack_likes_enabled":true,"jetpack-related-posts":[{"id":8410,"url":"http:\/\/astehshop.com\/index.php\/product\/bft-motor-za-kliznu-kapiju-ares-bt-a1500-1500-kg\/","url_meta":{"origin":8407,"position":0},"title":"BFT Motor za kliznu kapiju Ares BT A1500 (1500 kg)","date":"22. listopada 2023.","format":false,"excerpt":"Motor za kliznu kapiju ARES BT A1000. Za kapije do 1000 kg. Cijena je za samo za motor. Elektromehanicki krajnji prekidaci","rel":"","context":"Srodne objave","img":{"alt_text":"","src":"https:\/\/i2.wp.com\/astehshop.com\/wp-content\/uploads\/2023\/10\/ARES-BT-A1000.jpg?fit=1000%2C1000&resize=350%2C200","width":350,"height":200},"classes":[]},{"id":8411,"url":"http:\/\/astehshop.com\/index.php\/product\/bft-motor-za-kliznu-kapiju-ares-veloce-smart-bt-kit-a500-int\/","url_meta":{"origin":8407,"position":1},"title":"BFT Motor za kliznu kapiju ARES VELOCE  SMART BT KIT  A500 INT","date":"22. listopada 2023.","format":false,"excerpt":"Motor za kliznu kapiju ARES VELOCE 500. Za kapije do 500 kg. Cijena je U kit-u i uz motor dolaze 2 x daljinski , lampa bljeskaliva i fotocelije.BRZI motor 25 m\/miv.","rel":"","context":"Srodne objave","img":{"alt_text":"","src":"https:\/\/i0.wp.com\/astehshop.com\/wp-content\/uploads\/2023\/10\/kit-completo-bft-ares-veloce-smart-bt-a500-500kg-24v-uso-intensivo-fast-rapido-r925340-00001.jpg?fit=1200%2C1081&resize=350%2C200","width":350,"height":200},"classes":[]},{"id":8401,"url":"http:\/\/astehshop.com\/index.php\/product\/bft-motor-za-kliznu-kapiju-deimos-ultra-bt-a-do-600-kg\/","url_meta":{"origin":8407,"position":2},"title":"BFT \u2013 MOTOR ZA KLIZNU KAPIJU DEIMOS ULTRA BT A do 600 kg","date":"22. listopada 2023.","format":false,"excerpt":"Motor za kliznu kapiju DEIMOS ULTRA BT A 400 kit . Motor za kapije do 600 kg tezine, motor dolazi u kit-u sa lampom bljeskalicom , 2 x daljinski i fotocelijama. Motor je sa magnetnim krajnjim prekidacima.","rel":"","context":"Srodne objave","img":{"alt_text":"","src":"https:\/\/i1.wp.com\/astehshop.com\/wp-content\/uploads\/2023\/10\/bft-ultra-serija.jpg?fit=1034%2C882&resize=350%2C200","width":350,"height":200},"classes":[]},{"id":8399,"url":"http:\/\/astehshop.com\/index.php\/product\/bft-motor-za-kliznu-kapiju-deimos-ultra-bt-a-do-400-kg\/","url_meta":{"origin":8407,"position":3},"title":"BFT \u2013 MOTOR ZA KLIZNU KAPIJU DEIMOS ULTRA  BT A do 400 kg","date":"22. listopada 2023.","format":false,"excerpt":"Motor za kliznu kapiju DEIMOS ULTRA BT A 400 kit . Motor za kapije do 400 kg tezine, motor dolazi u kit-u sa lampom bljeskalicom , 2 x daljinski i fotocelijama. Motor je sa magnetnim krajnjim prekidacima.","rel":"","context":"Srodne objave","img":{"alt_text":"","src":"https:\/\/i1.wp.com\/astehshop.com\/wp-content\/uploads\/2023\/10\/bft-ultra-serija.jpg?fit=1034%2C882&resize=350%2C200","width":350,"height":200},"classes":[]},{"id":8395,"url":"http:\/\/astehshop.com\/index.php\/product\/bft-motor-za-kliznu-kapiju-deimos-bt-a-do-400-kg\/","url_meta":{"origin":8407,"position":4},"title":"BFT &#8211; MOTOR ZA KLIZNU KAPIJU DEIMOS BT A do  400 kg","date":"22. listopada 2023.","format":false,"excerpt":"Motor za kliznu kapiju DEIMOS BT A 400 kit . Motor za kapije do 400 kg te\u017eine, motor dolazi u kit-u sa lampom bljeskalicom , 2 x daljinski i foto\u010delijama 4 metra zup\u010daste letve https:\/\/www.youtube.com\/watch?v=zFiNdDIxKCQ \u00a0","rel":"","context":"Srodne objave","img":{"alt_text":"","src":"https:\/\/i1.wp.com\/astehshop.com\/wp-content\/uploads\/2023\/10\/DEIMOS-BT-A.jpg?fit=657%2C665&resize=350%2C200","width":350,"height":200},"classes":[]},{"id":8397,"url":"http:\/\/astehshop.com\/index.php\/product\/bft-motor-za-kliznu-kapiju-deimos-bt-a-do-600-kg\/","url_meta":{"origin":8407,"position":5},"title":"BFT &#8211; MOTOR ZA KLIZNU KAPIJU DEIMOS BT A do 600 kg","date":"22. listopada 2023.","format":false,"excerpt":"Motor za kliznu kapiju DEIMOS BT A 600 kit . Motor za kapije do 600 kg tezine, motor dolazi u kit-u sa lampom bljeskalicom , 2 x daljinski i fotocelijama. 4 metra zup\u010daste letve https:\/\/www.youtube.com\/watch?v=zFiNdDIxKCQ \u00a0","rel":"","context":"Srodne objave","img":{"alt_text":"","src":"https:\/\/i1.wp.com\/astehshop.com\/wp-content\/uploads\/2023\/10\/DEIMOS-BT-A.jpg?fit=657%2C665&resize=350%2C200","width":350,"height":200},"classes":[]}],"_links":{"self":[{"href":"http:\/\/astehshop.com\/index.php\/wp-json\/wp\/v2\/product\/8407"}],"collection":[{"href":"http:\/\/astehshop.com\/index.php\/wp-json\/wp\/v2\/product"}],"about":[{"href":"http:\/\/astehshop.com\/index.php\/wp-json\/wp\/v2\/types\/product"}],"replies":[{"embeddable":true,"href":"http:\/\/astehshop.com\/index.php\/wp-json\/wp\/v2\/comments?post=8407"}],"wp:featuredmedia":[{"embeddable":true,"href":"http:\/\/astehshop.com\/index.php\/wp-json\/wp\/v2\/media\/8408"}],"wp:attachment":[{"href":"http:\/\/astehshop.com\/index.php\/wp-json\/wp\/v2\/media?parent=8407"}],"wp:term":[{"taxonomy":"product_cat","embeddable":true,"href":"http:\/\/astehshop.com\/index.php\/wp-json\/wp\/v2\/product_cat?post=8407"},{"taxonomy":"product_tag","embeddable":true,"href":"http:\/\/astehshop.com\/index.php\/wp-json\/wp\/v2\/product_tag?post=8407"}],"curies":[{"name":"wp","href":"https:\/\/api.w.org\/{rel}","templated":true}]}}