{"id":8399,"date":"2023-10-22T16:52:27","date_gmt":"2023-10-22T14:52:27","guid":{"rendered":"http:\/\/astehshop.com\/?post_type=product&#038;p=8399"},"modified":"2024-09-03T17:52:40","modified_gmt":"2024-09-03T15:52:40","slug":"bft-motor-za-kliznu-kapiju-deimos-ultra-bt-a-do-400-kg","status":"publish","type":"product","link":"http:\/\/astehshop.com\/index.php\/product\/bft-motor-za-kliznu-kapiju-deimos-ultra-bt-a-do-400-kg\/","title":{"rendered":"BFT \u2013 MOTOR ZA KLIZNU KAPIJU DEIMOS ULTRA  BT A do 400 kg"},"content":{"rendered":"<p>Motor za kliznu kapiju DEIMOS<\/p>\n<p>ULTRA BT A 400 kit .<\/p>\n<p>Motor za kapije do 400 kg tezine, motor dolazi<\/p>\n<p>u kit-u sa lampom bljeskalicom ,<\/p>\n<p>2 x daljinski i fotocelijama.<\/p>\n<p>Motor je sa magnetnim krajnjim prekidacima.<\/p>\n","protected":false},"excerpt":{"rendered":"<p>Motor za kliznu kapiju DEIMOS<\/p>\n<p>ULTRA BT A 400 kit .<\/p>\n<p>Motor za kapije do 400 kg tezine, motor dolazi<\/p>\n<p>u kit-u sa lampom bljeskalicom ,<\/p>\n<p>2 x daljinski i fotocelijama.<\/p>\n<p>Motor je sa magnetnim krajnjim prekidacima.<\/p>\n","protected":false},"featured_media":8400,"comment_status":"open","ping_status":"closed","template":"","meta":{"_mi_skip_tracking":false,"_exactmetrics_sitenote_active":false,"_exactmetrics_sitenote_note":"","_exactmetrics_sitenote_category":0,"spay_email":""},"product_cat":[6078],"product_tag":[6092,6091,6095,6081,6094,6093],"brands":[{"id":6079,"name":"BFT","slug":"bft"}],"df_price":499,"df_sale_price":"","df_regular_price":499,"df_image_link":"https:\/\/i1.wp.com\/astehshop.com\/wp-content\/uploads\/2023\/10\/bft-ultra-serija.jpg?fit=450%2C384","jetpack_publicize_connections":[],"jetpack_sharing_enabled":true,"jetpack_likes_enabled":true,"jetpack-related-posts":[{"id":8401,"url":"http:\/\/astehshop.com\/index.php\/product\/bft-motor-za-kliznu-kapiju-deimos-ultra-bt-a-do-600-kg\/","url_meta":{"origin":8399,"position":0},"title":"BFT \u2013 MOTOR ZA KLIZNU KAPIJU DEIMOS ULTRA BT A do 600 kg","date":"22. listopada 2023.","format":false,"excerpt":"Motor za kliznu kapiju DEIMOS ULTRA BT A 400 kit . Motor za kapije do 600 kg tezine, motor dolazi u kit-u sa lampom bljeskalicom , 2 x daljinski i fotocelijama. Motor je sa magnetnim krajnjim prekidacima.","rel":"","context":"Srodne objave","img":{"alt_text":"","src":"https:\/\/i1.wp.com\/astehshop.com\/wp-content\/uploads\/2023\/10\/bft-ultra-serija.jpg?fit=1034%2C882&resize=350%2C200","width":350,"height":200},"classes":[]},{"id":8395,"url":"http:\/\/astehshop.com\/index.php\/product\/bft-motor-za-kliznu-kapiju-deimos-bt-a-do-400-kg\/","url_meta":{"origin":8399,"position":1},"title":"BFT &#8211; MOTOR ZA KLIZNU KAPIJU DEIMOS BT A do  400 kg","date":"22. listopada 2023.","format":false,"excerpt":"Motor za kliznu kapiju DEIMOS BT A 400 kit . Motor za kapije do 400 kg te\u017eine, motor dolazi u kit-u sa lampom bljeskalicom , 2 x daljinski i foto\u010delijama 4 metra zup\u010daste letve https:\/\/www.youtube.com\/watch?v=zFiNdDIxKCQ \u00a0","rel":"","context":"Srodne objave","img":{"alt_text":"","src":"https:\/\/i1.wp.com\/astehshop.com\/wp-content\/uploads\/2023\/10\/DEIMOS-BT-A.jpg?fit=657%2C665&resize=350%2C200","width":350,"height":200},"classes":[]},{"id":8397,"url":"http:\/\/astehshop.com\/index.php\/product\/bft-motor-za-kliznu-kapiju-deimos-bt-a-do-600-kg\/","url_meta":{"origin":8399,"position":2},"title":"BFT &#8211; MOTOR ZA KLIZNU KAPIJU DEIMOS BT A do 600 kg","date":"22. listopada 2023.","format":false,"excerpt":"Motor za kliznu kapiju DEIMOS BT A 600 kit . Motor za kapije do 600 kg tezine, motor dolazi u kit-u sa lampom bljeskalicom , 2 x daljinski i fotocelijama. 4 metra zup\u010daste letve https:\/\/www.youtube.com\/watch?v=zFiNdDIxKCQ \u00a0","rel":"","context":"Srodne objave","img":{"alt_text":"","src":"https:\/\/i1.wp.com\/astehshop.com\/wp-content\/uploads\/2023\/10\/DEIMOS-BT-A.jpg?fit=657%2C665&resize=350%2C200","width":350,"height":200},"classes":[]},{"id":8402,"url":"http:\/\/astehshop.com\/index.php\/product\/bft-motor-za-kliznu-kapiju-deimos-ac-do-600kg-230v\/","url_meta":{"origin":8399,"position":3},"title":"BFT \u2013 MOTOR ZA KLIZNU KAPIJU DEIMOS AC do 600kg 230V","date":"22. listopada 2023.","format":false,"excerpt":"Motor za kliznu kapiju DEIMOS AC A 600 kit . Motor za kapije do 600 kg tezine, motor dolazi u kit-u sa lampom bljeskalicom , 2 x daljinski i fotocelijama. Motor je 230 V, sa elektromehanickim krajnjim prekidacima.","rel":"","context":"Srodne objave","img":{"alt_text":"","src":"https:\/\/i2.wp.com\/astehshop.com\/wp-content\/uploads\/2023\/10\/ac-motor-bft.jpg?fit=454%2C431&resize=350%2C200","width":350,"height":200},"classes":[]},{"id":8405,"url":"http:\/\/astehshop.com\/index.php\/product\/bft-motor-za-kliznu-kapiju-deimos-ac-do-800kg-230v\/","url_meta":{"origin":8399,"position":4},"title":"BFT \u2013 MOTOR ZA KLIZNU KAPIJU DEIMOS AC do 800kg 230V","date":"22. listopada 2023.","format":false,"excerpt":"Motor za kliznu kapiju DEIMOS AC A 800 kit . Motor za kapije do 800 kg tezine, motor dolazi u kit-u sa lampom bljeskalicom , 2 x daljinski i fotocelijama. Motor je 230 V, sa elektromehanickim krajnjim prekidacima.","rel":"","context":"Srodne objave","img":{"alt_text":"","src":"https:\/\/i2.wp.com\/astehshop.com\/wp-content\/uploads\/2023\/10\/ac-motor-bft.jpg?fit=454%2C431&resize=350%2C200","width":350,"height":200},"classes":[]},{"id":8411,"url":"http:\/\/astehshop.com\/index.php\/product\/bft-motor-za-kliznu-kapiju-ares-veloce-smart-bt-kit-a500-int\/","url_meta":{"origin":8399,"position":5},"title":"BFT Motor za kliznu kapiju ARES VELOCE  SMART BT KIT  A500 INT","date":"22. listopada 2023.","format":false,"excerpt":"Motor za kliznu kapiju ARES VELOCE 500. Za kapije do 500 kg. Cijena je U kit-u i uz motor dolaze 2 x daljinski , lampa bljeskaliva i fotocelije.BRZI motor 25 m\/miv.","rel":"","context":"Srodne objave","img":{"alt_text":"","src":"https:\/\/i0.wp.com\/astehshop.com\/wp-content\/uploads\/2023\/10\/kit-completo-bft-ares-veloce-smart-bt-a500-500kg-24v-uso-intensivo-fast-rapido-r925340-00001.jpg?fit=1200%2C1081&resize=350%2C200","width":350,"height":200},"classes":[]}],"_links":{"self":[{"href":"http:\/\/astehshop.com\/index.php\/wp-json\/wp\/v2\/product\/8399"}],"collection":[{"href":"http:\/\/astehshop.com\/index.php\/wp-json\/wp\/v2\/product"}],"about":[{"href":"http:\/\/astehshop.com\/index.php\/wp-json\/wp\/v2\/types\/product"}],"replies":[{"embeddable":true,"href":"http:\/\/astehshop.com\/index.php\/wp-json\/wp\/v2\/comments?post=8399"}],"wp:featuredmedia":[{"embeddable":true,"href":"http:\/\/astehshop.com\/index.php\/wp-json\/wp\/v2\/media\/8400"}],"wp:attachment":[{"href":"http:\/\/astehshop.com\/index.php\/wp-json\/wp\/v2\/media?parent=8399"}],"wp:term":[{"taxonomy":"product_cat","embeddable":true,"href":"http:\/\/astehshop.com\/index.php\/wp-json\/wp\/v2\/product_cat?post=8399"},{"taxonomy":"product_tag","embeddable":true,"href":"http:\/\/astehshop.com\/index.php\/wp-json\/wp\/v2\/product_tag?post=8399"}],"curies":[{"name":"wp","href":"https:\/\/api.w.org\/{rel}","templated":true}]}}