{"id":8325,"date":"2023-10-21T14:33:58","date_gmt":"2023-10-21T12:33:58","guid":{"rendered":"http:\/\/astehshop.com\/?post_type=product&#038;p=8325"},"modified":"2023-10-21T14:33:59","modified_gmt":"2023-10-21T12:33:59","slug":"tp-link-tapo-c200-pan-tilt-wi-fi-kamera","status":"publish","type":"product","link":"http:\/\/astehshop.com\/index.php\/product\/tp-link-tapo-c200-pan-tilt-wi-fi-kamera\/","title":{"rendered":"TP-Link Tapo C200 Pan\/Tilt Wi-Fi Kamera"},"content":{"rendered":"<table>\n<tbody>\n<tr id=\"tr_1547\">\n<th width=\"35%\">Sigurnost<\/th>\n<td width=\"65%\">128-bitna AES enkripcija sa SSL\/TLS<\/td>\n<\/tr>\n<tr id=\"tr_5813\">\n<th width=\"35%\">Wireless Rate<\/th>\n<td width=\"65%\">11Mbps(802.11b)<br \/>\n54Mbps(802.11g)<br \/>\n150Mbps(802.11n)<\/td>\n<\/tr>\n<tr id=\"tr_5814\">\n<th width=\"35%\">Frekvencija<\/th>\n<td width=\"65%\">2,4 GHz<\/td>\n<\/tr>\n<tr id=\"tr_5815\">\n<th width=\"35%\">Wireless Security<\/th>\n<td width=\"65%\">WPA\/WPA2-PSK<\/td>\n<\/tr>\n<\/tbody>\n<\/table>\n<table>\n<thead>\n<tr id=\"tr_5816\">\n<th colspan=\"2\"><a>OBAVJE\u0160TENJE O AKTIVNOSTIMA<\/a><\/th>\n<\/tr>\n<\/thead>\n<tbody>\n<tr id=\"tr_5817\">\n<th width=\"35%\">Input Trigger<\/th>\n<td width=\"65%\">Detektor pokreta<\/td>\n<\/tr>\n<tr id=\"tr_5818\">\n<th width=\"35%\">Izlazno obavje\u0161tenje<\/th>\n<td width=\"65%\">Push notifikacija<\/td>\n<\/tr>\n<\/tbody>\n<\/table>\n<table>\n<thead>\n<tr id=\"tr_5808\">\n<th colspan=\"2\"><a>VIDEO<\/a><\/th>\n<\/tr>\n<\/thead>\n<tbody>\n<tr id=\"tr_5809\">\n<th width=\"35%\">Video Compression<\/th>\n<td width=\"65%\">H.264<\/td>\n<\/tr>\n<tr id=\"tr_5810\">\n<th width=\"35%\">Frame Rate<\/th>\n<td width=\"65%\">15fps<\/td>\n<\/tr>\n<tr id=\"tr_5811\">\n<th width=\"35%\">Video Streaming<\/th>\n<td width=\"65%\">1080p<\/td>\n<\/tr>\n<\/tbody>\n<\/table>\n<table>\n<thead>\n<tr id=\"tr_5819\">\n<th colspan=\"2\"><a>SISTEM<\/a><\/th>\n<\/tr>\n<\/thead>\n<tbody>\n<tr id=\"tr_5820\">\n<th width=\"35%\">Regulatorna certifikacija<\/th>\n<td width=\"65%\">FCC, IC, CE, NCC<\/td>\n<\/tr>\n<tr id=\"tr_5821\">\n<th width=\"35%\">Zahtjevi sustava<\/th>\n<td width=\"65%\">iOS 9+, Android 4.4+<\/td>\n<\/tr>\n<\/tbody>\n<\/table>\n<table>\n<thead>\n<tr id=\"tr_5823\">\n<th colspan=\"2\"><a>OKOLI\u0160<\/a><\/th>\n<\/tr>\n<\/thead>\n<tbody>\n<tr id=\"tr_5824\">\n<th width=\"35%\">Radna temperatura<\/th>\n<td width=\"65%\">0\u00b0C~40\u00b0C (32\u00b0F~104\u00b0F)<\/td>\n<\/tr>\n<tr id=\"tr_5825\">\n<th width=\"35%\">Temperatura skladi\u0161tenja<\/th>\n<td width=\"65%\">-40\u00b0C~70\u00b0C (-40\u00b0F~158\u00b0F)<\/td>\n<\/tr>\n<tr id=\"tr_5826\">\n<th width=\"35%\">Radna vla\u017enost<\/th>\n<td width=\"65%\">10%~90%RH bez kondenzacije<\/td>\n<\/tr>\n<tr id=\"tr_5827\">\n<th width=\"35%\">Vla\u017enost skladi\u0161tenja<\/th>\n<td width=\"65%\">5%~90%RH bez kondenzacije<\/td>\n<\/tr>\n<\/tbody>\n<\/table>\n<table>\n<thead>\n<tr id=\"tr_5828\">\n<th colspan=\"2\"><a>SADR\u017dAJ PAKETA<\/a><\/th>\n<\/tr>\n<\/thead>\n<tbody>\n<tr id=\"tr_5829\">\n<th width=\"35%\">Sadr\u017eaj paketa<\/th>\n<td width=\"65%\">Tapo Pan\/Tilt Ku\u0107na sigurnost Wi-Fi<br \/>\nadapter za napajanje\u00a0kamere<br \/>\nVodi\u010d za brzi po\u010detak<br \/>\nVijci za<br \/>\nmonta\u017eu Monta\u017ena plo\u010da<br \/>\nBaza kamere<\/td>\n<\/tr>\n<\/tbody>\n<\/table>\n<table>\n<thead>\n<tr id=\"tr_5793\">\n<th colspan=\"2\"><a>HARDVER<\/a><\/th>\n<\/tr>\n<\/thead>\n<tbody>\n<tr id=\"tr_5794\">\n<th width=\"35%\">Dugme<\/th>\n<td width=\"65%\">Dugme za resetovanje<\/td>\n<\/tr>\n<tr id=\"tr_5795\">\n<th width=\"35%\">LED indikator<\/th>\n<td width=\"65%\">Sistemska LED dioda<\/td>\n<\/tr>\n<tr id=\"tr_5796\">\n<th width=\"35%\">Adapter Input<\/th>\n<td width=\"65%\">100-240VAC, 50 \/ 60Hz, 0.3A<\/td>\n<\/tr>\n<tr id=\"tr_5797\">\n<th width=\"35%\">Adapter Output<\/th>\n<td width=\"65%\">9.0V \/ 0.6A<\/td>\n<\/tr>\n<tr id=\"tr_5868\">\n<th width=\"35%\">Dimenzije (\u0160 x D x V)<\/th>\n<td width=\"65%\">3,4 x 3,3 x 4,6 in. (86,6 x 85 x 117,7 mm)<\/td>\n<\/tr>\n<\/tbody>\n<\/table>\n<table>\n<thead>\n<tr id=\"tr_1384\">\n<th colspan=\"2\"><a>CAMERA<\/a><\/th>\n<\/tr>\n<\/thead>\n<tbody>\n<tr id=\"tr_1385\">\n<th width=\"35%\">Senzor slike<\/th>\n<td width=\"65%\">1\/2.9\u201c<\/td>\n<\/tr>\n<tr id=\"tr_1567\">\n<th width=\"35%\">Rezolucija<\/th>\n<td width=\"65%\">1080p Full HD<\/td>\n<\/tr>\n<tr id=\"tr_1517\">\n<th width=\"35%\">Objektiv<\/th>\n<td width=\"65%\">\u017d\/BR: 2,4;\u00a0\u017di\u017ena daljina: 4 mm<\/td>\n<\/tr>\n<tr id=\"tr_5802\">\n<th width=\"35%\">Nocna vizija<\/th>\n<td width=\"65%\">850 nm IR LED do 30 stopa<\/td>\n<\/tr>\n<tr id=\"tr_5867\">\n<th width=\"35%\">View Range<\/th>\n<td width=\"65%\">360\u00b0 horizontalno, 114\u00b0 vertikalno<\/td>\n<\/tr>\n<\/tbody>\n<\/table>\n<table>\n<thead>\n<tr id=\"tr_1522\">\n<th colspan=\"2\"><a>AUDIO<\/a><\/th>\n<\/tr>\n<\/thead>\n<tbody>\n<tr id=\"tr_1532\">\n<th width=\"35%\">Audio komunikacija<\/th>\n<td width=\"65%\">2-smjerni audio<\/td>\n<\/tr>\n<tr id=\"tr_5805\">\n<th width=\"35%\">Audio ulaz i izlaz:<\/th>\n<td width=\"65%\">Ugra\u0111eni mikrofon i zvu\u010dnik<\/td>\n<\/tr>\n<\/tbody>\n<\/table>\n","protected":false},"excerpt":{"rendered":"<table>\n<tbody>\n<tr id=\"tr_1547\">\n<th width=\"35%\">Sigurnost<\/th>\n<td width=\"65%\">128-bitna AES enkripcija sa SSL\/TLS<\/td>\n<\/tr>\n<tr id=\"tr_5813\">\n<th width=\"35%\">Wireless Rate<\/th>\n<td width=\"65%\">11Mbps(802.11b)<br \/>\n54Mbps(802.11g)<br \/>\n150Mbps(802.11n)<\/td>\n<\/tr>\n<tr id=\"tr_5814\">\n<th width=\"35%\">Frekvencija<\/th>\n<td width=\"65%\">2,4 GHz<\/td>\n<\/tr>\n<tr id=\"tr_5815\">\n<th width=\"35%\">Wireless Security<\/th>\n<td width=\"65%\">WPA\/WPA2-PSK<\/td>\n<\/tr>\n<\/tbody>\n<\/table>\n<table>\n<thead>\n<tr id=\"tr_5816\">\n<th colspan=\"2\"><a>OBAVJE\u0160TENJE O AKTIVNOSTIMA<\/a><\/th>\n<\/tr>\n<\/thead>\n<tbody>\n<tr id=\"tr_5817\">\n<th width=\"35%\">Input Trigger<\/th>\n<td width=\"65%\">Detektor pokreta<\/td>\n<\/tr>\n<tr id=\"tr_5818\">\n<th width=\"35%\">Izlazno obavje\u0161tenje<\/th>\n<td width=\"65%\">Push notifikacija<\/td>\n<\/tr>\n<\/tbody>\n<\/table>\n<table>\n<thead>\n<tr id=\"tr_5808\">\n<th colspan=\"2\"><a>VIDEO<\/a><\/th>\n<\/tr>\n<\/thead>\n<tbody>\n<tr id=\"tr_5809\">\n<th width=\"35%\">Video Compression<\/th>\n<td width=\"65%\">H.264<\/td>\n<\/tr>\n<tr id=\"tr_5810\">\n<th width=\"35%\">Frame Rate<\/th>\n<td width=\"65%\">15fps<\/td>\n<\/tr>\n<tr id=\"tr_5811\">\n<th width=\"35%\">Video Streaming<\/th>\n<td width=\"65%\">1080p<\/td>\n<\/tr>\n<\/tbody>\n<\/table>\n<table>\n<thead>\n<tr id=\"tr_5819\">\n<th colspan=\"2\"><a>SISTEM<\/a><\/th>\n<\/tr>\n<\/thead>\n<tbody>\n<tr id=\"tr_5820\">\n<th width=\"35%\">Regulatorna certifikacija<\/th>\n<td width=\"65%\">FCC, IC, CE, NCC<\/td>\n<\/tr>\n<tr id=\"tr_5821\">\n<th width=\"35%\">Zahtjevi sustava<\/th>\n<td width=\"65%\">iOS 9+, Android 4.4+<\/td>\n<\/tr>\n<\/tbody>\n<\/table>\n<table>\n<thead>\n<tr id=\"tr_5823\">\n<th colspan=\"2\"><a>OKOLI\u0160<\/a><\/th>\n<\/tr>\n<\/thead>\n<tbody>\n<tr id=\"tr_5824\">\n<th width=\"35%\">Radna temperatura<\/th>\n<td width=\"65%\">0\u00b0C~40\u00b0C (32\u00b0F~104\u00b0F)<\/td>\n<\/tr>\n<tr id=\"tr_5825\">\n<th width=\"35%\">Temperatura skladi\u0161tenja<\/th>\n<td width=\"65%\">-40\u00b0C~70\u00b0C (-40\u00b0F~158\u00b0F)<\/td>\n<\/tr>\n<tr id=\"tr_5826\">\n<th width=\"35%\">Radna vla\u017enost<\/th>\n<td width=\"65%\">10%~90%RH bez kondenzacije<\/td>\n<\/tr>\n<tr id=\"tr_5827\">\n<th width=\"35%\">Vla\u017enost skladi\u0161tenja<\/th>\n<td width=\"65%\">5%~90%RH bez kondenzacije<\/td>\n<\/tr>\n<\/tbody>\n<\/table>\n<table>\n<thead>\n<tr id=\"tr_5828\">\n<th colspan=\"2\"><a>SADR\u017dAJ PAKETA<\/a><\/th>\n<\/tr>\n<\/thead>\n<tbody>\n<tr id=\"tr_5829\">\n<th width=\"35%\">Sadr\u017eaj paketa<\/th>\n<td width=\"65%\">Tapo Pan\/Tilt Ku\u0107na sigurnost Wi-Fi<br \/>\nadapter za napajanje\u00a0kamere<br \/>\nVodi\u010d za brzi po\u010detak<br \/>\nVijci za<br \/>\nmonta\u017eu Monta\u017ena plo\u010da<br \/>\nBaza kamere<\/td>\n<\/tr>\n<\/tbody>\n<\/table>\n<table>\n<thead>\n<tr id=\"tr_5793\">\n<th colspan=\"2\"><a>HARDVER<\/a><\/th>\n<\/tr>\n<\/thead>\n<tbody>\n<tr id=\"tr_5794\">\n<th width=\"35%\">Dugme<\/th>\n<td width=\"65%\">Dugme za resetovanje<\/td>\n<\/tr>\n<tr id=\"tr_5795\">\n<th width=\"35%\">LED indikator<\/th>\n<td width=\"65%\">Sistemska LED dioda<\/td>\n<\/tr>\n<tr id=\"tr_5796\">\n<th width=\"35%\">Adapter Input<\/th>\n<td width=\"65%\">100-240VAC, 50 \/ 60Hz, 0.3A<\/td>\n<\/tr>\n<tr id=\"tr_5797\">\n<th width=\"35%\">Adapter Output<\/th>\n<td width=\"65%\">9.0V \/ 0.6A<\/td>\n<\/tr>\n<tr id=\"tr_5868\">\n<th width=\"35%\">Dimenzije (\u0160 x D x V)<\/th>\n<td width=\"65%\">3,4 x 3,3 x 4,6 in. (86,6 x 85 x 117,7 mm)<\/td>\n<\/tr>\n<\/tbody>\n<\/table>\n<table>\n<thead>\n<tr id=\"tr_1384\">\n<th colspan=\"2\"><a>CAMERA<\/a><\/th>\n<\/tr>\n<\/thead>\n<tbody>\n<tr id=\"tr_1385\">\n<th width=\"35%\">Senzor slike<\/th>\n<td width=\"65%\">1\/2.9\u201c<\/td>\n<\/tr>\n<tr id=\"tr_1567\">\n<th width=\"35%\">Rezolucija<\/th>\n<td width=\"65%\">1080p Full HD<\/td>\n<\/tr>\n<tr id=\"tr_1517\">\n<th width=\"35%\">Objektiv<\/th>\n<td width=\"65%\">\u017d\/BR: 2,4;\u00a0\u017di\u017ena daljina: 4 mm<\/td>\n<\/tr>\n<tr id=\"tr_5802\">\n<th width=\"35%\">Nocna vizija<\/th>\n<td width=\"65%\">850 nm IR LED do 30 stopa<\/td>\n<\/tr>\n<tr id=\"tr_5867\">\n<th width=\"35%\">View Range<\/th>\n<td width=\"65%\">360\u00b0 horizontalno, 114\u00b0 vertikalno<\/td>\n<\/tr>\n<\/tbody>\n<\/table>\n<table>\n<thead>\n<tr id=\"tr_1522\">\n<th colspan=\"2\"><a>AUDIO<\/a><\/th>\n<\/tr>\n<\/thead>\n<tbody>\n<tr id=\"tr_1532\">\n<th width=\"35%\">Audio komunikacija<\/th>\n<td width=\"65%\">2-smjerni audio<\/td>\n<\/tr>\n<tr id=\"tr_5805\">\n<th width=\"35%\">Audio ulaz i izlaz:<\/th>\n<td width=\"65%\">Ugra\u0111eni mikrofon i zvu\u010dnik<\/td>\n<\/tr>\n<\/tbody>\n<\/table>\n<p>https:\/\/www.youtube.com\/watch?v=bsBxTJy8yPQ&amp;embeds_referring_euri=https%3A%2F%2Ftrio.ba%2F&amp;source_ve_path=MjM4NTE&amp;feature=emb_title<\/p>\n<p>,<\/p>\n","protected":false},"featured_media":8326,"comment_status":"open","ping_status":"closed","template":"","meta":{"_mi_skip_tracking":false,"_exactmetrics_sitenote_active":false,"_exactmetrics_sitenote_note":"","_exactmetrics_sitenote_category":0,"spay_email":""},"product_cat":[135],"product_tag":[6002,477,1527,2081,1184,3207,6001,1183],"brands":[],"df_price":69,"df_sale_price":"","df_regular_price":69,"df_image_link":"https:\/\/i2.wp.com\/astehshop.com\/wp-content\/uploads\/2023\/10\/C200.png?fit=450%2C338","jetpack_publicize_connections":[],"jetpack_sharing_enabled":true,"jetpack_likes_enabled":true,"jetpack-related-posts":[{"id":8357,"url":"http:\/\/astehshop.com\/index.php\/product\/mercusys-ac12g-ac1300-wireless-dual-band-gigabit-router\/","url_meta":{"origin":8325,"position":0},"title":"Mercusys AC12G AC1300 Wireless Dual Band Gigabit Router","date":"21. listopada 2023.","format":false,"excerpt":"1300 Mbps , 400 Mbps at 2.4GHz, 867 Mbps at 5 GHz, Interfaces: 1\u00d7 Gigabit WAN Port, 3\u00d7 Gigabit LAN Ports, Standards: IEEE 802.11a\/n\/ac 5 GHz, IEEE 802.11b\/g\/n 2.4 GHz, Security: WPA-PSK \/ WPA2-PSK \/ WPA3-Personal,","rel":"","context":"Srodne objave","img":{"alt_text":"","src":"https:\/\/i2.wp.com\/astehshop.com\/wp-content\/uploads\/2023\/10\/Mercusys-AC12G-AC1300-Wireless-Dual-Band-Gigabit-Router.jpg?fit=1000%2C800&resize=350%2C200","width":350,"height":200},"classes":[]},{"id":8329,"url":"http:\/\/astehshop.com\/index.php\/product\/mercusys-me10-300mbps-wireless-range-extender\/","url_meta":{"origin":8325,"position":1},"title":"Mercusys ME10 300Mbps Wireless Range Extender","date":"21. listopada 2023.","format":false,"excerpt":"IEEE 802.11b\/g\/n 2.4 GHz, 2.4 - 2.5 GHz, Up to 300 Mbps, 2.4GHz: 11B 1M < -94 dBm, 11N HT40 MCS7 < -72 dBm, \u2264 20 dBm, WPA-PSK\/WPA2-PSK","rel":"","context":"Srodne objave","img":{"alt_text":"","src":"https:\/\/i0.wp.com\/astehshop.com\/wp-content\/uploads\/2023\/10\/ME10_EU_1.0_03_large20210812020412.jpg?fit=1000%2C1000&resize=350%2C200","width":350,"height":200},"classes":[]},{"id":4812,"url":"http:\/\/astehshop.com\/index.php\/product\/wavlink-outdoor-dual-band-high-power-wifi-router-600mbps-poe-ap-2x-7dbi\/","url_meta":{"origin":8325,"position":2},"title":"WAVLINK Outdoor Dual Band High Power WiFi Router | 600Mbps | PoE | AP | 2x 7dBi","date":"27. rujna 2020.","format":false,"excerpt":"AERIAL HD2 - AC600 dual-band vanjski Wireless AP \/ Extender \/ router s PoE i antenama visokog poja\u010danja U skladu je sa IEEE 802.11 a \/ b \/ g \/ n \/ ac standardima Dual-band brzina do 2,4GHz 150Mbps, 5GHz 433Mbps Vodootporan RJ45 priklju\u010dak, integrirana pasivna snaga preko Etherneta (PoE)\u2026","rel":"","context":"Srodne objave","img":{"alt_text":"","src":"https:\/\/i2.wp.com\/astehshop.com\/wp-content\/uploads\/2020\/09\/WAVLINK-Outdoor-Dual-Band-High-Power-WiFi-Router.jpg?fit=400%2C400&resize=350%2C200","width":350,"height":200},"classes":[]},{"id":8359,"url":"http:\/\/astehshop.com\/index.php\/product\/mercusys-mr30g-ac1200-wireless-dual-band-router\/","url_meta":{"origin":8325,"position":3},"title":"Mercusys MR30G AC1200 Wireless Dual Band Router","date":"21. listopada 2023.","format":false,"excerpt":"IEEE 802.11ac\/n\/a 5 GHz, IEEE 802.11b\/g\/n 2.4 GHz, 2.4 GHz, 5 GHz, 867 Mbps (5 GHz) + 300 Mbps (2.4 GHz), compatible with 11ac\/a\/b\/g\/n Wi-Fi standards, 2.4 GHz < 20dBm (EIRP), 5 GHz < 23dBm (EIRP), Wireless Security WPA-PSK \/ WPA2-PSK, Router Mode, Access Point Mode","rel":"","context":"Srodne objave","img":{"alt_text":"","src":"https:\/\/i2.wp.com\/astehshop.com\/wp-content\/uploads\/2023\/10\/Mercusys-MR30G-AC1200.jpg?fit=1000%2C1000&resize=350%2C200","width":350,"height":200},"classes":[]},{"id":4818,"url":"http:\/\/astehshop.com\/index.php\/product\/wavlink-wifi-pojacivac-extender\/","url_meta":{"origin":8325,"position":4},"title":"WAVLINK WiFi Poja\u010diva\u010d (Extender)","date":"27. rujna 2020.","format":false,"excerpt":"AERIAL-N300 Wireless Wi-Fi Range Extender\/AP Poja\u010diva\u010d Internet signala Pobolj\u0161ava pokrivenost be\u017ei\u010dnom mre\u017eom u svim WLAN mre\u017eama Odgovara standardima IEEE 802.11a \/ b \/ g \/ n Be\u017ei\u010dna brzina do 300Mbps 2 x antene koje pru\u017eaju jo\u0161 bolje be\u017ei\u010dne performanse Podr\u017eava WPA-PSK \/ WPA2-PSK enkripciju Omogu\u0107uje :jedan Ethernet LAN priklju\u010dak 10\u2026","rel":"","context":"Srodne objave","img":{"alt_text":"","src":"https:\/\/i2.wp.com\/astehshop.com\/wp-content\/uploads\/2020\/09\/WAVLINK-WiFi-Pojacivac-Extender.jpg?fit=400%2C400&resize=350%2C200","width":350,"height":200},"classes":[]},{"id":8361,"url":"http:\/\/astehshop.com\/index.php\/product\/mercusys-mr50g-ac1900-wireless-dual-band-gigabit-router\/","url_meta":{"origin":8325,"position":5},"title":"Mercusys MR50G AC1900 Wireless Dual Band Gigabit Router","date":"21. listopada 2023.","format":false,"excerpt":"1900 Mbps , 1300 Mbps on the 5 GHz band, 600 Mbps on the 2.4 GHz band, Interfaces: 1 Gigabit WAN Port, 2 Gigabit LAN Ports, Standards: IEEE 802.11a\/n\/ac 5 GHz, IEEE 802.11b\/g\/n\/ac 2.4 GHz, Security: WPA-PSK \/ WPA2-PSK, Protocols: IPv4, IPv6, DHCP: Server,","rel":"","context":"Srodne objave","img":{"alt_text":"","src":"https:\/\/i0.wp.com\/astehshop.com\/wp-content\/uploads\/2023\/10\/Mercusys-MR50G-AC1900.jpg?fit=1000%2C773&resize=350%2C200","width":350,"height":200},"classes":[]}],"_links":{"self":[{"href":"http:\/\/astehshop.com\/index.php\/wp-json\/wp\/v2\/product\/8325"}],"collection":[{"href":"http:\/\/astehshop.com\/index.php\/wp-json\/wp\/v2\/product"}],"about":[{"href":"http:\/\/astehshop.com\/index.php\/wp-json\/wp\/v2\/types\/product"}],"replies":[{"embeddable":true,"href":"http:\/\/astehshop.com\/index.php\/wp-json\/wp\/v2\/comments?post=8325"}],"wp:featuredmedia":[{"embeddable":true,"href":"http:\/\/astehshop.com\/index.php\/wp-json\/wp\/v2\/media\/8326"}],"wp:attachment":[{"href":"http:\/\/astehshop.com\/index.php\/wp-json\/wp\/v2\/media?parent=8325"}],"wp:term":[{"taxonomy":"product_cat","embeddable":true,"href":"http:\/\/astehshop.com\/index.php\/wp-json\/wp\/v2\/product_cat?post=8325"},{"taxonomy":"product_tag","embeddable":true,"href":"http:\/\/astehshop.com\/index.php\/wp-json\/wp\/v2\/product_tag?post=8325"}],"curies":[{"name":"wp","href":"https:\/\/api.w.org\/{rel}","templated":true}]}}