{"id":8323,"date":"2023-10-21T14:26:58","date_gmt":"2023-10-21T12:26:58","guid":{"rendered":"http:\/\/astehshop.com\/?post_type=product&#038;p=8323"},"modified":"2023-10-21T14:26:59","modified_gmt":"2023-10-21T12:26:59","slug":"tp-link-outdoor-pan-tilt-wi-fi-camera-tapo-c500","status":"publish","type":"product","link":"http:\/\/astehshop.com\/index.php\/product\/tp-link-outdoor-pan-tilt-wi-fi-camera-tapo-c500\/","title":{"rendered":"TP-Link Outdoor Pan\/Tilt Wi-Fi Camera Tapo C500"},"content":{"rendered":"<div id=\"tab-description\" class=\"woocommerce-Tabs-panel woocommerce-Tabs-panel--description panel entry-content wc-tab\">\n<div class=\"wc-tab-inner \n\t\t\t\t\t\t\t\t\t\t\"><\/p>\n<div class=\"\">\n<ul>\n<li>1080p Full HD Live View-Otkriva jasne i o\u0161tre slike sa vi\u0161e detalja.<\/li>\n<li>Detekcija osoba i pra\u0107enje pokreta-Smart AI identifikuje osobu dok prati kretanje velikom brzinom rotacije, obavje\u0161tavaju\u0107i korisnike po potrebi.<\/li>\n<li>Vizuelna pokrivenost od 360\u00b0 \u2013 pru\u017ea 360\u00b0 horizontalni i 130\u00b0 vertikalni opseg za pokrivanje svakog ugla.<\/li>\n<li>No\u0107ni vid (do 98 stopa)-Osigurava va\u0161u sigurnost pru\u017eanjem jasne vizualne udaljenosti do 98 stopa \u010dak iu potpunom mraku.<\/li>\n<li>IP65 Otporan na vremenske uvjete \u2013 nudi odli\u010dne performanse otporne na vodu i pra\u0161inu za vanjske scenarije.<\/li>\n<li>Vi\u0161e opcija za instalaciju-Koristite zavrtnje za monta\u017eu, \u0161ablon i om\u010de\u2021 za instalaciju na bilo koji zid, plafon ili stub za savr\u0161en pogled\u2014gde god \u017eelite.<\/li>\n<li>Fleksibilni izbori za skladi\u0161tenje \u2013 sa\u010duvajte snimljene video zapise na instaliranoj microSD kartici (do 512 GB)\u2020 ili koristite Tapo Care** uslugu skladi\u0161tenja u oblaku.<\/li>\n<li>Prilagodljivi zvu\u010dni alarm \u2013 Snimite svoj prilago\u0111eni zvuk kao alarm kako biste pro\u0161irili svoju upotrebu.<\/li>\n<li>Na\u010din fizi\u010dke privatnosti \u2013 Odr\u017eava va\u0161u privatnost s objektivom koji je fizi\u010dki blokiran ku\u0107i\u0161tem.<\/li>\n<li>Dvosmjerni audio-omogu\u0107ava komunikaciju putem ugra\u0111enog mikrofona i zvu\u010dnika.<\/li>\n<\/ul>\n<p><iframe loading=\"lazy\"  id=\"_ytid_55379\"  width=\"480\" height=\"270\"  data-origwidth=\"480\" data-origheight=\"270\"  src=\"https:\/\/www.youtube.com\/embed\/mdJpJCla0Yo?enablejsapi=1&#038;autoplay=0&#038;cc_load_policy=0&#038;cc_lang_pref=&#038;iv_load_policy=1&#038;loop=0&#038;modestbranding=0&#038;rel=1&#038;fs=1&#038;playsinline=0&#038;autohide=2&#038;theme=dark&#038;color=red&#038;controls=1&#038;\" class=\"__youtube_prefs__  epyt-is-override  no-lazyload\" title=\"YouTube player\"  allow=\"autoplay; encrypted-media\" allowfullscreen data-no-lazy=\"1\" data-skipgform_ajax_framebjll=\"\"><\/iframe><\/p>\n<\/div>\n<\/div>\n<\/div>\n","protected":false},"excerpt":{"rendered":"<div id=\"tab-description\" class=\"woocommerce-Tabs-panel woocommerce-Tabs-panel--description panel entry-content wc-tab\">\n<div class=\"wc-tab-inner \n\t\t\t\t\t\t\t\t\t\t\"><\/p>\n<div class=\"\">\n<ul>\n<li>1080p Full HD Live View-Otkriva jasne i o\u0161tre slike sa vi\u0161e detalja.<\/li>\n<li>Detekcija osoba i pra\u0107enje pokreta-Smart AI identifikuje osobu dok prati kretanje velikom brzinom rotacije, obavje\u0161tavaju\u0107i korisnike po potrebi.<\/li>\n<li>Vizuelna pokrivenost od 360\u00b0 \u2013 pru\u017ea 360\u00b0 horizontalni i 130\u00b0 vertikalni opseg za pokrivanje svakog ugla.<\/li>\n<li>No\u0107ni vid (do 98 stopa)-Osigurava va\u0161u sigurnost pru\u017eanjem jasne vizualne udaljenosti do 98 stopa \u010dak iu potpunom mraku.<\/li>\n<li>IP65 Otporan na vremenske uvjete \u2013 nudi odli\u010dne performanse otporne na vodu i pra\u0161inu za vanjske scenarije.<\/li>\n<li>Vi\u0161e opcija za instalaciju-Koristite zavrtnje za monta\u017eu, \u0161ablon i om\u010de\u2021 za instalaciju na bilo koji zid, plafon ili stub za savr\u0161en pogled\u2014gde god \u017eelite.<\/li>\n<li>Fleksibilni izbori za skladi\u0161tenje \u2013 sa\u010duvajte snimljene video zapise na instaliranoj microSD kartici (do 512 GB)\u2020 ili koristite Tapo Care** uslugu skladi\u0161tenja u oblaku.<\/li>\n<li>Prilagodljivi zvu\u010dni alarm \u2013 Snimite svoj prilago\u0111eni zvuk kao alarm kako biste pro\u0161irili svoju upotrebu.<\/li>\n<li>Na\u010din fizi\u010dke privatnosti \u2013 Odr\u017eava va\u0161u privatnost s objektivom koji je fizi\u010dki blokiran ku\u0107i\u0161tem.<\/li>\n<li>Dvosmjerni audio-omogu\u0107ava komunikaciju putem ugra\u0111enog mikrofona i zvu\u010dnika.<\/li>\n<\/ul>\n<\/div>\n<\/div>\n<\/div>\n","protected":false},"featured_media":8324,"comment_status":"open","ping_status":"closed","template":"","meta":{"_mi_skip_tracking":false,"_exactmetrics_sitenote_active":false,"_exactmetrics_sitenote_note":"","_exactmetrics_sitenote_category":0,"spay_email":""},"product_cat":[135],"product_tag":[539,477,472,473,433,3078,470,251,394,461,462,1183],"brands":[],"df_price":179,"df_sale_price":"","df_regular_price":179,"df_image_link":"https:\/\/i1.wp.com\/astehshop.com\/wp-content\/uploads\/2023\/10\/Tapo-C500-1.jpg?fit=450%2C450","jetpack_publicize_connections":[],"jetpack_sharing_enabled":true,"jetpack_likes_enabled":true,"jetpack-related-posts":[{"id":4280,"url":"http:\/\/astehshop.com\/index.php\/product\/wifi-set-4-kamere-1080p-sa-hdd-om\/","url_meta":{"origin":8323,"position":0},"title":"WiFi set 4 kamere 1080P sa HDD-om","date":"31. o\u017eujka 2020.","format":false,"excerpt":"\ud83d\udc4cWi Fi set kamera FULL HD 1080P 430 KM \ud83d\udc49u paketu dolazi 4 x kamera FULL HD 1080P \u26a1\ufe0fSnima\u010d za 4 wi fi kamere \ud83d\udc4chdd 500 GB \ud83d\udda54 x napajanje za kamere. \u2705Jednostavno spajanje, kada uklju\u010dite kameru u struju sama se spaja na snima\u010d i zapo\u010dinje snimanje Nikole Tesle 31a\u2026","rel":"","context":"Srodne objave","img":{"alt_text":"","src":"https:\/\/i0.wp.com\/astehshop.com\/wp-content\/uploads\/2020\/03\/WiFi-set-4-kamere-1080P-sa-HDD-om.jpg?fit=800%2C545&resize=350%2C200","width":350,"height":200},"classes":[]},{"id":8771,"url":"http:\/\/astehshop.com\/index.php\/product\/digitalni-tablet-za-pisanje-i-crtanje-10-5-inca-plavi\/","url_meta":{"origin":8323,"position":1},"title":"Digitalni Tablet za Pisanje i Crtanje | 10.5 in\u010da | Plavi","date":"10. sije\u010dnja 2024.","format":false,"excerpt":"10,5\" tablet za pisanje i crtanje Zaslon je osjetljiv na pritisak, a debljina \u0107e varirati ovisno o pritisku koji vr\u0161ite na njega Uklju\u010duje olovku Zaslon se mo\u017ee obrisati vi\u0161e od 50.000 puta Savr\u0161eno za ljude koji vole crtati, bez tro\u0161enja papira Jednostavan za kori\u0161tenje - Brisanje crte\u017ea i rije\u010di pritiskom\u2026","rel":"","context":"Srodne objave","img":{"alt_text":"","src":"https:\/\/i1.wp.com\/astehshop.com\/wp-content\/uploads\/2024\/01\/plavi-tablet.jpg?fit=400%2C400&resize=350%2C200","width":350,"height":200},"classes":[]},{"id":8774,"url":"http:\/\/astehshop.com\/index.php\/product\/digitalni-tablet-za-pisanje-i-crtanje-14-inca-rozi\/","url_meta":{"origin":8323,"position":2},"title":"Digitalni Tablet za Pisanje i Crtanje | 14 in\u010da | Rozi","date":"10. sije\u010dnja 2024.","format":false,"excerpt":"14\" tablet za pisanje i crtanje Zaslon je osjetljiv na pritisak, a debljina \u0107e varirati ovisno o pritisku koji vr\u0161ite na njega Uklju\u010duje olovku Zaslon se mo\u017ee obrisati vi\u0161e od 50.000 puta Savr\u0161eno za ljude koji vole crtati, bez tro\u0161enja papira Jednostavan za kori\u0161tenje - Brisanje crte\u017ea i rije\u010di pritiskom\u2026","rel":"","context":"Srodne objave","img":{"alt_text":"","src":"https:\/\/i1.wp.com\/astehshop.com\/wp-content\/uploads\/2024\/01\/14-rozi.jpg?fit=400%2C400&resize=350%2C200","width":350,"height":200},"classes":[]},{"id":8777,"url":"http:\/\/astehshop.com\/index.php\/product\/digitalni-tablet-za-pisanje-i-crtanje-14-inca-plavi\/","url_meta":{"origin":8323,"position":3},"title":"Digitalni Tablet za Pisanje i Crtanje | 14 in\u010da | Plavi","date":"10. sije\u010dnja 2024.","format":false,"excerpt":"14\" tablet za pisanje i crtanje Zaslon je osjetljiv na pritisak, a debljina \u0107e varirati ovisno o pritisku koji vr\u0161ite na njega Uklju\u010duje olovku Zaslon se mo\u017ee obrisati vi\u0161e od 50.000 puta Savr\u0161eno za ljude koji vole crtati, bez tro\u0161enja papira Jednostavan za kori\u0161tenje - Brisanje crte\u017ea i rije\u010di pritiskom\u2026","rel":"","context":"Srodne objave","img":{"alt_text":"","src":"https:\/\/i0.wp.com\/astehshop.com\/wp-content\/uploads\/2024\/01\/14-inca-tablet-plavi.jpg?fit=400%2C400&resize=350%2C200","width":350,"height":200},"classes":[]},{"id":9916,"url":"http:\/\/astehshop.com\/index.php\/product\/univerzalni-stalak-sa-kotacima-za-desktop-pc\/","url_meta":{"origin":8323,"position":4},"title":"Univerzalni stalak sa kota\u010dima za desktop PC","date":"18. sije\u010dnja 2025.","format":false,"excerpt":"- Univerzalni stalak za ra\u010dunalo MC-851 univerzalni stalak na kota\u010dima tvrtke Maclean prikladan je za ku\u0107i\u0161te ra\u010dunala s maksimalnim optere\u0107enjem do 10 kg. - Podesivo Zahvaljuju\u0107i podesivoj \u0161irini od 119 do 209 mm, kolica se lako mogu prilagoditi \u0161irini va\u0161eg ra\u010dunala. - Za\u0161titna podloga Dodatna za\u0161titna podstava sa strane tako\u0111er\u2026","rel":"","context":"Srodne objave","img":{"alt_text":"","src":"https:\/\/i1.wp.com\/astehshop.com\/wp-content\/uploads\/2025\/01\/54743_1736169618413fovi3ad.png?fit=1200%2C1121&resize=350%2C200","width":350,"height":200},"classes":[]},{"id":4713,"url":"http:\/\/astehshop.com\/index.php\/product\/razdjelnik-za-napajanje-kamera-1-na-5\/","url_meta":{"origin":8323,"position":5},"title":"Razdjelnik za napajanje kamera 1 na 5","date":"26. rujna 2020.","format":false,"excerpt":"Razdjelnik za napajanje kamera 1 na 5","rel":"","context":"Srodne objave","img":{"alt_text":"","src":"https:\/\/i2.wp.com\/astehshop.com\/wp-content\/uploads\/2020\/09\/1-to-4ch-power-cable-splitter-.jpg?fit=800%2C800&resize=350%2C200","width":350,"height":200},"classes":[]}],"_links":{"self":[{"href":"http:\/\/astehshop.com\/index.php\/wp-json\/wp\/v2\/product\/8323"}],"collection":[{"href":"http:\/\/astehshop.com\/index.php\/wp-json\/wp\/v2\/product"}],"about":[{"href":"http:\/\/astehshop.com\/index.php\/wp-json\/wp\/v2\/types\/product"}],"replies":[{"embeddable":true,"href":"http:\/\/astehshop.com\/index.php\/wp-json\/wp\/v2\/comments?post=8323"}],"wp:featuredmedia":[{"embeddable":true,"href":"http:\/\/astehshop.com\/index.php\/wp-json\/wp\/v2\/media\/8324"}],"wp:attachment":[{"href":"http:\/\/astehshop.com\/index.php\/wp-json\/wp\/v2\/media?parent=8323"}],"wp:term":[{"taxonomy":"product_cat","embeddable":true,"href":"http:\/\/astehshop.com\/index.php\/wp-json\/wp\/v2\/product_cat?post=8323"},{"taxonomy":"product_tag","embeddable":true,"href":"http:\/\/astehshop.com\/index.php\/wp-json\/wp\/v2\/product_tag?post=8323"}],"curies":[{"name":"wp","href":"https:\/\/api.w.org\/{rel}","templated":true}]}}