{"id":8308,"date":"2023-10-19T11:27:35","date_gmt":"2023-10-19T09:27:35","guid":{"rendered":"http:\/\/astehshop.com\/?post_type=product&#038;p=8308"},"modified":"2026-01-15T09:52:39","modified_gmt":"2026-01-15T08:52:39","slug":"ipc-f88fip-v2-knight-4k-imou-dahua-wifi-ip-kamera","status":"publish","type":"product","link":"http:\/\/astehshop.com\/index.php\/product\/ipc-f88fip-v2-knight-4k-imou-dahua-wifi-ip-kamera\/","title":{"rendered":"IPC-F88FIP-V2 Knight 4K IMOU Dahua WiFi IP kamera"},"content":{"rendered":"<p><strong>Dahua Wi-Fi IP kamera IPC-F88FIP-V2 8MP serija AI kamere sa Wi-Fi koja detektuje ljude sa IC senzorom dometa do 30m \u00a0(600 lumena), ima mogu\u0107nost povezivanja na cloud, 16x digitalni zum. Detekcija pokreta, detekcija ljudi, monta\u017ea na plafon ili portalno. Plasti\u010dno ku\u0107i\u0161te. \u00a0IP66 za\u0161tita.<\/strong><\/p>\n<p>&nbsp;<\/p>\n<h2>Dahua WiFi AI IP kamera IPC-F88FIP-V2 Knight 4K IMOU<\/h2>\n<p>Kamera sa detekcijom ljudi i automatskim notifikacijama na mobilni telefon.<\/p>\n<h3 class=\"nitro-offscreen\">Digitalni zum 16x<\/h3>\n<h3 class=\"nitro-offscreen\">Ugra\u0111en mikrofon i zvu\u010dnik<\/h3>\n<p class=\"nitro-offscreen\">Kamera ima ugra\u0111en mikrofon i zvu\u010dnik tako da mo\u017eete i da \u010dujete \u0161ta se de\u0161ava dok gledate video iz kamere kao i da komunicirate preko nje.<\/p>\n<p>&nbsp;<\/p>\n<h3 class=\"nitro-offscreen\">Alarm<\/h3>\n<p class=\"nitro-offscreen\">Kamera \u0161alje notifikacije na va\u0161 mobilni telefon kada detektuje pokret tako da uvek budete obave\u0161teni.<\/p>\n<h3 class=\"nitro-offscreen\">No\u0107ni re\u017eim rada<\/h3>\n<p class=\"nitro-offscreen\">IPC-F88FIP-V2 Knight 4K IMOU snima i no\u0107u uz pomo\u0107 kvalitetnih senzora i belim LED svetlom (600 lumena) sa dometom do 30 metara.<\/p>\n<p>&nbsp;<\/p>\n<p class=\"nitro-offscreen\"><strong>Prostor za skladi\u0161tenje je mogu\u0107 na microSD kartici, NVR snima\u010du i cloud prostoru.<\/strong><\/p>\n<p class=\"nitro-offscreen\">Sa micro SD 128GB \u2013<strong> do 2 dana<\/strong>\u00a0 \u2013 rezolucija 2MP, h.265+ kompresijom i 25fps (snimanjem na pokret i do 5-10 dana)<br \/>\nSa micro SD 256GB \u2013<strong> do 4 dana<\/strong>\u00a0 \u2013 rezolucija 2MP, h.265+ kompresijom i 25fps (snimanjem na pokret i do 10-20 dana)<\/p>\n<p>&nbsp;<\/p>\n","protected":false},"excerpt":{"rendered":"<p><strong>Dahua Wi-Fi IP kamera IPC-F88FIP-V2 8MP serija AI kamere sa Wi-Fi koja detektuje ljude sa IC senzorom dometa do 30m \u00a0(600 lumena), ima mogu\u0107nost povezivanja na cloud, 16x digitalni zum. Detekcija pokreta, detekcija ljudi, monta\u017ea na plafon ili portalno. Plasti\u010dno ku\u0107i\u0161te. \u00a0IP66 za\u0161tita.<\/strong><\/p>\n<p>&nbsp;<\/p>\n<h2>Dahua WiFi AI IP kamera IPC-F88FIP-V2 Knight 4K IMOU<\/h2>\n<p>Kamera sa detekcijom ljudi i automatskim notifikacijama na mobilni telefon.<\/p>\n<h3 class=\"nitro-offscreen\">Digitalni zum 16x<\/h3>\n<h3 class=\"nitro-offscreen\">Ugra\u0111en mikrofon i zvu\u010dnik<\/h3>\n<p class=\"nitro-offscreen\">Kamera ima ugra\u0111en mikrofon i zvu\u010dnik tako da mo\u017eete i da \u010dujete \u0161ta se de\u0161ava dok gledate video iz kamere kao i da komunicirate preko nje.<\/p>\n<p>&nbsp;<\/p>\n<h3 class=\"nitro-offscreen\">Alarm<\/h3>\n<p class=\"nitro-offscreen\">Kamera \u0161alje notifikacije na va\u0161 mobilni telefon kada detektuje pokret tako da uvek budete obave\u0161teni.<\/p>\n<h3 class=\"nitro-offscreen\">No\u0107ni re\u017eim rada<\/h3>\n<p class=\"nitro-offscreen\">IPC-F88FIP-V2 Knight 4K IMOU snima i no\u0107u uz pomo\u0107 kvalitetnih senzora i belim LED svetlom (600 lumena) sa dometom do 30 metara.<\/p>\n<p>&nbsp;<\/p>\n<p class=\"nitro-offscreen\"><strong>Prostor za skladi\u0161tenje je mogu\u0107 na microSD kartici, NVR snima\u010du i cloud prostoru.<\/strong><\/p>\n<p class=\"nitro-offscreen\">Sa micro SD 128GB \u2013<strong> do 2 dana<\/strong>\u00a0 \u2013 rezolucija 2MP, h.265+ kompresijom i 25fps (snimanjem na pokret i do 5-10 dana)<br \/>\nSa micro SD 256GB \u2013<strong> do 4 dana<\/strong>\u00a0 \u2013 rezolucija 2MP, h.265+ kompresijom i 25fps (snimanjem na pokret i do 10-20 dana)<\/p>\n<p>&nbsp;<\/p>\n","protected":false},"featured_media":8309,"comment_status":"open","ping_status":"closed","template":"","meta":{"_mi_skip_tracking":false,"_exactmetrics_sitenote_active":false,"_exactmetrics_sitenote_note":"","_exactmetrics_sitenote_category":0,"spay_email":""},"product_cat":[135],"product_tag":[815,5993,5992,5994],"brands":[{"id":2045,"name":"Dahua","slug":"dahua"}],"df_price":"","df_sale_price":"","df_regular_price":"","df_image_link":"https:\/\/i0.wp.com\/astehshop.com\/wp-content\/uploads\/2023\/10\/ipc-f88fip-v2.jpg?fit=450%2C317","jetpack_publicize_connections":[],"jetpack_sharing_enabled":true,"jetpack_likes_enabled":true,"jetpack-related-posts":[{"id":7521,"url":"http:\/\/astehshop.com\/index.php\/product\/imou-dahua-wifi-kamera-ipc-g22\/","url_meta":{"origin":8308,"position":0},"title":"Imou Dahua WiFi kamera IPC-G22","date":"1. travnja 2023.","format":false,"excerpt":"Pametna WIFI bullet kamera IMOU 2 MPX SD kartica maksimalno do 128 GB Ugra\u0111en mikrofon Detekcija pokreta Detekcija ljudi IP67 Uz kameru dolazi adapter 12v 1A Podr\u017eava Android i Iphone Besplatna IMOU aplikacija","rel":"","context":"Srodne objave","img":{"alt_text":"","src":"https:\/\/i2.wp.com\/astehshop.com\/wp-content\/uploads\/2023\/04\/ipc-g22-imou.png?fit=834%2C726&resize=350%2C200","width":350,"height":200},"classes":[]},{"id":7529,"url":"http:\/\/astehshop.com\/index.php\/product\/dahua-imou-wifi-ip-kamera-ipc-g42p-4-mpx\/","url_meta":{"origin":8308,"position":1},"title":"Dahua Imou WIFI ip kamera IPC-G42P 4 MPX","date":"1. travnja 2023.","format":false,"excerpt":"Pametna WIFI bullet kamera IMOU 4 MPX SD kartica maksimalno do 128 GB Ugra\u0111en mikrofon Detekcija pokreta Detekcija ljudi IP67 Uz kameru dolazi adapter 12v 1A Podr\u017eava Android i Iphone Besplatna IMOU aplikacija","rel":"","context":"Srodne objave","img":{"alt_text":"","src":"https:\/\/i1.wp.com\/astehshop.com\/wp-content\/uploads\/2023\/04\/ipc-g42p-imou.jpg?fit=800%2C800&resize=350%2C200","width":350,"height":200},"classes":[]},{"id":7519,"url":"http:\/\/astehshop.com\/index.php\/product\/imou-dahua-wifi-kamera-ipc-f22p\/","url_meta":{"origin":8308,"position":2},"title":"Imou Dahua WiFi kamera IPC-F22P","date":"1. travnja 2023.","format":false,"excerpt":"Pametna WIFI bullet kamera IMOU 2 MPX SD kartica maksimalno do 128 GB Ugra\u0111en mikrofon Detekcija pokreta Detekcija ljudi IP67 Uz kameru dolazi adapter 12v 1A Podr\u017eava Android i Iphone Besplatna IMOU aplikacija","rel":"","context":"Srodne objave","img":{"alt_text":"","src":"https:\/\/i2.wp.com\/astehshop.com\/wp-content\/uploads\/2023\/04\/camera-bullet-2-mp-2.8mm-ortam-2c-ipc-f22p-d-imou-1.jpg?fit=721%2C673&resize=350%2C200","width":350,"height":200},"classes":[]},{"id":7545,"url":"http:\/\/astehshop.com\/index.php\/product\/dahua-imou-ip-kamera-ipc-s41-4-mpx-rotirajuca\/","url_meta":{"origin":8308,"position":3},"title":"Dahua Imou IP kamera IPC-S41 4 MPX rotiraju\u0107a","date":"2. travnja 2023.","format":false,"excerpt":"Uvijek se fokusirajte na ono \u0161to je bitno pametno pra\u0107enje 360 stepeni pokrivanje Detekcija ljudi aktivna sirena POE integrisan mikrofon IP66 16 x digitalni zum Odli\u010dni prenos sa samo jednim mre\u017enim kablom","rel":"","context":"Srodne objave","img":{"alt_text":"","src":"https:\/\/i1.wp.com\/astehshop.com\/wp-content\/uploads\/2023\/04\/imgsticode.jpg?fit=1090%2C1200&resize=350%2C200","width":350,"height":200},"classes":[]},{"id":7535,"url":"http:\/\/astehshop.com\/index.php\/product\/dahua-imou-ipc-s21fap-360-stepeni-ip-roto-kamera\/","url_meta":{"origin":8308,"position":4},"title":"Dahua Imou IPC-S21FAP 360 stepeni IP roto kamera","date":"1. travnja 2023.","format":false,"excerpt":"Uvijek se fokusirajte na ono \u0161to je bitno pametno pra\u0107enje 360 stepeni pokrivanje Detekcija ljudi aktivna sirena POE integrisan mikrofon IP66 16 x digitalni zum Odli\u010dni prenos sa samo jednim mre\u017enim kablom","rel":"","context":"Srodne objave","img":{"alt_text":"","src":"https:\/\/i1.wp.com\/astehshop.com\/wp-content\/uploads\/2023\/04\/imgsticode.jpg?fit=1090%2C1200&resize=350%2C200","width":350,"height":200},"classes":[]},{"id":8277,"url":"http:\/\/astehshop.com\/index.php\/product\/dahua-imou-ipc-f42p\/","url_meta":{"origin":8308,"position":5},"title":"Dahua Imou IPC-F42P","date":"1. listopada 2023.","format":false,"excerpt":"IP WiFi 4MP Bullet IC kamera; Imou Bullet 2C-D; IC 30m, 2.8mm, mikrofon, microSD card slot, plastika, IP67. IP WiFi 4MP Bullet IC kamera. 1\/2.7\u201d CMOS, progresivno skeniranje. Efektivni broj piksela 2560 x 1440. Fiksni objektiv 2.8mm (vidni ugao 106\u00b0 horizontalno). Opciono 3.6mm ili 6mm (vidni ugao 92\u00b0 ili 55\u00b0).\u2026","rel":"","context":"Srodne objave","img":{"alt_text":"","src":"https:\/\/i1.wp.com\/astehshop.com\/wp-content\/uploads\/2023\/10\/ipc-f42p.ipc-f42n.png?fit=738%2C637&resize=350%2C200","width":350,"height":200},"classes":[]}],"_links":{"self":[{"href":"http:\/\/astehshop.com\/index.php\/wp-json\/wp\/v2\/product\/8308"}],"collection":[{"href":"http:\/\/astehshop.com\/index.php\/wp-json\/wp\/v2\/product"}],"about":[{"href":"http:\/\/astehshop.com\/index.php\/wp-json\/wp\/v2\/types\/product"}],"replies":[{"embeddable":true,"href":"http:\/\/astehshop.com\/index.php\/wp-json\/wp\/v2\/comments?post=8308"}],"wp:featuredmedia":[{"embeddable":true,"href":"http:\/\/astehshop.com\/index.php\/wp-json\/wp\/v2\/media\/8309"}],"wp:attachment":[{"href":"http:\/\/astehshop.com\/index.php\/wp-json\/wp\/v2\/media?parent=8308"}],"wp:term":[{"taxonomy":"product_cat","embeddable":true,"href":"http:\/\/astehshop.com\/index.php\/wp-json\/wp\/v2\/product_cat?post=8308"},{"taxonomy":"product_tag","embeddable":true,"href":"http:\/\/astehshop.com\/index.php\/wp-json\/wp\/v2\/product_tag?post=8308"}],"curies":[{"name":"wp","href":"https:\/\/api.w.org\/{rel}","templated":true}]}}