{"id":8277,"date":"2023-10-01T14:46:08","date_gmt":"2023-10-01T12:46:08","guid":{"rendered":"http:\/\/astehshop.com\/?post_type=product&#038;p=8277"},"modified":"2026-01-15T09:52:45","modified_gmt":"2026-01-15T08:52:45","slug":"dahua-imou-ipc-f42p","status":"publish","type":"product","link":"http:\/\/astehshop.com\/index.php\/product\/dahua-imou-ipc-f42p\/","title":{"rendered":"Dahua Imou IPC-F42P"},"content":{"rendered":"<p>IP WiFi 4MP Bullet IC kamera; Imou Bullet 2C-D; IC 30m, 2.8mm, mikrofon, microSD card slot, plastika, IP67. IP WiFi 4MP Bullet IC kamera. 1\/2.7\u201d CMOS, progresivno skeniranje. Efektivni broj piksela 2560 x 1440. Fiksni objektiv 2.8mm (vidni ugao 106\u00b0 horizontalno). Opciono 3.6mm ili 6mm (vidni ugao 92\u00b0 ili 55\u00b0). 16x Digitalni zum. H.265\/H.264 video kompresija, do 25\/30 fps u svim rezolucijama. IC LE dioda dometa 30m. Inkorporiran mikrofon. Detekcija pokreta, detekcija ljudi. Reset taster. Micro SD slot (do 256GB). RJ-45 (1\u00d7100 Mbps) mre\u017eni port. WiFi (Dual antena) IEEE802.11b\/g\/n, 2.4 GHz. Wi-Fi Hotspot. Interoperabilnost \u2013 ONVIF. Podr\u017eava skladi\u0161tenje na NVR, Cloud ili lokalno (uz Micro SD karticu). ImouLife aplikacija za iOS,<\/p>\n<p>&nbsp;<\/p>\n<p><iframe loading=\"lazy\"  id=\"_ytid_77118\"  width=\"480\" height=\"270\"  data-origwidth=\"480\" data-origheight=\"270\"  src=\"https:\/\/www.youtube.com\/embed\/xHylnZ-Re2o?enablejsapi=1&#038;autoplay=0&#038;cc_load_policy=0&#038;cc_lang_pref=&#038;iv_load_policy=1&#038;loop=0&#038;modestbranding=0&#038;rel=1&#038;fs=1&#038;playsinline=0&#038;autohide=2&#038;theme=dark&#038;color=red&#038;controls=1&#038;\" class=\"__youtube_prefs__  epyt-is-override  no-lazyload\" title=\"YouTube player\"  allow=\"autoplay; encrypted-media\" allowfullscreen data-no-lazy=\"1\" data-skipgform_ajax_framebjll=\"\"><\/iframe><\/p>\n<p><iframe loading=\"lazy\"  id=\"_ytid_29195\"  width=\"480\" height=\"270\"  data-origwidth=\"480\" data-origheight=\"270\"  src=\"https:\/\/www.youtube.com\/embed\/ZWe8WIkj-vM?enablejsapi=1&#038;autoplay=0&#038;cc_load_policy=0&#038;cc_lang_pref=&#038;iv_load_policy=1&#038;loop=0&#038;modestbranding=0&#038;rel=1&#038;fs=1&#038;playsinline=0&#038;autohide=2&#038;theme=dark&#038;color=red&#038;controls=1&#038;\" class=\"__youtube_prefs__  epyt-is-override  no-lazyload\" title=\"YouTube player\"  allow=\"autoplay; encrypted-media\" allowfullscreen data-no-lazy=\"1\" data-skipgform_ajax_framebjll=\"\"><\/iframe><\/p>\n<blockquote class=\"wp-embedded-content\" data-secret=\"YXZCOX7F1Q\"><p><a href=\"http:\/\/astehshop.com\/index.php\/product\/imou-wifi-kamera-4-mpx-ipc-f42fp\/\">Imou wifi kamera 4 MPX IPC-F42FP + GRATIS 64 GB<\/a><\/p><\/blockquote>\n<p><iframe class=\"wp-embedded-content\" sandbox=\"allow-scripts\" security=\"restricted\" style=\"position: absolute; clip: rect(1px, 1px, 1px, 1px);\" title=\"&#8220;Imou wifi kamera 4 MPX IPC-F42FP + GRATIS 64 GB&#8221; &#8212; Techno Shop Bijeljina\" src=\"http:\/\/astehshop.com\/index.php\/product\/imou-wifi-kamera-4-mpx-ipc-f42fp\/embed\/#?secret=YXZCOX7F1Q\" data-secret=\"YXZCOX7F1Q\" width=\"500\" height=\"282\" frameborder=\"0\" marginwidth=\"0\" marginheight=\"0\" scrolling=\"no\"><\/iframe><\/p>\n","protected":false},"excerpt":{"rendered":"<p>IP WiFi 4MP Bullet IC kamera; Imou Bullet 2C-D; IC 30m, 2.8mm, mikrofon, microSD card slot, plastika, IP67. IP WiFi 4MP Bullet IC kamera. 1\/2.7\u201d CMOS, progresivno skeniranje. Efektivni broj piksela 2560 x 1440. Fiksni objektiv 2.8mm (vidni ugao 106\u00b0 horizontalno). Opciono 3.6mm ili 6mm (vidni ugao 92\u00b0 ili 55\u00b0). 16x Digitalni zum. H.265\/H.264 video kompresija, do 25\/30 fps u svim rezolucijama. IC LE dioda dometa 30m. Inkorporiran mikrofon. Detekcija pokreta, detekcija ljudi. Reset taster. Micro SD slot (do 256GB). RJ-45 (1\u00d7100 Mbps) mre\u017eni port. WiFi (Dual antena) IEEE802.11b\/g\/n, 2.4 GHz. Wi-Fi Hotspot. Interoperabilnost \u2013 ONVIF. Podr\u017eava skladi\u0161tenje na NVR, Cloud ili lokalno (uz Micro SD karticu). ImouLife aplikacija za iOS,<\/p>\n<p>&nbsp;<\/p>\n<p>https:\/\/www.youtube.com\/watch?v=xHylnZ-Re2o<\/p>\n<p>https:\/\/www.youtube.com\/watch?v=ZWe8WIkj-vM<\/p>\n<p>http:\/\/astehshop.com\/index.php\/product\/imou-wifi-kamera-4-mpx-ipc-f42fp\/<\/p>\n<p>&nbsp;<\/p>\n","protected":false},"featured_media":8278,"comment_status":"open","ping_status":"closed","template":"","meta":{"_mi_skip_tracking":false,"_exactmetrics_sitenote_active":false,"_exactmetrics_sitenote_note":"","_exactmetrics_sitenote_category":0,"spay_email":""},"product_cat":[135],"product_tag":[1179,1520,1948,6338,6337,6335,2962,2986,6344,477,574,6333,6343,6339,6334,6342,6341,5399,6336,474,6340,1183],"brands":[{"id":2045,"name":"Dahua","slug":"dahua"}],"df_price":"","df_sale_price":"","df_regular_price":"","df_image_link":"https:\/\/i1.wp.com\/astehshop.com\/wp-content\/uploads\/2023\/10\/ipc-f42p.ipc-f42n.png?fit=450%2C388","jetpack_publicize_connections":[],"jetpack_sharing_enabled":true,"jetpack_likes_enabled":true,"jetpack-related-posts":[{"id":8292,"url":"http:\/\/astehshop.com\/index.php\/product\/wifi-kamera-imou-ipc-t22ep\/","url_meta":{"origin":8277,"position":0},"title":"Wifi kamera Imou IPC-T22EP","date":"19. listopada 2023.","format":false,"excerpt":"IP WiFi 2MP Eyeball IC kamera. 1\/2.8\u201d CMOS, progresivno skeniranje. Efektivni broj piksela 1920 x 1080. Fiksni objektiv 2.8mm (Vidni ugao: 92\u00b0 horizontalno). Opciono: 3.6mm (Vidni ugao 78\u00b0). 16x Digitalni zum. H.265\/H.264 video kompresija, do 25\/30 fps u svim rezolucijama. IC dometa 30m. Inkorporiran mikrofon. Detekcija pokreta, detekcija ljudi. RJ-45\u2026","rel":"","context":"Srodne objave","img":{"alt_text":"","src":"https:\/\/i0.wp.com\/astehshop.com\/wp-content\/uploads\/2023\/10\/b-IPC-T22EAPimg.jpg?fit=720%2C660&resize=350%2C200","width":350,"height":200},"classes":[]},{"id":8295,"url":"http:\/\/astehshop.com\/index.php\/product\/imou-ipc-t42eap-poe-kamera-4-mpx\/","url_meta":{"origin":8277,"position":1},"title":"Imou IPC-T42EAP POE kamera 4 MPX","date":"19. listopada 2023.","format":false,"excerpt":"IP 4MP eyeball kamera; Imou; IC 30m, 2.8mm, plastika, mikrofon, PoE","rel":"","context":"Srodne objave","img":{"alt_text":"","src":"https:\/\/i0.wp.com\/astehshop.com\/wp-content\/uploads\/2023\/10\/b-IPC-T22EAPimg.jpg?fit=720%2C660&resize=350%2C200","width":350,"height":200},"classes":[]},{"id":8294,"url":"http:\/\/astehshop.com\/index.php\/product\/ipc-t42ep-imou-dahua-wifi-ip-kamera\/","url_meta":{"origin":8277,"position":2},"title":"IPC-T42EP IMOU Dahua WiFi IP kamera","date":"19. listopada 2023.","format":false,"excerpt":"Dahua Wi-Fi IP kamera IPC-T42EP IMOU serija kamere sa 4MP koja detektuje ljude sa IC senzorom dometa do 30 m, ima mogu\u0107nost povezivanja na cloud, snimanje na NVR i micro SD karticu. Detekcija pokreta, detekcija ljudi, monta\u017ea na plafon ili zid. Plasti\u010dno ku\u0107i\u0161te. Ugra\u0111en mikrofon. \u00a0 Tehni\u010dka specifikacija: IP 4MP\u2026","rel":"","context":"Srodne objave","img":{"alt_text":"","src":"https:\/\/i0.wp.com\/astehshop.com\/wp-content\/uploads\/2023\/10\/b-IPC-T22EAPimg.jpg?fit=720%2C660&resize=350%2C200","width":350,"height":200},"classes":[]},{"id":7521,"url":"http:\/\/astehshop.com\/index.php\/product\/imou-dahua-wifi-kamera-ipc-g22\/","url_meta":{"origin":8277,"position":3},"title":"Imou Dahua WiFi kamera IPC-G22","date":"1. travnja 2023.","format":false,"excerpt":"Pametna WIFI bullet kamera IMOU 2 MPX SD kartica maksimalno do 128 GB Ugra\u0111en mikrofon Detekcija pokreta Detekcija ljudi IP67 Uz kameru dolazi adapter 12v 1A Podr\u017eava Android i Iphone Besplatna IMOU aplikacija","rel":"","context":"Srodne objave","img":{"alt_text":"","src":"https:\/\/i2.wp.com\/astehshop.com\/wp-content\/uploads\/2023\/04\/ipc-g22-imou.png?fit=834%2C726&resize=350%2C200","width":350,"height":200},"classes":[]},{"id":7519,"url":"http:\/\/astehshop.com\/index.php\/product\/imou-dahua-wifi-kamera-ipc-f22p\/","url_meta":{"origin":8277,"position":4},"title":"Imou Dahua WiFi kamera IPC-F22P","date":"1. travnja 2023.","format":false,"excerpt":"Pametna WIFI bullet kamera IMOU 2 MPX SD kartica maksimalno do 128 GB Ugra\u0111en mikrofon Detekcija pokreta Detekcija ljudi IP67 Uz kameru dolazi adapter 12v 1A Podr\u017eava Android i Iphone Besplatna IMOU aplikacija","rel":"","context":"Srodne objave","img":{"alt_text":"","src":"https:\/\/i2.wp.com\/astehshop.com\/wp-content\/uploads\/2023\/04\/camera-bullet-2-mp-2.8mm-ortam-2c-ipc-f22p-d-imou-1.jpg?fit=721%2C673&resize=350%2C200","width":350,"height":200},"classes":[]},{"id":7529,"url":"http:\/\/astehshop.com\/index.php\/product\/dahua-imou-wifi-ip-kamera-ipc-g42p-4-mpx\/","url_meta":{"origin":8277,"position":5},"title":"Dahua Imou WIFI ip kamera IPC-G42P 4 MPX","date":"1. travnja 2023.","format":false,"excerpt":"Pametna WIFI bullet kamera IMOU 4 MPX SD kartica maksimalno do 128 GB Ugra\u0111en mikrofon Detekcija pokreta Detekcija ljudi IP67 Uz kameru dolazi adapter 12v 1A Podr\u017eava Android i Iphone Besplatna IMOU aplikacija","rel":"","context":"Srodne objave","img":{"alt_text":"","src":"https:\/\/i1.wp.com\/astehshop.com\/wp-content\/uploads\/2023\/04\/ipc-g42p-imou.jpg?fit=800%2C800&resize=350%2C200","width":350,"height":200},"classes":[]}],"_links":{"self":[{"href":"http:\/\/astehshop.com\/index.php\/wp-json\/wp\/v2\/product\/8277"}],"collection":[{"href":"http:\/\/astehshop.com\/index.php\/wp-json\/wp\/v2\/product"}],"about":[{"href":"http:\/\/astehshop.com\/index.php\/wp-json\/wp\/v2\/types\/product"}],"replies":[{"embeddable":true,"href":"http:\/\/astehshop.com\/index.php\/wp-json\/wp\/v2\/comments?post=8277"}],"wp:featuredmedia":[{"embeddable":true,"href":"http:\/\/astehshop.com\/index.php\/wp-json\/wp\/v2\/media\/8278"}],"wp:attachment":[{"href":"http:\/\/astehshop.com\/index.php\/wp-json\/wp\/v2\/media?parent=8277"}],"wp:term":[{"taxonomy":"product_cat","embeddable":true,"href":"http:\/\/astehshop.com\/index.php\/wp-json\/wp\/v2\/product_cat?post=8277"},{"taxonomy":"product_tag","embeddable":true,"href":"http:\/\/astehshop.com\/index.php\/wp-json\/wp\/v2\/product_tag?post=8277"}],"curies":[{"name":"wp","href":"https:\/\/api.w.org\/{rel}","templated":true}]}}